{"id":999,"date":"2020-11-16T15:18:49","date_gmt":"2020-11-16T14:18:49","guid":{"rendered":"http:\/\/bsmn.neuimweb.de\/technikerschule-mindelheim\/?page_id=999"},"modified":"2022-07-01T08:41:38","modified_gmt":"2022-07-01T06:41:38","slug":"schulprojekte","status":"publish","type":"page","link":"https:\/\/www.bsmn.de\/technikerschule-mindelheim\/schulprojekte\/","title":{"rendered":"Unterrichtsprojekte"},"content":{"rendered":"\n<h2 class=\"wp-block-heading\">Deutsch<\/h2>\n\n\n\n<p>Die Sch\u00fclerinnen und Sch\u00fcler der TS1 planen, drehen und bearbeiten im Fach Deutsch Imagefilme der Technikerschule Mindelheim. \u201eAuf diesem Wege k\u00f6nnen sie die blo\u00dfe Rezipientenrolle verlassen und selbst \u00d6ffentlichkeit herstellen. Gleichzeitig erfahren sie technische M\u00f6glichkeiten von Medien in handelnder Weise, was sie bef\u00e4higen soll, mediale Angebote kritisch einzuordnen und zu bewerten.\u201c<\/p>\n\n\n\n<p><\/p>\n\n\n\n<figure class=\"wp-block-embed is-type-video is-provider-youtube wp-block-embed-youtube wp-embed-aspect-16-9 wp-has-aspect-ratio\"><div class=\"wp-block-embed__wrapper\">\n<div class=\"BorlabsCookie _brlbs-cb-youtube\"><div class=\"_brlbs-content-blocker\"> <div class=\"_brlbs-embed _brlbs-video-youtube\"> <img decoding=\"async\" class=\"_brlbs-thumbnail\" src=\"https:\/\/www.bsmn.de\/technikerschule-mindelheim\/wp-content\/plugins\/borlabs-cookie\/assets\/images\/cb-no-thumbnail.png\" alt=\"YouTube\"> <div class=\"_brlbs-caption\"> <p>Mit dem Laden des Videos akzeptieren Sie die Datenschutzerkl\u00e4rung von YouTube.<br><a href=\"https:\/\/policies.google.com\/privacy\" target=\"_blank\" rel=\"nofollow noopener noreferrer\">Mehr erfahren<\/a><\/p> <p><a class=\"_brlbs-btn _brlbs-icon-play-white\" href=\"#\" data-borlabs-cookie-unblock role=\"button\">Video laden<\/a><\/p> <p><label><input type=\"checkbox\" name=\"unblockAll\" value=\"1\" checked> <small>YouTube immer entsperren<\/small><\/label><\/p> <\/div> <\/div> <\/div><div class=\"borlabs-hide\" data-borlabs-cookie-type=\"content-blocker\" data-borlabs-cookie-id=\"youtube\"><script type=\"text\/template\">PGlmcmFtZSB0aXRsZT0iSW1hZ2VmaWxtIEJ1cmtoYXJ0LUdyb2ItU2NodWxlIiB3aWR0aD0iMTIwMCIgaGVpZ2h0PSI2NzUiIHNyYz0iaHR0cHM6Ly93d3cueW91dHViZS1ub2Nvb2tpZS5jb20vZW1iZWQvaHdaTU5NV2dldVU\/ZmVhdHVyZT1vZW1iZWQiIGZyYW1lYm9yZGVyPSIwIiBhbGxvdz0iYWNjZWxlcm9tZXRlcjsgYXV0b3BsYXk7IGNsaXBib2FyZC13cml0ZTsgZW5jcnlwdGVkLW1lZGlhOyBneXJvc2NvcGU7IHBpY3R1cmUtaW4tcGljdHVyZSIgYWxsb3dmdWxsc2NyZWVuPjwvaWZyYW1lPg==<\/script><\/div><\/div>\n<\/div><\/figure>\n\n\n\n<figure class=\"wp-block-embed is-type-video is-provider-youtube wp-block-embed-youtube wp-embed-aspect-16-9 wp-has-aspect-ratio\"><div class=\"wp-block-embed__wrapper\">\n<div class=\"BorlabsCookie _brlbs-cb-youtube\"><div class=\"_brlbs-content-blocker\"> <div class=\"_brlbs-embed _brlbs-video-youtube\"> <img decoding=\"async\" class=\"_brlbs-thumbnail\" src=\"https:\/\/www.bsmn.de\/technikerschule-mindelheim\/wp-content\/plugins\/borlabs-cookie\/assets\/images\/cb-no-thumbnail.png\" alt=\"YouTube\"> <div class=\"_brlbs-caption\"> <p>Mit dem Laden des Videos akzeptieren Sie die Datenschutzerkl\u00e4rung von YouTube.<br><a href=\"https:\/\/policies.google.com\/privacy\" target=\"_blank\" rel=\"nofollow noopener noreferrer\">Mehr erfahren<\/a><\/p> <p><a class=\"_brlbs-btn _brlbs-icon-play-white\" href=\"#\" data-borlabs-cookie-unblock role=\"button\">Video laden<\/a><\/p> <p><label><input type=\"checkbox\" name=\"unblockAll\" value=\"1\" checked> <small>YouTube immer entsperren<\/small><\/label><\/p> <\/div> <\/div> <\/div><div class=\"borlabs-hide\" data-borlabs-cookie-type=\"content-blocker\" data-borlabs-cookie-id=\"youtube\"><script type=\"text\/template\">PGlmcmFtZSB0aXRsZT0iUnVuZGdhbmcgQnVya2hhcnQtR3JvYi1TY2h1bGUiIHdpZHRoPSIxMjAwIiBoZWlnaHQ9IjY3NSIgc3JjPSJodHRwczovL3d3dy55b3V0dWJlLW5vY29va2llLmNvbS9lbWJlZC9sQUt5SzRvVFQ2dz9mZWF0dXJlPW9lbWJlZCIgZnJhbWVib3JkZXI9IjAiIGFsbG93PSJhY2NlbGVyb21ldGVyOyBhdXRvcGxheTsgY2xpcGJvYXJkLXdyaXRlOyBlbmNyeXB0ZWQtbWVkaWE7IGd5cm9zY29wZTsgcGljdHVyZS1pbi1waWN0dXJlIiBhbGxvd2Z1bGxzY3JlZW4+PC9pZnJhbWU+<\/script><\/div><\/div>\n<\/div><\/figure>\n\n\n\n<h2 class=\"wp-block-heading\">Konstruktion<\/h2>\n\n\n\n<p>Im Konstruktionsunterricht (TS1) entwickelt jeder Sch\u00fcler mit Hilfe von Siemens NX seinen eigenen Knickarm-Roboter mit Greifer und erstellt dazu s\u00e4mtliche Fertigungsunterlagen. Nach dem Datenexport als DXF bzw. STL werden die Einzelteile mit dem Lasercutter oder 3D-Drucker gefertigt und anschlie\u00dfend montiert. Die Programmierung und Inbetriebnahme der Roboter erfolgt dann im IT-Unterricht. Nach Fertigstellung des Projektes kann jeder Sch\u00fcler seinen Roboter mitnehmen (ohne Servomotoren und Mikrokontroller).<\/p>\n\n\n\n<figure class=\"wp-block-gallery has-nested-images columns-default is-cropped wp-block-gallery-1 is-layout-flex wp-block-gallery-is-layout-flex\">\n<figure class=\"wp-block-image size-large\"><img fetchpriority=\"high\" decoding=\"async\" width=\"1024\" height=\"631\" data-id=\"1869\" src=\"https:\/\/www.bsmn.de\/technikerschule-mindelheim\/wp-content\/uploads\/sites\/3\/2021\/02\/Projekt_Roboter-1-1024x631.jpg\" alt=\"\" class=\"wp-image-1869\" srcset=\"https:\/\/www.bsmn.de\/technikerschule-mindelheim\/wp-content\/uploads\/sites\/3\/2021\/02\/Projekt_Roboter-1-1024x631.jpg 1024w, https:\/\/www.bsmn.de\/technikerschule-mindelheim\/wp-content\/uploads\/sites\/3\/2021\/02\/Projekt_Roboter-1-300x185.jpg 300w, https:\/\/www.bsmn.de\/technikerschule-mindelheim\/wp-content\/uploads\/sites\/3\/2021\/02\/Projekt_Roboter-1-768x473.jpg 768w, https:\/\/www.bsmn.de\/technikerschule-mindelheim\/wp-content\/uploads\/sites\/3\/2021\/02\/Projekt_Roboter-1-1536x946.jpg 1536w, https:\/\/www.bsmn.de\/technikerschule-mindelheim\/wp-content\/uploads\/sites\/3\/2021\/02\/Projekt_Roboter-1-600x370.jpg 600w, https:\/\/www.bsmn.de\/technikerschule-mindelheim\/wp-content\/uploads\/sites\/3\/2021\/02\/Projekt_Roboter-1.jpg 1849w\" sizes=\"(max-width: 1024px) 100vw, 1024px\" \/><\/figure>\n\n\n\n<figure class=\"wp-block-image size-large\"><img decoding=\"async\" width=\"1024\" height=\"726\" data-id=\"1868\" src=\"https:\/\/www.bsmn.de\/technikerschule-mindelheim\/wp-content\/uploads\/sites\/3\/2021\/02\/Projekt_Roboter_2-1024x726.jpg\" alt=\"\" class=\"wp-image-1868\" srcset=\"https:\/\/www.bsmn.de\/technikerschule-mindelheim\/wp-content\/uploads\/sites\/3\/2021\/02\/Projekt_Roboter_2-1024x726.jpg 1024w, https:\/\/www.bsmn.de\/technikerschule-mindelheim\/wp-content\/uploads\/sites\/3\/2021\/02\/Projekt_Roboter_2-300x213.jpg 300w, https:\/\/www.bsmn.de\/technikerschule-mindelheim\/wp-content\/uploads\/sites\/3\/2021\/02\/Projekt_Roboter_2-768x544.jpg 768w, https:\/\/www.bsmn.de\/technikerschule-mindelheim\/wp-content\/uploads\/sites\/3\/2021\/02\/Projekt_Roboter_2-1536x1088.jpg 1536w, https:\/\/www.bsmn.de\/technikerschule-mindelheim\/wp-content\/uploads\/sites\/3\/2021\/02\/Projekt_Roboter_2-600x425.jpg 600w, https:\/\/www.bsmn.de\/technikerschule-mindelheim\/wp-content\/uploads\/sites\/3\/2021\/02\/Projekt_Roboter_2.jpg 1633w\" sizes=\"(max-width: 1024px) 100vw, 1024px\" \/><\/figure>\n<\/figure>\n\n\n\n<h2 class=\"wp-block-heading\">Informationstechnik<\/h2>\n\n\n\n<p>Im Fach Informationstechnik f\u00fchrt die TS1 ein Arduino Projekt durch.<br>Aus aktuellem Anlass, werden CO<sub>2<\/sub>-Anzeiger geplant, programmiert und gebaut.<\/p>\n\n\n\n<p>Die Idee dazu entstand aus dem Abo des <a rel=\"noreferrer noopener\" href=\"-Magazins\" target=\"_blank\">Make:-Magazins<\/a> der Schule. In diesem Artikel <a rel=\"noreferrer noopener\" href=\"https:\/\/www.heise.de\/select\/make\/2020\/5\/2022015381334973804\" target=\"_blank\">https:\/\/www.heise.de\/select\/make\/2020\/5\/2022015381334973804 <\/a>wird der Bau einer CO<sub>2<\/sub>-Ampel mit einem IoT Octopus besprochen. Wir werden dies mit Arduino oder ESP realisieren.<\/p>\n\n\n\n<p><\/p>\n","protected":false},"excerpt":{"rendered":"<p>Deutsch Die Sch\u00fclerinnen und Sch\u00fcler der TS1 planen, drehen und bearbeiten im Fach Deutsch Imagefilme der Technikerschule Mindelheim. \u201eAuf diesem Wege k\u00f6nnen sie die blo\u00dfe Rezipientenrolle verlassen und selbst \u00d6ffentlichkeit herstellen. Gleichzeitig erfahren sie technische M\u00f6glichkeiten von Medien in handelnder Weise, was sie bef\u00e4higen soll, mediale Angebote kritisch einzuordnen und zu bewerten.\u201c Konstruktion Im Konstruktionsunterricht [&hellip;]<\/p>\n","protected":false},"author":19,"featured_media":3134,"parent":0,"menu_order":0,"comment_status":"closed","ping_status":"closed","template":"","meta":{"footnotes":""},"class_list":["post-999","page","type-page","status-publish","has-post-thumbnail","hentry"],"_links":{"self":[{"href":"https:\/\/www.bsmn.de\/technikerschule-mindelheim\/wp-json\/wp\/v2\/pages\/999","targetHints":{"allow":["GET"]}}],"collection":[{"href":"https:\/\/www.bsmn.de\/technikerschule-mindelheim\/wp-json\/wp\/v2\/pages"}],"about":[{"href":"https:\/\/www.bsmn.de\/technikerschule-mindelheim\/wp-json\/wp\/v2\/types\/page"}],"author":[{"embeddable":true,"href":"https:\/\/www.bsmn.de\/technikerschule-mindelheim\/wp-json\/wp\/v2\/users\/19"}],"replies":[{"embeddable":true,"href":"https:\/\/www.bsmn.de\/technikerschule-mindelheim\/wp-json\/wp\/v2\/comments?post=999"}],"version-history":[{"count":17,"href":"https:\/\/www.bsmn.de\/technikerschule-mindelheim\/wp-json\/wp\/v2\/pages\/999\/revisions"}],"predecessor-version":[{"id":3182,"href":"https:\/\/www.bsmn.de\/technikerschule-mindelheim\/wp-json\/wp\/v2\/pages\/999\/revisions\/3182"}],"wp:featuredmedia":[{"embeddable":true,"href":"https:\/\/www.bsmn.de\/technikerschule-mindelheim\/wp-json\/wp\/v2\/media\/3134"}],"wp:attachment":[{"href":"https:\/\/www.bsmn.de\/technikerschule-mindelheim\/wp-json\/wp\/v2\/media?parent=999"}],"curies":[{"name":"wp","href":"https:\/\/api.w.org\/{rel}","templated":true}]}}