{"id":873,"date":"2020-10-26T11:31:18","date_gmt":"2020-10-26T10:31:18","guid":{"rendered":"http:\/\/bsmn.neuimweb.de\/technikerschule\/?page_id=873"},"modified":"2024-01-31T09:00:37","modified_gmt":"2024-01-31T08:00:37","slug":"teilzeit","status":"publish","type":"page","link":"https:\/\/www.bsmn.de\/technikerschule-mindelheim\/teilzeit\/","title":{"rendered":"Teilzeit"},"content":{"rendered":"\t\t<div data-elementor-type=\"wp-page\" data-elementor-id=\"873\" class=\"elementor elementor-873\" data-elementor-post-type=\"page\">\n\t\t\t\t\t\t<section class=\"elementor-section elementor-top-section elementor-element elementor-element-4c1b23c4 elementor-section-boxed elementor-section-height-default elementor-section-height-default\" data-id=\"4c1b23c4\" data-element_type=\"section\" data-e-type=\"section\">\n\t\t\t\t\t\t<div class=\"elementor-container elementor-column-gap-default\">\n\t\t\t\t\t<div class=\"elementor-column elementor-col-100 elementor-top-column elementor-element elementor-element-5150cccc\" data-id=\"5150cccc\" data-element_type=\"column\" data-e-type=\"column\">\n\t\t\t<div class=\"elementor-widget-wrap elementor-element-populated\">\n\t\t\t\t\t\t<div class=\"elementor-element elementor-element-3539e76c elementor-widget elementor-widget-text-editor\" data-id=\"3539e76c\" data-element_type=\"widget\" data-e-type=\"widget\" data-widget_type=\"text-editor.default\">\n\t\t\t\t<div class=\"elementor-widget-container\">\n\t\t\t\t\t\t\t\t\t<p><\/p>\n<h2 class=\"wp-block-heading\">Qualifikation<\/h2>\n<p><\/p>\n<p><\/p>\n<p>Nach bestandener Abschlusspr\u00fcfung erhalten Sie das<\/p>\n<p><\/p>\n<p><\/p>\n<p><strong>Technikerzeugnis<\/strong> der Burkhart-Grob-Technikerschule Mindelheim<\/p>\n<p><\/p>\n<p><\/p>\n<p>sowie die Urkunde zur Zuerkennung der Berufsbezeichnung zum\/zur<\/p>\n<p><\/p>\n<p><\/p>\n<p><strong>Staatlich gepr\u00fcfte\/n Maschinenbautechniker\/in.<\/strong><\/p>\n<p><\/p>\n<p><\/p>\n<p>Bei erfolgreicher Teilnahme an der Erg\u00e4nzungspr\u00fcfung Mathematik erhalten Sie die <strong>Fachhochschulreife<\/strong>, welche zum Studium an Hochschulen berechtigt.<\/p>\n<p><\/p>\n<p><\/p>\n<h2 class=\"wp-block-heading\">Ausbildungsdauer<\/h2>\n<p><\/p>\n<p><\/p>\n<p>Die Ausbildung zum Staatlich gepr\u00fcften Techniker f\u00fcr Maschinenbautechnik beginnt jeweils im September und dauert drei Schuljahre.<\/p>\n<p><\/p>\n<p><\/p>\n<p>Der Unterricht findet <b>an zwei Wochentagen ganztags<\/b> <b>und an einem Abend<\/b> in den R\u00e4umen der Burkhart-Grob-Technikerschule Mindelheims tatt. Das Wochenende bleibt frei!<\/p>\n<p><\/p>\n<p><\/p>\n<p>Es gilt die allgemeine Ferienordnung an bayerischen Schulen.<\/p>\n<p><\/p>\n<p><\/p>\n<h2 class=\"wp-block-heading\">Zulassungsvoraussetzungen<\/h2>\n<p><\/p>\n<p><\/p>\n<h4 class=\"wp-block-heading\">Schulische Voraussetzungen<\/h4>\n<p><\/p>\n<p><\/p>\n<ul class=\"wp-block-list\">\n<li>erfolgreicher Abschluss der Berufsschule (Berufsabschlusszeugnis)<\/li>\n<li>mittlerer Bildungsabschluss<\/li>\n<\/ul>\n<p><\/p>\n<p><\/p>\n<h4 class=\"wp-block-heading\">Berufliche Voraussetzungen<\/h4>\n<p><\/p>\n<p><\/p>\n<ul class=\"wp-block-list\">\n<li>abgeschlossene Berufsausbildung (Gesellenbrief oder Facharbeiterzeugnis) in einem Ausbildungsberuf der Berufsfelder Metall- oder Fahrzeugtechnik oder einer technischen Berufsfachschule<\/li>\n<li>eine einschl\u00e4gige berufliche T\u00e4tigkeit von mindestens sechs Monaten<\/li>\n<\/ul>\n<p><\/p>\n<p><\/p>\n<p>Eine endg\u00fcltige Aufnahme ist abh\u00e4ngig vom Bestehen der Probezeit. Als Probezeit gilt das erste Schulhalbjahr.<\/p>\n<p><\/p>\n<p><\/p>\n<h2 class=\"wp-block-heading\">Unterrichtsangebot<\/h2>\n<p><\/p>\n<p><\/p>\n<h4 class=\"wp-block-heading\">Wir bieten:<\/h4>\n<p><\/p>\n<p><\/p>\n<ul class=\"wp-block-list\">\n<li>ein modernes Unterrichtskonzept mit enger Verkn\u00fcpfung von Theorie und Praxis<\/li>\n<li>ganzheitlich angelegte Unterrichtseinheiten, die ein lernen mit Kopf, Herz und Hand f\u00f6rdern<\/li>\n<li>handlungsorientierte Lehrmethoden, welche den Neigungen technisch begabter Sch\u00fclerinnen und Sch\u00fcler gerecht werden<\/li>\n<li>technisch hochwertig ausgestattete Unterrichts- und Fachr\u00e4ume<\/li>\n<\/ul>\n<p><\/p>\n<p><\/p>\n<h2 class=\"wp-block-heading\">M\u00f6gliche Zusatzangebote<\/h2>\n<p><\/p>\n<p><\/p>\n<h4 class=\"wp-block-heading\">Wir bieten zus\u00e4tzlich an:<\/h4>\n<p><\/p>\n<p><\/p>\n<ul class=\"wp-block-list\">\n<li>Vorbereitungskurs (20 x 3 Std.)<\/li>\n<li>Fachhochschulreifepr\u00fcfung<\/li>\n<li>AdA-Schein (IHK), inkl. praktische Pr\u00fcfung<\/li>\n<li>Elektrofachkraft f\u00fcr festgelegte T\u00e4tigkeiten<\/li>\n<li>Energieeffizienzkurs<\/li>\n<li>Europass Mobilit\u00e4tsnachweise<\/li>\n<\/ul>\n<p><\/p>\n<p><\/p>\n<h2 class=\"wp-block-heading\">Kosten<\/h2>\n<p>An der Burkhart-Grob-Technikerschule Mindelheim werden keine<br \/>Anmeldegeb\u00fchren, kein Schulgeld und keine Pr\u00fcfungsgeb\u00fchren erhoben, Es<br \/>fallen lediglich \u00fcberschaubare Kosten f\u00fcr z.B. Lehrfahrten, Kopien,<br \/>Materialien, selbst gekaufte B\u00fccher, etc. an.<\/p>\n<h2>Meisterbonus<\/h2>\n<p><\/p>\n<p><\/p>\n<p>In Bayern erh\u00e4lt jeder erfolgreiche Absolvent der beruflichen Weiterbildung zum Meister oder Techniker den Meisterbonus der bayerischen Staatsregierung in H\u00f6he von 1.500 Euro.<\/p>\n<p><\/p>\n<p><\/p>\n<h2 class=\"wp-block-heading\">Berufsaussichten<\/h2>\n<p><\/p>\n<p><\/p>\n<p>Die Absolventen der Burkhart-Grob-Technikerschule finden gl\u00e4nzende Berufsaussichten vor!<\/p>\n<p><\/p>\n<p><\/p>\n<p>Sie arbeiten in Unternehmen im Bereich der:<\/p>\n<p><\/p>\n<p><\/p>\n<ul class=\"wp-block-list\">\n<li>Produktentwicklung und -Konstruktion<\/li>\n<li>Fertigungsplanung und -steuerung<\/li>\n<li>Qualit\u00e4tssicherung und -management<\/li>\n<li>Versuchsabteilung und Entwicklung<\/li>\n<li>Ausbildung<\/li>\n<li>u.v.m.<\/li>\n<\/ul>\n<p><\/p>\n<p><\/p>\n<p><\/p>\n<p><\/p>\n<h2 class=\"wp-block-heading\">Unterkunft<\/h2>\n<p><\/p>\n<p><\/p>\n<p>Am Schulstandort Mindelheim stehen Ihnen verschiedene Unterkunftsm\u00f6glichkeiten zur Verf\u00fcgung:<\/p>\n<p><\/p>\n<p><\/p>\n<ul class=\"wp-block-list\">\n<li>Internat mit Verpflegung (nach Absprache)<\/li>\n<li>Ferienwohnungen<\/li>\n<li>Pensionen<\/li>\n<\/ul>\n<p><\/p>\n<p><\/p>\n<p>Weitere Informationen hierzu erhalten Sie im Sekretariat der Burkhart-Grob-Technikerschule Mindelheim unter der Telefonnummer: 08261 7620-0.<\/p>\n<p><\/p>\n<p><\/p>\n<h2 class=\"wp-block-heading\">Bewerbung<\/h2>\n<p><\/p>\n<p><\/p>\n<p>Im Bereich Service finden Sie unter\u00a0<a href=\"http:\/\/www.bsmn.de\/technikerschule-mindelheim\/bewerbung\" target=\"_blank\" rel=\"noopener\">Bewerbung<\/a>\u00a0unser Bewerbungsformular.\u00a0<\/p>\n<p><\/p>\n<p><\/p>\n<p>Zusammen mit den unten aufgef\u00fchrten Unterlagen schicken Sie das Bewerbungsformular bequem per E-Mail an\u00a0<a href=\"mailto:verwaltung@bsmn.de\" target=\"_blank\" rel=\"noopener\">verwaltung@bsmn.de<\/a>.<\/p>\n<p><\/p>\n<p><\/p>\n<ul class=\"wp-block-list\">\n<li>Kopie des Gesellenbriefs\/Abschlusspr\u00fcfungszeugnisses<\/li>\n<li>Abschlusszeugnis der Berufsschule\/Berufsfachschule<\/li>\n<li>Arbeitsbest\u00e4tigung \u00fcber eine mindestens 6-monatige einschl\u00e4gige T\u00e4tigkeit<\/li>\n<li>unterschriebener Lebenslauf mit Beschreibung des beruflichen Werdeganges<\/li>\n<li>Zeugnis der zuletzt besuchten allgemeinbildenden Schule<\/li>\n<li>Nachweis des Mittleren Bildungsabschlusses<\/li>\n<li>Kopie des g\u00fcltigen amtlichen Lichtbildausweises<\/li>\n<\/ul>\n<p><\/p>\t\t\t\t\t\t\t\t<\/div>\n\t\t\t\t<\/div>\n\t\t\t\t\t<\/div>\n\t\t<\/div>\n\t\t\t\t\t<\/div>\n\t\t<\/section>\n\t\t\t\t<\/div>\n\t\t","protected":false},"excerpt":{"rendered":"<p>Qualifikation Nach bestandener Abschlusspr\u00fcfung erhalten Sie das Technikerzeugnis der Burkhart-Grob-Technikerschule Mindelheim sowie die Urkunde zur Zuerkennung der Berufsbezeichnung zum\/zur Staatlich gepr\u00fcfte\/n Maschinenbautechniker\/in. Bei erfolgreicher Teilnahme an der Erg\u00e4nzungspr\u00fcfung Mathematik erhalten Sie die Fachhochschulreife, welche zum Studium an Hochschulen berechtigt. Ausbildungsdauer Die Ausbildung zum Staatlich gepr\u00fcften Techniker f\u00fcr Maschinenbautechnik beginnt jeweils im September und dauert drei [&hellip;]<\/p>\n","protected":false},"author":2,"featured_media":1583,"parent":0,"menu_order":0,"comment_status":"closed","ping_status":"closed","template":"","meta":{"footnotes":""},"class_list":["post-873","page","type-page","status-publish","has-post-thumbnail","hentry"],"_links":{"self":[{"href":"https:\/\/www.bsmn.de\/technikerschule-mindelheim\/wp-json\/wp\/v2\/pages\/873","targetHints":{"allow":["GET"]}}],"collection":[{"href":"https:\/\/www.bsmn.de\/technikerschule-mindelheim\/wp-json\/wp\/v2\/pages"}],"about":[{"href":"https:\/\/www.bsmn.de\/technikerschule-mindelheim\/wp-json\/wp\/v2\/types\/page"}],"author":[{"embeddable":true,"href":"https:\/\/www.bsmn.de\/technikerschule-mindelheim\/wp-json\/wp\/v2\/users\/2"}],"replies":[{"embeddable":true,"href":"https:\/\/www.bsmn.de\/technikerschule-mindelheim\/wp-json\/wp\/v2\/comments?post=873"}],"version-history":[{"count":38,"href":"https:\/\/www.bsmn.de\/technikerschule-mindelheim\/wp-json\/wp\/v2\/pages\/873\/revisions"}],"predecessor-version":[{"id":3567,"href":"https:\/\/www.bsmn.de\/technikerschule-mindelheim\/wp-json\/wp\/v2\/pages\/873\/revisions\/3567"}],"wp:featuredmedia":[{"embeddable":true,"href":"https:\/\/www.bsmn.de\/technikerschule-mindelheim\/wp-json\/wp\/v2\/media\/1583"}],"wp:attachment":[{"href":"https:\/\/www.bsmn.de\/technikerschule-mindelheim\/wp-json\/wp\/v2\/media?parent=873"}],"curies":[{"name":"wp","href":"https:\/\/api.w.org\/{rel}","templated":true}]}}