{"id":827,"date":"2020-10-07T11:36:32","date_gmt":"2020-10-07T09:36:32","guid":{"rendered":"http:\/\/bsmn.neuimweb.de\/technikerschule\/?page_id=827"},"modified":"2023-10-27T12:27:13","modified_gmt":"2023-10-27T10:27:13","slug":"aktuelles","status":"publish","type":"page","link":"https:\/\/www.bsmn.de\/technikerschule-mindelheim\/service\/aktuelles\/","title":{"rendered":"Archiv"},"content":{"rendered":"\t\t<div data-elementor-type=\"wp-page\" data-elementor-id=\"827\" class=\"elementor elementor-827\" data-elementor-post-type=\"page\">\n\t\t\t\t\t\t<section class=\"elementor-section elementor-top-section elementor-element elementor-element-96c03d7 elementor-section-boxed elementor-section-height-default elementor-section-height-default\" data-id=\"96c03d7\" data-element_type=\"section\" data-e-type=\"section\">\n\t\t\t\t\t\t<div class=\"elementor-container elementor-column-gap-default\">\n\t\t\t\t\t<div class=\"elementor-column elementor-col-100 elementor-top-column elementor-element elementor-element-7c9cdaa\" data-id=\"7c9cdaa\" data-element_type=\"column\" data-e-type=\"column\">\n\t\t\t<div class=\"elementor-widget-wrap elementor-element-populated\">\n\t\t\t\t\t\t<div class=\"elementor-element elementor-element-25c28cb elementor-grid-3 elementor-grid-tablet-2 elementor-grid-mobile-1 elementor-posts--thumbnail-top elementor-widget elementor-widget-posts\" data-id=\"25c28cb\" data-element_type=\"widget\" data-e-type=\"widget\" data-settings=\"{&quot;pagination_type&quot;:&quot;numbers_and_prev_next&quot;,&quot;classic_columns&quot;:&quot;3&quot;,&quot;classic_columns_tablet&quot;:&quot;2&quot;,&quot;classic_columns_mobile&quot;:&quot;1&quot;,&quot;classic_row_gap&quot;:{&quot;unit&quot;:&quot;px&quot;,&quot;size&quot;:35,&quot;sizes&quot;:[]},&quot;classic_row_gap_tablet&quot;:{&quot;unit&quot;:&quot;px&quot;,&quot;size&quot;:&quot;&quot;,&quot;sizes&quot;:[]},&quot;classic_row_gap_mobile&quot;:{&quot;unit&quot;:&quot;px&quot;,&quot;size&quot;:&quot;&quot;,&quot;sizes&quot;:[]}}\" data-widget_type=\"posts.classic\">\n\t\t\t\t<div class=\"elementor-widget-container\">\n\t\t\t\t\t\t\t<div class=\"elementor-posts-container elementor-posts elementor-posts--skin-classic elementor-grid\" role=\"list\">\n\t\t\t\t<article class=\"elementor-post elementor-grid-item post-3865 post type-post status-publish format-standard has-post-thumbnail hentry category-allgemein\" role=\"listitem\">\n\t\t\t\t<a class=\"elementor-post__thumbnail__link\" href=\"https:\/\/www.bsmn.de\/technikerschule-mindelheim\/2026\/04\/08\/infoveranstaltung-technikerschule-neuer-schwerpunkt-mechatroniktechnik-teilzeit\/\" tabindex=\"-1\" >\n\t\t\t<div class=\"elementor-post__thumbnail\"><img fetchpriority=\"high\" decoding=\"async\" width=\"768\" height=\"960\" src=\"https:\/\/www.bsmn.de\/technikerschule-mindelheim\/wp-content\/uploads\/sites\/3\/2025\/03\/Infoabend-15.04.2026-TS-MN_Post-Social-Media-768x960.jpeg\" class=\"attachment-medium_large size-medium_large wp-image-3860\" alt=\"\" srcset=\"https:\/\/www.bsmn.de\/technikerschule-mindelheim\/wp-content\/uploads\/sites\/3\/2025\/03\/Infoabend-15.04.2026-TS-MN_Post-Social-Media-768x960.jpeg 768w, https:\/\/www.bsmn.de\/technikerschule-mindelheim\/wp-content\/uploads\/sites\/3\/2025\/03\/Infoabend-15.04.2026-TS-MN_Post-Social-Media-240x300.jpeg 240w, https:\/\/www.bsmn.de\/technikerschule-mindelheim\/wp-content\/uploads\/sites\/3\/2025\/03\/Infoabend-15.04.2026-TS-MN_Post-Social-Media-819x1024.jpeg 819w, https:\/\/www.bsmn.de\/technikerschule-mindelheim\/wp-content\/uploads\/sites\/3\/2025\/03\/Infoabend-15.04.2026-TS-MN_Post-Social-Media-600x750.jpeg 600w, https:\/\/www.bsmn.de\/technikerschule-mindelheim\/wp-content\/uploads\/sites\/3\/2025\/03\/Infoabend-15.04.2026-TS-MN_Post-Social-Media.jpeg 1080w\" sizes=\"(max-width: 768px) 100vw, 768px\" \/><\/div>\n\t\t<\/a>\n\t\t\t\t<div class=\"elementor-post__text\">\n\t\t\t\t<div class=\"elementor-post__title\">\n\t\t\t<a href=\"https:\/\/www.bsmn.de\/technikerschule-mindelheim\/2026\/04\/08\/infoveranstaltung-technikerschule-neuer-schwerpunkt-mechatroniktechnik-teilzeit\/\" >\n\t\t\t\tInfoveranstaltung: Technikerschule neuer Schwerpunkt &#8222;Mechatroniktechnik&#8220; (Teilzeit)\t\t\t<\/a>\n\t\t<\/div>\n\t\t\t\t<div class=\"elementor-post__excerpt\">\n\t\t\t<p>Informationen gibt es zur Weiterbildung am Mittwoch, 15. Apr. 2026, 17:30 Uhr Vorort oder online unter diesem Link Anmeldung noch bis 30. Apr. 2026<\/p>\n\t\t<\/div>\n\t\t\n\t\t<a class=\"elementor-post__read-more\" href=\"https:\/\/www.bsmn.de\/technikerschule-mindelheim\/2026\/04\/08\/infoveranstaltung-technikerschule-neuer-schwerpunkt-mechatroniktechnik-teilzeit\/\" aria-label=\"Mehr \u00fcber Infoveranstaltung: Technikerschule neuer Schwerpunkt &#8222;Mechatroniktechnik&#8220; (Teilzeit)\" tabindex=\"-1\" >\n\t\t\tWeiterlesen \u00bb\t\t<\/a>\n\n\t\t\t\t<\/div>\n\t\t\t\t<\/article>\n\t\t\t\t<article class=\"elementor-post elementor-grid-item post-3848 post type-post status-publish format-standard has-post-thumbnail hentry category-allgemein\" role=\"listitem\">\n\t\t\t\t<a class=\"elementor-post__thumbnail__link\" href=\"https:\/\/www.bsmn.de\/technikerschule-mindelheim\/2026\/02\/06\/neu-schwerpunkt-mechatroniktechnik\/\" tabindex=\"-1\" >\n\t\t\t<div class=\"elementor-post__thumbnail\"><img decoding=\"async\" width=\"768\" height=\"491\" src=\"https:\/\/www.bsmn.de\/technikerschule-mindelheim\/wp-content\/uploads\/sites\/3\/2026\/02\/Screenshot-2026-02-06-201453-1-e1770405681142-768x491.png\" class=\"attachment-medium_large size-medium_large wp-image-3852\" alt=\"\" srcset=\"https:\/\/www.bsmn.de\/technikerschule-mindelheim\/wp-content\/uploads\/sites\/3\/2026\/02\/Screenshot-2026-02-06-201453-1-e1770405681142-768x491.png 768w, https:\/\/www.bsmn.de\/technikerschule-mindelheim\/wp-content\/uploads\/sites\/3\/2026\/02\/Screenshot-2026-02-06-201453-1-e1770405681142-300x192.png 300w, https:\/\/www.bsmn.de\/technikerschule-mindelheim\/wp-content\/uploads\/sites\/3\/2026\/02\/Screenshot-2026-02-06-201453-1-e1770405681142-600x384.png 600w, https:\/\/www.bsmn.de\/technikerschule-mindelheim\/wp-content\/uploads\/sites\/3\/2026\/02\/Screenshot-2026-02-06-201453-1-e1770405681142.png 1020w\" sizes=\"(max-width: 768px) 100vw, 768px\" \/><\/div>\n\t\t<\/a>\n\t\t\t\t<div class=\"elementor-post__text\">\n\t\t\t\t<div class=\"elementor-post__title\">\n\t\t\t<a href=\"https:\/\/www.bsmn.de\/technikerschule-mindelheim\/2026\/02\/06\/neu-schwerpunkt-mechatroniktechnik\/\" >\n\t\t\t\tNEU: Schwerpunkt Mechatroniktechnik\t\t\t<\/a>\n\t\t<\/div>\n\t\t\t\t<div class=\"elementor-post__excerpt\">\n\t\t\t<p>Der enge Austausch mit Unternehmen zeigt, dass neben den klassischen Kompetenzen im Bereich der Mechanik f\u00fcr Maschinenbautechniker\/innen zunehmend auch Qualifikationen in der Elektrik, Steuerungs- und<\/p>\n\t\t<\/div>\n\t\t\n\t\t<a class=\"elementor-post__read-more\" href=\"https:\/\/www.bsmn.de\/technikerschule-mindelheim\/2026\/02\/06\/neu-schwerpunkt-mechatroniktechnik\/\" aria-label=\"Mehr \u00fcber NEU: Schwerpunkt Mechatroniktechnik\" tabindex=\"-1\" >\n\t\t\tWeiterlesen \u00bb\t\t<\/a>\n\n\t\t\t\t<\/div>\n\t\t\t\t<\/article>\n\t\t\t\t<article class=\"elementor-post elementor-grid-item post-3643 post type-post status-publish format-standard has-post-thumbnail hentry category-allgemein\" role=\"listitem\">\n\t\t\t\t<a class=\"elementor-post__thumbnail__link\" href=\"https:\/\/www.bsmn.de\/technikerschule-mindelheim\/2026\/01\/15\/einladung-zum-info-tag\/\" tabindex=\"-1\" >\n\t\t\t<div class=\"elementor-post__thumbnail\"><img decoding=\"async\" width=\"768\" height=\"478\" src=\"https:\/\/www.bsmn.de\/technikerschule-mindelheim\/wp-content\/uploads\/sites\/3\/2026\/01\/Screenshot-2026-02-06-200005-e1770404653420-768x478.png\" class=\"attachment-medium_large size-medium_large wp-image-3846\" alt=\"\" srcset=\"https:\/\/www.bsmn.de\/technikerschule-mindelheim\/wp-content\/uploads\/sites\/3\/2026\/01\/Screenshot-2026-02-06-200005-e1770404653420-768x478.png 768w, https:\/\/www.bsmn.de\/technikerschule-mindelheim\/wp-content\/uploads\/sites\/3\/2026\/01\/Screenshot-2026-02-06-200005-e1770404653420-300x187.png 300w, https:\/\/www.bsmn.de\/technikerschule-mindelheim\/wp-content\/uploads\/sites\/3\/2026\/01\/Screenshot-2026-02-06-200005-e1770404653420-1024x637.png 1024w, https:\/\/www.bsmn.de\/technikerschule-mindelheim\/wp-content\/uploads\/sites\/3\/2026\/01\/Screenshot-2026-02-06-200005-e1770404653420-600x373.png 600w, https:\/\/www.bsmn.de\/technikerschule-mindelheim\/wp-content\/uploads\/sites\/3\/2026\/01\/Screenshot-2026-02-06-200005-e1770404653420.png 1106w\" sizes=\"(max-width: 768px) 100vw, 768px\" \/><\/div>\n\t\t<\/a>\n\t\t\t\t<div class=\"elementor-post__text\">\n\t\t\t\t<div class=\"elementor-post__title\">\n\t\t\t<a href=\"https:\/\/www.bsmn.de\/technikerschule-mindelheim\/2026\/01\/15\/einladung-zum-info-tag\/\" >\n\t\t\t\tEinladung zum Info-Tag\t\t\t<\/a>\n\t\t<\/div>\n\t\t\t\t<div class=\"elementor-post__excerpt\">\n\t\t\t<p>Am Samstag, den 07. Februar 2026 findet von 09:00 &#8211; 13:00 Uhr im Geb\u00e4ude der Technikerschule der diesj\u00e4hrige Info-Tag statt. Sie m\u00f6chten sich gleich bewerben?<\/p>\n\t\t<\/div>\n\t\t\n\t\t<a class=\"elementor-post__read-more\" href=\"https:\/\/www.bsmn.de\/technikerschule-mindelheim\/2026\/01\/15\/einladung-zum-info-tag\/\" aria-label=\"Mehr \u00fcber Einladung zum Info-Tag\" tabindex=\"-1\" >\n\t\t\tWeiterlesen \u00bb\t\t<\/a>\n\n\t\t\t\t<\/div>\n\t\t\t\t<\/article>\n\t\t\t\t<article class=\"elementor-post elementor-grid-item post-3814 post type-post status-publish format-standard has-post-thumbnail hentry category-allgemein\" role=\"listitem\">\n\t\t\t\t<a class=\"elementor-post__thumbnail__link\" href=\"https:\/\/www.bsmn.de\/technikerschule-mindelheim\/2025\/12\/01\/besuch-aus-uganda\/\" tabindex=\"-1\" >\n\t\t\t<div class=\"elementor-post__thumbnail\"><img loading=\"lazy\" decoding=\"async\" width=\"768\" height=\"583\" src=\"https:\/\/www.bsmn.de\/technikerschule-mindelheim\/wp-content\/uploads\/sites\/3\/2025\/12\/Vorbereitung-fuer-Uganda-HP-768x583.jpg\" class=\"attachment-medium_large size-medium_large wp-image-3815\" alt=\"\" srcset=\"https:\/\/www.bsmn.de\/technikerschule-mindelheim\/wp-content\/uploads\/sites\/3\/2025\/12\/Vorbereitung-fuer-Uganda-HP-768x583.jpg 768w, https:\/\/www.bsmn.de\/technikerschule-mindelheim\/wp-content\/uploads\/sites\/3\/2025\/12\/Vorbereitung-fuer-Uganda-HP-300x228.jpg 300w, https:\/\/www.bsmn.de\/technikerschule-mindelheim\/wp-content\/uploads\/sites\/3\/2025\/12\/Vorbereitung-fuer-Uganda-HP-1024x777.jpg 1024w, https:\/\/www.bsmn.de\/technikerschule-mindelheim\/wp-content\/uploads\/sites\/3\/2025\/12\/Vorbereitung-fuer-Uganda-HP-600x456.jpg 600w, https:\/\/www.bsmn.de\/technikerschule-mindelheim\/wp-content\/uploads\/sites\/3\/2025\/12\/Vorbereitung-fuer-Uganda-HP.jpg 1200w\" sizes=\"(max-width: 768px) 100vw, 768px\" \/><\/div>\n\t\t<\/a>\n\t\t\t\t<div class=\"elementor-post__text\">\n\t\t\t\t<div class=\"elementor-post__title\">\n\t\t\t<a href=\"https:\/\/www.bsmn.de\/technikerschule-mindelheim\/2025\/12\/01\/besuch-aus-uganda\/\" >\n\t\t\t\tBesuch aus Uganda\t\t\t<\/a>\n\t\t<\/div>\n\t\t\t\t<div class=\"elementor-post__excerpt\">\n\t\t\t<p>Die Berufsschule Mindelheim pflegt \u2013 in enger Zusammenarbeit mit dem Verein Uganda Freunde e.V. \u2013 seit vielen Jahren eine lebendige Partnerschaft mit der St. Thereza<\/p>\n\t\t<\/div>\n\t\t\n\t\t<a class=\"elementor-post__read-more\" href=\"https:\/\/www.bsmn.de\/technikerschule-mindelheim\/2025\/12\/01\/besuch-aus-uganda\/\" aria-label=\"Mehr \u00fcber Besuch aus Uganda\" tabindex=\"-1\" >\n\t\t\tWeiterlesen \u00bb\t\t<\/a>\n\n\t\t\t\t<\/div>\n\t\t\t\t<\/article>\n\t\t\t\t<article class=\"elementor-post elementor-grid-item post-3690 post type-post status-publish format-standard has-post-thumbnail hentry category-allgemein\" role=\"listitem\">\n\t\t\t\t<a class=\"elementor-post__thumbnail__link\" href=\"https:\/\/www.bsmn.de\/technikerschule-mindelheim\/2025\/01\/21\/ugandafahrt-2024\/\" tabindex=\"-1\" >\n\t\t\t<div class=\"elementor-post__thumbnail\"><img loading=\"lazy\" decoding=\"async\" width=\"768\" height=\"432\" src=\"https:\/\/www.bsmn.de\/technikerschule-mindelheim\/wp-content\/uploads\/sites\/3\/2025\/01\/IMG_7552-768x432.jpeg\" class=\"attachment-medium_large size-medium_large wp-image-3687\" alt=\"\" srcset=\"https:\/\/www.bsmn.de\/technikerschule-mindelheim\/wp-content\/uploads\/sites\/3\/2025\/01\/IMG_7552-768x432.jpeg 768w, https:\/\/www.bsmn.de\/technikerschule-mindelheim\/wp-content\/uploads\/sites\/3\/2025\/01\/IMG_7552-300x169.jpeg 300w, https:\/\/www.bsmn.de\/technikerschule-mindelheim\/wp-content\/uploads\/sites\/3\/2025\/01\/IMG_7552-1024x576.jpeg 1024w, https:\/\/www.bsmn.de\/technikerschule-mindelheim\/wp-content\/uploads\/sites\/3\/2025\/01\/IMG_7552-1536x864.jpeg 1536w, https:\/\/www.bsmn.de\/technikerschule-mindelheim\/wp-content\/uploads\/sites\/3\/2025\/01\/IMG_7552-2048x1152.jpeg 2048w, https:\/\/www.bsmn.de\/technikerschule-mindelheim\/wp-content\/uploads\/sites\/3\/2025\/01\/IMG_7552-150x85.jpeg 150w, https:\/\/www.bsmn.de\/technikerschule-mindelheim\/wp-content\/uploads\/sites\/3\/2025\/01\/IMG_7552-1920x1080.jpeg 1920w, https:\/\/www.bsmn.de\/technikerschule-mindelheim\/wp-content\/uploads\/sites\/3\/2025\/01\/IMG_7552-600x338.jpeg 600w\" sizes=\"(max-width: 768px) 100vw, 768px\" \/><\/div>\n\t\t<\/a>\n\t\t\t\t<div class=\"elementor-post__text\">\n\t\t\t\t<div class=\"elementor-post__title\">\n\t\t\t<a href=\"https:\/\/www.bsmn.de\/technikerschule-mindelheim\/2025\/01\/21\/ugandafahrt-2024\/\" >\n\t\t\t\tUgandafahrt 2024\t\t\t<\/a>\n\t\t<\/div>\n\t\t\t\t<div class=\"elementor-post__excerpt\">\n\t\t\t<p>Die Staatliche Technikerschule Mindelheim unternahm im November 2024 eine spannende Reise nach Uganda, an der neben 16 Sch\u00fclerinnen und Sch\u00fclern aus vier unterschiedlichen Jahrg\u00e4ngen auch<\/p>\n\t\t<\/div>\n\t\t\n\t\t<a class=\"elementor-post__read-more\" href=\"https:\/\/www.bsmn.de\/technikerschule-mindelheim\/2025\/01\/21\/ugandafahrt-2024\/\" aria-label=\"Mehr \u00fcber Ugandafahrt 2024\" tabindex=\"-1\" >\n\t\t\tWeiterlesen \u00bb\t\t<\/a>\n\n\t\t\t\t<\/div>\n\t\t\t\t<\/article>\n\t\t\t\t<article class=\"elementor-post elementor-grid-item post-3608 post type-post status-publish format-standard has-post-thumbnail hentry category-allgemein\" role=\"listitem\">\n\t\t\t\t<a class=\"elementor-post__thumbnail__link\" href=\"https:\/\/www.bsmn.de\/technikerschule-mindelheim\/2024\/03\/26\/neuer-film-zur-klimaschule-bayern-aus-mindelheim-2\/\" tabindex=\"-1\" >\n\t\t\t<div class=\"elementor-post__thumbnail\"><img loading=\"lazy\" decoding=\"async\" width=\"768\" height=\"340\" src=\"https:\/\/www.bsmn.de\/technikerschule-mindelheim\/wp-content\/uploads\/sites\/3\/2024\/03\/kschule-1-768x340.jpg\" class=\"attachment-medium_large size-medium_large wp-image-3609\" alt=\"\" srcset=\"https:\/\/www.bsmn.de\/technikerschule-mindelheim\/wp-content\/uploads\/sites\/3\/2024\/03\/kschule-1-768x340.jpg 768w, https:\/\/www.bsmn.de\/technikerschule-mindelheim\/wp-content\/uploads\/sites\/3\/2024\/03\/kschule-1-300x133.jpg 300w, https:\/\/www.bsmn.de\/technikerschule-mindelheim\/wp-content\/uploads\/sites\/3\/2024\/03\/kschule-1-1024x454.jpg 1024w, https:\/\/www.bsmn.de\/technikerschule-mindelheim\/wp-content\/uploads\/sites\/3\/2024\/03\/kschule-1-1536x681.jpg 1536w, https:\/\/www.bsmn.de\/technikerschule-mindelheim\/wp-content\/uploads\/sites\/3\/2024\/03\/kschule-1-600x266.jpg 600w, https:\/\/www.bsmn.de\/technikerschule-mindelheim\/wp-content\/uploads\/sites\/3\/2024\/03\/kschule-1.jpg 1539w\" sizes=\"(max-width: 768px) 100vw, 768px\" \/><\/div>\n\t\t<\/a>\n\t\t\t\t<div class=\"elementor-post__text\">\n\t\t\t\t<div class=\"elementor-post__title\">\n\t\t\t<a href=\"https:\/\/www.bsmn.de\/technikerschule-mindelheim\/2024\/03\/26\/neuer-film-zur-klimaschule-bayern-aus-mindelheim-2\/\" >\n\t\t\t\tNeuer Film zur Klimaschule Bayern aus Mindelheim\t\t\t<\/a>\n\t\t<\/div>\n\t\t\t\t<div class=\"elementor-post__excerpt\">\n\t\t\t<p>F\u00fcr die Klimaschule Bayern wurde die Staatliche Berufsschule Mindelheim als Drehort ausgew\u00e4hlt. Was uns sehr freut. Wir sind die erste zertifizierte Berufsschule Bayerns und das<\/p>\n\t\t<\/div>\n\t\t\n\t\t<a class=\"elementor-post__read-more\" href=\"https:\/\/www.bsmn.de\/technikerschule-mindelheim\/2024\/03\/26\/neuer-film-zur-klimaschule-bayern-aus-mindelheim-2\/\" aria-label=\"Mehr \u00fcber Neuer Film zur Klimaschule Bayern aus Mindelheim\" tabindex=\"-1\" >\n\t\t\tWeiterlesen \u00bb\t\t<\/a>\n\n\t\t\t\t<\/div>\n\t\t\t\t<\/article>\n\t\t\t\t<article class=\"elementor-post elementor-grid-item post-3459 post type-post status-publish format-standard has-post-thumbnail hentry category-allgemein\" role=\"listitem\">\n\t\t\t\t<a class=\"elementor-post__thumbnail__link\" href=\"https:\/\/www.bsmn.de\/technikerschule-mindelheim\/2023\/10\/27\/projektarbeiten-schuljahr-22-23-vollzeit\/\" tabindex=\"-1\" >\n\t\t\t<div class=\"elementor-post__thumbnail\"><img loading=\"lazy\" decoding=\"async\" width=\"768\" height=\"459\" src=\"https:\/\/www.bsmn.de\/technikerschule-mindelheim\/wp-content\/uploads\/sites\/3\/2023\/10\/Transportloesung-768x459.png\" class=\"attachment-medium_large size-medium_large wp-image-3466\" alt=\"\" srcset=\"https:\/\/www.bsmn.de\/technikerschule-mindelheim\/wp-content\/uploads\/sites\/3\/2023\/10\/Transportloesung-768x459.png 768w, https:\/\/www.bsmn.de\/technikerschule-mindelheim\/wp-content\/uploads\/sites\/3\/2023\/10\/Transportloesung-300x179.png 300w, https:\/\/www.bsmn.de\/technikerschule-mindelheim\/wp-content\/uploads\/sites\/3\/2023\/10\/Transportloesung-600x359.png 600w, https:\/\/www.bsmn.de\/technikerschule-mindelheim\/wp-content\/uploads\/sites\/3\/2023\/10\/Transportloesung.png 921w\" sizes=\"(max-width: 768px) 100vw, 768px\" \/><\/div>\n\t\t<\/a>\n\t\t\t\t<div class=\"elementor-post__text\">\n\t\t\t\t<div class=\"elementor-post__title\">\n\t\t\t<a href=\"https:\/\/www.bsmn.de\/technikerschule-mindelheim\/2023\/10\/27\/projektarbeiten-schuljahr-22-23-vollzeit\/\" >\n\t\t\t\tProjektarbeiten Schuljahr 22\/23 Vollzeit\t\t\t<\/a>\n\t\t<\/div>\n\t\t\t\t<div class=\"elementor-post__excerpt\">\n\t\t\t<p>Anbei eine kleiner Einblick in die Projektarbeiten unserer Abschlussklasse TS2 aus dem vergangen Schuljahr. Vertical Farming System f\u00fcr zuhause Siloverteiler Kajaklift hydraulische Werkstattpresse Anz\u00fcndholzspalter Lagersystem<\/p>\n\t\t<\/div>\n\t\t\n\t\t<a class=\"elementor-post__read-more\" href=\"https:\/\/www.bsmn.de\/technikerschule-mindelheim\/2023\/10\/27\/projektarbeiten-schuljahr-22-23-vollzeit\/\" aria-label=\"Mehr \u00fcber Projektarbeiten Schuljahr 22\/23 Vollzeit\" tabindex=\"-1\" >\n\t\t\tWeiterlesen \u00bb\t\t<\/a>\n\n\t\t\t\t<\/div>\n\t\t\t\t<\/article>\n\t\t\t\t<article class=\"elementor-post elementor-grid-item post-3438 post type-post status-publish format-standard has-post-thumbnail hentry category-allgemein\" role=\"listitem\">\n\t\t\t\t<a class=\"elementor-post__thumbnail__link\" href=\"https:\/\/www.bsmn.de\/technikerschule-mindelheim\/2023\/10\/23\/vertical-farming-projektarbeit\/\" tabindex=\"-1\" >\n\t\t\t<div class=\"elementor-post__thumbnail\"><img loading=\"lazy\" decoding=\"async\" width=\"653\" height=\"556\" src=\"https:\/\/www.bsmn.de\/technikerschule-mindelheim\/wp-content\/uploads\/sites\/3\/2023\/10\/Beitragsbild.png\" class=\"attachment-medium_large size-medium_large wp-image-3443\" alt=\"\" srcset=\"https:\/\/www.bsmn.de\/technikerschule-mindelheim\/wp-content\/uploads\/sites\/3\/2023\/10\/Beitragsbild.png 653w, https:\/\/www.bsmn.de\/technikerschule-mindelheim\/wp-content\/uploads\/sites\/3\/2023\/10\/Beitragsbild-300x255.png 300w, https:\/\/www.bsmn.de\/technikerschule-mindelheim\/wp-content\/uploads\/sites\/3\/2023\/10\/Beitragsbild-600x511.png 600w\" sizes=\"(max-width: 653px) 100vw, 653px\" \/><\/div>\n\t\t<\/a>\n\t\t\t\t<div class=\"elementor-post__text\">\n\t\t\t\t<div class=\"elementor-post__title\">\n\t\t\t<a href=\"https:\/\/www.bsmn.de\/technikerschule-mindelheim\/2023\/10\/23\/vertical-farming-projektarbeit\/\" >\n\t\t\t\tProjektarbeit Vertical Farming\t\t\t<\/a>\n\t\t<\/div>\n\t\t\t\t<div class=\"elementor-post__excerpt\">\n\t\t\t<p>Anbei ein Artikel des Allg\u00e4uer Wirtschaftsmagazins zum Vertical Farming Projekt.<\/p>\n\t\t<\/div>\n\t\t\n\t\t<a class=\"elementor-post__read-more\" href=\"https:\/\/www.bsmn.de\/technikerschule-mindelheim\/2023\/10\/23\/vertical-farming-projektarbeit\/\" aria-label=\"Mehr \u00fcber Projektarbeit Vertical Farming\" tabindex=\"-1\" >\n\t\t\tWeiterlesen \u00bb\t\t<\/a>\n\n\t\t\t\t<\/div>\n\t\t\t\t<\/article>\n\t\t\t\t<article class=\"elementor-post elementor-grid-item post-3391 post type-post status-publish format-standard has-post-thumbnail hentry category-allgemein\" role=\"listitem\">\n\t\t\t\t<a class=\"elementor-post__thumbnail__link\" href=\"https:\/\/www.bsmn.de\/technikerschule-mindelheim\/2023\/07\/11\/https-www-bsmn-de-berufsschule-mindelheim-p3921\/\" tabindex=\"-1\" >\n\t\t\t<div class=\"elementor-post__thumbnail\"><img loading=\"lazy\" decoding=\"async\" width=\"768\" height=\"512\" src=\"https:\/\/www.bsmn.de\/technikerschule-mindelheim\/wp-content\/uploads\/sites\/3\/2023\/07\/DSC_3600-768x512.jpg\" class=\"attachment-medium_large size-medium_large wp-image-3386\" alt=\"\" srcset=\"https:\/\/www.bsmn.de\/technikerschule-mindelheim\/wp-content\/uploads\/sites\/3\/2023\/07\/DSC_3600-768x512.jpg 768w, https:\/\/www.bsmn.de\/technikerschule-mindelheim\/wp-content\/uploads\/sites\/3\/2023\/07\/DSC_3600-300x200.jpg 300w, https:\/\/www.bsmn.de\/technikerschule-mindelheim\/wp-content\/uploads\/sites\/3\/2023\/07\/DSC_3600-1024x683.jpg 1024w, https:\/\/www.bsmn.de\/technikerschule-mindelheim\/wp-content\/uploads\/sites\/3\/2023\/07\/DSC_3600-1536x1024.jpg 1536w, https:\/\/www.bsmn.de\/technikerschule-mindelheim\/wp-content\/uploads\/sites\/3\/2023\/07\/DSC_3600-2048x1365.jpg 2048w, https:\/\/www.bsmn.de\/technikerschule-mindelheim\/wp-content\/uploads\/sites\/3\/2023\/07\/DSC_3600-600x400.jpg 600w\" sizes=\"(max-width: 768px) 100vw, 768px\" \/><\/div>\n\t\t<\/a>\n\t\t\t\t<div class=\"elementor-post__text\">\n\t\t\t\t<div class=\"elementor-post__title\">\n\t\t\t<a href=\"https:\/\/www.bsmn.de\/technikerschule-mindelheim\/2023\/07\/11\/https-www-bsmn-de-berufsschule-mindelheim-p3921\/\" >\n\t\t\t\tStimmkreisabgeordneter besucht Berufs- und Technikerschule\t\t\t<\/a>\n\t\t<\/div>\n\t\t\t\t<div class=\"elementor-post__excerpt\">\n\t\t\t<p>Das Mitglied des Bayerischen Landtags Franz Josef Pschierer besucht heute unsere Schule. Er informierte sich \u00fcber die sehr gute Ausstattung der Burkhart-Grob-Technikerschule f\u00fcr Maschinebau, besonders<\/p>\n\t\t<\/div>\n\t\t\n\t\t<a class=\"elementor-post__read-more\" href=\"https:\/\/www.bsmn.de\/technikerschule-mindelheim\/2023\/07\/11\/https-www-bsmn-de-berufsschule-mindelheim-p3921\/\" aria-label=\"Mehr \u00fcber Stimmkreisabgeordneter besucht Berufs- und Technikerschule\" tabindex=\"-1\" >\n\t\t\tWeiterlesen \u00bb\t\t<\/a>\n\n\t\t\t\t<\/div>\n\t\t\t\t<\/article>\n\t\t\t\t<\/div>\n\t\t\n\t\t\t\t<div class=\"e-load-more-anchor\" data-page=\"1\" data-max-page=\"3\" data-next-page=\"https:\/\/www.bsmn.de\/technikerschule-mindelheim\/wp-json\/wp\/v2\/pages\/827\/page\/2\/\"><\/div>\n\t\t\t\t<nav class=\"elementor-pagination\" aria-label=\"Seitennummerierung\">\n\t\t\t<span class=\"page-numbers prev\">&laquo; Vorige<\/span>\n<span aria-current=\"page\" class=\"page-numbers current\"><span class=\"elementor-screen-only\">Seite<\/span>1<\/span>\n<a class=\"page-numbers\" href=\"https:\/\/www.bsmn.de\/technikerschule-mindelheim\/wp-json\/wp\/v2\/pages\/827\/page\/2\/\"><span class=\"elementor-screen-only\">Seite<\/span>2<\/a>\n<a class=\"page-numbers\" href=\"https:\/\/www.bsmn.de\/technikerschule-mindelheim\/wp-json\/wp\/v2\/pages\/827\/page\/3\/\"><span class=\"elementor-screen-only\">Seite<\/span>3<\/a>\n<a class=\"page-numbers next\" href=\"https:\/\/www.bsmn.de\/technikerschule-mindelheim\/wp-json\/wp\/v2\/pages\/827\/page\/2\/\">N\u00e4chste &raquo;<\/a>\t\t<\/nav>\n\t\t\t\t\t\t<\/div>\n\t\t\t\t<\/div>\n\t\t\t\t\t<\/div>\n\t\t<\/div>\n\t\t\t\t\t<\/div>\n\t\t<\/section>\n\t\t\t\t<\/div>\n\t\t","protected":false},"excerpt":{"rendered":"","protected":false},"author":2,"featured_media":329,"parent":87,"menu_order":0,"comment_status":"closed","ping_status":"closed","template":"","meta":{"footnotes":""},"class_list":["post-827","page","type-page","status-publish","has-post-thumbnail","hentry"],"_links":{"self":[{"href":"https:\/\/www.bsmn.de\/technikerschule-mindelheim\/wp-json\/wp\/v2\/pages\/827","targetHints":{"allow":["GET"]}}],"collection":[{"href":"https:\/\/www.bsmn.de\/technikerschule-mindelheim\/wp-json\/wp\/v2\/pages"}],"about":[{"href":"https:\/\/www.bsmn.de\/technikerschule-mindelheim\/wp-json\/wp\/v2\/types\/page"}],"author":[{"embeddable":true,"href":"https:\/\/www.bsmn.de\/technikerschule-mindelheim\/wp-json\/wp\/v2\/users\/2"}],"replies":[{"embeddable":true,"href":"https:\/\/www.bsmn.de\/technikerschule-mindelheim\/wp-json\/wp\/v2\/comments?post=827"}],"version-history":[{"count":13,"href":"https:\/\/www.bsmn.de\/technikerschule-mindelheim\/wp-json\/wp\/v2\/pages\/827\/revisions"}],"predecessor-version":[{"id":3458,"href":"https:\/\/www.bsmn.de\/technikerschule-mindelheim\/wp-json\/wp\/v2\/pages\/827\/revisions\/3458"}],"up":[{"embeddable":true,"href":"https:\/\/www.bsmn.de\/technikerschule-mindelheim\/wp-json\/wp\/v2\/pages\/87"}],"wp:featuredmedia":[{"embeddable":true,"href":"https:\/\/www.bsmn.de\/technikerschule-mindelheim\/wp-json\/wp\/v2\/media\/329"}],"wp:attachment":[{"href":"https:\/\/www.bsmn.de\/technikerschule-mindelheim\/wp-json\/wp\/v2\/media?parent=827"}],"curies":[{"name":"wp","href":"https:\/\/api.w.org\/{rel}","templated":true}]}}