{"id":3237,"date":"2022-09-21T13:39:14","date_gmt":"2022-09-21T11:39:14","guid":{"rendered":"https:\/\/www.bsmn.de\/technikerschule-mindelheim\/?page_id=3237"},"modified":"2022-09-21T13:39:14","modified_gmt":"2022-09-21T11:39:14","slug":"cnc-drehmaschine","status":"publish","type":"page","link":"https:\/\/www.bsmn.de\/technikerschule-mindelheim\/cnc-drehmaschine\/","title":{"rendered":"CNC-Drehmaschine"},"content":{"rendered":"\n<h2 class=\"wp-block-heading\">Zusammenfassung<\/h2>\n\n\n\n<p>Das Thema der vorliegenden Projektarbeit war es, eine CNC-gesteuerte Drehmaschine zu entwickeln. Diese wurde von Grund auf selbst geplant, gebaut und in Betrieb genommen. Nach Abgabe des Projektantrages wurde als erstes mit der Dimensionierung der CNC-Drehmaschine begonnen. Daraufhin wurden kleine Handskizzen zu verschiedenen Bereichen des Projekts erstellt. Somit wurde sich ein \u00dcberblick \u00fcber das Ausma\u00df der Arbeit verschafft. Im Anschluss musste sich ein \u00dcberblick verschafft werden, welche Komponenten f\u00fcr das Projekt ben\u00f6tigt wurden und welche es \u00fcberhaupt im Internet zu kaufen gab. Dabei musste man sich erstmal damit besch\u00e4ftigen, welche Komponenten geeignet sind und welche in dem vorgegebenen Budget liegen. Im Nachgang ging man dazu \u00fcber diese Skizzen in einem CAD-Programm zu zeichnen. Darin besteht der Vorteil, dass man verschiedene Normteile wie auch diverse Zukaufteile, wie z.B. Motoren, F\u00fchrungen, etc., einf\u00fcgen kann und somit die gesamte CNC-Drehmaschine immer wieder darauf anpassen konnte. <\/p>\n\n\n\n<figure class=\"wp-block-gallery has-nested-images columns-default is-cropped wp-block-gallery-1 is-layout-flex wp-block-gallery-is-layout-flex\">\n<figure class=\"wp-block-image size-large\"><img fetchpriority=\"high\" decoding=\"async\" width=\"1024\" height=\"532\" data-id=\"3248\" src=\"https:\/\/www.bsmn.de\/technikerschule-mindelheim\/wp-content\/uploads\/sites\/3\/2022\/09\/CNC-Drehmaschine-1-1-1024x532.jpg\" alt=\"\" class=\"wp-image-3248\" srcset=\"https:\/\/www.bsmn.de\/technikerschule-mindelheim\/wp-content\/uploads\/sites\/3\/2022\/09\/CNC-Drehmaschine-1-1-1024x532.jpg 1024w, https:\/\/www.bsmn.de\/technikerschule-mindelheim\/wp-content\/uploads\/sites\/3\/2022\/09\/CNC-Drehmaschine-1-1-300x156.jpg 300w, https:\/\/www.bsmn.de\/technikerschule-mindelheim\/wp-content\/uploads\/sites\/3\/2022\/09\/CNC-Drehmaschine-1-1-768x399.jpg 768w, https:\/\/www.bsmn.de\/technikerschule-mindelheim\/wp-content\/uploads\/sites\/3\/2022\/09\/CNC-Drehmaschine-1-1-1536x798.jpg 1536w, https:\/\/www.bsmn.de\/technikerschule-mindelheim\/wp-content\/uploads\/sites\/3\/2022\/09\/CNC-Drehmaschine-1-1-600x312.jpg 600w, https:\/\/www.bsmn.de\/technikerschule-mindelheim\/wp-content\/uploads\/sites\/3\/2022\/09\/CNC-Drehmaschine-1-1.jpg 1577w\" sizes=\"(max-width: 1024px) 100vw, 1024px\" \/><\/figure>\n\n\n\n<figure class=\"wp-block-image size-large\"><img decoding=\"async\" width=\"1024\" height=\"648\" data-id=\"3247\" src=\"https:\/\/www.bsmn.de\/technikerschule-mindelheim\/wp-content\/uploads\/sites\/3\/2022\/09\/CNC-Drehmaschine-2-1024x648.jpg\" alt=\"\" class=\"wp-image-3247\" srcset=\"https:\/\/www.bsmn.de\/technikerschule-mindelheim\/wp-content\/uploads\/sites\/3\/2022\/09\/CNC-Drehmaschine-2-1024x648.jpg 1024w, https:\/\/www.bsmn.de\/technikerschule-mindelheim\/wp-content\/uploads\/sites\/3\/2022\/09\/CNC-Drehmaschine-2-300x190.jpg 300w, https:\/\/www.bsmn.de\/technikerschule-mindelheim\/wp-content\/uploads\/sites\/3\/2022\/09\/CNC-Drehmaschine-2-768x486.jpg 768w, https:\/\/www.bsmn.de\/technikerschule-mindelheim\/wp-content\/uploads\/sites\/3\/2022\/09\/CNC-Drehmaschine-2-600x379.jpg 600w, https:\/\/www.bsmn.de\/technikerschule-mindelheim\/wp-content\/uploads\/sites\/3\/2022\/09\/CNC-Drehmaschine-2.jpg 1262w\" sizes=\"(max-width: 1024px) 100vw, 1024px\" \/><\/figure>\n<\/figure>\n\n\n\n<p>Nach diesem Arbeitsgang ging es weiter mit der Bestellung der Materialien und Komponenten, welche nach dem Wissen des Projektteams wie auch den Kriterien der technisch-wirtschaftlichen Bewertung ausgew\u00e4hlt. Anschlie\u00dfend folgt die Fertigung der ben\u00f6tigten Teile, sofern m\u00f6glich mit der Ausstattung der Technikerschule, bei einem Bauteil musste man auf die Unterst\u00fctzung der Lehrwerkstatt der Firma Grob zur\u00fcckgreifen. Zum Schluss steht noch die Montage aller Komponenten sowie die Inbetriebnahme der Steuerung wie auch der Maschine aus. Als letztes sollte ein Testlauf durchgef\u00fchrt werden, der dazu beitr\u00e4gt, die bereits vorhandenen Einstellungen zu optimieren. Als Versuchswerkstoff wurde Aluminium ausgew\u00e4hlt. Der Umfang der Bearbeitung lag beim L\u00e4ngs- wie auch Querplandrehen, sowie einer einfachen Kontur. Der Versuch wurde erfolgreich durchgef\u00fchrt.<br>Text: Patrick Sch\u00e4ffler, Juliane Sch\u00fctz<\/p>\n\n\n\n<h2 class=\"wp-block-heading\">Projektvideo<\/h2>\n\n\n\n<figure class=\"wp-block-embed is-type-video is-provider-youtube wp-block-embed-youtube wp-embed-aspect-16-9 wp-has-aspect-ratio\"><div class=\"wp-block-embed__wrapper\">\n<div class=\"BorlabsCookie _brlbs-cb-youtube\"><div class=\"_brlbs-content-blocker\"> <div class=\"_brlbs-embed _brlbs-video-youtube\"> <img decoding=\"async\" class=\"_brlbs-thumbnail\" src=\"https:\/\/www.bsmn.de\/technikerschule-mindelheim\/wp-content\/plugins\/borlabs-cookie\/assets\/images\/cb-no-thumbnail.png\" alt=\"YouTube\"> <div class=\"_brlbs-caption\"> <p>Mit dem Laden des Videos akzeptieren Sie die Datenschutzerkl\u00e4rung von YouTube.<br><a href=\"https:\/\/policies.google.com\/privacy\" target=\"_blank\" rel=\"nofollow noopener noreferrer\">Mehr erfahren<\/a><\/p> <p><a class=\"_brlbs-btn _brlbs-icon-play-white\" href=\"#\" data-borlabs-cookie-unblock role=\"button\">Video laden<\/a><\/p> <p><label><input type=\"checkbox\" name=\"unblockAll\" value=\"1\" checked> <small>YouTube immer entsperren<\/small><\/label><\/p> <\/div> <\/div> <\/div><div class=\"borlabs-hide\" data-borlabs-cookie-type=\"content-blocker\" data-borlabs-cookie-id=\"youtube\"><script type=\"text\/template\">PGlmcmFtZSB0aXRsZT0iQ05DIERyZWhtYXNjaGluZSIgd2lkdGg9IjEyMDAiIGhlaWdodD0iNjc1IiBzcmM9Imh0dHBzOi8vd3d3LnlvdXR1YmUtbm9jb29raWUuY29tL2VtYmVkL2ZoMG4zcU1Xd0VjP2xpc3Q9UExpeF85elplSGRLS3hGb0RYNUhRMGRxV0Rnb2tFSEl1OCIgZnJhbWVib3JkZXI9IjAiIGFsbG93PSJhY2NlbGVyb21ldGVyOyBhdXRvcGxheTsgY2xpcGJvYXJkLXdyaXRlOyBlbmNyeXB0ZWQtbWVkaWE7IGd5cm9zY29wZTsgcGljdHVyZS1pbi1waWN0dXJlIiBhbGxvd2Z1bGxzY3JlZW4+PC9pZnJhbWU+<\/script><\/div><\/div>\n<\/div><\/figure>\n","protected":false},"excerpt":{"rendered":"<p>Zusammenfassung Das Thema der vorliegenden Projektarbeit war es, eine CNC-gesteuerte Drehmaschine zu entwickeln. Diese wurde von Grund auf selbst geplant, gebaut und in Betrieb genommen. Nach Abgabe des Projektantrages wurde als erstes mit der Dimensionierung der CNC-Drehmaschine begonnen. Daraufhin wurden kleine Handskizzen zu verschiedenen Bereichen des Projekts erstellt. Somit wurde sich ein \u00dcberblick \u00fcber das [&hellip;]<\/p>\n","protected":false},"author":13,"featured_media":3238,"parent":0,"menu_order":0,"comment_status":"closed","ping_status":"closed","template":"","meta":{"footnotes":""},"class_list":["post-3237","page","type-page","status-publish","has-post-thumbnail","hentry"],"_links":{"self":[{"href":"https:\/\/www.bsmn.de\/technikerschule-mindelheim\/wp-json\/wp\/v2\/pages\/3237","targetHints":{"allow":["GET"]}}],"collection":[{"href":"https:\/\/www.bsmn.de\/technikerschule-mindelheim\/wp-json\/wp\/v2\/pages"}],"about":[{"href":"https:\/\/www.bsmn.de\/technikerschule-mindelheim\/wp-json\/wp\/v2\/types\/page"}],"author":[{"embeddable":true,"href":"https:\/\/www.bsmn.de\/technikerschule-mindelheim\/wp-json\/wp\/v2\/users\/13"}],"replies":[{"embeddable":true,"href":"https:\/\/www.bsmn.de\/technikerschule-mindelheim\/wp-json\/wp\/v2\/comments?post=3237"}],"version-history":[{"count":7,"href":"https:\/\/www.bsmn.de\/technikerschule-mindelheim\/wp-json\/wp\/v2\/pages\/3237\/revisions"}],"predecessor-version":[{"id":3251,"href":"https:\/\/www.bsmn.de\/technikerschule-mindelheim\/wp-json\/wp\/v2\/pages\/3237\/revisions\/3251"}],"wp:featuredmedia":[{"embeddable":true,"href":"https:\/\/www.bsmn.de\/technikerschule-mindelheim\/wp-json\/wp\/v2\/media\/3238"}],"wp:attachment":[{"href":"https:\/\/www.bsmn.de\/technikerschule-mindelheim\/wp-json\/wp\/v2\/media?parent=3237"}],"curies":[{"name":"wp","href":"https:\/\/api.w.org\/{rel}","templated":true}]}}