{"id":3102,"date":"2022-04-04T11:41:14","date_gmt":"2022-04-04T09:41:14","guid":{"rendered":"https:\/\/www.bsmn.de\/technikerschule-mindelheim\/?page_id=3102"},"modified":"2022-04-05T09:57:24","modified_gmt":"2022-04-05T07:57:24","slug":"unterricht","status":"publish","type":"page","link":"https:\/\/www.bsmn.de\/technikerschule-mindelheim\/unterricht\/","title":{"rendered":"Unterricht"},"content":{"rendered":"\n<p>Im Laufe der Ausbildung zum staatlich gepr\u00fcften Maschinenbautechniker werden in Voll- oder Teilzeit verschiedenste Unterrichtsf\u00e4cher besucht. Im Rahmen dessen gibt es zudem die M\u00f6glichkeit diverse Zertifikate und Zeugnisse f\u00fcr das sp\u00e4terer Berufsleben zu erhalten. Einen kurzen Einblick hierf\u00fcr finden Sie in den beiden <a href=\"https:\/\/www.youtube.com\/channel\/UC0XrF3gZt40qHzWfqgsQ5aA\" data-type=\"URL\" data-id=\"https:\/\/www.youtube.com\/channel\/UC0XrF3gZt40qHzWfqgsQ5aA\">YouTube <\/a>Playlists Unterrichtsf\u00e4cher und Zertifikate und Zeugnisse. <\/p>\n\n\n\n<h2 class=\"wp-block-heading\">Unterrichtsf\u00e4cher<\/h2>\n\n\n\n<figure class=\"wp-block-embed is-type-video is-provider-youtube wp-block-embed-youtube wp-embed-aspect-16-9 wp-has-aspect-ratio\"><div class=\"wp-block-embed__wrapper\">\n<div class=\"BorlabsCookie _brlbs-cb-youtube\"><div class=\"_brlbs-content-blocker\"> <div class=\"_brlbs-embed _brlbs-video-youtube\"> <img decoding=\"async\" class=\"_brlbs-thumbnail\" src=\"https:\/\/www.bsmn.de\/technikerschule-mindelheim\/wp-content\/plugins\/borlabs-cookie\/assets\/images\/cb-no-thumbnail.png\" alt=\"YouTube\"> <div class=\"_brlbs-caption\"> <p>Mit dem Laden des Videos akzeptieren Sie die Datenschutzerkl\u00e4rung von YouTube.<br><a href=\"https:\/\/policies.google.com\/privacy\" target=\"_blank\" rel=\"nofollow noopener noreferrer\">Mehr erfahren<\/a><\/p> <p><a class=\"_brlbs-btn _brlbs-icon-play-white\" href=\"#\" data-borlabs-cookie-unblock role=\"button\">Video laden<\/a><\/p> <p><label><input type=\"checkbox\" name=\"unblockAll\" value=\"1\" checked> <small>YouTube immer entsperren<\/small><\/label><\/p> <\/div> <\/div> <\/div><div class=\"borlabs-hide\" data-borlabs-cookie-type=\"content-blocker\" data-borlabs-cookie-id=\"youtube\"><script type=\"text\/template\">PGlmcmFtZSB0aXRsZT0iVW50ZXJyaWNodHNmw6RjaGVyIiB3aWR0aD0iMTIwMCIgaGVpZ2h0PSI2NzUiIHNyYz0iaHR0cHM6Ly93d3cueW91dHViZS1ub2Nvb2tpZS5jb20vZW1iZWQvdmlkZW9zZXJpZXM\/bGlzdD1QTGl4Xzl6WmVIZEtKQVF2aG5mNk1tczNfM25OdDdZcy1sIiBmcmFtZWJvcmRlcj0iMCIgYWxsb3c9ImFjY2VsZXJvbWV0ZXI7IGF1dG9wbGF5OyBjbGlwYm9hcmQtd3JpdGU7IGVuY3J5cHRlZC1tZWRpYTsgZ3lyb3Njb3BlOyBwaWN0dXJlLWluLXBpY3R1cmUiIGFsbG93ZnVsbHNjcmVlbj48L2lmcmFtZT4=<\/script><\/div><\/div>\n<\/div><\/figure>\n\n\n\n<h2 class=\"wp-block-heading\">Zertifikate und Zeugnisse<\/h2>\n\n\n\n<figure class=\"wp-block-embed is-type-video is-provider-youtube wp-block-embed-youtube wp-embed-aspect-16-9 wp-has-aspect-ratio\"><div class=\"wp-block-embed__wrapper\">\n<div class=\"BorlabsCookie _brlbs-cb-youtube\"><div class=\"_brlbs-content-blocker\"> <div class=\"_brlbs-embed _brlbs-video-youtube\"> <img decoding=\"async\" class=\"_brlbs-thumbnail\" src=\"https:\/\/www.bsmn.de\/technikerschule-mindelheim\/wp-content\/plugins\/borlabs-cookie\/assets\/images\/cb-no-thumbnail.png\" alt=\"YouTube\"> <div class=\"_brlbs-caption\"> <p>Mit dem Laden des Videos akzeptieren Sie die Datenschutzerkl\u00e4rung von YouTube.<br><a href=\"https:\/\/policies.google.com\/privacy\" target=\"_blank\" rel=\"nofollow noopener noreferrer\">Mehr erfahren<\/a><\/p> <p><a class=\"_brlbs-btn _brlbs-icon-play-white\" href=\"#\" data-borlabs-cookie-unblock role=\"button\">Video laden<\/a><\/p> <p><label><input type=\"checkbox\" name=\"unblockAll\" value=\"1\" checked> <small>YouTube immer entsperren<\/small><\/label><\/p> <\/div> <\/div> <\/div><div class=\"borlabs-hide\" data-borlabs-cookie-type=\"content-blocker\" data-borlabs-cookie-id=\"youtube\"><script type=\"text\/template\">PGlmcmFtZSB0aXRsZT0iWmVydGlmaWthdGUgdW5kIFpldWduaXNzZSIgd2lkdGg9IjEyMDAiIGhlaWdodD0iNjc1IiBzcmM9Imh0dHBzOi8vd3d3LnlvdXR1YmUtbm9jb29raWUuY29tL2VtYmVkL3ZpZGVvc2VyaWVzP2xpc3Q9UExpeF85elplSGRLTEVlZVJhVzZzWk8wNmZNamNfSE43SCIgZnJhbWVib3JkZXI9IjAiIGFsbG93PSJhY2NlbGVyb21ldGVyOyBhdXRvcGxheTsgY2xpcGJvYXJkLXdyaXRlOyBlbmNyeXB0ZWQtbWVkaWE7IGd5cm9zY29wZTsgcGljdHVyZS1pbi1waWN0dXJlIiBhbGxvd2Z1bGxzY3JlZW4+PC9pZnJhbWU+<\/script><\/div><\/div>\n<\/div><\/figure>\n","protected":false},"excerpt":{"rendered":"<p>Im Laufe der Ausbildung zum staatlich gepr\u00fcften Maschinenbautechniker werden in Voll- oder Teilzeit verschiedenste Unterrichtsf\u00e4cher besucht. Im Rahmen dessen gibt es zudem die M\u00f6glichkeit diverse Zertifikate und Zeugnisse f\u00fcr das sp\u00e4terer Berufsleben zu erhalten. Einen kurzen Einblick hierf\u00fcr finden Sie in den beiden YouTube Playlists Unterrichtsf\u00e4cher und Zertifikate und Zeugnisse. Unterrichtsf\u00e4cher Zertifikate und Zeugnisse<\/p>\n","protected":false},"author":13,"featured_media":355,"parent":0,"menu_order":0,"comment_status":"closed","ping_status":"closed","template":"","meta":{"footnotes":""},"class_list":["post-3102","page","type-page","status-publish","has-post-thumbnail","hentry"],"_links":{"self":[{"href":"https:\/\/www.bsmn.de\/technikerschule-mindelheim\/wp-json\/wp\/v2\/pages\/3102","targetHints":{"allow":["GET"]}}],"collection":[{"href":"https:\/\/www.bsmn.de\/technikerschule-mindelheim\/wp-json\/wp\/v2\/pages"}],"about":[{"href":"https:\/\/www.bsmn.de\/technikerschule-mindelheim\/wp-json\/wp\/v2\/types\/page"}],"author":[{"embeddable":true,"href":"https:\/\/www.bsmn.de\/technikerschule-mindelheim\/wp-json\/wp\/v2\/users\/13"}],"replies":[{"embeddable":true,"href":"https:\/\/www.bsmn.de\/technikerschule-mindelheim\/wp-json\/wp\/v2\/comments?post=3102"}],"version-history":[{"count":5,"href":"https:\/\/www.bsmn.de\/technikerschule-mindelheim\/wp-json\/wp\/v2\/pages\/3102\/revisions"}],"predecessor-version":[{"id":3107,"href":"https:\/\/www.bsmn.de\/technikerschule-mindelheim\/wp-json\/wp\/v2\/pages\/3102\/revisions\/3107"}],"wp:featuredmedia":[{"embeddable":true,"href":"https:\/\/www.bsmn.de\/technikerschule-mindelheim\/wp-json\/wp\/v2\/media\/355"}],"wp:attachment":[{"href":"https:\/\/www.bsmn.de\/technikerschule-mindelheim\/wp-json\/wp\/v2\/media?parent=3102"}],"curies":[{"name":"wp","href":"https:\/\/api.w.org\/{rel}","templated":true}]}}