{"id":18,"date":"2020-06-24T11:39:27","date_gmt":"2020-06-24T09:39:27","guid":{"rendered":"http:\/\/bsmn.neuimweb.de\/technikerschule\/?page_id=18"},"modified":"2025-10-08T14:40:52","modified_gmt":"2025-10-08T12:40:52","slug":"kollegium","status":"publish","type":"page","link":"https:\/\/www.bsmn.de\/technikerschule-mindelheim\/wir-ueber-uns\/kollegium\/","title":{"rendered":"Kollegium"},"content":{"rendered":"\n<figure class=\"wp-block-image size-large\"><img fetchpriority=\"high\" decoding=\"async\" width=\"1024\" height=\"544\" src=\"https:\/\/www.bsmn.de\/technikerschule-mindelheim\/wp-content\/uploads\/sites\/3\/2025\/10\/DSC_6896-HP-1024x544.jpg\" alt=\"\" class=\"wp-image-3789\" srcset=\"https:\/\/www.bsmn.de\/technikerschule-mindelheim\/wp-content\/uploads\/sites\/3\/2025\/10\/DSC_6896-HP-1024x544.jpg 1024w, https:\/\/www.bsmn.de\/technikerschule-mindelheim\/wp-content\/uploads\/sites\/3\/2025\/10\/DSC_6896-HP-300x159.jpg 300w, https:\/\/www.bsmn.de\/technikerschule-mindelheim\/wp-content\/uploads\/sites\/3\/2025\/10\/DSC_6896-HP-768x408.jpg 768w, https:\/\/www.bsmn.de\/technikerschule-mindelheim\/wp-content\/uploads\/sites\/3\/2025\/10\/DSC_6896-HP-600x319.jpg 600w, https:\/\/www.bsmn.de\/technikerschule-mindelheim\/wp-content\/uploads\/sites\/3\/2025\/10\/DSC_6896-HP.jpg 1200w\" sizes=\"(max-width: 1024px) 100vw, 1024px\" \/><\/figure>\n\n\n\n<p>Gerne k\u00f6nnen Sie unsere Lehrer per E-Mail kontaktieren. Die E-Mail-Adresse setzte sich wie folgt zusammen:<br><strong>Vorname.Nachname@bsmn.de<\/strong> <em>(Hinweis: \u00e4=ae; \u00f6=oe; \u00fc=ue)<\/em><\/p>\n\n\n\n<table id=\"tablepress-2\" class=\"tablepress tablepress-id-2\">\n<thead>\n<tr class=\"row-1\">\n\t<th class=\"column-1\">Name<\/th><th class=\"column-2\">Funktion<\/th>\n<\/tr>\n<\/thead>\n<tbody class=\"row-striping row-hover\">\n<tr class=\"row-2\">\n\t<td class=\"column-1\">Baum, Alexander<\/td><td class=\"column-2\">Systembetreuer<\/td>\n<\/tr>\n<tr class=\"row-3\">\n\t<td class=\"column-1\">Burghard, Caroline<\/td><td class=\"column-2\"><\/td>\n<\/tr>\n<tr class=\"row-4\">\n\t<td class=\"column-1\">Gaja, Markus<\/td><td class=\"column-2\">Mitarbeiter in der Schulleitung als Systembetreuer<\/td>\n<\/tr>\n<tr class=\"row-5\">\n\t<td class=\"column-1\">Goldstein, Johannes<\/td><td class=\"column-2\">Fachbetreuer Landwirtschaft<\/td>\n<\/tr>\n<tr class=\"row-6\">\n\t<td class=\"column-1\">G\u00f6ppel, Gottfried<\/td><td class=\"column-2\">Schulleiter<\/td>\n<\/tr>\n<tr class=\"row-7\">\n\t<td class=\"column-1\">Gust, Holger<\/td><td class=\"column-2\">Fachbetreuer Technikerschule<\/td>\n<\/tr>\n<tr class=\"row-8\">\n\t<td class=\"column-1\">Heinz, Ewald<\/td><td class=\"column-2\"><\/td>\n<\/tr>\n<tr class=\"row-9\">\n\t<td class=\"column-1\">Kuckenburg, Roland<\/td><td class=\"column-2\"><\/td>\n<\/tr>\n<tr class=\"row-10\">\n\t<td class=\"column-1\">Kurzen, Andreas<\/td><td class=\"column-2\"><\/td>\n<\/tr>\n<tr class=\"row-11\">\n\t<td class=\"column-1\">Niegl, Philipp<\/td><td class=\"column-2\"><\/td>\n<\/tr>\n<tr class=\"row-12\">\n\t<td class=\"column-1\">Schenk, Michael<\/td><td class=\"column-2\">Fachbetreuer Deutsch<\/td>\n<\/tr>\n<tr class=\"row-13\">\n\t<td class=\"column-1\">Schulz, Monika<\/td><td class=\"column-2\"><\/td>\n<\/tr>\n<tr class=\"row-14\">\n\t<td class=\"column-1\">Schunke, Sebastian<\/td><td class=\"column-2\"><\/td>\n<\/tr>\n<tr class=\"row-15\">\n\t<td class=\"column-1\">Schuster, Carolina<\/td><td class=\"column-2\">Fachbetreuerin Mathematik<\/td>\n<\/tr>\n<tr class=\"row-16\">\n\t<td class=\"column-1\">Siebig, Michael<\/td><td class=\"column-2\"><\/td>\n<\/tr>\n<tr class=\"row-17\">\n\t<td class=\"column-1\">Wilhelm, Katrin<\/td><td class=\"column-2\">Stellvertretende Schulleiterin<\/td>\n<\/tr>\n<tr class=\"row-18\">\n\t<td class=\"column-1\">Zieger, Alexandra<\/td><td class=\"column-2\"><\/td>\n<\/tr>\n<\/tbody>\n<\/table>\n<!-- #tablepress-2 from cache -->\n","protected":false},"excerpt":{"rendered":"<p>Gerne k\u00f6nnen Sie unsere Lehrer per E-Mail kontaktieren. Die E-Mail-Adresse setzte sich wie folgt zusammen:Vorname.Nachname@bsmn.de (Hinweis: \u00e4=ae; \u00f6=oe; \u00fc=ue)<\/p>\n","protected":false},"author":2,"featured_media":0,"parent":9,"menu_order":0,"comment_status":"closed","ping_status":"closed","template":"","meta":{"footnotes":""},"class_list":["post-18","page","type-page","status-publish","hentry"],"_links":{"self":[{"href":"https:\/\/www.bsmn.de\/technikerschule-mindelheim\/wp-json\/wp\/v2\/pages\/18","targetHints":{"allow":["GET"]}}],"collection":[{"href":"https:\/\/www.bsmn.de\/technikerschule-mindelheim\/wp-json\/wp\/v2\/pages"}],"about":[{"href":"https:\/\/www.bsmn.de\/technikerschule-mindelheim\/wp-json\/wp\/v2\/types\/page"}],"author":[{"embeddable":true,"href":"https:\/\/www.bsmn.de\/technikerschule-mindelheim\/wp-json\/wp\/v2\/users\/2"}],"replies":[{"embeddable":true,"href":"https:\/\/www.bsmn.de\/technikerschule-mindelheim\/wp-json\/wp\/v2\/comments?post=18"}],"version-history":[{"count":21,"href":"https:\/\/www.bsmn.de\/technikerschule-mindelheim\/wp-json\/wp\/v2\/pages\/18\/revisions"}],"predecessor-version":[{"id":3790,"href":"https:\/\/www.bsmn.de\/technikerschule-mindelheim\/wp-json\/wp\/v2\/pages\/18\/revisions\/3790"}],"up":[{"embeddable":true,"href":"https:\/\/www.bsmn.de\/technikerschule-mindelheim\/wp-json\/wp\/v2\/pages\/9"}],"wp:attachment":[{"href":"https:\/\/www.bsmn.de\/technikerschule-mindelheim\/wp-json\/wp\/v2\/media?parent=18"}],"curies":[{"name":"wp","href":"https:\/\/api.w.org\/{rel}","templated":true}]}}