{"id":1522,"date":"2020-06-24T11:51:12","date_gmt":"2020-06-24T09:51:12","guid":{"rendered":"http:\/\/bsmn.neuimweb.de\/technikerschule-mindelheim\/parken\/"},"modified":"2022-03-07T11:34:18","modified_gmt":"2022-03-07T10:34:18","slug":"parken","status":"publish","type":"page","link":"https:\/\/www.bsmn.de\/technikerschule-mindelheim\/parken\/","title":{"rendered":"Anfahrt\/Parken"},"content":{"rendered":"\n<figure class=\"wp-block-image size-full\"><img fetchpriority=\"high\" decoding=\"async\" width=\"760\" height=\"915\" src=\"https:\/\/www.bsmn.de\/technikerschule-mindelheim\/wp-content\/uploads\/sites\/3\/2022\/03\/Lageplan_Mindelheim.jpg\" alt=\"\" class=\"wp-image-3073\" srcset=\"https:\/\/www.bsmn.de\/technikerschule-mindelheim\/wp-content\/uploads\/sites\/3\/2022\/03\/Lageplan_Mindelheim.jpg 760w, https:\/\/www.bsmn.de\/technikerschule-mindelheim\/wp-content\/uploads\/sites\/3\/2022\/03\/Lageplan_Mindelheim-249x300.jpg 249w, https:\/\/www.bsmn.de\/technikerschule-mindelheim\/wp-content\/uploads\/sites\/3\/2022\/03\/Lageplan_Mindelheim-600x722.jpg 600w\" sizes=\"(max-width: 760px) 100vw, 760px\" \/><\/figure>\n\n\n\n<p>Die <strong>Parkpl\u00e4tze &#8222;Ps&#8220;<\/strong> am <strong>Inselweg<\/strong> und an der <strong>Luxenhofer Stra\u00dfe <\/strong>k\u00f6nnen mit einem <strong>Parkausweis<\/strong> der Schule von den Sch\u00fclerinnen und Sch\u00fcler genutzt werden.<\/p>\n\n\n\n<p>Sch\u00fclerinnenund Sch\u00fcler, die im <strong><u>Internat<\/u><\/strong> untergebracht sind, bekommen <strong><u>keinen<\/u> <\/strong>Parkausweis. Diese sollen ggf. ihr Fahrzeug auf dem kostenfreien Parkplatz <em>Schwabenwiese<\/em> (neben dem Internat) stehen lassen und zu Fu\u00df oder per Fahrrad zur Schule kommen. Fahrr\u00e4der k\u00f6nnen ausgeliehen werden.<\/p>\n","protected":false},"excerpt":{"rendered":"<p>Die Parkpl\u00e4tze &#8222;Ps&#8220; am Inselweg und an der Luxenhofer Stra\u00dfe k\u00f6nnen mit einem Parkausweis der Schule von den Sch\u00fclerinnen und Sch\u00fcler genutzt werden. Sch\u00fclerinnenund Sch\u00fcler, die im Internat untergebracht sind, bekommen keinen Parkausweis. Diese sollen ggf. ihr Fahrzeug auf dem kostenfreien Parkplatz Schwabenwiese (neben dem Internat) stehen lassen und zu Fu\u00df oder per Fahrrad zur [&hellip;]<\/p>\n","protected":false},"author":2,"featured_media":331,"parent":0,"menu_order":0,"comment_status":"closed","ping_status":"closed","template":"","meta":{"footnotes":""},"class_list":["post-1522","page","type-page","status-publish","has-post-thumbnail","hentry"],"_links":{"self":[{"href":"https:\/\/www.bsmn.de\/technikerschule-mindelheim\/wp-json\/wp\/v2\/pages\/1522","targetHints":{"allow":["GET"]}}],"collection":[{"href":"https:\/\/www.bsmn.de\/technikerschule-mindelheim\/wp-json\/wp\/v2\/pages"}],"about":[{"href":"https:\/\/www.bsmn.de\/technikerschule-mindelheim\/wp-json\/wp\/v2\/types\/page"}],"author":[{"embeddable":true,"href":"https:\/\/www.bsmn.de\/technikerschule-mindelheim\/wp-json\/wp\/v2\/users\/2"}],"replies":[{"embeddable":true,"href":"https:\/\/www.bsmn.de\/technikerschule-mindelheim\/wp-json\/wp\/v2\/comments?post=1522"}],"version-history":[{"count":9,"href":"https:\/\/www.bsmn.de\/technikerschule-mindelheim\/wp-json\/wp\/v2\/pages\/1522\/revisions"}],"predecessor-version":[{"id":3076,"href":"https:\/\/www.bsmn.de\/technikerschule-mindelheim\/wp-json\/wp\/v2\/pages\/1522\/revisions\/3076"}],"wp:featuredmedia":[{"embeddable":true,"href":"https:\/\/www.bsmn.de\/technikerschule-mindelheim\/wp-json\/wp\/v2\/media\/331"}],"wp:attachment":[{"href":"https:\/\/www.bsmn.de\/technikerschule-mindelheim\/wp-json\/wp\/v2\/media?parent=1522"}],"curies":[{"name":"wp","href":"https:\/\/api.w.org\/{rel}","templated":true}]}}