{"id":1055,"date":"2020-11-18T07:10:54","date_gmt":"2020-11-18T06:10:54","guid":{"rendered":"http:\/\/bsmn.neuimweb.de\/technikerschule-mindelheim\/?page_id=1055"},"modified":"2022-04-05T10:16:15","modified_gmt":"2022-04-05T08:16:15","slug":"ekart","status":"publish","type":"page","link":"https:\/\/www.bsmn.de\/technikerschule-mindelheim\/ekart\/","title":{"rendered":"eKart"},"content":{"rendered":"\n<p><em>Ausz\u00fcge aus der Projektarbeit<\/em><\/p>\n\n\n\n<h2 class=\"wp-block-heading\">Aufgabenstellung<\/h2>\n\n\n\n<p>F\u00fcr den Antrieb muss ein Akkupaket entwickelt werden, welches die Motoren mit gen\u00fcgend Leistung versorgen kann. Daf\u00fcr sind entsprechende Akkumulatoren zu finden. Diese m\u00fcssen dann im Fahrzeug sicher und platzsparend platziert werden. Au\u00dferdem muss eine Ladetechnologie zur schnellen Wiederaufladung der Akkus entwickelt werden.<br>Die Steuerung muss in der Lage sein die Leistung der Motoren feinf\u00fchlig regeln zu k\u00f6nnen. Au\u00dferdem ist durch die Vorgabe einer zweigeteilten Hinterachse eine Technologie zu entwickeln, welche die Kraft entsprechend der Fahrsituation an die R\u00e4der verteilen kann. Auch eine Benutzerfreundliche Bedienoberfl\u00e4che ist Teil dieser Aufgabe. Mit dieser muss der Fahrer einen Gesamt\u00fcberblick in den aktuellen Zustand des Fahrzeuges bekommen k\u00f6nnen. Des Weiteren ist auch eine einstellbare Drosselung der Maximalleistung erw\u00fcnscht.<br>Die Programmierung der Steuerung muss die erfassten Daten in Echtzeit auswerten k\u00f6nnen. Aus diesen Parametern soll dann die abzugebende Motorleistung errechnet werden.<br>Die Sicherheit des Fahrers steht immer an erster Stelle und muss auch bei Fehlfunktionen gew\u00e4hrleistet werden. Daf\u00fcr ist ein entsprechendes Sicherheitskonzept zu erarbeiten.<\/p>\n\n\n\n<figure class=\"wp-block-gallery has-nested-images columns-default is-cropped wp-block-gallery-1 is-layout-flex wp-block-gallery-is-layout-flex\">\n<figure class=\"wp-block-image size-large\"><img fetchpriority=\"high\" decoding=\"async\" width=\"1024\" height=\"717\" data-id=\"1263\" src=\"https:\/\/www.bsmn.de\/technikerschule-mindelheim\/wp-content\/uploads\/sites\/3\/2021\/01\/Unbenannt-1-1024x717.png\" alt=\"\" class=\"wp-image-1263\" srcset=\"https:\/\/www.bsmn.de\/technikerschule-mindelheim\/wp-content\/uploads\/sites\/3\/2021\/01\/Unbenannt-1-1024x717.png 1024w, https:\/\/www.bsmn.de\/technikerschule-mindelheim\/wp-content\/uploads\/sites\/3\/2021\/01\/Unbenannt-1-300x210.png 300w, https:\/\/www.bsmn.de\/technikerschule-mindelheim\/wp-content\/uploads\/sites\/3\/2021\/01\/Unbenannt-1-768x538.png 768w, https:\/\/www.bsmn.de\/technikerschule-mindelheim\/wp-content\/uploads\/sites\/3\/2021\/01\/Unbenannt-1-600x420.png 600w, https:\/\/www.bsmn.de\/technikerschule-mindelheim\/wp-content\/uploads\/sites\/3\/2021\/01\/Unbenannt-1.png 1091w\" sizes=\"(max-width: 1024px) 100vw, 1024px\" \/><\/figure>\n\n\n\n<figure class=\"wp-block-image size-large\"><img decoding=\"async\" width=\"406\" height=\"237\" data-id=\"1264\" src=\"https:\/\/www.bsmn.de\/technikerschule-mindelheim\/wp-content\/uploads\/sites\/3\/2021\/01\/Unbenannt2-1.png\" alt=\"\" class=\"wp-image-1264\" srcset=\"https:\/\/www.bsmn.de\/technikerschule-mindelheim\/wp-content\/uploads\/sites\/3\/2021\/01\/Unbenannt2-1.png 406w, https:\/\/www.bsmn.de\/technikerschule-mindelheim\/wp-content\/uploads\/sites\/3\/2021\/01\/Unbenannt2-1-300x175.png 300w\" sizes=\"(max-width: 406px) 100vw, 406px\" \/><\/figure>\n\n\n\n<figure class=\"wp-block-image size-large\"><img decoding=\"async\" width=\"1024\" height=\"714\" data-id=\"1265\" src=\"https:\/\/www.bsmn.de\/technikerschule-mindelheim\/wp-content\/uploads\/sites\/3\/2021\/01\/Unbenannt3-1-1024x714.png\" alt=\"\" class=\"wp-image-1265\" srcset=\"https:\/\/www.bsmn.de\/technikerschule-mindelheim\/wp-content\/uploads\/sites\/3\/2021\/01\/Unbenannt3-1-1024x714.png 1024w, https:\/\/www.bsmn.de\/technikerschule-mindelheim\/wp-content\/uploads\/sites\/3\/2021\/01\/Unbenannt3-1-300x209.png 300w, https:\/\/www.bsmn.de\/technikerschule-mindelheim\/wp-content\/uploads\/sites\/3\/2021\/01\/Unbenannt3-1-768x536.png 768w, https:\/\/www.bsmn.de\/technikerschule-mindelheim\/wp-content\/uploads\/sites\/3\/2021\/01\/Unbenannt3-1-600x418.png 600w, https:\/\/www.bsmn.de\/technikerschule-mindelheim\/wp-content\/uploads\/sites\/3\/2021\/01\/Unbenannt3-1.png 1094w\" sizes=\"(max-width: 1024px) 100vw, 1024px\" \/><\/figure>\n<\/figure>\n\n\n\n<h2 class=\"wp-block-heading\">Konstruktion Chassis<\/h2>\n\n\n\n<p>Im Rahmen dieser Projektarbeit soll ein Chassis f\u00fcr ein Elektro-Go-Kart umgesetzt werden, um der Jugend den Spa\u00df und die Faszination der Elektromobilit\u00e4t n\u00e4her zu bringen. Das Chassis ist dabei die wichtigste verbindungstelle zwischen Fahrer, Stra\u00dfe und Antrieb.<br>Es wird eine technisch hochwertige Lenkeinheit konstruiert, welche dem Kart bei den entsprechenden Geschwindigkeiten eine sichere Kurvenfahrt erm\u00f6glichen soll. Als Sitz wurde eine handels\u00fcbliche und gepr\u00fcfte Rennschale von vornherein festgelegt, da die Sicherheit des Fahrers an oberster Stelle steht.<br>Bei der Pedalerie, bestehend aus einem Brems- und einem Gaspedal, handelt es sich um handels\u00fcbliche, f\u00fcr diesen Zweck ausgelegte Bauteile.<\/p>\n\n\n\n<figure class=\"wp-block-gallery has-nested-images columns-default is-cropped wp-block-gallery-2 is-layout-flex wp-block-gallery-is-layout-flex\">\n<figure class=\"wp-block-image size-large\"><img loading=\"lazy\" decoding=\"async\" width=\"1024\" height=\"715\" data-id=\"1310\" src=\"https:\/\/www.bsmn.de\/technikerschule-mindelheim\/wp-content\/uploads\/sites\/3\/2021\/01\/Unbenannt4-2-1024x715.png\" alt=\"\" class=\"wp-image-1310\" srcset=\"https:\/\/www.bsmn.de\/technikerschule-mindelheim\/wp-content\/uploads\/sites\/3\/2021\/01\/Unbenannt4-2-1024x715.png 1024w, https:\/\/www.bsmn.de\/technikerschule-mindelheim\/wp-content\/uploads\/sites\/3\/2021\/01\/Unbenannt4-2-300x210.png 300w, https:\/\/www.bsmn.de\/technikerschule-mindelheim\/wp-content\/uploads\/sites\/3\/2021\/01\/Unbenannt4-2-768x536.png 768w, https:\/\/www.bsmn.de\/technikerschule-mindelheim\/wp-content\/uploads\/sites\/3\/2021\/01\/Unbenannt4-2-600x419.png 600w, https:\/\/www.bsmn.de\/technikerschule-mindelheim\/wp-content\/uploads\/sites\/3\/2021\/01\/Unbenannt4-2.png 1094w\" sizes=\"(max-width: 1024px) 100vw, 1024px\" \/><\/figure>\n\n\n\n<figure class=\"wp-block-image size-large\"><img loading=\"lazy\" decoding=\"async\" width=\"1024\" height=\"713\" data-id=\"1311\" src=\"https:\/\/www.bsmn.de\/technikerschule-mindelheim\/wp-content\/uploads\/sites\/3\/2021\/01\/Unbenannt5-2-1024x713.png\" alt=\"\" class=\"wp-image-1311\" srcset=\"https:\/\/www.bsmn.de\/technikerschule-mindelheim\/wp-content\/uploads\/sites\/3\/2021\/01\/Unbenannt5-2-1024x713.png 1024w, https:\/\/www.bsmn.de\/technikerschule-mindelheim\/wp-content\/uploads\/sites\/3\/2021\/01\/Unbenannt5-2-300x209.png 300w, https:\/\/www.bsmn.de\/technikerschule-mindelheim\/wp-content\/uploads\/sites\/3\/2021\/01\/Unbenannt5-2-768x535.png 768w, https:\/\/www.bsmn.de\/technikerschule-mindelheim\/wp-content\/uploads\/sites\/3\/2021\/01\/Unbenannt5-2-600x418.png 600w, https:\/\/www.bsmn.de\/technikerschule-mindelheim\/wp-content\/uploads\/sites\/3\/2021\/01\/Unbenannt5-2.png 1092w\" sizes=\"(max-width: 1024px) 100vw, 1024px\" \/><\/figure>\n\n\n\n<figure class=\"wp-block-image size-large\"><img loading=\"lazy\" decoding=\"async\" width=\"1024\" height=\"713\" data-id=\"1312\" src=\"https:\/\/www.bsmn.de\/technikerschule-mindelheim\/wp-content\/uploads\/sites\/3\/2021\/01\/Unbenannt7-2-1024x713.png\" alt=\"\" class=\"wp-image-1312\" srcset=\"https:\/\/www.bsmn.de\/technikerschule-mindelheim\/wp-content\/uploads\/sites\/3\/2021\/01\/Unbenannt7-2-1024x713.png 1024w, https:\/\/www.bsmn.de\/technikerschule-mindelheim\/wp-content\/uploads\/sites\/3\/2021\/01\/Unbenannt7-2-300x209.png 300w, https:\/\/www.bsmn.de\/technikerschule-mindelheim\/wp-content\/uploads\/sites\/3\/2021\/01\/Unbenannt7-2-768x535.png 768w, https:\/\/www.bsmn.de\/technikerschule-mindelheim\/wp-content\/uploads\/sites\/3\/2021\/01\/Unbenannt7-2-600x418.png 600w, https:\/\/www.bsmn.de\/technikerschule-mindelheim\/wp-content\/uploads\/sites\/3\/2021\/01\/Unbenannt7-2.png 1094w\" sizes=\"(max-width: 1024px) 100vw, 1024px\" \/><\/figure>\n\n\n\n<figure class=\"wp-block-image size-large\"><img loading=\"lazy\" decoding=\"async\" width=\"1024\" height=\"713\" data-id=\"1313\" src=\"https:\/\/www.bsmn.de\/technikerschule-mindelheim\/wp-content\/uploads\/sites\/3\/2021\/01\/Unbenannt8-3-1024x713.png\" alt=\"\" class=\"wp-image-1313\" srcset=\"https:\/\/www.bsmn.de\/technikerschule-mindelheim\/wp-content\/uploads\/sites\/3\/2021\/01\/Unbenannt8-3-1024x713.png 1024w, https:\/\/www.bsmn.de\/technikerschule-mindelheim\/wp-content\/uploads\/sites\/3\/2021\/01\/Unbenannt8-3-300x209.png 300w, https:\/\/www.bsmn.de\/technikerschule-mindelheim\/wp-content\/uploads\/sites\/3\/2021\/01\/Unbenannt8-3-768x534.png 768w, https:\/\/www.bsmn.de\/technikerschule-mindelheim\/wp-content\/uploads\/sites\/3\/2021\/01\/Unbenannt8-3-600x418.png 600w, https:\/\/www.bsmn.de\/technikerschule-mindelheim\/wp-content\/uploads\/sites\/3\/2021\/01\/Unbenannt8-3.png 1095w\" sizes=\"(max-width: 1024px) 100vw, 1024px\" \/><\/figure>\n\n\n\n<figure class=\"wp-block-image size-large\"><img loading=\"lazy\" decoding=\"async\" width=\"1024\" height=\"717\" data-id=\"1314\" src=\"https:\/\/www.bsmn.de\/technikerschule-mindelheim\/wp-content\/uploads\/sites\/3\/2021\/01\/Unbenannt9-3-1024x717.png\" alt=\"\" class=\"wp-image-1314\" srcset=\"https:\/\/www.bsmn.de\/technikerschule-mindelheim\/wp-content\/uploads\/sites\/3\/2021\/01\/Unbenannt9-3-1024x717.png 1024w, https:\/\/www.bsmn.de\/technikerschule-mindelheim\/wp-content\/uploads\/sites\/3\/2021\/01\/Unbenannt9-3-300x210.png 300w, https:\/\/www.bsmn.de\/technikerschule-mindelheim\/wp-content\/uploads\/sites\/3\/2021\/01\/Unbenannt9-3-768x538.png 768w, https:\/\/www.bsmn.de\/technikerschule-mindelheim\/wp-content\/uploads\/sites\/3\/2021\/01\/Unbenannt9-3-600x420.png 600w, https:\/\/www.bsmn.de\/technikerschule-mindelheim\/wp-content\/uploads\/sites\/3\/2021\/01\/Unbenannt9-3.png 1093w\" sizes=\"(max-width: 1024px) 100vw, 1024px\" \/><\/figure>\n\n\n\n<figure class=\"wp-block-image size-large\"><img loading=\"lazy\" decoding=\"async\" width=\"1024\" height=\"712\" data-id=\"1315\" src=\"https:\/\/www.bsmn.de\/technikerschule-mindelheim\/wp-content\/uploads\/sites\/3\/2021\/01\/Unbenannt10-2-1024x712.png\" alt=\"\" class=\"wp-image-1315\" srcset=\"https:\/\/www.bsmn.de\/technikerschule-mindelheim\/wp-content\/uploads\/sites\/3\/2021\/01\/Unbenannt10-2-1024x712.png 1024w, https:\/\/www.bsmn.de\/technikerschule-mindelheim\/wp-content\/uploads\/sites\/3\/2021\/01\/Unbenannt10-2-300x209.png 300w, https:\/\/www.bsmn.de\/technikerschule-mindelheim\/wp-content\/uploads\/sites\/3\/2021\/01\/Unbenannt10-2-768x534.png 768w, https:\/\/www.bsmn.de\/technikerschule-mindelheim\/wp-content\/uploads\/sites\/3\/2021\/01\/Unbenannt10-2-600x417.png 600w, https:\/\/www.bsmn.de\/technikerschule-mindelheim\/wp-content\/uploads\/sites\/3\/2021\/01\/Unbenannt10-2.png 1094w\" sizes=\"(max-width: 1024px) 100vw, 1024px\" \/><\/figure>\n<\/figure>\n\n\n\n<h2 class=\"wp-block-heading\">Aufgabenstellung Hinterachse<\/h2>\n\n\n\n<p>Die komplizierte Bauweise des gew\u00e4hlten Antriebes stellte uns vor gro\u00dfe Herausforderungen. Einerseits galt es die Motoren optimal zu platzieren, sodass die Kraft\u00fcbertragung nicht unn\u00f6tige Verluste durch Weg und Reibung entwickelt und andererseits alle notwendigen Komponenten, wie K\u00fchlsystem, Antriebsstrang, Bremssystem usw., platzsparend und vorteilhaft in die Konstruktion einzubringen.<\/p>\n\n\n\n<figure class=\"wp-block-gallery has-nested-images columns-default is-cropped wp-block-gallery-3 is-layout-flex wp-block-gallery-is-layout-flex\">\n<figure class=\"wp-block-image size-large\"><img loading=\"lazy\" decoding=\"async\" width=\"1024\" height=\"717\" data-id=\"1307\" src=\"https:\/\/www.bsmn.de\/technikerschule-mindelheim\/wp-content\/uploads\/sites\/3\/2021\/01\/Unbenannt11-1-1024x717.png\" alt=\"\" class=\"wp-image-1307\" srcset=\"https:\/\/www.bsmn.de\/technikerschule-mindelheim\/wp-content\/uploads\/sites\/3\/2021\/01\/Unbenannt11-1-1024x717.png 1024w, https:\/\/www.bsmn.de\/technikerschule-mindelheim\/wp-content\/uploads\/sites\/3\/2021\/01\/Unbenannt11-1-300x210.png 300w, https:\/\/www.bsmn.de\/technikerschule-mindelheim\/wp-content\/uploads\/sites\/3\/2021\/01\/Unbenannt11-1-768x538.png 768w, https:\/\/www.bsmn.de\/technikerschule-mindelheim\/wp-content\/uploads\/sites\/3\/2021\/01\/Unbenannt11-1-600x420.png 600w, https:\/\/www.bsmn.de\/technikerschule-mindelheim\/wp-content\/uploads\/sites\/3\/2021\/01\/Unbenannt11-1.png 1090w\" sizes=\"(max-width: 1024px) 100vw, 1024px\" \/><\/figure>\n\n\n\n<figure class=\"wp-block-image size-large\"><img loading=\"lazy\" decoding=\"async\" width=\"1024\" height=\"715\" data-id=\"1304\" src=\"https:\/\/www.bsmn.de\/technikerschule-mindelheim\/wp-content\/uploads\/sites\/3\/2021\/01\/Unbenannt12-1-1024x715.png\" alt=\"\" class=\"wp-image-1304\" srcset=\"https:\/\/www.bsmn.de\/technikerschule-mindelheim\/wp-content\/uploads\/sites\/3\/2021\/01\/Unbenannt12-1-1024x715.png 1024w, https:\/\/www.bsmn.de\/technikerschule-mindelheim\/wp-content\/uploads\/sites\/3\/2021\/01\/Unbenannt12-1-300x210.png 300w, https:\/\/www.bsmn.de\/technikerschule-mindelheim\/wp-content\/uploads\/sites\/3\/2021\/01\/Unbenannt12-1-768x537.png 768w, https:\/\/www.bsmn.de\/technikerschule-mindelheim\/wp-content\/uploads\/sites\/3\/2021\/01\/Unbenannt12-1-600x419.png 600w, https:\/\/www.bsmn.de\/technikerschule-mindelheim\/wp-content\/uploads\/sites\/3\/2021\/01\/Unbenannt12-1.png 1092w\" sizes=\"(max-width: 1024px) 100vw, 1024px\" \/><\/figure>\n\n\n\n<figure class=\"wp-block-image size-large\"><img loading=\"lazy\" decoding=\"async\" width=\"1024\" height=\"715\" data-id=\"1305\" src=\"https:\/\/www.bsmn.de\/technikerschule-mindelheim\/wp-content\/uploads\/sites\/3\/2021\/01\/Unbenannt14-1-1024x715.png\" alt=\"\" class=\"wp-image-1305\" srcset=\"https:\/\/www.bsmn.de\/technikerschule-mindelheim\/wp-content\/uploads\/sites\/3\/2021\/01\/Unbenannt14-1-1024x715.png 1024w, https:\/\/www.bsmn.de\/technikerschule-mindelheim\/wp-content\/uploads\/sites\/3\/2021\/01\/Unbenannt14-1-300x209.png 300w, https:\/\/www.bsmn.de\/technikerschule-mindelheim\/wp-content\/uploads\/sites\/3\/2021\/01\/Unbenannt14-1-768x536.png 768w, https:\/\/www.bsmn.de\/technikerschule-mindelheim\/wp-content\/uploads\/sites\/3\/2021\/01\/Unbenannt14-1-600x419.png 600w, https:\/\/www.bsmn.de\/technikerschule-mindelheim\/wp-content\/uploads\/sites\/3\/2021\/01\/Unbenannt14-1.png 1096w\" sizes=\"(max-width: 1024px) 100vw, 1024px\" \/><\/figure>\n<\/figure>\n\n\n\n<h2 class=\"wp-block-heading\">Projektvideo<\/h2>\n\n\n\n<figure class=\"wp-block-embed is-type-video is-provider-youtube wp-block-embed-youtube wp-embed-aspect-16-9 wp-has-aspect-ratio\"><div class=\"wp-block-embed__wrapper\">\n<div class=\"BorlabsCookie _brlbs-cb-youtube\"><div class=\"_brlbs-content-blocker\"> <div class=\"_brlbs-embed _brlbs-video-youtube\"> <img decoding=\"async\" class=\"_brlbs-thumbnail\" src=\"https:\/\/www.bsmn.de\/technikerschule-mindelheim\/wp-content\/plugins\/borlabs-cookie\/assets\/images\/cb-no-thumbnail.png\" alt=\"YouTube\"> <div class=\"_brlbs-caption\"> <p>Mit dem Laden des Videos akzeptieren Sie die Datenschutzerkl\u00e4rung von YouTube.<br><a href=\"https:\/\/policies.google.com\/privacy\" target=\"_blank\" rel=\"nofollow noopener noreferrer\">Mehr erfahren<\/a><\/p> <p><a class=\"_brlbs-btn _brlbs-icon-play-white\" href=\"#\" data-borlabs-cookie-unblock role=\"button\">Video laden<\/a><\/p> <p><label><input type=\"checkbox\" name=\"unblockAll\" value=\"1\" checked> <small>YouTube immer entsperren<\/small><\/label><\/p> <\/div> <\/div> <\/div><div class=\"borlabs-hide\" data-borlabs-cookie-type=\"content-blocker\" data-borlabs-cookie-id=\"youtube\"><script type=\"text\/template\">PGlmcmFtZSB0aXRsZT0iUHJvamVrdGFyYmVpdCBUZWNobmlrZXJzY2h1bGUgTWluZGVsaGVpbSAyMDE3LzIwMTg6IGVLYXJ0IiB3aWR0aD0iMTIwMCIgaGVpZ2h0PSI2NzUiIHNyYz0iaHR0cHM6Ly93d3cueW91dHViZS1ub2Nvb2tpZS5jb20vZW1iZWQvdjNQZ2dTTXFSYjA\/ZmVhdHVyZT1vZW1iZWQiIGZyYW1lYm9yZGVyPSIwIiBhbGxvdz0iYWNjZWxlcm9tZXRlcjsgYXV0b3BsYXk7IGNsaXBib2FyZC13cml0ZTsgZW5jcnlwdGVkLW1lZGlhOyBneXJvc2NvcGU7IHBpY3R1cmUtaW4tcGljdHVyZSIgYWxsb3dmdWxsc2NyZWVuPjwvaWZyYW1lPg==<\/script><\/div><\/div>\n<\/div><\/figure>\n","protected":false},"excerpt":{"rendered":"<p>Ausz\u00fcge aus der Projektarbeit Aufgabenstellung F\u00fcr den Antrieb muss ein Akkupaket entwickelt werden, welches die Motoren mit gen\u00fcgend Leistung versorgen kann. Daf\u00fcr sind entsprechende Akkumulatoren zu finden. Diese m\u00fcssen dann im Fahrzeug sicher und platzsparend platziert werden. Au\u00dferdem muss eine Ladetechnologie zur schnellen Wiederaufladung der Akkus entwickelt werden.Die Steuerung muss in der Lage sein die [&hellip;]<\/p>\n","protected":false},"author":13,"featured_media":1311,"parent":0,"menu_order":0,"comment_status":"closed","ping_status":"closed","template":"","meta":{"footnotes":""},"class_list":["post-1055","page","type-page","status-publish","has-post-thumbnail","hentry"],"_links":{"self":[{"href":"https:\/\/www.bsmn.de\/technikerschule-mindelheim\/wp-json\/wp\/v2\/pages\/1055","targetHints":{"allow":["GET"]}}],"collection":[{"href":"https:\/\/www.bsmn.de\/technikerschule-mindelheim\/wp-json\/wp\/v2\/pages"}],"about":[{"href":"https:\/\/www.bsmn.de\/technikerschule-mindelheim\/wp-json\/wp\/v2\/types\/page"}],"author":[{"embeddable":true,"href":"https:\/\/www.bsmn.de\/technikerschule-mindelheim\/wp-json\/wp\/v2\/users\/13"}],"replies":[{"embeddable":true,"href":"https:\/\/www.bsmn.de\/technikerschule-mindelheim\/wp-json\/wp\/v2\/comments?post=1055"}],"version-history":[{"count":14,"href":"https:\/\/www.bsmn.de\/technikerschule-mindelheim\/wp-json\/wp\/v2\/pages\/1055\/revisions"}],"predecessor-version":[{"id":3126,"href":"https:\/\/www.bsmn.de\/technikerschule-mindelheim\/wp-json\/wp\/v2\/pages\/1055\/revisions\/3126"}],"wp:featuredmedia":[{"embeddable":true,"href":"https:\/\/www.bsmn.de\/technikerschule-mindelheim\/wp-json\/wp\/v2\/media\/1311"}],"wp:attachment":[{"href":"https:\/\/www.bsmn.de\/technikerschule-mindelheim\/wp-json\/wp\/v2\/media?parent=1055"}],"curies":[{"name":"wp","href":"https:\/\/api.w.org\/{rel}","templated":true}]}}