{"id":1040,"date":"2020-11-18T06:46:00","date_gmt":"2020-11-18T05:46:00","guid":{"rendered":"http:\/\/bsmn.neuimweb.de\/technikerschule-mindelheim\/?page_id=1040"},"modified":"2022-04-05T10:22:18","modified_gmt":"2022-04-05T08:22:18","slug":"projektraum","status":"publish","type":"page","link":"https:\/\/www.bsmn.de\/technikerschule-mindelheim\/projektraum\/","title":{"rendered":"Projektraum"},"content":{"rendered":"\n<p>Im Nebengeb\u00e4ude der Berufsschule Mindelheim befindet sich der Projektraum der Technikerschule. Er ist f\u00fcr die <a href=\"https:\/\/www.bsmn.de\/technikerschule-mindelheim\/projektarbeiten\/\" data-type=\"page\" data-id=\"865\">Projektarbeiten<\/a> der Sch\u00fcler sowie etwaige <a href=\"https:\/\/www.bsmn.de\/technikerschule-mindelheim\/schulprojekte\/\" data-type=\"page\" data-id=\"999\">Unterrichtsprojekte<\/a> und Projekte der <a href=\"https:\/\/www.bsmn.de\/technikerschule-mindelheim\/klimaschule\/\" data-type=\"page\" data-id=\"81\">Klimaschule<\/a> konzipiert. Die Werkst\u00e4tte umfasst folgende Maschinen und Einrichtungen:<\/p>\n\n\n\n<ul class=\"wp-block-list\"><li>konventionelle Drehmaschine (GDW)<\/li><li>konventionelle Fr\u00e4smaschine (Deckel\/FPS)<\/li><li>Stahls\u00e4ge (H\u00e4berle)<\/li><li>Schwenkrahmenbands\u00e4ge (Behringer)<\/li><li>S\u00e4ulenbohrmaschine (Alzmetall)<\/li><li>Lasergravurmaschine (trotec)<\/li><li>3D Pulverdrucker (3D Systems)<\/li><li>Projektarbeit Eibl-Fr\u00e4se<\/li><li>Materiallager<\/li><li>uvm.<\/li><\/ul>\n\n\n\n<figure class=\"wp-block-gallery has-nested-images columns-default is-cropped wp-block-gallery-1 is-layout-flex wp-block-gallery-is-layout-flex\">\n<figure class=\"wp-block-image size-large\"><img fetchpriority=\"high\" decoding=\"async\" width=\"1024\" height=\"683\" data-id=\"1400\" src=\"https:\/\/www.bsmn.de\/technikerschule-mindelheim\/wp-content\/uploads\/sites\/3\/2021\/01\/DSC_1073-1024x683.jpg\" alt=\"\" class=\"wp-image-1400\" srcset=\"https:\/\/www.bsmn.de\/technikerschule-mindelheim\/wp-content\/uploads\/sites\/3\/2021\/01\/DSC_1073-1024x683.jpg 1024w, https:\/\/www.bsmn.de\/technikerschule-mindelheim\/wp-content\/uploads\/sites\/3\/2021\/01\/DSC_1073-300x200.jpg 300w, https:\/\/www.bsmn.de\/technikerschule-mindelheim\/wp-content\/uploads\/sites\/3\/2021\/01\/DSC_1073-768x512.jpg 768w, https:\/\/www.bsmn.de\/technikerschule-mindelheim\/wp-content\/uploads\/sites\/3\/2021\/01\/DSC_1073-600x400.jpg 600w, https:\/\/www.bsmn.de\/technikerschule-mindelheim\/wp-content\/uploads\/sites\/3\/2021\/01\/DSC_1073.jpg 1200w\" sizes=\"(max-width: 1024px) 100vw, 1024px\" \/><\/figure>\n\n\n\n<figure class=\"wp-block-image size-large\"><img decoding=\"async\" width=\"1024\" height=\"683\" data-id=\"1401\" src=\"https:\/\/www.bsmn.de\/technikerschule-mindelheim\/wp-content\/uploads\/sites\/3\/2021\/01\/DSC_1080-1024x683.jpg\" alt=\"\" class=\"wp-image-1401\" srcset=\"https:\/\/www.bsmn.de\/technikerschule-mindelheim\/wp-content\/uploads\/sites\/3\/2021\/01\/DSC_1080-1024x683.jpg 1024w, https:\/\/www.bsmn.de\/technikerschule-mindelheim\/wp-content\/uploads\/sites\/3\/2021\/01\/DSC_1080-300x200.jpg 300w, https:\/\/www.bsmn.de\/technikerschule-mindelheim\/wp-content\/uploads\/sites\/3\/2021\/01\/DSC_1080-768x512.jpg 768w, https:\/\/www.bsmn.de\/technikerschule-mindelheim\/wp-content\/uploads\/sites\/3\/2021\/01\/DSC_1080-600x400.jpg 600w, https:\/\/www.bsmn.de\/technikerschule-mindelheim\/wp-content\/uploads\/sites\/3\/2021\/01\/DSC_1080.jpg 1200w\" sizes=\"(max-width: 1024px) 100vw, 1024px\" \/><\/figure>\n<\/figure>\n\n\n\n<figure class=\"wp-block-gallery has-nested-images columns-default is-cropped wp-block-gallery-2 is-layout-flex wp-block-gallery-is-layout-flex\">\n<figure class=\"wp-block-image size-large\"><img decoding=\"async\" width=\"1024\" height=\"683\" data-id=\"1404\" src=\"https:\/\/www.bsmn.de\/technikerschule-mindelheim\/wp-content\/uploads\/sites\/3\/2021\/01\/DSC_1090-1024x683.jpg\" alt=\"\" class=\"wp-image-1404\" srcset=\"https:\/\/www.bsmn.de\/technikerschule-mindelheim\/wp-content\/uploads\/sites\/3\/2021\/01\/DSC_1090-1024x683.jpg 1024w, https:\/\/www.bsmn.de\/technikerschule-mindelheim\/wp-content\/uploads\/sites\/3\/2021\/01\/DSC_1090-300x200.jpg 300w, https:\/\/www.bsmn.de\/technikerschule-mindelheim\/wp-content\/uploads\/sites\/3\/2021\/01\/DSC_1090-768x512.jpg 768w, https:\/\/www.bsmn.de\/technikerschule-mindelheim\/wp-content\/uploads\/sites\/3\/2021\/01\/DSC_1090-600x400.jpg 600w, https:\/\/www.bsmn.de\/technikerschule-mindelheim\/wp-content\/uploads\/sites\/3\/2021\/01\/DSC_1090.jpg 1200w\" sizes=\"(max-width: 1024px) 100vw, 1024px\" \/><\/figure>\n\n\n\n<figure class=\"wp-block-image size-large\"><img loading=\"lazy\" decoding=\"async\" width=\"1024\" height=\"683\" data-id=\"1405\" src=\"https:\/\/www.bsmn.de\/technikerschule-mindelheim\/wp-content\/uploads\/sites\/3\/2021\/01\/DSC_1093-1024x683.jpg\" alt=\"\" class=\"wp-image-1405\" srcset=\"https:\/\/www.bsmn.de\/technikerschule-mindelheim\/wp-content\/uploads\/sites\/3\/2021\/01\/DSC_1093-1024x683.jpg 1024w, https:\/\/www.bsmn.de\/technikerschule-mindelheim\/wp-content\/uploads\/sites\/3\/2021\/01\/DSC_1093-300x200.jpg 300w, https:\/\/www.bsmn.de\/technikerschule-mindelheim\/wp-content\/uploads\/sites\/3\/2021\/01\/DSC_1093-768x512.jpg 768w, https:\/\/www.bsmn.de\/technikerschule-mindelheim\/wp-content\/uploads\/sites\/3\/2021\/01\/DSC_1093-600x400.jpg 600w, https:\/\/www.bsmn.de\/technikerschule-mindelheim\/wp-content\/uploads\/sites\/3\/2021\/01\/DSC_1093.jpg 1200w\" sizes=\"(max-width: 1024px) 100vw, 1024px\" \/><\/figure>\n<\/figure>\n\n\n\n<figure class=\"wp-block-gallery has-nested-images columns-default is-cropped wp-block-gallery-3 is-layout-flex wp-block-gallery-is-layout-flex\">\n<figure class=\"wp-block-image size-large\"><img loading=\"lazy\" decoding=\"async\" width=\"683\" height=\"1024\" data-id=\"1418\" src=\"https:\/\/www.bsmn.de\/technikerschule-mindelheim\/wp-content\/uploads\/sites\/3\/2021\/01\/DSC_1104-683x1024.jpg\" alt=\"\" class=\"wp-image-1418\" srcset=\"https:\/\/www.bsmn.de\/technikerschule-mindelheim\/wp-content\/uploads\/sites\/3\/2021\/01\/DSC_1104-683x1024.jpg 683w, https:\/\/www.bsmn.de\/technikerschule-mindelheim\/wp-content\/uploads\/sites\/3\/2021\/01\/DSC_1104-200x300.jpg 200w, https:\/\/www.bsmn.de\/technikerschule-mindelheim\/wp-content\/uploads\/sites\/3\/2021\/01\/DSC_1104-768x1152.jpg 768w, https:\/\/www.bsmn.de\/technikerschule-mindelheim\/wp-content\/uploads\/sites\/3\/2021\/01\/DSC_1104-600x900.jpg 600w, https:\/\/www.bsmn.de\/technikerschule-mindelheim\/wp-content\/uploads\/sites\/3\/2021\/01\/DSC_1104.jpg 800w\" sizes=\"(max-width: 683px) 100vw, 683px\" \/><\/figure>\n\n\n\n<figure class=\"wp-block-image size-large\"><img loading=\"lazy\" decoding=\"async\" width=\"683\" height=\"1024\" data-id=\"1416\" src=\"https:\/\/www.bsmn.de\/technikerschule-mindelheim\/wp-content\/uploads\/sites\/3\/2021\/01\/DSC_1082-683x1024.jpg\" alt=\"\" class=\"wp-image-1416\" srcset=\"https:\/\/www.bsmn.de\/technikerschule-mindelheim\/wp-content\/uploads\/sites\/3\/2021\/01\/DSC_1082-683x1024.jpg 683w, https:\/\/www.bsmn.de\/technikerschule-mindelheim\/wp-content\/uploads\/sites\/3\/2021\/01\/DSC_1082-200x300.jpg 200w, https:\/\/www.bsmn.de\/technikerschule-mindelheim\/wp-content\/uploads\/sites\/3\/2021\/01\/DSC_1082-768x1152.jpg 768w, https:\/\/www.bsmn.de\/technikerschule-mindelheim\/wp-content\/uploads\/sites\/3\/2021\/01\/DSC_1082-600x900.jpg 600w, https:\/\/www.bsmn.de\/technikerschule-mindelheim\/wp-content\/uploads\/sites\/3\/2021\/01\/DSC_1082.jpg 800w\" sizes=\"(max-width: 683px) 100vw, 683px\" \/><\/figure>\n\n\n\n<figure class=\"wp-block-image size-large\"><img loading=\"lazy\" decoding=\"async\" width=\"683\" height=\"1024\" data-id=\"1417\" src=\"https:\/\/www.bsmn.de\/technikerschule-mindelheim\/wp-content\/uploads\/sites\/3\/2021\/01\/DSC_1098-683x1024.jpg\" alt=\"\" class=\"wp-image-1417\" srcset=\"https:\/\/www.bsmn.de\/technikerschule-mindelheim\/wp-content\/uploads\/sites\/3\/2021\/01\/DSC_1098-683x1024.jpg 683w, https:\/\/www.bsmn.de\/technikerschule-mindelheim\/wp-content\/uploads\/sites\/3\/2021\/01\/DSC_1098-200x300.jpg 200w, https:\/\/www.bsmn.de\/technikerschule-mindelheim\/wp-content\/uploads\/sites\/3\/2021\/01\/DSC_1098-768x1152.jpg 768w, https:\/\/www.bsmn.de\/technikerschule-mindelheim\/wp-content\/uploads\/sites\/3\/2021\/01\/DSC_1098-600x900.jpg 600w, https:\/\/www.bsmn.de\/technikerschule-mindelheim\/wp-content\/uploads\/sites\/3\/2021\/01\/DSC_1098.jpg 800w\" sizes=\"(max-width: 683px) 100vw, 683px\" \/><\/figure>\n<\/figure>\n\n\n\n<figure class=\"wp-block-gallery has-nested-images columns-default is-cropped wp-block-gallery-4 is-layout-flex wp-block-gallery-is-layout-flex\">\n<figure class=\"wp-block-image size-large\"><img loading=\"lazy\" decoding=\"async\" width=\"1024\" height=\"683\" data-id=\"1408\" src=\"https:\/\/www.bsmn.de\/technikerschule-mindelheim\/wp-content\/uploads\/sites\/3\/2021\/01\/DSC_1096-1024x683.jpg\" alt=\"\" class=\"wp-image-1408\" srcset=\"https:\/\/www.bsmn.de\/technikerschule-mindelheim\/wp-content\/uploads\/sites\/3\/2021\/01\/DSC_1096-1024x683.jpg 1024w, https:\/\/www.bsmn.de\/technikerschule-mindelheim\/wp-content\/uploads\/sites\/3\/2021\/01\/DSC_1096-300x200.jpg 300w, https:\/\/www.bsmn.de\/technikerschule-mindelheim\/wp-content\/uploads\/sites\/3\/2021\/01\/DSC_1096-768x512.jpg 768w, https:\/\/www.bsmn.de\/technikerschule-mindelheim\/wp-content\/uploads\/sites\/3\/2021\/01\/DSC_1096-600x400.jpg 600w, https:\/\/www.bsmn.de\/technikerschule-mindelheim\/wp-content\/uploads\/sites\/3\/2021\/01\/DSC_1096.jpg 1200w\" sizes=\"(max-width: 1024px) 100vw, 1024px\" \/><\/figure>\n\n\n\n<figure class=\"wp-block-image size-large\"><img loading=\"lazy\" decoding=\"async\" width=\"1024\" height=\"683\" data-id=\"1428\" src=\"https:\/\/www.bsmn.de\/technikerschule-mindelheim\/wp-content\/uploads\/sites\/3\/2021\/01\/DSC_1077-1024x683.jpg\" alt=\"\" class=\"wp-image-1428\" srcset=\"https:\/\/www.bsmn.de\/technikerschule-mindelheim\/wp-content\/uploads\/sites\/3\/2021\/01\/DSC_1077-1024x683.jpg 1024w, https:\/\/www.bsmn.de\/technikerschule-mindelheim\/wp-content\/uploads\/sites\/3\/2021\/01\/DSC_1077-300x200.jpg 300w, https:\/\/www.bsmn.de\/technikerschule-mindelheim\/wp-content\/uploads\/sites\/3\/2021\/01\/DSC_1077-768x512.jpg 768w, https:\/\/www.bsmn.de\/technikerschule-mindelheim\/wp-content\/uploads\/sites\/3\/2021\/01\/DSC_1077-600x400.jpg 600w, https:\/\/www.bsmn.de\/technikerschule-mindelheim\/wp-content\/uploads\/sites\/3\/2021\/01\/DSC_1077.jpg 1200w\" sizes=\"(max-width: 1024px) 100vw, 1024px\" \/><\/figure>\n<\/figure>\n\n\n\n<figure class=\"wp-block-gallery has-nested-images columns-default is-cropped wp-block-gallery-5 is-layout-flex wp-block-gallery-is-layout-flex\">\n<figure class=\"wp-block-image size-large\"><img loading=\"lazy\" decoding=\"async\" width=\"1024\" height=\"683\" data-id=\"1427\" src=\"https:\/\/www.bsmn.de\/technikerschule-mindelheim\/wp-content\/uploads\/sites\/3\/2021\/01\/DSC_1105-1-1024x683.jpg\" alt=\"\" class=\"wp-image-1427\" srcset=\"https:\/\/www.bsmn.de\/technikerschule-mindelheim\/wp-content\/uploads\/sites\/3\/2021\/01\/DSC_1105-1-1024x683.jpg 1024w, https:\/\/www.bsmn.de\/technikerschule-mindelheim\/wp-content\/uploads\/sites\/3\/2021\/01\/DSC_1105-1-300x200.jpg 300w, https:\/\/www.bsmn.de\/technikerschule-mindelheim\/wp-content\/uploads\/sites\/3\/2021\/01\/DSC_1105-1-768x512.jpg 768w, https:\/\/www.bsmn.de\/technikerschule-mindelheim\/wp-content\/uploads\/sites\/3\/2021\/01\/DSC_1105-1-600x400.jpg 600w, https:\/\/www.bsmn.de\/technikerschule-mindelheim\/wp-content\/uploads\/sites\/3\/2021\/01\/DSC_1105-1.jpg 1200w\" sizes=\"(max-width: 1024px) 100vw, 1024px\" \/><\/figure>\n\n\n\n<figure class=\"wp-block-image size-large\"><img loading=\"lazy\" decoding=\"async\" width=\"1024\" height=\"683\" data-id=\"1412\" src=\"https:\/\/www.bsmn.de\/technikerschule-mindelheim\/wp-content\/uploads\/sites\/3\/2021\/01\/DSC_1106-1024x683.jpg\" alt=\"\" class=\"wp-image-1412\" srcset=\"https:\/\/www.bsmn.de\/technikerschule-mindelheim\/wp-content\/uploads\/sites\/3\/2021\/01\/DSC_1106-1024x683.jpg 1024w, https:\/\/www.bsmn.de\/technikerschule-mindelheim\/wp-content\/uploads\/sites\/3\/2021\/01\/DSC_1106-300x200.jpg 300w, https:\/\/www.bsmn.de\/technikerschule-mindelheim\/wp-content\/uploads\/sites\/3\/2021\/01\/DSC_1106-768x512.jpg 768w, https:\/\/www.bsmn.de\/technikerschule-mindelheim\/wp-content\/uploads\/sites\/3\/2021\/01\/DSC_1106-600x400.jpg 600w, https:\/\/www.bsmn.de\/technikerschule-mindelheim\/wp-content\/uploads\/sites\/3\/2021\/01\/DSC_1106.jpg 1200w\" sizes=\"(max-width: 1024px) 100vw, 1024px\" \/><\/figure>\n<\/figure>\n","protected":false},"excerpt":{"rendered":"<p>Im Nebengeb\u00e4ude der Berufsschule Mindelheim befindet sich der Projektraum der Technikerschule. Er ist f\u00fcr die Projektarbeiten der Sch\u00fcler sowie etwaige Unterrichtsprojekte und Projekte der Klimaschule konzipiert. Die Werkst\u00e4tte umfasst folgende Maschinen und Einrichtungen: konventionelle Drehmaschine (GDW) konventionelle Fr\u00e4smaschine (Deckel\/FPS) Stahls\u00e4ge (H\u00e4berle) Schwenkrahmenbands\u00e4ge (Behringer) S\u00e4ulenbohrmaschine (Alzmetall) Lasergravurmaschine (trotec) 3D Pulverdrucker (3D Systems) Projektarbeit Eibl-Fr\u00e4se Materiallager uvm.<\/p>\n","protected":false},"author":13,"featured_media":1401,"parent":0,"menu_order":0,"comment_status":"closed","ping_status":"closed","template":"","meta":{"footnotes":""},"class_list":["post-1040","page","type-page","status-publish","has-post-thumbnail","hentry"],"_links":{"self":[{"href":"https:\/\/www.bsmn.de\/technikerschule-mindelheim\/wp-json\/wp\/v2\/pages\/1040","targetHints":{"allow":["GET"]}}],"collection":[{"href":"https:\/\/www.bsmn.de\/technikerschule-mindelheim\/wp-json\/wp\/v2\/pages"}],"about":[{"href":"https:\/\/www.bsmn.de\/technikerschule-mindelheim\/wp-json\/wp\/v2\/types\/page"}],"author":[{"embeddable":true,"href":"https:\/\/www.bsmn.de\/technikerschule-mindelheim\/wp-json\/wp\/v2\/users\/13"}],"replies":[{"embeddable":true,"href":"https:\/\/www.bsmn.de\/technikerschule-mindelheim\/wp-json\/wp\/v2\/comments?post=1040"}],"version-history":[{"count":7,"href":"https:\/\/www.bsmn.de\/technikerschule-mindelheim\/wp-json\/wp\/v2\/pages\/1040\/revisions"}],"predecessor-version":[{"id":3132,"href":"https:\/\/www.bsmn.de\/technikerschule-mindelheim\/wp-json\/wp\/v2\/pages\/1040\/revisions\/3132"}],"wp:featuredmedia":[{"embeddable":true,"href":"https:\/\/www.bsmn.de\/technikerschule-mindelheim\/wp-json\/wp\/v2\/media\/1401"}],"wp:attachment":[{"href":"https:\/\/www.bsmn.de\/technikerschule-mindelheim\/wp-json\/wp\/v2\/media?parent=1040"}],"curies":[{"name":"wp","href":"https:\/\/api.w.org\/{rel}","templated":true}]}}