{"id":1036,"date":"2020-11-18T06:45:33","date_gmt":"2020-11-18T05:45:33","guid":{"rendered":"http:\/\/bsmn.neuimweb.de\/technikerschule-mindelheim\/?page_id=1036"},"modified":"2022-04-05T10:18:49","modified_gmt":"2022-04-05T08:18:49","slug":"fachraeume","status":"publish","type":"page","link":"https:\/\/www.bsmn.de\/technikerschule-mindelheim\/fachraeume\/","title":{"rendered":"Fachr\u00e4ume"},"content":{"rendered":"\n<h2 class=\"wp-block-heading\">Werkzeugmaschinen\/Messtechnik<\/h2>\n\n\n\n<p>Ebenerdig, gleich neben der Eingangst\u00fcr, befindet sich unser gro\u00dfz\u00fcgig gestalteter Fachraum f\u00fcr Werkzeugmaschinen und Messtechnik, welcher wie folgt ausgestattet ist:<\/p>\n\n\n\n<ul class=\"wp-block-list\"><li>16 PC Arbeitspl\u00e4tze mit jeweils zwei Bildschirmen und 3D-Maus<\/li><li>zwei interaktive Tafeln<\/li><li>5-Achs-Bearbeitungszentrum (GROB)<\/li><li>Induktiv Schrumpfger\u00e4t (G\u00fchring) <\/li><li>vertikales Einstell- und Messger\u00e4t (Zoller)<\/li><li>Werkzeug-Ausgabesystem (G\u00fchring)<\/li><li>H\u00e4rtepr\u00fcfger\u00e4t (QATM)<\/li><li>statische Material-Pr\u00fcfmaschine (Zwick\/Roell)<\/li><li>Koordinatenmessger\u00e4t (Zeiss)<\/li><li>Fertigungsmessger\u00e4te (Mahr)<\/li><li>uvm.<\/li><\/ul>\n\n\n\n<figure class=\"wp-block-gallery has-nested-images columns-default is-cropped wp-block-gallery-1 is-layout-flex wp-block-gallery-is-layout-flex\">\n<figure class=\"wp-block-image size-large\"><img fetchpriority=\"high\" decoding=\"async\" width=\"1024\" height=\"683\" data-id=\"1335\" src=\"https:\/\/www.bsmn.de\/technikerschule-mindelheim\/wp-content\/uploads\/sites\/3\/2021\/01\/BSMN_Mindelheim_07_2020_293-1024x683.jpg\" alt=\"\" class=\"wp-image-1335\" srcset=\"https:\/\/www.bsmn.de\/technikerschule-mindelheim\/wp-content\/uploads\/sites\/3\/2021\/01\/BSMN_Mindelheim_07_2020_293-1024x683.jpg 1024w, https:\/\/www.bsmn.de\/technikerschule-mindelheim\/wp-content\/uploads\/sites\/3\/2021\/01\/BSMN_Mindelheim_07_2020_293-300x200.jpg 300w, https:\/\/www.bsmn.de\/technikerschule-mindelheim\/wp-content\/uploads\/sites\/3\/2021\/01\/BSMN_Mindelheim_07_2020_293-768x512.jpg 768w, https:\/\/www.bsmn.de\/technikerschule-mindelheim\/wp-content\/uploads\/sites\/3\/2021\/01\/BSMN_Mindelheim_07_2020_293-600x400.jpg 600w, https:\/\/www.bsmn.de\/technikerschule-mindelheim\/wp-content\/uploads\/sites\/3\/2021\/01\/BSMN_Mindelheim_07_2020_293.jpg 1200w\" sizes=\"(max-width: 1024px) 100vw, 1024px\" \/><\/figure>\n\n\n\n<figure class=\"wp-block-image size-large\"><img decoding=\"async\" width=\"1024\" height=\"683\" data-id=\"1337\" src=\"https:\/\/www.bsmn.de\/technikerschule-mindelheim\/wp-content\/uploads\/sites\/3\/2021\/01\/BSMN_Mindelheim_07_2020_300-1024x683.jpg\" alt=\"\" class=\"wp-image-1337\" srcset=\"https:\/\/www.bsmn.de\/technikerschule-mindelheim\/wp-content\/uploads\/sites\/3\/2021\/01\/BSMN_Mindelheim_07_2020_300-1024x683.jpg 1024w, https:\/\/www.bsmn.de\/technikerschule-mindelheim\/wp-content\/uploads\/sites\/3\/2021\/01\/BSMN_Mindelheim_07_2020_300-300x200.jpg 300w, https:\/\/www.bsmn.de\/technikerschule-mindelheim\/wp-content\/uploads\/sites\/3\/2021\/01\/BSMN_Mindelheim_07_2020_300-768x512.jpg 768w, https:\/\/www.bsmn.de\/technikerschule-mindelheim\/wp-content\/uploads\/sites\/3\/2021\/01\/BSMN_Mindelheim_07_2020_300-600x400.jpg 600w, https:\/\/www.bsmn.de\/technikerschule-mindelheim\/wp-content\/uploads\/sites\/3\/2021\/01\/BSMN_Mindelheim_07_2020_300.jpg 1200w\" sizes=\"(max-width: 1024px) 100vw, 1024px\" \/><\/figure>\n<\/figure>\n\n\n\n<figure class=\"wp-block-gallery has-nested-images columns-default is-cropped wp-block-gallery-2 is-layout-flex wp-block-gallery-is-layout-flex\">\n<figure class=\"wp-block-image size-large\"><img decoding=\"async\" width=\"1024\" height=\"683\" data-id=\"1379\" src=\"https:\/\/www.bsmn.de\/technikerschule-mindelheim\/wp-content\/uploads\/sites\/3\/2021\/01\/BSMN_Mindelheim_07_2020_299-1024x683.jpg\" alt=\"\" class=\"wp-image-1379\" srcset=\"https:\/\/www.bsmn.de\/technikerschule-mindelheim\/wp-content\/uploads\/sites\/3\/2021\/01\/BSMN_Mindelheim_07_2020_299-1024x683.jpg 1024w, https:\/\/www.bsmn.de\/technikerschule-mindelheim\/wp-content\/uploads\/sites\/3\/2021\/01\/BSMN_Mindelheim_07_2020_299-300x200.jpg 300w, https:\/\/www.bsmn.de\/technikerschule-mindelheim\/wp-content\/uploads\/sites\/3\/2021\/01\/BSMN_Mindelheim_07_2020_299-768x512.jpg 768w, https:\/\/www.bsmn.de\/technikerschule-mindelheim\/wp-content\/uploads\/sites\/3\/2021\/01\/BSMN_Mindelheim_07_2020_299-600x400.jpg 600w, https:\/\/www.bsmn.de\/technikerschule-mindelheim\/wp-content\/uploads\/sites\/3\/2021\/01\/BSMN_Mindelheim_07_2020_299.jpg 1200w\" sizes=\"(max-width: 1024px) 100vw, 1024px\" \/><\/figure>\n\n\n\n<figure class=\"wp-block-image size-large\"><img loading=\"lazy\" decoding=\"async\" width=\"1024\" height=\"683\" data-id=\"1380\" src=\"https:\/\/www.bsmn.de\/technikerschule-mindelheim\/wp-content\/uploads\/sites\/3\/2021\/01\/BSMN_Mindelheim_07_2020_310-1024x683.jpg\" alt=\"\" class=\"wp-image-1380\" srcset=\"https:\/\/www.bsmn.de\/technikerschule-mindelheim\/wp-content\/uploads\/sites\/3\/2021\/01\/BSMN_Mindelheim_07_2020_310-1024x683.jpg 1024w, https:\/\/www.bsmn.de\/technikerschule-mindelheim\/wp-content\/uploads\/sites\/3\/2021\/01\/BSMN_Mindelheim_07_2020_310-300x200.jpg 300w, https:\/\/www.bsmn.de\/technikerschule-mindelheim\/wp-content\/uploads\/sites\/3\/2021\/01\/BSMN_Mindelheim_07_2020_310-768x512.jpg 768w, https:\/\/www.bsmn.de\/technikerschule-mindelheim\/wp-content\/uploads\/sites\/3\/2021\/01\/BSMN_Mindelheim_07_2020_310-600x400.jpg 600w, https:\/\/www.bsmn.de\/technikerschule-mindelheim\/wp-content\/uploads\/sites\/3\/2021\/01\/BSMN_Mindelheim_07_2020_310.jpg 1200w\" sizes=\"(max-width: 1024px) 100vw, 1024px\" \/><\/figure>\n<\/figure>\n\n\n\n<h2 class=\"wp-block-heading\">Steuerungs- und Automatisierungstechnik<\/h2>\n\n\n\n<p>Weiter den Flur entlang befindet sich der Fachraum f\u00fcr Steuerungs- und Automatisierungstechnik. In ihm finden Sie folgendes vor:<\/p>\n\n\n\n<ul class=\"wp-block-list\"><li>acht PC Arbeitspl\u00e4tze mit jeweils zwei Bildschirmen und 3D-Maus<\/li><li>acht (+1) Arbeitsplatzsysteme Learnline Pneumatik (Festo)<\/li><li>zehn SIMATIC S7-1500 Controller (Siemens) kombiniert mit jeweils einem EduTrainer (Festo)<\/li><li>CP Lab Lernsystem f\u00fcr Industrie 4.0 (Festo) mit 5-Achs-Roboter (UR)<\/li><li>ProLog Lernfabrik Pneumatik (Festo) mit 5-Achs-Roboter (Mitsubishi)<\/li><li>f\u00fcnf Robotinos (Festo)<\/li><\/ul>\n\n\n\n<figure class=\"wp-block-gallery has-nested-images columns-default is-cropped wp-block-gallery-3 is-layout-flex wp-block-gallery-is-layout-flex\">\n<figure class=\"wp-block-image size-large\"><img loading=\"lazy\" decoding=\"async\" width=\"1024\" height=\"683\" data-id=\"1381\" src=\"https:\/\/www.bsmn.de\/technikerschule-mindelheim\/wp-content\/uploads\/sites\/3\/2021\/01\/BSMN_Mindelheim_07_2020_315-2-1024x683.jpg\" alt=\"\" class=\"wp-image-1381\" srcset=\"https:\/\/www.bsmn.de\/technikerschule-mindelheim\/wp-content\/uploads\/sites\/3\/2021\/01\/BSMN_Mindelheim_07_2020_315-2-1024x683.jpg 1024w, https:\/\/www.bsmn.de\/technikerschule-mindelheim\/wp-content\/uploads\/sites\/3\/2021\/01\/BSMN_Mindelheim_07_2020_315-2-300x200.jpg 300w, https:\/\/www.bsmn.de\/technikerschule-mindelheim\/wp-content\/uploads\/sites\/3\/2021\/01\/BSMN_Mindelheim_07_2020_315-2-768x512.jpg 768w, https:\/\/www.bsmn.de\/technikerschule-mindelheim\/wp-content\/uploads\/sites\/3\/2021\/01\/BSMN_Mindelheim_07_2020_315-2-600x400.jpg 600w, https:\/\/www.bsmn.de\/technikerschule-mindelheim\/wp-content\/uploads\/sites\/3\/2021\/01\/BSMN_Mindelheim_07_2020_315-2.jpg 1200w\" sizes=\"(max-width: 1024px) 100vw, 1024px\" \/><\/figure>\n\n\n\n<figure class=\"wp-block-image size-large\"><img loading=\"lazy\" decoding=\"async\" width=\"1024\" height=\"683\" data-id=\"1386\" src=\"https:\/\/www.bsmn.de\/technikerschule-mindelheim\/wp-content\/uploads\/sites\/3\/2021\/01\/DSC_1056-1-1024x683.jpg\" alt=\"\" class=\"wp-image-1386\" srcset=\"https:\/\/www.bsmn.de\/technikerschule-mindelheim\/wp-content\/uploads\/sites\/3\/2021\/01\/DSC_1056-1-1024x683.jpg 1024w, https:\/\/www.bsmn.de\/technikerschule-mindelheim\/wp-content\/uploads\/sites\/3\/2021\/01\/DSC_1056-1-300x200.jpg 300w, https:\/\/www.bsmn.de\/technikerschule-mindelheim\/wp-content\/uploads\/sites\/3\/2021\/01\/DSC_1056-1-768x512.jpg 768w, https:\/\/www.bsmn.de\/technikerschule-mindelheim\/wp-content\/uploads\/sites\/3\/2021\/01\/DSC_1056-1-600x400.jpg 600w, https:\/\/www.bsmn.de\/technikerschule-mindelheim\/wp-content\/uploads\/sites\/3\/2021\/01\/DSC_1056-1.jpg 1200w\" sizes=\"(max-width: 1024px) 100vw, 1024px\" \/><\/figure>\n<\/figure>\n\n\n\n<figure class=\"wp-block-gallery has-nested-images columns-default is-cropped wp-block-gallery-4 is-layout-flex wp-block-gallery-is-layout-flex\">\n<figure class=\"wp-block-image size-large\"><img loading=\"lazy\" decoding=\"async\" width=\"1024\" height=\"683\" data-id=\"1384\" src=\"https:\/\/www.bsmn.de\/technikerschule-mindelheim\/wp-content\/uploads\/sites\/3\/2021\/01\/DSC_1054-1024x683.jpg\" alt=\"\" class=\"wp-image-1384\" srcset=\"https:\/\/www.bsmn.de\/technikerschule-mindelheim\/wp-content\/uploads\/sites\/3\/2021\/01\/DSC_1054-1024x683.jpg 1024w, https:\/\/www.bsmn.de\/technikerschule-mindelheim\/wp-content\/uploads\/sites\/3\/2021\/01\/DSC_1054-300x200.jpg 300w, https:\/\/www.bsmn.de\/technikerschule-mindelheim\/wp-content\/uploads\/sites\/3\/2021\/01\/DSC_1054-768x512.jpg 768w, https:\/\/www.bsmn.de\/technikerschule-mindelheim\/wp-content\/uploads\/sites\/3\/2021\/01\/DSC_1054-600x400.jpg 600w, https:\/\/www.bsmn.de\/technikerschule-mindelheim\/wp-content\/uploads\/sites\/3\/2021\/01\/DSC_1054.jpg 1200w\" sizes=\"(max-width: 1024px) 100vw, 1024px\" \/><\/figure>\n\n\n\n<figure class=\"wp-block-image size-large\"><img loading=\"lazy\" decoding=\"async\" width=\"1024\" height=\"683\" data-id=\"1385\" src=\"https:\/\/www.bsmn.de\/technikerschule-mindelheim\/wp-content\/uploads\/sites\/3\/2021\/01\/DSC_1062-3-1024x683.jpg\" alt=\"\" class=\"wp-image-1385\" srcset=\"https:\/\/www.bsmn.de\/technikerschule-mindelheim\/wp-content\/uploads\/sites\/3\/2021\/01\/DSC_1062-3-1024x683.jpg 1024w, https:\/\/www.bsmn.de\/technikerschule-mindelheim\/wp-content\/uploads\/sites\/3\/2021\/01\/DSC_1062-3-300x200.jpg 300w, https:\/\/www.bsmn.de\/technikerschule-mindelheim\/wp-content\/uploads\/sites\/3\/2021\/01\/DSC_1062-3-768x512.jpg 768w, https:\/\/www.bsmn.de\/technikerschule-mindelheim\/wp-content\/uploads\/sites\/3\/2021\/01\/DSC_1062-3-600x400.jpg 600w, https:\/\/www.bsmn.de\/technikerschule-mindelheim\/wp-content\/uploads\/sites\/3\/2021\/01\/DSC_1062-3.jpg 1200w\" sizes=\"(max-width: 1024px) 100vw, 1024px\" \/><\/figure>\n<\/figure>\n\n\n\n<h2 class=\"wp-block-heading\">Elektrotechnik<\/h2>\n\n\n\n<p>Gleich nebenan liegt der Fachraum f\u00fcr Elektrotechnik. Auch hier finden Sie attraktive Ausbildungsobjekte:<\/p>\n\n\n\n<ul class=\"wp-block-list\"><li>acht PC Arbeitspl\u00e4tze mit jeweils zwei Bildschirmen und 3D-Maus<\/li><li>acht Arbeitsplatzsysteme Learnline Elektrotechnik (Festo)<\/li><li>diverse Ger\u00e4tes\u00e4tze aus der Antriebstechnik (Festo)<\/li><\/ul>\n\n\n\n<figure class=\"wp-block-gallery has-nested-images columns-default is-cropped wp-block-gallery-5 is-layout-flex wp-block-gallery-is-layout-flex\">\n<figure class=\"wp-block-image size-large\"><img loading=\"lazy\" decoding=\"async\" width=\"1024\" height=\"683\" data-id=\"1356\" src=\"https:\/\/www.bsmn.de\/technikerschule-mindelheim\/wp-content\/uploads\/sites\/3\/2021\/01\/DSC_1065-1024x683.jpg\" alt=\"\" class=\"wp-image-1356\" srcset=\"https:\/\/www.bsmn.de\/technikerschule-mindelheim\/wp-content\/uploads\/sites\/3\/2021\/01\/DSC_1065-1024x683.jpg 1024w, https:\/\/www.bsmn.de\/technikerschule-mindelheim\/wp-content\/uploads\/sites\/3\/2021\/01\/DSC_1065-300x200.jpg 300w, https:\/\/www.bsmn.de\/technikerschule-mindelheim\/wp-content\/uploads\/sites\/3\/2021\/01\/DSC_1065-768x512.jpg 768w, https:\/\/www.bsmn.de\/technikerschule-mindelheim\/wp-content\/uploads\/sites\/3\/2021\/01\/DSC_1065-600x400.jpg 600w, https:\/\/www.bsmn.de\/technikerschule-mindelheim\/wp-content\/uploads\/sites\/3\/2021\/01\/DSC_1065.jpg 1200w\" sizes=\"(max-width: 1024px) 100vw, 1024px\" \/><\/figure>\n\n\n\n<figure class=\"wp-block-image size-large\"><img loading=\"lazy\" decoding=\"async\" width=\"1024\" height=\"683\" data-id=\"1358\" src=\"https:\/\/www.bsmn.de\/technikerschule-mindelheim\/wp-content\/uploads\/sites\/3\/2021\/01\/DSC_1070-1024x683.jpg\" alt=\"\" class=\"wp-image-1358\" srcset=\"https:\/\/www.bsmn.de\/technikerschule-mindelheim\/wp-content\/uploads\/sites\/3\/2021\/01\/DSC_1070-1024x683.jpg 1024w, https:\/\/www.bsmn.de\/technikerschule-mindelheim\/wp-content\/uploads\/sites\/3\/2021\/01\/DSC_1070-300x200.jpg 300w, https:\/\/www.bsmn.de\/technikerschule-mindelheim\/wp-content\/uploads\/sites\/3\/2021\/01\/DSC_1070-768x512.jpg 768w, https:\/\/www.bsmn.de\/technikerschule-mindelheim\/wp-content\/uploads\/sites\/3\/2021\/01\/DSC_1070-600x400.jpg 600w, https:\/\/www.bsmn.de\/technikerschule-mindelheim\/wp-content\/uploads\/sites\/3\/2021\/01\/DSC_1070.jpg 1200w\" sizes=\"(max-width: 1024px) 100vw, 1024px\" \/><\/figure>\n<\/figure>\n","protected":false},"excerpt":{"rendered":"<p>Werkzeugmaschinen\/Messtechnik Ebenerdig, gleich neben der Eingangst\u00fcr, befindet sich unser gro\u00dfz\u00fcgig gestalteter Fachraum f\u00fcr Werkzeugmaschinen und Messtechnik, welcher wie folgt ausgestattet ist: 16 PC Arbeitspl\u00e4tze mit jeweils zwei Bildschirmen und 3D-Maus zwei interaktive Tafeln 5-Achs-Bearbeitungszentrum (GROB) Induktiv Schrumpfger\u00e4t (G\u00fchring) vertikales Einstell- und Messger\u00e4t (Zoller) Werkzeug-Ausgabesystem (G\u00fchring) H\u00e4rtepr\u00fcfger\u00e4t (QATM) statische Material-Pr\u00fcfmaschine (Zwick\/Roell) Koordinatenmessger\u00e4t (Zeiss) Fertigungsmessger\u00e4te (Mahr) uvm. [&hellip;]<\/p>\n","protected":false},"author":13,"featured_media":1386,"parent":0,"menu_order":0,"comment_status":"closed","ping_status":"closed","template":"","meta":{"footnotes":""},"class_list":["post-1036","page","type-page","status-publish","has-post-thumbnail","hentry"],"_links":{"self":[{"href":"https:\/\/www.bsmn.de\/technikerschule-mindelheim\/wp-json\/wp\/v2\/pages\/1036","targetHints":{"allow":["GET"]}}],"collection":[{"href":"https:\/\/www.bsmn.de\/technikerschule-mindelheim\/wp-json\/wp\/v2\/pages"}],"about":[{"href":"https:\/\/www.bsmn.de\/technikerschule-mindelheim\/wp-json\/wp\/v2\/types\/page"}],"author":[{"embeddable":true,"href":"https:\/\/www.bsmn.de\/technikerschule-mindelheim\/wp-json\/wp\/v2\/users\/13"}],"replies":[{"embeddable":true,"href":"https:\/\/www.bsmn.de\/technikerschule-mindelheim\/wp-json\/wp\/v2\/comments?post=1036"}],"version-history":[{"count":17,"href":"https:\/\/www.bsmn.de\/technikerschule-mindelheim\/wp-json\/wp\/v2\/pages\/1036\/revisions"}],"predecessor-version":[{"id":3127,"href":"https:\/\/www.bsmn.de\/technikerschule-mindelheim\/wp-json\/wp\/v2\/pages\/1036\/revisions\/3127"}],"wp:featuredmedia":[{"embeddable":true,"href":"https:\/\/www.bsmn.de\/technikerschule-mindelheim\/wp-json\/wp\/v2\/media\/1386"}],"wp:attachment":[{"href":"https:\/\/www.bsmn.de\/technikerschule-mindelheim\/wp-json\/wp\/v2\/media?parent=1036"}],"curies":[{"name":"wp","href":"https:\/\/api.w.org\/{rel}","templated":true}]}}