{"id":1032,"date":"2020-11-18T06:43:58","date_gmt":"2020-11-18T05:43:58","guid":{"rendered":"http:\/\/bsmn.neuimweb.de\/technikerschule-mindelheim\/?page_id=1032"},"modified":"2022-04-05T10:20:08","modified_gmt":"2022-04-05T08:20:08","slug":"klassenzimmer","status":"publish","type":"page","link":"https:\/\/www.bsmn.de\/technikerschule-mindelheim\/klassenzimmer\/","title":{"rendered":"Klassenzimmer"},"content":{"rendered":"\n<h2 class=\"wp-block-heading\">Allgemeine Klassenzimmer<\/h2>\n\n\n\n<p>Im Obergeschoss befinden sich die allgemeinen Klassenzimmer der Technikerschule. In ihnen sind einheitlich die folgenden Komponenten enthalten, welche auch in den einzelnen Fachr\u00e4umen vorhanden sind:<\/p>\n\n\n\n<ul class=\"wp-block-list\"><li>Pylonen-Schiebetafel interaktiv<\/li><li>Pylonen-Doppelschiebetafel Kreide<\/li><li>Medienfl\u00fcgel f\u00fcr Strom und Ethernet<\/li><li>Lautsprecher<\/li><li>Dokumentenkamera bzw. iPad<\/li><li>Apple TV <\/li><li>MS-Surfstick<\/li><\/ul>\n\n\n\n<figure class=\"wp-block-gallery has-nested-images columns-default is-cropped wp-block-gallery-1 is-layout-flex wp-block-gallery-is-layout-flex\">\n<figure class=\"wp-block-image size-large\"><img fetchpriority=\"high\" decoding=\"async\" width=\"1024\" height=\"683\" data-id=\"1362\" src=\"https:\/\/www.bsmn.de\/technikerschule-mindelheim\/wp-content\/uploads\/sites\/3\/2021\/01\/DSC_1111-1024x683.jpg\" alt=\"\" class=\"wp-image-1362\" srcset=\"https:\/\/www.bsmn.de\/technikerschule-mindelheim\/wp-content\/uploads\/sites\/3\/2021\/01\/DSC_1111-1024x683.jpg 1024w, https:\/\/www.bsmn.de\/technikerschule-mindelheim\/wp-content\/uploads\/sites\/3\/2021\/01\/DSC_1111-300x200.jpg 300w, https:\/\/www.bsmn.de\/technikerschule-mindelheim\/wp-content\/uploads\/sites\/3\/2021\/01\/DSC_1111-768x512.jpg 768w, https:\/\/www.bsmn.de\/technikerschule-mindelheim\/wp-content\/uploads\/sites\/3\/2021\/01\/DSC_1111-600x400.jpg 600w, https:\/\/www.bsmn.de\/technikerschule-mindelheim\/wp-content\/uploads\/sites\/3\/2021\/01\/DSC_1111.jpg 1200w\" sizes=\"(max-width: 1024px) 100vw, 1024px\" \/><\/figure>\n\n\n\n<figure class=\"wp-block-image size-large\"><img decoding=\"async\" width=\"1024\" height=\"683\" data-id=\"1363\" src=\"https:\/\/www.bsmn.de\/technikerschule-mindelheim\/wp-content\/uploads\/sites\/3\/2021\/01\/DSC_1112-1024x683.jpg\" alt=\"\" class=\"wp-image-1363\" srcset=\"https:\/\/www.bsmn.de\/technikerschule-mindelheim\/wp-content\/uploads\/sites\/3\/2021\/01\/DSC_1112-1024x683.jpg 1024w, https:\/\/www.bsmn.de\/technikerschule-mindelheim\/wp-content\/uploads\/sites\/3\/2021\/01\/DSC_1112-300x200.jpg 300w, https:\/\/www.bsmn.de\/technikerschule-mindelheim\/wp-content\/uploads\/sites\/3\/2021\/01\/DSC_1112-768x512.jpg 768w, https:\/\/www.bsmn.de\/technikerschule-mindelheim\/wp-content\/uploads\/sites\/3\/2021\/01\/DSC_1112-600x400.jpg 600w, https:\/\/www.bsmn.de\/technikerschule-mindelheim\/wp-content\/uploads\/sites\/3\/2021\/01\/DSC_1112.jpg 1200w\" sizes=\"(max-width: 1024px) 100vw, 1024px\" \/><\/figure>\n<\/figure>\n\n\n\n<h2 class=\"wp-block-heading\">Naturwissenschaftsraum<\/h2>\n\n\n\n<p>Neben den allgemeinen Klassenzimmern befindet sich auch der Naturwissenschaftsraum f\u00fcr u.a. Chemie\/Werkstoffkunde und Physik im Obergeschoss.<br>Zur Ausstattung z\u00e4hlen:<\/p>\n\n\n\n<ul class=\"wp-block-list\"><li>Periodensystem der Elemente<\/li><li>Demonstrationsabzug (Hohenloher)<\/li><li>Versuchsaufbauten Chemie und Physik (Phywe)<\/li><li>Medienfl\u00fcgel f\u00fcr Strom, Luft, Gas, Wasser, Absaugung, Ethernet<\/li><li>uvm.<\/li><\/ul>\n\n\n\n<figure class=\"wp-block-gallery has-nested-images columns-default is-cropped wp-block-gallery-2 is-layout-flex wp-block-gallery-is-layout-flex\">\n<figure class=\"wp-block-image size-large\"><img decoding=\"async\" width=\"1024\" height=\"683\" data-id=\"1369\" src=\"https:\/\/www.bsmn.de\/technikerschule-mindelheim\/wp-content\/uploads\/sites\/3\/2021\/01\/DSC_1027-1024x683.jpg\" alt=\"\" class=\"wp-image-1369\" srcset=\"https:\/\/www.bsmn.de\/technikerschule-mindelheim\/wp-content\/uploads\/sites\/3\/2021\/01\/DSC_1027-1024x683.jpg 1024w, https:\/\/www.bsmn.de\/technikerschule-mindelheim\/wp-content\/uploads\/sites\/3\/2021\/01\/DSC_1027-300x200.jpg 300w, https:\/\/www.bsmn.de\/technikerschule-mindelheim\/wp-content\/uploads\/sites\/3\/2021\/01\/DSC_1027-768x512.jpg 768w, https:\/\/www.bsmn.de\/technikerschule-mindelheim\/wp-content\/uploads\/sites\/3\/2021\/01\/DSC_1027-600x400.jpg 600w, https:\/\/www.bsmn.de\/technikerschule-mindelheim\/wp-content\/uploads\/sites\/3\/2021\/01\/DSC_1027.jpg 1200w\" sizes=\"(max-width: 1024px) 100vw, 1024px\" \/><\/figure>\n\n\n\n<figure class=\"wp-block-image size-large\"><img loading=\"lazy\" decoding=\"async\" width=\"1024\" height=\"683\" data-id=\"1370\" src=\"https:\/\/www.bsmn.de\/technikerschule-mindelheim\/wp-content\/uploads\/sites\/3\/2021\/01\/DSC_1030-1024x683.jpg\" alt=\"\" class=\"wp-image-1370\" srcset=\"https:\/\/www.bsmn.de\/technikerschule-mindelheim\/wp-content\/uploads\/sites\/3\/2021\/01\/DSC_1030-1024x683.jpg 1024w, https:\/\/www.bsmn.de\/technikerschule-mindelheim\/wp-content\/uploads\/sites\/3\/2021\/01\/DSC_1030-300x200.jpg 300w, https:\/\/www.bsmn.de\/technikerschule-mindelheim\/wp-content\/uploads\/sites\/3\/2021\/01\/DSC_1030-768x512.jpg 768w, https:\/\/www.bsmn.de\/technikerschule-mindelheim\/wp-content\/uploads\/sites\/3\/2021\/01\/DSC_1030-600x400.jpg 600w, https:\/\/www.bsmn.de\/technikerschule-mindelheim\/wp-content\/uploads\/sites\/3\/2021\/01\/DSC_1030.jpg 1200w\" sizes=\"(max-width: 1024px) 100vw, 1024px\" \/><\/figure>\n<\/figure>\n\n\n\n<figure class=\"wp-block-gallery has-nested-images columns-default is-cropped wp-block-gallery-3 is-layout-flex wp-block-gallery-is-layout-flex\">\n<figure class=\"wp-block-image size-large\"><img loading=\"lazy\" decoding=\"async\" width=\"1024\" height=\"683\" data-id=\"1371\" src=\"https:\/\/www.bsmn.de\/technikerschule-mindelheim\/wp-content\/uploads\/sites\/3\/2021\/01\/DSC_1032-1024x683.jpg\" alt=\"\" class=\"wp-image-1371\" srcset=\"https:\/\/www.bsmn.de\/technikerschule-mindelheim\/wp-content\/uploads\/sites\/3\/2021\/01\/DSC_1032-1024x683.jpg 1024w, https:\/\/www.bsmn.de\/technikerschule-mindelheim\/wp-content\/uploads\/sites\/3\/2021\/01\/DSC_1032-300x200.jpg 300w, https:\/\/www.bsmn.de\/technikerschule-mindelheim\/wp-content\/uploads\/sites\/3\/2021\/01\/DSC_1032-768x512.jpg 768w, https:\/\/www.bsmn.de\/technikerschule-mindelheim\/wp-content\/uploads\/sites\/3\/2021\/01\/DSC_1032-600x400.jpg 600w, https:\/\/www.bsmn.de\/technikerschule-mindelheim\/wp-content\/uploads\/sites\/3\/2021\/01\/DSC_1032.jpg 1200w\" sizes=\"(max-width: 1024px) 100vw, 1024px\" \/><\/figure>\n\n\n\n<figure class=\"wp-block-image size-large\"><img loading=\"lazy\" decoding=\"async\" width=\"1024\" height=\"683\" data-id=\"1372\" src=\"https:\/\/www.bsmn.de\/technikerschule-mindelheim\/wp-content\/uploads\/sites\/3\/2021\/01\/DSC_1035-1024x683.jpg\" alt=\"\" class=\"wp-image-1372\" srcset=\"https:\/\/www.bsmn.de\/technikerschule-mindelheim\/wp-content\/uploads\/sites\/3\/2021\/01\/DSC_1035-1024x683.jpg 1024w, https:\/\/www.bsmn.de\/technikerschule-mindelheim\/wp-content\/uploads\/sites\/3\/2021\/01\/DSC_1035-300x200.jpg 300w, https:\/\/www.bsmn.de\/technikerschule-mindelheim\/wp-content\/uploads\/sites\/3\/2021\/01\/DSC_1035-768x512.jpg 768w, https:\/\/www.bsmn.de\/technikerschule-mindelheim\/wp-content\/uploads\/sites\/3\/2021\/01\/DSC_1035-600x400.jpg 600w, https:\/\/www.bsmn.de\/technikerschule-mindelheim\/wp-content\/uploads\/sites\/3\/2021\/01\/DSC_1035.jpg 1200w\" sizes=\"(max-width: 1024px) 100vw, 1024px\" \/><\/figure>\n<\/figure>\n\n\n\n<h2 class=\"wp-block-heading\">Computerraum<\/h2>\n\n\n\n<p>Den gr\u00f6\u00dften Raum im 1. Stock stellt unser Computerraum f\u00fcr die F\u00e4cher Konstruktion, Entwicklung und Konstruktion sowie Informationstechnik dar. Der Raum verf\u00fcgt \u00fcber folgende Ausstattung:<\/p>\n\n\n\n<ul class=\"wp-block-list\"><li>30 PC Arbeitspl\u00e4tze mit jeweils zwei Bildschirmen und 3D-Maus<\/li><li>eine interaktive Tafel zzgl. zweiter Leinwand mit Beamer<\/li><li>hp A0 Plotter<\/li><li>uvm.<\/li><\/ul>\n\n\n\n<figure class=\"wp-block-gallery has-nested-images columns-default is-cropped wp-block-gallery-4 is-layout-flex wp-block-gallery-is-layout-flex\">\n<figure class=\"wp-block-image size-large\"><img loading=\"lazy\" decoding=\"async\" width=\"1024\" height=\"683\" data-id=\"1375\" src=\"https:\/\/www.bsmn.de\/technikerschule-mindelheim\/wp-content\/uploads\/sites\/3\/2021\/01\/DSC_1043-1024x683.jpg\" alt=\"\" class=\"wp-image-1375\" srcset=\"https:\/\/www.bsmn.de\/technikerschule-mindelheim\/wp-content\/uploads\/sites\/3\/2021\/01\/DSC_1043-1024x683.jpg 1024w, https:\/\/www.bsmn.de\/technikerschule-mindelheim\/wp-content\/uploads\/sites\/3\/2021\/01\/DSC_1043-300x200.jpg 300w, https:\/\/www.bsmn.de\/technikerschule-mindelheim\/wp-content\/uploads\/sites\/3\/2021\/01\/DSC_1043-768x512.jpg 768w, https:\/\/www.bsmn.de\/technikerschule-mindelheim\/wp-content\/uploads\/sites\/3\/2021\/01\/DSC_1043-600x400.jpg 600w, https:\/\/www.bsmn.de\/technikerschule-mindelheim\/wp-content\/uploads\/sites\/3\/2021\/01\/DSC_1043.jpg 1200w\" sizes=\"(max-width: 1024px) 100vw, 1024px\" \/><\/figure>\n\n\n\n<figure class=\"wp-block-image size-large\"><img loading=\"lazy\" decoding=\"async\" width=\"1024\" height=\"683\" data-id=\"1376\" src=\"https:\/\/www.bsmn.de\/technikerschule-mindelheim\/wp-content\/uploads\/sites\/3\/2021\/01\/DSC_1047-1024x683.jpg\" alt=\"\" class=\"wp-image-1376\" srcset=\"https:\/\/www.bsmn.de\/technikerschule-mindelheim\/wp-content\/uploads\/sites\/3\/2021\/01\/DSC_1047-1024x683.jpg 1024w, https:\/\/www.bsmn.de\/technikerschule-mindelheim\/wp-content\/uploads\/sites\/3\/2021\/01\/DSC_1047-300x200.jpg 300w, https:\/\/www.bsmn.de\/technikerschule-mindelheim\/wp-content\/uploads\/sites\/3\/2021\/01\/DSC_1047-768x512.jpg 768w, https:\/\/www.bsmn.de\/technikerschule-mindelheim\/wp-content\/uploads\/sites\/3\/2021\/01\/DSC_1047-600x400.jpg 600w, https:\/\/www.bsmn.de\/technikerschule-mindelheim\/wp-content\/uploads\/sites\/3\/2021\/01\/DSC_1047.jpg 1200w\" sizes=\"(max-width: 1024px) 100vw, 1024px\" \/><\/figure>\n<\/figure>\n","protected":false},"excerpt":{"rendered":"<p>Allgemeine Klassenzimmer Im Obergeschoss befinden sich die allgemeinen Klassenzimmer der Technikerschule. In ihnen sind einheitlich die folgenden Komponenten enthalten, welche auch in den einzelnen Fachr\u00e4umen vorhanden sind: Pylonen-Schiebetafel interaktiv Pylonen-Doppelschiebetafel Kreide Medienfl\u00fcgel f\u00fcr Strom und Ethernet Lautsprecher Dokumentenkamera bzw. iPad Apple TV MS-Surfstick Naturwissenschaftsraum Neben den allgemeinen Klassenzimmern befindet sich auch der Naturwissenschaftsraum f\u00fcr u.a. [&hellip;]<\/p>\n","protected":false},"author":13,"featured_media":1363,"parent":0,"menu_order":0,"comment_status":"closed","ping_status":"closed","template":"","meta":{"footnotes":""},"class_list":["post-1032","page","type-page","status-publish","has-post-thumbnail","hentry"],"_links":{"self":[{"href":"https:\/\/www.bsmn.de\/technikerschule-mindelheim\/wp-json\/wp\/v2\/pages\/1032","targetHints":{"allow":["GET"]}}],"collection":[{"href":"https:\/\/www.bsmn.de\/technikerschule-mindelheim\/wp-json\/wp\/v2\/pages"}],"about":[{"href":"https:\/\/www.bsmn.de\/technikerschule-mindelheim\/wp-json\/wp\/v2\/types\/page"}],"author":[{"embeddable":true,"href":"https:\/\/www.bsmn.de\/technikerschule-mindelheim\/wp-json\/wp\/v2\/users\/13"}],"replies":[{"embeddable":true,"href":"https:\/\/www.bsmn.de\/technikerschule-mindelheim\/wp-json\/wp\/v2\/comments?post=1032"}],"version-history":[{"count":9,"href":"https:\/\/www.bsmn.de\/technikerschule-mindelheim\/wp-json\/wp\/v2\/pages\/1032\/revisions"}],"predecessor-version":[{"id":3130,"href":"https:\/\/www.bsmn.de\/technikerschule-mindelheim\/wp-json\/wp\/v2\/pages\/1032\/revisions\/3130"}],"wp:featuredmedia":[{"embeddable":true,"href":"https:\/\/www.bsmn.de\/technikerschule-mindelheim\/wp-json\/wp\/v2\/media\/1363"}],"wp:attachment":[{"href":"https:\/\/www.bsmn.de\/technikerschule-mindelheim\/wp-json\/wp\/v2\/media?parent=1032"}],"curies":[{"name":"wp","href":"https:\/\/api.w.org\/{rel}","templated":true}]}}