{"id":998,"date":"2020-11-03T08:25:43","date_gmt":"2020-11-03T07:25:43","guid":{"rendered":"http:\/\/bsmn.neuimweb.de\/hotour-badwoerishofen\/?page_id=998"},"modified":"2025-09-18T09:56:18","modified_gmt":"2025-09-18T07:56:18","slug":"praktika","status":"publish","type":"page","link":"https:\/\/www.bsmn.de\/hotour-badwoerishofen\/ausbildung\/praktika\/","title":{"rendered":"Praktika"},"content":{"rendered":"<\/p>\n\n\n<\/p>\n<h2 class=\"wp-block-heading\">Pflichtpraktikum<\/h2>\n<p>\n\n\n\n<\/p>\n<p>W\u00e4hrend der Ausbildung ist ein insgesamt 20-w\u00f6chiges Betriebspraktikum, das zum Teil auch im Ausland absolviert werden kann, verpflichtend. Gerne d\u00fcrfen Sie die Organisation ihrer Auslandspraktika selbst \u00fcbernehmen.<\/p>\n<p>Alternativ gibt es M\u00f6glichkeiten eines Auslandspraktikums von Seiten der Schule. Diese werden durch finanzielle Unterst\u00fczung durch Erasmus+ gef\u00f6rdert.<\/p>\n<p>Die T\u00e4tigkeiten w\u00e4hrend des Praktikums sollen alle wesentlichen Ausbildungsinhalte im Bereich Hotellerie und Tourismus abdecken.<\/p>\n<p><\/p>\n<p>\n\n\n\n<\/p>\n<h2 class=\"wp-block-heading\">Praktikumsbetreuung<\/h2>\n<p>\n\n\n<p>Franziska Seivert, StRin, E-Mail: <a href=\"mailto:franziska.seivert@bsbadw.de\" target=\"_blank\" rel=\"noreferrer noopener\">franziska.seivert@bsbadw.de<\/a><\/p>\n<p>Susanne Bischlager, StRin, E-Mail: <a href=\"mailto:susanne.bischlager@bsbadw.de\" target=\"_blank\" rel=\"noreferrer noopener\" data-type=\"mailto\" data-id=\"mailto:andrea.muehlisch@bsbadw.de\">susanne.bischlager@bsbadw.de<\/a><\/p>\n<p style=\"color: #000000;font-size: 16px;font-weight: 400\">Telefon der Berufsfachschule: 08247 9671-0<br \/>E-Mail zur Berufsfachschule:\u00a0<a href=\"mailto:christine.meyer@bsbadw.de\">verwaltung@bsbadw.de<\/a><\/p>\n<p style=\"color: #000000;font-size: 16px;font-weight: 400\">Sprechzeiten:<br \/>nach vorheriger Terminvereinbarung \u00fcber das Sekretariat<\/p>\n<h2 style=\"letter-spacing: normal;text-align: left\">Praktikumsunterlagen<\/h2>\n<p>Alle ben\u00f6tigten Unterlagen zum Praktikum finden Sie hier: <a href=\"https:\/\/www.bsmn.de\/hotour-badwoerishofen\/downloads\/\" target=\"_blank\" rel=\"noopener\">Praktikum<\/a><\/p>\n<h2>Viele Eindr\u00fccke unterscheidlicher Praktika<\/h2>\n<p>In den Highlights auf unserem <a href=\"_wp_link_placeholder\" data-wplink-edit=\"true\">Instagram-Account<\/a><\/p>\n<h2 style=\"letter-spacing: normal;text-align: left\">Das sagt eine ehemalige Sch\u00fclerin \u00fcber die Praktika<\/h2>\n<p><a href=\"https:\/\/youtu.be\/JMTrgp1qV2I\" target=\"_blank\" rel=\"noopener\">Erfahrungen von Lea<\/a><\/p>","protected":false},"excerpt":{"rendered":"<p>Pflichtpraktikum W\u00e4hrend der Ausbildung ist ein insgesamt 20-w\u00f6chiges Betriebspraktikum, das zum Teil auch im Ausland absolviert werden kann, verpflichtend. Gerne d\u00fcrfen Sie die Organisation ihrer Auslandspraktika selbst \u00fcbernehmen. Alternativ gibt es M\u00f6glichkeiten eines Auslandspraktikums von Seiten der Schule. Diese werden durch finanzielle Unterst\u00fczung durch Erasmus+ gef\u00f6rdert. Die T\u00e4tigkeiten w\u00e4hrend des Praktikums sollen alle wesentlichen Ausbildungsinhalte [&hellip;]<\/p>\n","protected":false},"author":2,"featured_media":1510,"parent":972,"menu_order":0,"comment_status":"closed","ping_status":"closed","template":"","meta":{"footnotes":""},"class_list":["post-998","page","type-page","status-publish","has-post-thumbnail","hentry"],"_links":{"self":[{"href":"https:\/\/www.bsmn.de\/hotour-badwoerishofen\/wp-json\/wp\/v2\/pages\/998","targetHints":{"allow":["GET"]}}],"collection":[{"href":"https:\/\/www.bsmn.de\/hotour-badwoerishofen\/wp-json\/wp\/v2\/pages"}],"about":[{"href":"https:\/\/www.bsmn.de\/hotour-badwoerishofen\/wp-json\/wp\/v2\/types\/page"}],"author":[{"embeddable":true,"href":"https:\/\/www.bsmn.de\/hotour-badwoerishofen\/wp-json\/wp\/v2\/users\/2"}],"replies":[{"embeddable":true,"href":"https:\/\/www.bsmn.de\/hotour-badwoerishofen\/wp-json\/wp\/v2\/comments?post=998"}],"version-history":[{"count":45,"href":"https:\/\/www.bsmn.de\/hotour-badwoerishofen\/wp-json\/wp\/v2\/pages\/998\/revisions"}],"predecessor-version":[{"id":4238,"href":"https:\/\/www.bsmn.de\/hotour-badwoerishofen\/wp-json\/wp\/v2\/pages\/998\/revisions\/4238"}],"up":[{"embeddable":true,"href":"https:\/\/www.bsmn.de\/hotour-badwoerishofen\/wp-json\/wp\/v2\/pages\/972"}],"wp:featuredmedia":[{"embeddable":true,"href":"https:\/\/www.bsmn.de\/hotour-badwoerishofen\/wp-json\/wp\/v2\/media\/1510"}],"wp:attachment":[{"href":"https:\/\/www.bsmn.de\/hotour-badwoerishofen\/wp-json\/wp\/v2\/media?parent=998"}],"curies":[{"name":"wp","href":"https:\/\/api.w.org\/{rel}","templated":true}]}}