{"id":983,"date":"2020-11-03T08:24:12","date_gmt":"2020-11-03T07:24:12","guid":{"rendered":"http:\/\/bsmn.neuimweb.de\/hotour-badwoerishofen\/?page_id=983"},"modified":"2023-09-07T13:41:26","modified_gmt":"2023-09-07T11:41:26","slug":"ausbildungskonzept","status":"publish","type":"page","link":"https:\/\/www.bsmn.de\/hotour-badwoerishofen\/ausbildung\/ausbildungskonzept\/","title":{"rendered":"Ausbildungskonzept"},"content":{"rendered":"\n<h2 class=\"wp-block-heading\">Grundlage<\/h2>\n\n\n\n<p><strong>3 Jahre = 2 Abschl\u00fcsse &#8211; Beruf &amp; Fachabitur<\/strong><\/p>\n\n\n\n<p>Grundlage unserer Berufsfachschule ist die DoppelquaIifikation.<br><br>Die Ausbildung vermittelt durch theoretischen Unterricht und Betriebspraktika wesentliche Kompetenzen f\u00fcr vielf\u00e4ltige Dienstleistungsbranchen. Integriert sind vertiefte fachliche, allgemeinbildende und kaufm\u00e4nnische Inhalte.<br><br>Ziel ist der Erwerb des Berufsabschlusses Staatlich gepr\u00fcfter Assistent f\u00fcr Hotel- und Tourismusmanagement. Die integrierte Erg\u00e4nzungspr\u00fcfung<br>f\u00fchrt zur Allgemeinen Fachhochschulreife.<br><br>Schauen Sie hinter die Kulissen &#8211; <a href=\"https:\/\/www.instagram.com\/bfs.live\/\" data-type=\"link\" data-id=\"https:\/\/www.instagram.com\/bfs.live\/\">Besuchen Sie uns auf Instagram!<\/a> <strong>@bfs.live<\/strong><br><\/p>\n\n\n\n<h2 class=\"wp-block-heading\">Allgemeinbildung\/Sprachen<\/h2>\n\n\n\n<p><strong>Deutsch &#8211; Englisch &#8211; Spanisch &#8211; Franz\u00f6sisch<\/strong><\/p>\n\n\n\n<p>Absolventen sollen&#8230;<br><br>&#8230; in der Lage sein, sich mit G\u00e4sten und Kunden \u00fcber beliebige Themen fachlich und kompetent unterhalten zu k\u00f6nnen.<br><br>&#8230; sich weltweit verst\u00e4ndigen k\u00f6nnen und insbesondere mindestens zwei tourismusrelevante Sprachen beherrschen.<\/p>\n\n\n\n<p>&#8230; auf Menschen offen und mit kultureller Sensibilit\u00e4t zugehen sowie mit ihnen schriftlich und m\u00fcndlich angemessen kommunizieren k\u00f6nnen.<br><br>&#8230; das Ziel ihrer T\u00e4tigkeit in der Begeisterung von G\u00e4sten durch probleml\u00f6sende Dienstleistungsorientierung sehen.<br><br><\/p>\n\n\n\n<h2 class=\"wp-block-heading\">Breite kaufm\u00e4nnische Bildung<\/h2>\n\n\n\n<p>Absolventen sollen Problemstellungen aus den betriebswirtschaftlichen Bereichen Marketing\/Absatz, Materialwirtschaft, Personalwirtschaft, Finanzwirtschaft\/Rechnungswesen, Qualit\u00e4tsmanagement und Organisation kennen und eigenst\u00e4ndig l\u00f6sen k\u00f6nnen.<br><br><\/p>\n\n\n\n<h2 class=\"wp-block-heading\">Arbeitstechniken<\/h2>\n\n\n\n<p>Absolventen sollen alle g\u00e4ngigen Instrumente und Methoden zur Umsetzung von Aufgaben im Hinblick sowohl auf den eigenen Arbeitsplatz als auch auf Mitarbeiterf\u00fchrung und Teamarbeit kennen und anwenden k\u00f6nnen.<br><br><\/p>\n\n\n\n<h2 class=\"wp-block-heading\">Fachqualifikationen<\/h2>\n\n\n\n<p>Absolventen sollen typische Aufgabenstellungen aus den Bereichen Restaurant, Beherbergung, Destinationsmanagement, Reisevermittlung, Reiseveranstaltung und Event-Management auch mit Hilfe von Branchensoftware und \u00fcblichen Betriebsmitteln eigenst\u00e4ndig l\u00f6sen k\u00f6nnen.<\/p>\n","protected":false},"excerpt":{"rendered":"<p>Grundlage 3 Jahre = 2 Abschl\u00fcsse &#8211; Beruf &amp; Fachabitur Grundlage unserer Berufsfachschule ist die DoppelquaIifikation. Die Ausbildung vermittelt durch theoretischen Unterricht und Betriebspraktika wesentliche Kompetenzen f\u00fcr vielf\u00e4ltige Dienstleistungsbranchen. Integriert sind vertiefte fachliche, allgemeinbildende und kaufm\u00e4nnische Inhalte. Ziel ist der Erwerb des Berufsabschlusses Staatlich gepr\u00fcfter Assistent f\u00fcr Hotel- und Tourismusmanagement. Die integrierte Erg\u00e4nzungspr\u00fcfungf\u00fchrt zur Allgemeinen [&hellip;]<\/p>\n","protected":false},"author":2,"featured_media":328,"parent":972,"menu_order":0,"comment_status":"closed","ping_status":"closed","template":"","meta":{"footnotes":""},"class_list":["post-983","page","type-page","status-publish","has-post-thumbnail","hentry"],"_links":{"self":[{"href":"https:\/\/www.bsmn.de\/hotour-badwoerishofen\/wp-json\/wp\/v2\/pages\/983","targetHints":{"allow":["GET"]}}],"collection":[{"href":"https:\/\/www.bsmn.de\/hotour-badwoerishofen\/wp-json\/wp\/v2\/pages"}],"about":[{"href":"https:\/\/www.bsmn.de\/hotour-badwoerishofen\/wp-json\/wp\/v2\/types\/page"}],"author":[{"embeddable":true,"href":"https:\/\/www.bsmn.de\/hotour-badwoerishofen\/wp-json\/wp\/v2\/users\/2"}],"replies":[{"embeddable":true,"href":"https:\/\/www.bsmn.de\/hotour-badwoerishofen\/wp-json\/wp\/v2\/comments?post=983"}],"version-history":[{"count":14,"href":"https:\/\/www.bsmn.de\/hotour-badwoerishofen\/wp-json\/wp\/v2\/pages\/983\/revisions"}],"predecessor-version":[{"id":3449,"href":"https:\/\/www.bsmn.de\/hotour-badwoerishofen\/wp-json\/wp\/v2\/pages\/983\/revisions\/3449"}],"up":[{"embeddable":true,"href":"https:\/\/www.bsmn.de\/hotour-badwoerishofen\/wp-json\/wp\/v2\/pages\/972"}],"wp:featuredmedia":[{"embeddable":true,"href":"https:\/\/www.bsmn.de\/hotour-badwoerishofen\/wp-json\/wp\/v2\/media\/328"}],"wp:attachment":[{"href":"https:\/\/www.bsmn.de\/hotour-badwoerishofen\/wp-json\/wp\/v2\/media?parent=983"}],"curies":[{"name":"wp","href":"https:\/\/api.w.org\/{rel}","templated":true}]}}