{"id":978,"date":"2020-11-03T08:23:34","date_gmt":"2020-11-03T07:23:34","guid":{"rendered":"http:\/\/bsmn.neuimweb.de\/hotour-badwoerishofen\/?page_id=978"},"modified":"2022-11-25T13:57:04","modified_gmt":"2022-11-25T12:57:04","slug":"voraussetzungen","status":"publish","type":"page","link":"https:\/\/www.bsmn.de\/hotour-badwoerishofen\/ausbildung\/voraussetzungen\/","title":{"rendered":"Voraussetzungen &amp; Bewerbung"},"content":{"rendered":"\n<h2 class=\"wp-block-heading\">Voraussetzungen<\/h2>\n\n\n\n<p>Die Aufnahme erfolgt jeweils zu Schuljahresbeginn im September.<\/p>\n\n\n\n<ul class=\"wp-block-list\">\n<li><strong>Mittlerer Schulabschluss<\/strong> mit mindestens&nbsp;Note 3,5 oder besser im Durchschnitt der F\u00e4cher Deutsch, Englisch und Mathematik<br>oder<\/li>\n\n\n\n<li><strong>Oberstufenreife des Gymnasiums<\/strong><\/li>\n<\/ul>\n\n\n\n<p>Insbesondere bei Absolventen der Wirtschaftsschule fehlt eine Mathematiknote auf dem Abschlusszeugnis. Hier besteht die M\u00f6glichkeit eine Feststellungspr\u00fcfung in Mathematik abzulegen. N\u00e4hre Informationen erhalten Sie im Sekretatriat der Berufsfachschule (<a href=\"mailto:verwaltung@bsbadw.de\" data-type=\"mailto\" data-id=\"mailto:verwaltung@bsbadw.de\">verwaltung@bsbadw.de<\/a>).<\/p>\n\n\n\n<h4 class=\"wp-block-heading\">Hier geht es zum <a href=\"https:\/\/www.bsmn.de\/hotour-badwoerishofen\/wp-content\/uploads\/sites\/6\/2022\/11\/Flyer_Zusatzqualifikation_2022_web.pdf\" target=\"_blank\" rel=\"noreferrer noopener\">Flyer<\/a><\/h4>\n\n\n\n<h2 class=\"wp-block-heading\">Bewerbung<\/h2>\n\n\n\n<p><strong>Ihre Bewerbungsschreiben k\u00f6nnen Sie ab sofort bei uns per Post oder E-Mail <\/strong>(verwaltung@bsbadw.de)<strong> einreichen!<\/strong><br>Vergessen Sie das <a rel=\"noreferrer noopener\" href=\"https:\/\/www.bsmn.de\/hotour-badwoerishofen\/wp-content\/uploads\/sites\/6\/2020\/11\/01-Anmeldung-BFS.pdf\" target=\"_blank\">Einschreibeblatt<\/a> nicht.<\/p>\n\n\n\n<p><strong>Gerne k\u00f6nnen Sie sich auch schon mit dem Jahreszeugnis der 9. Klasse bewerben und das Halbjahreszeugnis der 10. Klasse bzw. das Zeugnis \u00fcber den Mittleren Schulabschluss nachreichen.<\/strong><\/p>\n\n\n\n<p><br>Die Bewerber werden anhand der Vorbildung, der Zeugnisnoten und einer schriftlichen Bewerbung ausgew\u00e4hlt. Die endg\u00fcltige Aufnahme ist abh\u00e4ngig von einer Probezeit, die sich auf das erste Schulhalbjahr bezieht.<\/p>\n\n\n\n<p><strong>Zur Einschreibung an der Berufsfachschule m\u00fcssen folgende Unterlagen eingereicht werden:<\/strong>&nbsp;<\/p>\n\n\n\n<ul class=\"wp-block-list\">\n<li><a href=\"https:\/\/www.bsmn.de\/hotour-badwoerishofen\/wp-content\/uploads\/sites\/6\/2020\/11\/01-Anmeldung-BFS.pdf\" target=\"_blank\" rel=\"noreferrer noopener\">Einschreibeblatt<\/a> zur Schulanmeldung<\/li>\n\n\n\n<li>Zwischenzeugnis der derzeit besuchten Schule&nbsp;<\/li>\n\n\n\n<li>Bei bereits abgeschlossener Schulausbildung den Nachweis \u00fcber den mittleren Schulabschluss (Originalzeugnis bzw. beglaubigte Kopie) &#8211; Durchschnittsnote in Deutsch, Englisch, Mathematik mindestens 3,5<\/li>\n\n\n\n<li>bzw. den Nachweis \u00fcber die Zulassung zur Oberstufe des Gymnasiums<\/li>\n\n\n\n<li>Bewerbungsschreiben, aus dem begr\u00fcndete Aussagen bez\u00fcglich der Berufswahl zu entnehmen sind<\/li>\n\n\n\n<li>l\u00fcckenloser Lebenslauf mit Lichtbild<\/li>\n\n\n\n<li>Kopie des Personalausweises<\/li>\n\n\n\n<li>Amtliches F\u00fchrungszeugnis (Nach Zusage bitte zum ersten Schultag mitbringen.)<\/li>\n<\/ul>\n\n\n\n<h3 class=\"wp-block-heading\"><\/h3>\n\n\n\n<p><\/p>\n","protected":false},"excerpt":{"rendered":"<p>Voraussetzungen Die Aufnahme erfolgt jeweils zu Schuljahresbeginn im September. Insbesondere bei Absolventen der Wirtschaftsschule fehlt eine Mathematiknote auf dem Abschlusszeugnis. Hier besteht die M\u00f6glichkeit eine Feststellungspr\u00fcfung in Mathematik abzulegen. N\u00e4hre Informationen erhalten Sie im Sekretatriat der Berufsfachschule (verwaltung@bsbadw.de). Hier geht es zum Flyer Bewerbung Ihre Bewerbungsschreiben k\u00f6nnen Sie ab sofort bei uns per Post oder [&hellip;]<\/p>\n","protected":false},"author":2,"featured_media":1476,"parent":972,"menu_order":0,"comment_status":"closed","ping_status":"closed","template":"","meta":{"footnotes":""},"class_list":["post-978","page","type-page","status-publish","has-post-thumbnail","hentry"],"_links":{"self":[{"href":"https:\/\/www.bsmn.de\/hotour-badwoerishofen\/wp-json\/wp\/v2\/pages\/978","targetHints":{"allow":["GET"]}}],"collection":[{"href":"https:\/\/www.bsmn.de\/hotour-badwoerishofen\/wp-json\/wp\/v2\/pages"}],"about":[{"href":"https:\/\/www.bsmn.de\/hotour-badwoerishofen\/wp-json\/wp\/v2\/types\/page"}],"author":[{"embeddable":true,"href":"https:\/\/www.bsmn.de\/hotour-badwoerishofen\/wp-json\/wp\/v2\/users\/2"}],"replies":[{"embeddable":true,"href":"https:\/\/www.bsmn.de\/hotour-badwoerishofen\/wp-json\/wp\/v2\/comments?post=978"}],"version-history":[{"count":24,"href":"https:\/\/www.bsmn.de\/hotour-badwoerishofen\/wp-json\/wp\/v2\/pages\/978\/revisions"}],"predecessor-version":[{"id":3260,"href":"https:\/\/www.bsmn.de\/hotour-badwoerishofen\/wp-json\/wp\/v2\/pages\/978\/revisions\/3260"}],"up":[{"embeddable":true,"href":"https:\/\/www.bsmn.de\/hotour-badwoerishofen\/wp-json\/wp\/v2\/pages\/972"}],"wp:featuredmedia":[{"embeddable":true,"href":"https:\/\/www.bsmn.de\/hotour-badwoerishofen\/wp-json\/wp\/v2\/media\/1476"}],"wp:attachment":[{"href":"https:\/\/www.bsmn.de\/hotour-badwoerishofen\/wp-json\/wp\/v2\/media?parent=978"}],"curies":[{"name":"wp","href":"https:\/\/api.w.org\/{rel}","templated":true}]}}