{"id":827,"date":"2020-10-07T11:36:32","date_gmt":"2020-10-07T09:36:32","guid":{"rendered":"http:\/\/bsmn.neuimweb.de\/technikerschule\/?page_id=827"},"modified":"2022-11-24T15:40:34","modified_gmt":"2022-11-24T14:40:34","slug":"aktuelles","status":"publish","type":"page","link":"https:\/\/www.bsmn.de\/hotour-badwoerishofen\/service\/aktuelles\/","title":{"rendered":"Aktuelles"},"content":{"rendered":"\t\t<div data-elementor-type=\"wp-page\" data-elementor-id=\"827\" class=\"elementor elementor-827\" data-elementor-post-type=\"page\">\n\t\t\t\t\t\t<section class=\"elementor-section elementor-top-section elementor-element elementor-element-96c03d7 elementor-section-boxed elementor-section-height-default elementor-section-height-default\" data-id=\"96c03d7\" data-element_type=\"section\" data-e-type=\"section\">\n\t\t\t\t\t\t<div class=\"elementor-container elementor-column-gap-default\">\n\t\t\t\t\t<div class=\"elementor-column elementor-col-100 elementor-top-column elementor-element elementor-element-7c9cdaa\" data-id=\"7c9cdaa\" data-element_type=\"column\" data-e-type=\"column\">\n\t\t\t<div class=\"elementor-widget-wrap elementor-element-populated\">\n\t\t\t\t\t\t<div class=\"elementor-element elementor-element-25c28cb elementor-grid-3 elementor-grid-tablet-2 elementor-grid-mobile-1 elementor-posts--thumbnail-top elementor-widget elementor-widget-posts\" data-id=\"25c28cb\" data-element_type=\"widget\" data-e-type=\"widget\" data-settings=\"{&quot;pagination_type&quot;:&quot;numbers_and_prev_next&quot;,&quot;classic_columns&quot;:&quot;3&quot;,&quot;classic_columns_tablet&quot;:&quot;2&quot;,&quot;classic_columns_mobile&quot;:&quot;1&quot;,&quot;classic_row_gap&quot;:{&quot;unit&quot;:&quot;px&quot;,&quot;size&quot;:35,&quot;sizes&quot;:[]},&quot;classic_row_gap_tablet&quot;:{&quot;unit&quot;:&quot;px&quot;,&quot;size&quot;:&quot;&quot;,&quot;sizes&quot;:[]},&quot;classic_row_gap_mobile&quot;:{&quot;unit&quot;:&quot;px&quot;,&quot;size&quot;:&quot;&quot;,&quot;sizes&quot;:[]}}\" data-widget_type=\"posts.classic\">\n\t\t\t\t<div class=\"elementor-widget-container\">\n\t\t\t\t\t\t\t<div class=\"elementor-posts-container elementor-posts elementor-posts--skin-classic elementor-grid\" role=\"list\">\n\t\t\t\t<article class=\"elementor-post elementor-grid-item post-4395 post type-post status-publish format-standard has-post-thumbnail hentry category-allgemein\" role=\"listitem\">\n\t\t\t\t<a class=\"elementor-post__thumbnail__link\" href=\"https:\/\/www.bsmn.de\/hotour-badwoerishofen\/2026\/03\/28\/besuch-der-dgb-jugend\/\" tabindex=\"-1\" >\n\t\t\t<div class=\"elementor-post__thumbnail\"><img fetchpriority=\"high\" decoding=\"async\" width=\"640\" height=\"640\" src=\"https:\/\/www.bsmn.de\/hotour-badwoerishofen\/wp-content\/uploads\/sites\/6\/2026\/04\/IMG_0453-ges-scaled-640x640.jpg\" class=\"attachment-kava-thumb-justify size-kava-thumb-justify wp-image-4401\" alt=\"\" srcset=\"https:\/\/www.bsmn.de\/hotour-badwoerishofen\/wp-content\/uploads\/sites\/6\/2026\/04\/IMG_0453-ges-scaled-640x640.jpg 640w, https:\/\/www.bsmn.de\/hotour-badwoerishofen\/wp-content\/uploads\/sites\/6\/2026\/04\/IMG_0453-ges-scaled-150x150.jpg 150w, https:\/\/www.bsmn.de\/hotour-badwoerishofen\/wp-content\/uploads\/sites\/6\/2026\/04\/IMG_0453-ges-scaled-230x230.jpg 230w, https:\/\/www.bsmn.de\/hotour-badwoerishofen\/wp-content\/uploads\/sites\/6\/2026\/04\/IMG_0453-ges-scaled-400x400.jpg 400w\" sizes=\"(max-width: 640px) 100vw, 640px\" \/><\/div>\n\t\t<\/a>\n\t\t\t\t<div class=\"elementor-post__text\">\n\t\t\t\t<h3 class=\"elementor-post__title\">\n\t\t\t<a href=\"https:\/\/www.bsmn.de\/hotour-badwoerishofen\/2026\/03\/28\/besuch-der-dgb-jugend\/\" >\n\t\t\t\tBesuch der DGB-Jugend\t\t\t<\/a>\n\t\t<\/h3>\n\t\t\t\t<div class=\"elementor-post__excerpt\">\n\t\t\t<p>Welche Rechte und Pflichten habe ich? Welche Gesetze regeln meinen Arbeitsalltag? Was sind Gewerkschaften und wer verhandelt Tarifvertr\u00e4ge? Die Antworten auf diese Fragen sind f\u00fcr<\/p>\n\t\t<\/div>\n\t\t\n\t\t<a class=\"elementor-post__read-more\" href=\"https:\/\/www.bsmn.de\/hotour-badwoerishofen\/2026\/03\/28\/besuch-der-dgb-jugend\/\" aria-label=\"Mehr \u00fcber Besuch der DGB-Jugend\" tabindex=\"-1\" >\n\t\t\tWeiterlesen \u00bb\t\t<\/a>\n\n\t\t\t\t<\/div>\n\t\t\t\t<\/article>\n\t\t\t\t<article class=\"elementor-post elementor-grid-item post-4385 post type-post status-publish format-standard has-post-thumbnail hentry category-allgemein\" role=\"listitem\">\n\t\t\t\t<a class=\"elementor-post__thumbnail__link\" href=\"https:\/\/www.bsmn.de\/hotour-badwoerishofen\/2026\/03\/08\/ausbildungsmessen-wir-sind-vor-ort-2\/\" tabindex=\"-1\" >\n\t\t\t<div class=\"elementor-post__thumbnail\"><img decoding=\"async\" width=\"640\" height=\"640\" src=\"https:\/\/www.bsmn.de\/hotour-badwoerishofen\/wp-content\/uploads\/sites\/6\/2026\/03\/IMG_1937-640x640.jpeg\" class=\"attachment-kava-thumb-justify size-kava-thumb-justify wp-image-4388\" alt=\"\" srcset=\"https:\/\/www.bsmn.de\/hotour-badwoerishofen\/wp-content\/uploads\/sites\/6\/2026\/03\/IMG_1937-640x640.jpeg 640w, https:\/\/www.bsmn.de\/hotour-badwoerishofen\/wp-content\/uploads\/sites\/6\/2026\/03\/IMG_1937-150x150.jpeg 150w, https:\/\/www.bsmn.de\/hotour-badwoerishofen\/wp-content\/uploads\/sites\/6\/2026\/03\/IMG_1937-230x230.jpeg 230w, https:\/\/www.bsmn.de\/hotour-badwoerishofen\/wp-content\/uploads\/sites\/6\/2026\/03\/IMG_1937-400x400.jpeg 400w\" sizes=\"(max-width: 640px) 100vw, 640px\" \/><\/div>\n\t\t<\/a>\n\t\t\t\t<div class=\"elementor-post__text\">\n\t\t\t\t<h3 class=\"elementor-post__title\">\n\t\t\t<a href=\"https:\/\/www.bsmn.de\/hotour-badwoerishofen\/2026\/03\/08\/ausbildungsmessen-wir-sind-vor-ort-2\/\" >\n\t\t\t\tAusbildungsmessen \u2013 wir sind vor Ort!\t\t\t<\/a>\n\t\t<\/h3>\n\t\t\t\t<div class=\"elementor-post__excerpt\">\n\t\t\t<p>Wie hier auf der Ausbildungsmesse \u201efit for job!\u201c in Augsburg sind wir auf zahlreichen Ausbildungsmessen vertreten. Besucht uns, wir freuen uns auf Euch!Wir stehen Euch<\/p>\n\t\t<\/div>\n\t\t\n\t\t<a class=\"elementor-post__read-more\" href=\"https:\/\/www.bsmn.de\/hotour-badwoerishofen\/2026\/03\/08\/ausbildungsmessen-wir-sind-vor-ort-2\/\" aria-label=\"Mehr \u00fcber Ausbildungsmessen \u2013 wir sind vor Ort!\" tabindex=\"-1\" >\n\t\t\tWeiterlesen \u00bb\t\t<\/a>\n\n\t\t\t\t<\/div>\n\t\t\t\t<\/article>\n\t\t\t\t<article class=\"elementor-post elementor-grid-item post-4406 post type-post status-publish format-standard has-post-thumbnail hentry category-allgemein\" role=\"listitem\">\n\t\t\t\t<a class=\"elementor-post__thumbnail__link\" href=\"https:\/\/www.bsmn.de\/hotour-badwoerishofen\/2026\/03\/07\/studienfahrt-nach-berlin-mit-besuch-der-itb\/\" tabindex=\"-1\" >\n\t\t\t<div class=\"elementor-post__thumbnail\"><img decoding=\"async\" width=\"640\" height=\"640\" src=\"https:\/\/www.bsmn.de\/hotour-badwoerishofen\/wp-content\/uploads\/sites\/6\/2026\/04\/IMG_0724-640x640.jpg\" class=\"attachment-kava-thumb-justify size-kava-thumb-justify wp-image-4407\" alt=\"\" srcset=\"https:\/\/www.bsmn.de\/hotour-badwoerishofen\/wp-content\/uploads\/sites\/6\/2026\/04\/IMG_0724-640x640.jpg 640w, https:\/\/www.bsmn.de\/hotour-badwoerishofen\/wp-content\/uploads\/sites\/6\/2026\/04\/IMG_0724-150x150.jpg 150w, https:\/\/www.bsmn.de\/hotour-badwoerishofen\/wp-content\/uploads\/sites\/6\/2026\/04\/IMG_0724-230x230.jpg 230w, https:\/\/www.bsmn.de\/hotour-badwoerishofen\/wp-content\/uploads\/sites\/6\/2026\/04\/IMG_0724-400x400.jpg 400w\" sizes=\"(max-width: 640px) 100vw, 640px\" \/><\/div>\n\t\t<\/a>\n\t\t\t\t<div class=\"elementor-post__text\">\n\t\t\t\t<h3 class=\"elementor-post__title\">\n\t\t\t<a href=\"https:\/\/www.bsmn.de\/hotour-badwoerishofen\/2026\/03\/07\/studienfahrt-nach-berlin-mit-besuch-der-itb\/\" >\n\t\t\t\tStudienfahrt nach Berlin mit Besuch der ITB\t\t\t<\/a>\n\t\t<\/h3>\n\t\t\t\t<div class=\"elementor-post__excerpt\">\n\t\t\t<p>Unsere 11. und 12. Klassen der BFS HoTour erlebten eine facettenreiche Studienfahrt nach Berlin: Neben dem Besuch der ITB f\u00fcr exklusive Branchen-Insights standen politische Bildung<\/p>\n\t\t<\/div>\n\t\t\n\t\t<a class=\"elementor-post__read-more\" href=\"https:\/\/www.bsmn.de\/hotour-badwoerishofen\/2026\/03\/07\/studienfahrt-nach-berlin-mit-besuch-der-itb\/\" aria-label=\"Mehr \u00fcber Studienfahrt nach Berlin mit Besuch der ITB\" tabindex=\"-1\" >\n\t\t\tWeiterlesen \u00bb\t\t<\/a>\n\n\t\t\t\t<\/div>\n\t\t\t\t<\/article>\n\t\t\t\t<article class=\"elementor-post elementor-grid-item post-4291 post type-post status-publish format-standard has-post-thumbnail hentry category-allgemein\" role=\"listitem\">\n\t\t\t\t<a class=\"elementor-post__thumbnail__link\" href=\"https:\/\/www.bsmn.de\/hotour-badwoerishofen\/2026\/03\/05\/plaetzchenaktion-fuer-das-sos-kinderdorf\/\" tabindex=\"-1\" >\n\t\t\t<div class=\"elementor-post__thumbnail\"><img loading=\"lazy\" decoding=\"async\" width=\"640\" height=\"640\" src=\"https:\/\/www.bsmn.de\/hotour-badwoerishofen\/wp-content\/uploads\/sites\/6\/2026\/03\/Foto-Spendenuebergabe--640x640.png\" class=\"attachment-kava-thumb-justify size-kava-thumb-justify wp-image-4381\" alt=\"\" srcset=\"https:\/\/www.bsmn.de\/hotour-badwoerishofen\/wp-content\/uploads\/sites\/6\/2026\/03\/Foto-Spendenuebergabe--640x640.png 640w, https:\/\/www.bsmn.de\/hotour-badwoerishofen\/wp-content\/uploads\/sites\/6\/2026\/03\/Foto-Spendenuebergabe--150x150.png 150w, https:\/\/www.bsmn.de\/hotour-badwoerishofen\/wp-content\/uploads\/sites\/6\/2026\/03\/Foto-Spendenuebergabe--230x230.png 230w, https:\/\/www.bsmn.de\/hotour-badwoerishofen\/wp-content\/uploads\/sites\/6\/2026\/03\/Foto-Spendenuebergabe--400x400.png 400w\" sizes=\"(max-width: 640px) 100vw, 640px\" \/><\/div>\n\t\t<\/a>\n\t\t\t\t<div class=\"elementor-post__text\">\n\t\t\t\t<h3 class=\"elementor-post__title\">\n\t\t\t<a href=\"https:\/\/www.bsmn.de\/hotour-badwoerishofen\/2026\/03\/05\/plaetzchenaktion-fuer-das-sos-kinderdorf\/\" >\n\t\t\t\tPl\u00e4tzchenaktion f\u00fcr das SOS Kinderdorf\t\t\t<\/a>\n\t\t<\/h3>\n\t\t\t\t<div class=\"elementor-post__excerpt\">\n\t\t\t<p>Die Klasse HOT 11 der Berufsfachschule Hotel- und Tourismusmanagement Bad W\u00f6rishofen hat 333 Euro aus ihrem vorweihnachtlichen Pl\u00e4tzchenverkauf an das SOS-Kinderdorf Ammersee-Lech gespendet. Mit ihrem<\/p>\n\t\t<\/div>\n\t\t\n\t\t<a class=\"elementor-post__read-more\" href=\"https:\/\/www.bsmn.de\/hotour-badwoerishofen\/2026\/03\/05\/plaetzchenaktion-fuer-das-sos-kinderdorf\/\" aria-label=\"Mehr \u00fcber Pl\u00e4tzchenaktion f\u00fcr das SOS Kinderdorf\" tabindex=\"-1\" >\n\t\t\tWeiterlesen \u00bb\t\t<\/a>\n\n\t\t\t\t<\/div>\n\t\t\t\t<\/article>\n\t\t\t\t<article class=\"elementor-post elementor-grid-item post-4390 post type-post status-publish format-standard has-post-thumbnail hentry category-allgemein\" role=\"listitem\">\n\t\t\t\t<a class=\"elementor-post__thumbnail__link\" href=\"https:\/\/www.bsmn.de\/hotour-badwoerishofen\/2026\/03\/04\/neue-verbindungslehrkraefte\/\" tabindex=\"-1\" >\n\t\t\t<div class=\"elementor-post__thumbnail\"><img loading=\"lazy\" decoding=\"async\" width=\"640\" height=\"640\" src=\"https:\/\/www.bsmn.de\/hotour-badwoerishofen\/wp-content\/uploads\/sites\/6\/2026\/03\/PXL_20260313_091833085.ges_-scaled-640x640.jpg\" class=\"attachment-kava-thumb-justify size-kava-thumb-justify wp-image-4391\" alt=\"\" srcset=\"https:\/\/www.bsmn.de\/hotour-badwoerishofen\/wp-content\/uploads\/sites\/6\/2026\/03\/PXL_20260313_091833085.ges_-scaled-640x640.jpg 640w, https:\/\/www.bsmn.de\/hotour-badwoerishofen\/wp-content\/uploads\/sites\/6\/2026\/03\/PXL_20260313_091833085.ges_-scaled-150x150.jpg 150w, https:\/\/www.bsmn.de\/hotour-badwoerishofen\/wp-content\/uploads\/sites\/6\/2026\/03\/PXL_20260313_091833085.ges_-scaled-230x230.jpg 230w, https:\/\/www.bsmn.de\/hotour-badwoerishofen\/wp-content\/uploads\/sites\/6\/2026\/03\/PXL_20260313_091833085.ges_-scaled-400x400.jpg 400w\" sizes=\"(max-width: 640px) 100vw, 640px\" \/><\/div>\n\t\t<\/a>\n\t\t\t\t<div class=\"elementor-post__text\">\n\t\t\t\t<h3 class=\"elementor-post__title\">\n\t\t\t<a href=\"https:\/\/www.bsmn.de\/hotour-badwoerishofen\/2026\/03\/04\/neue-verbindungslehrkraefte\/\" >\n\t\t\t\tNeue Verbindungslehrkr\u00e4fte\t\t\t<\/a>\n\t\t<\/h3>\n\t\t\t\t<div class=\"elementor-post__excerpt\">\n\t\t\t<p>Die Sch\u00fclerinnen und Sch\u00fcler alle Klassen w\u00e4hlten eine Verbindungslehrerin und einen Verbindungslehrer ihres Vertrauens. Die neuen Verbindungslehrkr\u00e4fte sind Frau Sabrina K\u00fchn und Herr Sebastian Seem\u00fcller.<\/p>\n\t\t<\/div>\n\t\t\n\t\t<a class=\"elementor-post__read-more\" href=\"https:\/\/www.bsmn.de\/hotour-badwoerishofen\/2026\/03\/04\/neue-verbindungslehrkraefte\/\" aria-label=\"Mehr \u00fcber Neue Verbindungslehrkr\u00e4fte\" tabindex=\"-1\" >\n\t\t\tWeiterlesen \u00bb\t\t<\/a>\n\n\t\t\t\t<\/div>\n\t\t\t\t<\/article>\n\t\t\t\t<article class=\"elementor-post elementor-grid-item post-4292 post type-post status-publish format-standard has-post-thumbnail hentry category-allgemein\" role=\"listitem\">\n\t\t\t\t<a class=\"elementor-post__thumbnail__link\" href=\"https:\/\/www.bsmn.de\/hotour-badwoerishofen\/2026\/02\/07\/neujahrsempfang-2026-der-bfs-hotour-mit-koechen-aus-der-berufsschule\/\" tabindex=\"-1\" >\n\t\t\t<div class=\"elementor-post__thumbnail\"><img loading=\"lazy\" decoding=\"async\" width=\"640\" height=\"640\" src=\"https:\/\/www.bsmn.de\/hotour-badwoerishofen\/wp-content\/uploads\/sites\/6\/2026\/02\/Praesentation1-e1770473594325-640x640.jpg\" class=\"attachment-kava-thumb-justify size-kava-thumb-justify wp-image-4293\" alt=\"\" srcset=\"https:\/\/www.bsmn.de\/hotour-badwoerishofen\/wp-content\/uploads\/sites\/6\/2026\/02\/Praesentation1-e1770473594325-640x640.jpg 640w, https:\/\/www.bsmn.de\/hotour-badwoerishofen\/wp-content\/uploads\/sites\/6\/2026\/02\/Praesentation1-e1770473594325-150x150.jpg 150w, https:\/\/www.bsmn.de\/hotour-badwoerishofen\/wp-content\/uploads\/sites\/6\/2026\/02\/Praesentation1-e1770473594325-230x230.jpg 230w, https:\/\/www.bsmn.de\/hotour-badwoerishofen\/wp-content\/uploads\/sites\/6\/2026\/02\/Praesentation1-e1770473594325-400x400.jpg 400w\" sizes=\"(max-width: 640px) 100vw, 640px\" \/><\/div>\n\t\t<\/a>\n\t\t\t\t<div class=\"elementor-post__text\">\n\t\t\t\t<h3 class=\"elementor-post__title\">\n\t\t\t<a href=\"https:\/\/www.bsmn.de\/hotour-badwoerishofen\/2026\/02\/07\/neujahrsempfang-2026-der-bfs-hotour-mit-koechen-aus-der-berufsschule\/\" >\n\t\t\t\tNeujahrsempfang 2026 der BFS HoTour mit K\u00f6chen aus der Berufsschule\t\t\t<\/a>\n\t\t<\/h3>\n\t\t\t\t<div class=\"elementor-post__excerpt\">\n\t\t\t<p>Am Dienstag, 27.01.26, fand der von der HOT12 \u00a0(Klasse der Berufsfachschule Hotel- und Tourismusmanagement) organisierte Neujahrsempfang unter dem Motto \u201eMinuit \u00e0 Paris\u201c statt und sorgte<\/p>\n\t\t<\/div>\n\t\t\n\t\t<a class=\"elementor-post__read-more\" href=\"https:\/\/www.bsmn.de\/hotour-badwoerishofen\/2026\/02\/07\/neujahrsempfang-2026-der-bfs-hotour-mit-koechen-aus-der-berufsschule\/\" aria-label=\"Mehr \u00fcber Neujahrsempfang 2026 der BFS HoTour mit K\u00f6chen aus der Berufsschule\" tabindex=\"-1\" >\n\t\t\tWeiterlesen \u00bb\t\t<\/a>\n\n\t\t\t\t<\/div>\n\t\t\t\t<\/article>\n\t\t\t\t<\/div>\n\t\t\n\t\t\t\t<div class=\"e-load-more-anchor\" data-page=\"1\" data-max-page=\"10\" data-next-page=\"https:\/\/www.bsmn.de\/hotour-badwoerishofen\/wp-json\/wp\/v2\/pages\/827\/page\/2\/\"><\/div>\n\t\t\t\t<nav class=\"elementor-pagination\" aria-label=\"Seitennummerierung\">\n\t\t\t<span class=\"page-numbers prev\">&laquo; Vorige<\/span>\n<span aria-current=\"page\" class=\"page-numbers current\"><span class=\"elementor-screen-only\">Seite<\/span>1<\/span>\n<a class=\"page-numbers\" href=\"https:\/\/www.bsmn.de\/hotour-badwoerishofen\/wp-json\/wp\/v2\/pages\/827\/page\/2\/\"><span class=\"elementor-screen-only\">Seite<\/span>2<\/a>\n<a class=\"page-numbers\" href=\"https:\/\/www.bsmn.de\/hotour-badwoerishofen\/wp-json\/wp\/v2\/pages\/827\/page\/3\/\"><span class=\"elementor-screen-only\">Seite<\/span>3<\/a>\n<a class=\"page-numbers\" href=\"https:\/\/www.bsmn.de\/hotour-badwoerishofen\/wp-json\/wp\/v2\/pages\/827\/page\/4\/\"><span class=\"elementor-screen-only\">Seite<\/span>4<\/a>\n<a class=\"page-numbers\" href=\"https:\/\/www.bsmn.de\/hotour-badwoerishofen\/wp-json\/wp\/v2\/pages\/827\/page\/5\/\"><span class=\"elementor-screen-only\">Seite<\/span>5<\/a>\n<a class=\"page-numbers next\" href=\"https:\/\/www.bsmn.de\/hotour-badwoerishofen\/wp-json\/wp\/v2\/pages\/827\/page\/2\/\">N\u00e4chste &raquo;<\/a>\t\t<\/nav>\n\t\t\t\t\t\t<\/div>\n\t\t\t\t<\/div>\n\t\t\t\t\t<\/div>\n\t\t<\/div>\n\t\t\t\t\t<\/div>\n\t\t<\/section>\n\t\t\t\t<\/div>\n\t\t","protected":false},"excerpt":{"rendered":"","protected":false},"author":2,"featured_media":328,"parent":87,"menu_order":0,"comment_status":"closed","ping_status":"closed","template":"","meta":{"footnotes":""},"class_list":["post-827","page","type-page","status-publish","has-post-thumbnail","hentry"],"_links":{"self":[{"href":"https:\/\/www.bsmn.de\/hotour-badwoerishofen\/wp-json\/wp\/v2\/pages\/827","targetHints":{"allow":["GET"]}}],"collection":[{"href":"https:\/\/www.bsmn.de\/hotour-badwoerishofen\/wp-json\/wp\/v2\/pages"}],"about":[{"href":"https:\/\/www.bsmn.de\/hotour-badwoerishofen\/wp-json\/wp\/v2\/types\/page"}],"author":[{"embeddable":true,"href":"https:\/\/www.bsmn.de\/hotour-badwoerishofen\/wp-json\/wp\/v2\/users\/2"}],"replies":[{"embeddable":true,"href":"https:\/\/www.bsmn.de\/hotour-badwoerishofen\/wp-json\/wp\/v2\/comments?post=827"}],"version-history":[{"count":33,"href":"https:\/\/www.bsmn.de\/hotour-badwoerishofen\/wp-json\/wp\/v2\/pages\/827\/revisions"}],"predecessor-version":[{"id":3223,"href":"https:\/\/www.bsmn.de\/hotour-badwoerishofen\/wp-json\/wp\/v2\/pages\/827\/revisions\/3223"}],"up":[{"embeddable":true,"href":"https:\/\/www.bsmn.de\/hotour-badwoerishofen\/wp-json\/wp\/v2\/pages\/87"}],"wp:featuredmedia":[{"embeddable":true,"href":"https:\/\/www.bsmn.de\/hotour-badwoerishofen\/wp-json\/wp\/v2\/media\/328"}],"wp:attachment":[{"href":"https:\/\/www.bsmn.de\/hotour-badwoerishofen\/wp-json\/wp\/v2\/media?parent=827"}],"curies":[{"name":"wp","href":"https:\/\/api.w.org\/{rel}","templated":true}]}}