{"id":2139,"date":"2020-06-24T10:51:12","date_gmt":"2020-06-24T09:51:12","guid":{"rendered":"http:\/\/bsmn.neuimweb.de\/hotour-badwoerishofen\/parken\/"},"modified":"2021-01-18T16:45:18","modified_gmt":"2021-01-18T15:45:18","slug":"parken","status":"publish","type":"page","link":"https:\/\/www.bsmn.de\/hotour-badwoerishofen\/parken\/","title":{"rendered":"Parken"},"content":{"rendered":"\n<h3 class=\"wp-block-heading\">Sch\u00fclerparkplatz<\/h3>\n\n\n\n<p>Die Zufahrt zum Sch\u00fclerparkplatz befindet sich zwischen den Geb\u00e4uden unser Berufsschule und der Sebastian-Kneipp-Schule und ist \u00fcber die Brucknerstra\u00dfe zu erreichen. Es sind ausreichend Parkpl\u00e4tze vorhanden. (Beachten Sie die Beschilderung.)<\/p>\n\n\n\n<h3 class=\"wp-block-heading\">Besucher-\/ Lehrerparkplatz<\/h3>\n\n\n\n<p>Besucher der Berufsschule k\u00f6nnen vor dem Haupteingang f\u00fcr die Zeit des notwendigen Aufenthaltes auf dem Lehrerparkplatz parken. <\/p>\n","protected":false},"excerpt":{"rendered":"<p>Sch\u00fclerparkplatz Die Zufahrt zum Sch\u00fclerparkplatz befindet sich zwischen den Geb\u00e4uden unser Berufsschule und der Sebastian-Kneipp-Schule und ist \u00fcber die Brucknerstra\u00dfe zu erreichen. Es sind ausreichend Parkpl\u00e4tze vorhanden. (Beachten Sie die Beschilderung.) Besucher-\/ Lehrerparkplatz Besucher der Berufsschule k\u00f6nnen vor dem Haupteingang f\u00fcr die Zeit des notwendigen Aufenthaltes auf dem Lehrerparkplatz parken.<\/p>\n","protected":false},"author":2,"featured_media":2074,"parent":0,"menu_order":0,"comment_status":"closed","ping_status":"closed","template":"","meta":{"footnotes":""},"class_list":["post-2139","page","type-page","status-publish","has-post-thumbnail","hentry"],"_links":{"self":[{"href":"https:\/\/www.bsmn.de\/hotour-badwoerishofen\/wp-json\/wp\/v2\/pages\/2139","targetHints":{"allow":["GET"]}}],"collection":[{"href":"https:\/\/www.bsmn.de\/hotour-badwoerishofen\/wp-json\/wp\/v2\/pages"}],"about":[{"href":"https:\/\/www.bsmn.de\/hotour-badwoerishofen\/wp-json\/wp\/v2\/types\/page"}],"author":[{"embeddable":true,"href":"https:\/\/www.bsmn.de\/hotour-badwoerishofen\/wp-json\/wp\/v2\/users\/2"}],"replies":[{"embeddable":true,"href":"https:\/\/www.bsmn.de\/hotour-badwoerishofen\/wp-json\/wp\/v2\/comments?post=2139"}],"version-history":[{"count":0,"href":"https:\/\/www.bsmn.de\/hotour-badwoerishofen\/wp-json\/wp\/v2\/pages\/2139\/revisions"}],"wp:featuredmedia":[{"embeddable":true,"href":"https:\/\/www.bsmn.de\/hotour-badwoerishofen\/wp-json\/wp\/v2\/media\/2074"}],"wp:attachment":[{"href":"https:\/\/www.bsmn.de\/hotour-badwoerishofen\/wp-json\/wp\/v2\/media?parent=2139"}],"curies":[{"name":"wp","href":"https:\/\/api.w.org\/{rel}","templated":true}]}}