{"id":2135,"date":"2020-11-02T16:57:06","date_gmt":"2020-11-02T15:57:06","guid":{"rendered":"http:\/\/bsmn.neuimweb.de\/hotour-badwoerishofen\/seminarschule\/"},"modified":"2025-05-20T07:40:24","modified_gmt":"2025-05-20T05:40:24","slug":"seminarschule","status":"publish","type":"page","link":"https:\/\/www.bsmn.de\/hotour-badwoerishofen\/seminarschule\/","title":{"rendered":"Seminarschule"},"content":{"rendered":"\n<h2 class=\"wp-block-heading\"><strong>Die neuen Referendare im Fachbereich Ern\u00e4hrung und Hauswirtschaft im <\/strong><br><strong>Schuljahr 2024\/25<\/strong><\/h2>\n\n\n\n<div class=\"wp-block-columns is-layout-flex wp-container-core-columns-is-layout-9d6595d7 wp-block-columns-is-layout-flex\">\n<div class=\"wp-block-column is-layout-flow wp-block-column-is-layout-flow\">\n<p>Wir sind das Seminar Ern\u00e4hrung, das im Schuljahr 2024\/25 an der Berufsschule in Bad W\u00f6rishofen von Dienstag bis Donnerstag im Einsatz ist. An diesen Tagen finden Hospitationen, H\u00f6rstunden und unsere ersten Unterrichtsversuche in ern\u00e4hrungsspezifischen F\u00e4chern statt. <br><br>Ebenso werden wir ab dem Halbjahr auch das Fach Deutsch unterrichten.<br>In den Fachsitzungen werden die Unterrichtsbeobachtungen reflektiert, methodische Fragen gekl\u00e4rt und fachdidaktische Fragestellungen bearbeitet.<br>Wir sind ein Team mit verschiedenen beruflichen Vorkenntnissen und kennen uns zum Teil schon aus dem Studium. Au\u00dferdem freuen wir uns auf die Zusammenarbeit mit dem Kollegium und der Sch\u00fclerschaft.<\/p>\n<\/div>\n\n\n\n<div class=\"wp-block-column is-layout-flow wp-block-column-is-layout-flow\">\n<figure class=\"wp-block-image size-large is-resized\"><img fetchpriority=\"high\" decoding=\"async\" width=\"1024\" height=\"928\" src=\"https:\/\/www.bsmn.de\/hotour-badwoerishofen\/wp-content\/uploads\/sites\/6\/2025\/01\/Seminar-BW-1024x928.jpg\" alt=\"\" class=\"wp-image-3903\" style=\"width:411px;height:auto\" srcset=\"https:\/\/www.bsmn.de\/hotour-badwoerishofen\/wp-content\/uploads\/sites\/6\/2025\/01\/Seminar-BW-1024x928.jpg 1024w, https:\/\/www.bsmn.de\/hotour-badwoerishofen\/wp-content\/uploads\/sites\/6\/2025\/01\/Seminar-BW-300x272.jpg 300w, https:\/\/www.bsmn.de\/hotour-badwoerishofen\/wp-content\/uploads\/sites\/6\/2025\/01\/Seminar-BW-768x696.jpg 768w, https:\/\/www.bsmn.de\/hotour-badwoerishofen\/wp-content\/uploads\/sites\/6\/2025\/01\/Seminar-BW-1536x1392.jpg 1536w, https:\/\/www.bsmn.de\/hotour-badwoerishofen\/wp-content\/uploads\/sites\/6\/2025\/01\/Seminar-BW-600x544.jpg 600w, https:\/\/www.bsmn.de\/hotour-badwoerishofen\/wp-content\/uploads\/sites\/6\/2025\/01\/Seminar-BW.jpg 2000w\" sizes=\"(max-width: 1024px) 100vw, 1024px\" \/><\/figure>\n<\/div>\n<\/div>\n","protected":false},"excerpt":{"rendered":"<p>Die neuen Referendare im Fachbereich Ern\u00e4hrung und Hauswirtschaft im Schuljahr 2024\/25 Wir sind das Seminar Ern\u00e4hrung, das im Schuljahr 2024\/25 an der Berufsschule in Bad W\u00f6rishofen von Dienstag bis Donnerstag im Einsatz ist. An diesen Tagen finden Hospitationen, H\u00f6rstunden und unsere ersten Unterrichtsversuche in ern\u00e4hrungsspezifischen F\u00e4chern statt. Ebenso werden wir ab dem Halbjahr auch das [&hellip;]<\/p>\n","protected":false},"author":2,"featured_media":2136,"parent":0,"menu_order":0,"comment_status":"closed","ping_status":"closed","template":"","meta":{"footnotes":""},"class_list":["post-2135","page","type-page","status-publish","has-post-thumbnail","hentry"],"_links":{"self":[{"href":"https:\/\/www.bsmn.de\/hotour-badwoerishofen\/wp-json\/wp\/v2\/pages\/2135","targetHints":{"allow":["GET"]}}],"collection":[{"href":"https:\/\/www.bsmn.de\/hotour-badwoerishofen\/wp-json\/wp\/v2\/pages"}],"about":[{"href":"https:\/\/www.bsmn.de\/hotour-badwoerishofen\/wp-json\/wp\/v2\/types\/page"}],"author":[{"embeddable":true,"href":"https:\/\/www.bsmn.de\/hotour-badwoerishofen\/wp-json\/wp\/v2\/users\/2"}],"replies":[{"embeddable":true,"href":"https:\/\/www.bsmn.de\/hotour-badwoerishofen\/wp-json\/wp\/v2\/comments?post=2135"}],"version-history":[{"count":30,"href":"https:\/\/www.bsmn.de\/hotour-badwoerishofen\/wp-json\/wp\/v2\/pages\/2135\/revisions"}],"predecessor-version":[{"id":4095,"href":"https:\/\/www.bsmn.de\/hotour-badwoerishofen\/wp-json\/wp\/v2\/pages\/2135\/revisions\/4095"}],"wp:featuredmedia":[{"embeddable":true,"href":"https:\/\/www.bsmn.de\/hotour-badwoerishofen\/wp-json\/wp\/v2\/media\/2136"}],"wp:attachment":[{"href":"https:\/\/www.bsmn.de\/hotour-badwoerishofen\/wp-json\/wp\/v2\/media?parent=2135"}],"curies":[{"name":"wp","href":"https:\/\/api.w.org\/{rel}","templated":true}]}}