{"id":2133,"date":"2020-06-24T11:45:15","date_gmt":"2020-06-24T09:45:15","guid":{"rendered":"http:\/\/bsmn.neuimweb.de\/hotour-badwoerishofen\/klimaschule\/"},"modified":"2025-01-16T17:45:10","modified_gmt":"2025-01-16T16:45:10","slug":"klimaschule","status":"publish","type":"page","link":"https:\/\/www.bsmn.de\/hotour-badwoerishofen\/klimaschule\/","title":{"rendered":"Klimaschule"},"content":{"rendered":"\n<h2 class=\"wp-block-heading\">Learning-Snacks &#8211; kleine Klimahappen f\u00fcr den Unterricht<\/h2>\n\n\n\n<p>Learning-Snacks, was sind das \u00fcberhaupt? <\/p>\n\n\n\n<div class=\"wp-block-file\"><a id=\"wp-block-file--media-274fe2a7-139f-4115-88b7-ef92bc2e8352\" href=\"https:\/\/www.bsmn.de\/berufsschule-badwoerishofen\/wp-content\/uploads\/sites\/4\/2024\/05\/Konzept-Learningsnacks.pdf\" target=\"_blank\" rel=\"noreferrer noopener\">Konzept Learningsnacks<\/a><\/div>\n\n\n\n<p><a rel=\"noreferrer noopener\" href=\"http:\/\/www.learningsnacks.de\/\" target=\"_blank\">Und hier gelangt ihr zu den Learning-Snacks.<\/a><\/p>\n\n\n\n<p>Betretet die jeweiligen Klassenzimmer und gebt den entsprechenden Zugangscode ein.<br>Die Zugangscodes findet ihr hier!<\/p>\n\n\n\n<div class=\"wp-block-file\"><a id=\"wp-block-file--media-374fb0ad-ed93-46fb-b60a-b10032445c7f\" href=\"https:\/\/www.bsmn.de\/berufsschule-badwoerishofen\/wp-content\/uploads\/sites\/4\/2023\/10\/Link-Learningsnacks.pdf\" target=\"_blank\" rel=\"noreferrer noopener\">Zugang zu den Learningsnacks<\/a><\/div>\n\n\n\n<div style=\"height:30px\" aria-hidden=\"true\" class=\"wp-block-spacer\"><\/div>\n\n\n\n<h2 class=\"wp-block-heading\">Klimaworkshops der Klimabotschafter<\/h2>\n\n\n\n<p><a href=\"https:\/\/www.bsmn.de\/berufsschule-badwoerishofen\/2023\/04\/13\/klimaworkshops\/\" data-type=\"post\" data-id=\"3331\" target=\"_blank\" rel=\"noreferrer noopener\">Infos dazu hier<\/a><\/p>\n\n\n\n<div style=\"height:30px\" aria-hidden=\"true\" class=\"wp-block-spacer\"><\/div>\n\n\n\n<h2 class=\"wp-block-heading\">Viele kleine Puzzleteile zum gro\u00dfen Klimaziel<\/h2>\n\n\n\n<div class=\"wp-block-columns is-layout-flex wp-container-core-columns-is-layout-9d6595d7 wp-block-columns-is-layout-flex\">\n<div class=\"wp-block-column is-layout-flow wp-block-column-is-layout-flow\">\n<figure class=\"wp-block-gallery has-nested-images columns-default is-cropped wp-block-gallery-1 is-layout-flex wp-block-gallery-is-layout-flex\">\n<figure class=\"wp-block-image size-large\"><img fetchpriority=\"high\" decoding=\"async\" width=\"915\" height=\"830\" data-id=\"3799\" src=\"https:\/\/www.bsmn.de\/hotour-badwoerishofen\/wp-content\/uploads\/sites\/6\/2024\/12\/Lavendel.png\" alt=\"\" class=\"wp-image-3799\" srcset=\"https:\/\/www.bsmn.de\/hotour-badwoerishofen\/wp-content\/uploads\/sites\/6\/2024\/12\/Lavendel.png 915w, https:\/\/www.bsmn.de\/hotour-badwoerishofen\/wp-content\/uploads\/sites\/6\/2024\/12\/Lavendel-300x272.png 300w, https:\/\/www.bsmn.de\/hotour-badwoerishofen\/wp-content\/uploads\/sites\/6\/2024\/12\/Lavendel-768x697.png 768w, https:\/\/www.bsmn.de\/hotour-badwoerishofen\/wp-content\/uploads\/sites\/6\/2024\/12\/Lavendel-600x544.png 600w\" sizes=\"(max-width: 915px) 100vw, 915px\" \/><\/figure>\n<\/figure>\n\n\n\n<div class=\"wp-block-file\"><a id=\"wp-block-file--media-f6f55401-12c1-4534-9f52-f1cd6a2f4bd4\" href=\"https:\/\/www.bsmn.de\/hotour-badwoerishofen\/wp-content\/uploads\/sites\/6\/2024\/12\/Lavendel-Salbei.pdf\">Lavendel Salbei<\/a><\/div>\n\n\n\n<h3 class=\"wp-block-heading\">Kr\u00e4utergarten-Plakate<\/h3>\n\n\n\n<p>Vor der Pflanzaktion informierten sich die Sch\u00fcler \u00fcber ihr jeweiliges Kraut, erstellten ein Plakat mit allen wichtigen Infos. Diese Plakate k\u00f6nnen per QR-Code gescannt werden (Sticker an den Kr\u00e4utern) bzw. sind im Schulhaus ausgeh\u00e4ngt.<\/p>\n<\/div>\n\n\n\n<div class=\"wp-block-column is-layout-flow wp-block-column-is-layout-flow\">\n<figure class=\"wp-block-gallery has-nested-images columns-default is-cropped wp-block-gallery-2 is-layout-flex wp-block-gallery-is-layout-flex\">\n<figure class=\"wp-block-image size-full\"><img decoding=\"async\" width=\"2560\" height=\"1920\" data-id=\"3795\" src=\"https:\/\/www.bsmn.de\/berufsschule-badwoerishofen\/wp-content\/uploads\/sites\/4\/2024\/12\/13.05.2024-Pflanzung3-kl-scaled.jpg\" alt=\"\" class=\"wp-image-3795\" srcset=\"https:\/\/www.bsmn.de\/hotour-badwoerishofen\/wp-content\/uploads\/sites\/6\/2024\/12\/13.05.2024-Pflanzung3-kl-scaled.jpg 2560w, https:\/\/www.bsmn.de\/hotour-badwoerishofen\/wp-content\/uploads\/sites\/6\/2024\/12\/13.05.2024-Pflanzung3-kl-scaled-300x225.jpg 300w, https:\/\/www.bsmn.de\/hotour-badwoerishofen\/wp-content\/uploads\/sites\/6\/2024\/12\/13.05.2024-Pflanzung3-kl-scaled-1024x768.jpg 1024w, https:\/\/www.bsmn.de\/hotour-badwoerishofen\/wp-content\/uploads\/sites\/6\/2024\/12\/13.05.2024-Pflanzung3-kl-scaled-768x576.jpg 768w, https:\/\/www.bsmn.de\/hotour-badwoerishofen\/wp-content\/uploads\/sites\/6\/2024\/12\/13.05.2024-Pflanzung3-kl-scaled-1536x1152.jpg 1536w, https:\/\/www.bsmn.de\/hotour-badwoerishofen\/wp-content\/uploads\/sites\/6\/2024\/12\/13.05.2024-Pflanzung3-kl-scaled-2048x1536.jpg 2048w, https:\/\/www.bsmn.de\/hotour-badwoerishofen\/wp-content\/uploads\/sites\/6\/2024\/12\/13.05.2024-Pflanzung3-kl-scaled-600x450.jpg 600w\" sizes=\"(max-width: 2560px) 100vw, 2560px\" \/><\/figure>\n<\/figure>\n\n\n\n<h3 class=\"wp-block-heading\">Kr\u00e4utergarten<\/h3>\n\n\n\n<p>Sch\u00fcler der 10. Klassen legen zwei verschiedene Kr\u00e4uterbeete an. Pflanzen mit h\u00f6herem und niedrigerem Wasserbedarf, unterschiedliche Anspr\u00fcche an den Boden etc. <br>Die Sch\u00fcler lernen den Einsatz von Kr\u00e4utern in ihren Berufen kennen; Nutzen f\u00fcr Insekten und ihre Verwendungsm\u00f6glichkeiten.<\/p>\n<\/div>\n\n\n\n<div class=\"wp-block-column is-layout-flow wp-block-column-is-layout-flow\">\n<figure class=\"wp-block-gallery has-nested-images columns-default is-cropped wp-block-gallery-3 is-layout-flex wp-block-gallery-is-layout-flex\">\n<figure class=\"wp-block-image size-large is-style-default\"><img decoding=\"async\" data-id=\"3794\" src=\"https:\/\/www.bsmn.de\/berufsschule-badwoerishofen\/wp-content\/uploads\/sites\/4\/2024\/12\/20240202_132800kl-scaled-e1737045271488-1024x966.jpg\" alt=\"\" class=\"wp-image-3794\" \/><\/figure>\n<\/figure>\n\n\n\n<h3 class=\"wp-block-heading\">Schulmeisterschaft mit vegetarischem Hauptgang<\/h3>\n\n\n\n<p>Bei den Schulmeisterschaften wurde komplett auf Fleisch verzichtet. Heimische Forelle bzw. vegetarische Zutaten mussten verarbeitet werden. Bewusstsein f\u00fcr eine bessere CO2-Bilanz soll geschaffen werden und nat\u00fcrlich, dass es trotzdem tolle kulinarische Kreationen geben kann.<\/p>\n<\/div>\n<\/div>\n\n\n\n<div class=\"wp-block-columns is-layout-flex wp-container-core-columns-is-layout-9d6595d7 wp-block-columns-is-layout-flex\">\n<div class=\"wp-block-column is-layout-flow wp-block-column-is-layout-flow\">\n<figure class=\"wp-block-gallery has-nested-images columns-default is-cropped wp-block-gallery-4 is-layout-flex wp-block-gallery-is-layout-flex\">\n<figure class=\"wp-block-image size-large\"><img decoding=\"async\" width=\"1019\" height=\"1024\" data-id=\"3797\" src=\"https:\/\/www.bsmn.de\/hotour-badwoerishofen\/wp-content\/uploads\/sites\/6\/2024\/12\/Muellsammelstelle-Klassenzimmer-mit-text-1019x1024.jpg\" alt=\"\" class=\"wp-image-3797\" srcset=\"https:\/\/www.bsmn.de\/hotour-badwoerishofen\/wp-content\/uploads\/sites\/6\/2024\/12\/Muellsammelstelle-Klassenzimmer-mit-text-1019x1024.jpg 1019w, https:\/\/www.bsmn.de\/hotour-badwoerishofen\/wp-content\/uploads\/sites\/6\/2024\/12\/Muellsammelstelle-Klassenzimmer-mit-text-298x300.jpg 298w, https:\/\/www.bsmn.de\/hotour-badwoerishofen\/wp-content\/uploads\/sites\/6\/2024\/12\/Muellsammelstelle-Klassenzimmer-mit-text-150x150.jpg 150w, https:\/\/www.bsmn.de\/hotour-badwoerishofen\/wp-content\/uploads\/sites\/6\/2024\/12\/Muellsammelstelle-Klassenzimmer-mit-text-768x772.jpg 768w, https:\/\/www.bsmn.de\/hotour-badwoerishofen\/wp-content\/uploads\/sites\/6\/2024\/12\/Muellsammelstelle-Klassenzimmer-mit-text-230x230.jpg 230w, https:\/\/www.bsmn.de\/hotour-badwoerishofen\/wp-content\/uploads\/sites\/6\/2024\/12\/Muellsammelstelle-Klassenzimmer-mit-text-600x603.jpg 600w, https:\/\/www.bsmn.de\/hotour-badwoerishofen\/wp-content\/uploads\/sites\/6\/2024\/12\/Muellsammelstelle-Klassenzimmer-mit-text.jpg 1504w\" sizes=\"(max-width: 1019px) 100vw, 1019px\" \/><\/figure>\n<\/figure>\n\n\n\n<h3 class=\"wp-block-heading\">M\u00fclltrennung in allen Klassenzimmern<\/h3>\n\n\n\n<p>In jedem Klassenzimmer steht eine M\u00fclltrennstation. Damit die Sch\u00fcler mit den vielen unterschiedlichen Nationalit\u00e4ten auch verstehen, was wo rein geh\u00f6rt, sind Erkl\u00e4rungen mit Text und Bild an jeder Station angebracht. Die Regelung zur Leerung ist hier ebenfalls nachzulesen.<\/p>\n<\/div>\n\n\n\n<div class=\"wp-block-column is-layout-flow wp-block-column-is-layout-flow\">\n<figure class=\"wp-block-gallery has-nested-images columns-default is-cropped wp-block-gallery-5 is-layout-flex wp-block-gallery-is-layout-flex\">\n<figure class=\"wp-block-image size-large\"><img loading=\"lazy\" decoding=\"async\" width=\"1024\" height=\"920\" data-id=\"3803\" src=\"https:\/\/www.bsmn.de\/hotour-badwoerishofen\/wp-content\/uploads\/sites\/6\/2024\/12\/Stuehle-kl-1024x920.jpg\" alt=\"\" class=\"wp-image-3803\" srcset=\"https:\/\/www.bsmn.de\/hotour-badwoerishofen\/wp-content\/uploads\/sites\/6\/2024\/12\/Stuehle-kl-1024x920.jpg 1024w, https:\/\/www.bsmn.de\/hotour-badwoerishofen\/wp-content\/uploads\/sites\/6\/2024\/12\/Stuehle-kl-300x270.jpg 300w, https:\/\/www.bsmn.de\/hotour-badwoerishofen\/wp-content\/uploads\/sites\/6\/2024\/12\/Stuehle-kl-768x690.jpg 768w, https:\/\/www.bsmn.de\/hotour-badwoerishofen\/wp-content\/uploads\/sites\/6\/2024\/12\/Stuehle-kl-600x539.jpg 600w, https:\/\/www.bsmn.de\/hotour-badwoerishofen\/wp-content\/uploads\/sites\/6\/2024\/12\/Stuehle-kl.jpg 1420w\" sizes=\"(max-width: 1024px) 100vw, 1024px\" \/><\/figure>\n<\/figure>\n\n\n\n<h3 class=\"wp-block-heading\">Upcycling statt neu kaufen<\/h3>\n\n\n\n<p>Die Restaurantst\u00fchle in unserem Kneipp-Restaurant sind ziemlich in die Jahre gekommen. Aber bei genauerem Betrachten stellten wir fest, dass die massiven Holzst\u00fchle gut sind und nur die Polster verschlissen sind. Also, neu gepolstert und Holzstuhl weiter genutzt!<\/p>\n<\/div>\n\n\n\n<div class=\"wp-block-column is-layout-flow wp-block-column-is-layout-flow\">\n<figure class=\"wp-block-image size-large\"><img loading=\"lazy\" decoding=\"async\" width=\"1024\" height=\"768\" src=\"https:\/\/www.bsmn.de\/hotour-badwoerishofen\/wp-content\/uploads\/sites\/6\/2025\/01\/Werbung_Kopenhagen-1024x768.jpg\" alt=\"\" class=\"wp-image-3822\" srcset=\"https:\/\/www.bsmn.de\/hotour-badwoerishofen\/wp-content\/uploads\/sites\/6\/2025\/01\/Werbung_Kopenhagen-1024x768.jpg 1024w, https:\/\/www.bsmn.de\/hotour-badwoerishofen\/wp-content\/uploads\/sites\/6\/2025\/01\/Werbung_Kopenhagen-300x225.jpg 300w, https:\/\/www.bsmn.de\/hotour-badwoerishofen\/wp-content\/uploads\/sites\/6\/2025\/01\/Werbung_Kopenhagen-768x576.jpg 768w, https:\/\/www.bsmn.de\/hotour-badwoerishofen\/wp-content\/uploads\/sites\/6\/2025\/01\/Werbung_Kopenhagen-1536x1152.jpg 1536w, https:\/\/www.bsmn.de\/hotour-badwoerishofen\/wp-content\/uploads\/sites\/6\/2025\/01\/Werbung_Kopenhagen-600x450.jpg 600w, https:\/\/www.bsmn.de\/hotour-badwoerishofen\/wp-content\/uploads\/sites\/6\/2025\/01\/Werbung_Kopenhagen.jpg 2016w\" sizes=\"(max-width: 1024px) 100vw, 1024px\" \/><\/figure>\n\n\n\n<h3 class=\"wp-block-heading\">Nachhaltig international unterwegs &#8211; Kopenhagen<\/h3>\n\n\n\n<p>Unsere 14-t\u00e4gige Erasmus-Fahrt f\u00fchrt die Sch\u00fclerinnen und Sch\u00fcler bewusst nach Kopenhagen. In dieser Zeit arbeiten die Sch\u00fcler in Hotels und haben Beobachtungsauftr\u00e4ge zum Thema Nachhaltigkeit. In ausf\u00fchrlichen Portfolios und Collagen werden die Eindr\u00fccke beim Nachbereitungstreffen vorgestellt und reflektiert.<\/p>\n<\/div>\n<\/div>\n\n\n\n<div class=\"wp-block-columns is-layout-flex wp-container-core-columns-is-layout-9d6595d7 wp-block-columns-is-layout-flex\">\n<div class=\"wp-block-column is-layout-flow wp-block-column-is-layout-flow\">\n<figure class=\"wp-block-image size-full is-resized\"><img loading=\"lazy\" decoding=\"async\" width=\"543\" height=\"637\" src=\"https:\/\/www.bsmn.de\/hotour-badwoerishofen\/wp-content\/uploads\/sites\/6\/2025\/01\/Learningsnackes2.png\" alt=\"\" class=\"wp-image-3820\" style=\"width:274px;height:auto\" srcset=\"https:\/\/www.bsmn.de\/hotour-badwoerishofen\/wp-content\/uploads\/sites\/6\/2025\/01\/Learningsnackes2.png 543w, https:\/\/www.bsmn.de\/hotour-badwoerishofen\/wp-content\/uploads\/sites\/6\/2025\/01\/Learningsnackes2-256x300.png 256w\" sizes=\"(max-width: 543px) 100vw, 543px\" \/><\/figure>\n\n\n\n<h3 class=\"wp-block-heading\">Learning-Snacks &#8211; kleine Klimahappen f\u00fcr den Unterricht<\/h3>\n\n\n\n<p><a href=\"https:\/\/www.bsmn.de\/berufsschule-badwoerishofen\/klimaschule\/\" target=\"_blank\" rel=\"noreferrer noopener\">https:\/\/www.bsmn.de\/berufsschule-badwoerishofen\/klimaschule\/<\/a> Ein Learning-Snack pro Woche  informiert die Sch\u00fcler \u00fcber aktuelle, unterschiedliche Themen rund um das Thema &#8222;Klimaschutz&#8220;.<\/p>\n<\/div>\n\n\n\n<div class=\"wp-block-column is-layout-flow wp-block-column-is-layout-flow\">\n<figure class=\"wp-block-image size-full\"><img loading=\"lazy\" decoding=\"async\" width=\"2560\" height=\"1707\" src=\"https:\/\/www.bsmn.de\/berufsschule-badwoerishofen\/wp-content\/uploads\/sites\/4\/2025\/01\/Klimabotschafter1-scaled.jpg\" alt=\"\" class=\"wp-image-3819\" srcset=\"https:\/\/www.bsmn.de\/hotour-badwoerishofen\/wp-content\/uploads\/sites\/6\/2025\/01\/Klimabotschafter1-scaled.jpg 2560w, https:\/\/www.bsmn.de\/hotour-badwoerishofen\/wp-content\/uploads\/sites\/6\/2025\/01\/Klimabotschafter1-scaled-300x200.jpg 300w, https:\/\/www.bsmn.de\/hotour-badwoerishofen\/wp-content\/uploads\/sites\/6\/2025\/01\/Klimabotschafter1-scaled-1024x683.jpg 1024w, https:\/\/www.bsmn.de\/hotour-badwoerishofen\/wp-content\/uploads\/sites\/6\/2025\/01\/Klimabotschafter1-scaled-768x512.jpg 768w, https:\/\/www.bsmn.de\/hotour-badwoerishofen\/wp-content\/uploads\/sites\/6\/2025\/01\/Klimabotschafter1-scaled-1536x1024.jpg 1536w, https:\/\/www.bsmn.de\/hotour-badwoerishofen\/wp-content\/uploads\/sites\/6\/2025\/01\/Klimabotschafter1-scaled-2048x1366.jpg 2048w, https:\/\/www.bsmn.de\/hotour-badwoerishofen\/wp-content\/uploads\/sites\/6\/2025\/01\/Klimabotschafter1-scaled-600x400.jpg 600w\" sizes=\"(max-width: 2560px) 100vw, 2560px\" \/><\/figure>\n\n\n\n<h3 class=\"wp-block-heading\">Klimabotschafter-Workshop<\/h3>\n\n\n\n<p>Die beiden Klimabotschafter jeder Klasse nehmen am Workshop teil und geben die Informationen an ihre Klassen weiter. Sie achten auf und weisen ihre Mitsch\u00fcler zuk\u00fcnftig auch auf umweltbewussteres Verhalten in der Klasse hin.<\/p>\n<\/div>\n\n\n\n<div class=\"wp-block-column is-layout-flow wp-block-column-is-layout-flow\">\n<figure class=\"wp-block-image size-large is-resized\"><img loading=\"lazy\" decoding=\"async\" width=\"1024\" height=\"768\" src=\"https:\/\/www.bsmn.de\/hotour-badwoerishofen\/wp-content\/uploads\/sites\/6\/2025\/01\/Strom_mit_on_off_Schalter-1024x768.jpg\" alt=\"\" class=\"wp-image-3828\" style=\"width:274px;height:auto\" srcset=\"https:\/\/www.bsmn.de\/hotour-badwoerishofen\/wp-content\/uploads\/sites\/6\/2025\/01\/Strom_mit_on_off_Schalter-1024x768.jpg 1024w, https:\/\/www.bsmn.de\/hotour-badwoerishofen\/wp-content\/uploads\/sites\/6\/2025\/01\/Strom_mit_on_off_Schalter-300x225.jpg 300w, https:\/\/www.bsmn.de\/hotour-badwoerishofen\/wp-content\/uploads\/sites\/6\/2025\/01\/Strom_mit_on_off_Schalter-768x576.jpg 768w, https:\/\/www.bsmn.de\/hotour-badwoerishofen\/wp-content\/uploads\/sites\/6\/2025\/01\/Strom_mit_on_off_Schalter-1536x1152.jpg 1536w, https:\/\/www.bsmn.de\/hotour-badwoerishofen\/wp-content\/uploads\/sites\/6\/2025\/01\/Strom_mit_on_off_Schalter-600x450.jpg 600w, https:\/\/www.bsmn.de\/hotour-badwoerishofen\/wp-content\/uploads\/sites\/6\/2025\/01\/Strom_mit_on_off_Schalter.jpg 2016w\" sizes=\"(max-width: 1024px) 100vw, 1024px\" \/><\/figure>\n\n\n\n<h3 class=\"wp-block-heading\">Strom sparen im Klassenzimmer<\/h3>\n\n\n\n<p>In den Klassenzimmern sind alle PCs und die interaktive Tafel an diese Kippschalter-Steckleiste angeschlossen. Der oder die Letzte am Tag schaltet hier alles zentral aus, um den Standby-Modus der Ger\u00e4te zu unterbrechen.<\/p>\n<\/div>\n<\/div>\n\n\n\n<div class=\"wp-block-columns is-layout-flex wp-container-core-columns-is-layout-9d6595d7 wp-block-columns-is-layout-flex\">\n<div class=\"wp-block-column is-layout-flow wp-block-column-is-layout-flow\">\n<figure class=\"wp-block-image size-large\"><img loading=\"lazy\" decoding=\"async\" width=\"1024\" height=\"1000\" src=\"https:\/\/www.bsmn.de\/hotour-badwoerishofen\/wp-content\/uploads\/sites\/6\/2025\/01\/Lampe_mit_LED_aufladbarges-1024x1000.jpg\" alt=\"\" class=\"wp-image-3827\" srcset=\"https:\/\/www.bsmn.de\/hotour-badwoerishofen\/wp-content\/uploads\/sites\/6\/2025\/01\/Lampe_mit_LED_aufladbarges-1024x1000.jpg 1024w, https:\/\/www.bsmn.de\/hotour-badwoerishofen\/wp-content\/uploads\/sites\/6\/2025\/01\/Lampe_mit_LED_aufladbarges-300x293.jpg 300w, https:\/\/www.bsmn.de\/hotour-badwoerishofen\/wp-content\/uploads\/sites\/6\/2025\/01\/Lampe_mit_LED_aufladbarges-768x750.jpg 768w, https:\/\/www.bsmn.de\/hotour-badwoerishofen\/wp-content\/uploads\/sites\/6\/2025\/01\/Lampe_mit_LED_aufladbarges-600x586.jpg 600w, https:\/\/www.bsmn.de\/hotour-badwoerishofen\/wp-content\/uploads\/sites\/6\/2025\/01\/Lampe_mit_LED_aufladbarges.jpg 1512w\" sizes=\"(max-width: 1024px) 100vw, 1024px\" \/><\/figure>\n\n\n\n<h3 class=\"wp-block-heading\">Aufladbare Leuchten statt Wachskerzen<\/h3>\n\n\n\n<p>Statt immer wieder neue Wachskerzen zu kaufen haben wir aufladbare Leuchten f\u00fcr die Restaurants gekauft. Auch hier sparen wir Ressourcen und Geld!<\/p>\n<\/div>\n\n\n\n<div class=\"wp-block-column is-layout-flow wp-block-column-is-layout-flow\">\n<figure class=\"wp-block-image size-full\"><img decoding=\"async\" src=\"https:\/\/www.bsmn.de\/berufsschule-badwoerishofen\/wp-content\/uploads\/sites\/4\/2024\/11\/20240704_125522-ges-scaled.jpg\" alt=\"\" class=\"wp-image-4187\" \/><\/figure>\n\n\n\n<h3 class=\"wp-block-heading\">Nachhaltiges, internationales Schulfest<\/h3>\n\n\n\n<p>Die Idee zum Schulfest entstand im Rahmen der Nachbereitung des Kopenhagen Aufenthalts (erasmus+). Ein Vortrag zum Thema Nachhaltigkeit\/Klimaschutz in der Gastronomie umrahmte das Schulfest. <\/p>\n<\/div>\n\n\n\n<div class=\"wp-block-column is-layout-flow wp-block-column-is-layout-flow\">\n<figure class=\"wp-block-image size-large\"><img loading=\"lazy\" decoding=\"async\" width=\"1024\" height=\"768\" src=\"https:\/\/www.bsmn.de\/hotour-badwoerishofen\/wp-content\/uploads\/sites\/6\/2025\/01\/Treppenstufe-1024x768.jpg\" alt=\"\" class=\"wp-image-3825\" srcset=\"https:\/\/www.bsmn.de\/hotour-badwoerishofen\/wp-content\/uploads\/sites\/6\/2025\/01\/Treppenstufe-1024x768.jpg 1024w, https:\/\/www.bsmn.de\/hotour-badwoerishofen\/wp-content\/uploads\/sites\/6\/2025\/01\/Treppenstufe-300x225.jpg 300w, https:\/\/www.bsmn.de\/hotour-badwoerishofen\/wp-content\/uploads\/sites\/6\/2025\/01\/Treppenstufe-768x576.jpg 768w, https:\/\/www.bsmn.de\/hotour-badwoerishofen\/wp-content\/uploads\/sites\/6\/2025\/01\/Treppenstufe-1536x1152.jpg 1536w, https:\/\/www.bsmn.de\/hotour-badwoerishofen\/wp-content\/uploads\/sites\/6\/2025\/01\/Treppenstufe-600x450.jpg 600w, https:\/\/www.bsmn.de\/hotour-badwoerishofen\/wp-content\/uploads\/sites\/6\/2025\/01\/Treppenstufe.jpg 2016w\" sizes=\"(max-width: 1024px) 100vw, 1024px\" \/><\/figure>\n\n\n\n<h3 class=\"wp-block-heading\">UN-Nachhaltigkeitsziele sichtbar machen<\/h3>\n\n\n\n<p>Die UN-Nachhaltigkeitsziele sind in den beiden Treppenh\u00e4usern f\u00fcr alle sichtbar angebracht. Anhand des angebrachten QR-Codes k\u00f6nnen sich die Betrachter weiter informieren.<\/p>\n<\/div>\n<\/div>\n\n\n\n<div class=\"wp-block-columns is-layout-flex wp-container-core-columns-is-layout-9d6595d7 wp-block-columns-is-layout-flex\">\n<div class=\"wp-block-column is-layout-flow wp-block-column-is-layout-flow\">\n<h3 class=\"wp-block-heading\">Bei uns ist es dunkel!<\/h3>\n\n\n\n<p>Treppenh\u00e4user und Flure sind au\u00dferhalb der Anfangszeit (7.30 &#8211; 8.00 Uhr) und der Fr\u00fchst\u00fcckspause (10.00 &#8211; 10.40 Uhr) dunkel. Wer es heller mag, darf einfach einen Lichtschalter dr\u00fccken ;). So sparen wir jede Menge Strom. Und \u00fcbrigens ganz nebenbei auch noch ziemlich viel Geld!<\/p>\n<\/div>\n\n\n\n<div class=\"wp-block-column is-layout-flow wp-block-column-is-layout-flow\">\n<h3 class=\"wp-block-heading\">Reduzierung des Fleischkonsums in der Mensa<\/h3>\n\n\n\n<p>Die Zahl der Fleischmahlzeiten in der Mensa ist reduziert worden, hin zu zwei rein vegetarischen Mittagsmahlzeiten pro Woche.<\/p>\n<\/div>\n\n\n\n<div class=\"wp-block-column is-layout-flow wp-block-column-is-layout-flow\"><\/div>\n<\/div>\n\n\n\n<div style=\"height:30px\" aria-hidden=\"true\" class=\"wp-block-spacer\"><\/div>\n\n\n\n<h2 class=\"wp-block-heading\">Im Folgenden sehen Sie unseren Weg zu Klimaschule.<\/h2>\n\n\n\n<p><a rel=\"noreferrer noopener\" href=\"https:\/\/www.bsmn.de\/klimaschule\/\" data-type=\"URL\" data-id=\"https:\/\/www.bsmn.de\/klimaschule\/\" target=\"_blank\">Alle detaillierten Infos zum Nachlesen finden sich hier!<\/a><\/p>\n\n\n\n<div style=\"height:30px\" aria-hidden=\"true\" class=\"wp-block-spacer\"><\/div>\n\n\n\n<h2 class=\"wp-block-heading\">Wir sind Klimaschule GOLD &#8211; Bayern<\/h2>\n\n\n\n<div class=\"wp-block-columns is-layout-flex wp-container-core-columns-is-layout-9d6595d7 wp-block-columns-is-layout-flex\">\n<div class=\"wp-block-column is-layout-flow wp-block-column-is-layout-flow\">\n<figure class=\"wp-block-image size-full\"><img loading=\"lazy\" decoding=\"async\" width=\"1024\" height=\"724\" src=\"https:\/\/www.bsmn.de\/hotour-badwoerishofen\/wp-content\/uploads\/sites\/6\/2022\/11\/2022_09_28-Klimaschule-gold-Schild-1.jpg\" alt=\"\" class=\"wp-image-3174\" srcset=\"https:\/\/www.bsmn.de\/hotour-badwoerishofen\/wp-content\/uploads\/sites\/6\/2022\/11\/2022_09_28-Klimaschule-gold-Schild-1.jpg 1024w, https:\/\/www.bsmn.de\/hotour-badwoerishofen\/wp-content\/uploads\/sites\/6\/2022\/11\/2022_09_28-Klimaschule-gold-Schild-1-300x212.jpg 300w, https:\/\/www.bsmn.de\/hotour-badwoerishofen\/wp-content\/uploads\/sites\/6\/2022\/11\/2022_09_28-Klimaschule-gold-Schild-1-768x543.jpg 768w, https:\/\/www.bsmn.de\/hotour-badwoerishofen\/wp-content\/uploads\/sites\/6\/2022\/11\/2022_09_28-Klimaschule-gold-Schild-1-600x424.jpg 600w\" sizes=\"(max-width: 1024px) 100vw, 1024px\" \/><\/figure>\n<\/div>\n\n\n\n<div class=\"wp-block-column is-layout-flow wp-block-column-is-layout-flow\">\n<figure class=\"wp-block-image size-large\"><img decoding=\"async\" src=\"https:\/\/www.bsmn.de\/hotour-badwoerishofen\/wp-content\/uploads\/sites\/6\/2022\/11\/2022_09_28-Klimaschule-gold-1024x640.jpg\" alt=\"\" class=\"wp-image-3169\" \/><figcaption class=\"wp-element-caption\">Foto: Tobias Hase \/ stmuk<\/figcaption><\/figure>\n<\/div>\n<\/div>\n\n\n\n<p>Auszeichnungsveranstaltung Klimaschule Bayern und Bayerischer Klimameister 2022 am 28.09.2022 im Schloss Nymphenburg in M\u00fcnchen. Thorsten Glauber (l), Bayerischer Umweltminister und Prof. Dr. Michael Piazolo (r), Bayerischer Kultusminister zusammen mit Vertretern der Staatlichen Berufsschule Mindelheim. Die staatliche Berufsschule Mindelheim wurde als Klimameister und als Klimaschule Bayern GOLD ausgezeichnet. <br>Foto: Tobias Hase \/ stmuk<\/p>\n\n\n\n<div style=\"height:30px\" aria-hidden=\"true\" class=\"wp-block-spacer\"><\/div>\n\n\n\n<figure class=\"wp-block-image size-large\"><img decoding=\"async\" src=\"https:\/\/www.bsmn.de\/berufsschule-badwoerishofen\/wp-content\/uploads\/sites\/4\/2021\/01\/Klimaschule-2_.jpg\" alt=\"\" class=\"wp-image-1655\" \/><\/figure>\n\n\n\n<figure class=\"wp-block-image size-large\"><img decoding=\"async\" src=\"https:\/\/www.bsmn.de\/berufsschule-badwoerishofen\/wp-content\/uploads\/sites\/4\/2021\/01\/Klimaschule-3_.jpg\" alt=\"\" class=\"wp-image-1656\" \/><\/figure>\n\n\n\n<figure class=\"wp-block-image size-large\"><img decoding=\"async\" src=\"https:\/\/www.bsmn.de\/berufsschule-badwoerishofen\/wp-content\/uploads\/sites\/4\/2021\/01\/Klimaschule-1_.jpg\" alt=\"\" class=\"wp-image-1654\" \/><\/figure>\n\n\n\n<p><\/p>\n","protected":false},"excerpt":{"rendered":"<p>Learning-Snacks &#8211; kleine Klimahappen f\u00fcr den Unterricht Learning-Snacks, was sind das \u00fcberhaupt? Und hier gelangt ihr zu den Learning-Snacks. Betretet die jeweiligen Klassenzimmer und gebt den entsprechenden Zugangscode ein.Die Zugangscodes findet ihr hier! Klimaworkshops der Klimabotschafter Infos dazu hier Viele kleine Puzzleteile zum gro\u00dfen Klimaziel Kr\u00e4utergarten-Plakate Vor der Pflanzaktion informierten sich die Sch\u00fcler \u00fcber ihr [&hellip;]<\/p>\n","protected":false},"author":2,"featured_media":2134,"parent":0,"menu_order":0,"comment_status":"closed","ping_status":"closed","template":"","meta":{"footnotes":""},"class_list":["post-2133","page","type-page","status-publish","has-post-thumbnail","hentry"],"_links":{"self":[{"href":"https:\/\/www.bsmn.de\/hotour-badwoerishofen\/wp-json\/wp\/v2\/pages\/2133","targetHints":{"allow":["GET"]}}],"collection":[{"href":"https:\/\/www.bsmn.de\/hotour-badwoerishofen\/wp-json\/wp\/v2\/pages"}],"about":[{"href":"https:\/\/www.bsmn.de\/hotour-badwoerishofen\/wp-json\/wp\/v2\/types\/page"}],"author":[{"embeddable":true,"href":"https:\/\/www.bsmn.de\/hotour-badwoerishofen\/wp-json\/wp\/v2\/users\/2"}],"replies":[{"embeddable":true,"href":"https:\/\/www.bsmn.de\/hotour-badwoerishofen\/wp-json\/wp\/v2\/comments?post=2133"}],"version-history":[{"count":108,"href":"https:\/\/www.bsmn.de\/hotour-badwoerishofen\/wp-json\/wp\/v2\/pages\/2133\/revisions"}],"predecessor-version":[{"id":3940,"href":"https:\/\/www.bsmn.de\/hotour-badwoerishofen\/wp-json\/wp\/v2\/pages\/2133\/revisions\/3940"}],"wp:featuredmedia":[{"embeddable":true,"href":"https:\/\/www.bsmn.de\/hotour-badwoerishofen\/wp-json\/wp\/v2\/media\/2134"}],"wp:attachment":[{"href":"https:\/\/www.bsmn.de\/hotour-badwoerishofen\/wp-json\/wp\/v2\/media?parent=2133"}],"curies":[{"name":"wp","href":"https:\/\/api.w.org\/{rel}","templated":true}]}}