{"id":2123,"date":"2020-06-24T11:40:04","date_gmt":"2020-06-24T09:40:04","guid":{"rendered":"http:\/\/bsmn.neuimweb.de\/hotour-badwoerishofen\/jugendsozialarbeit\/"},"modified":"2025-12-09T15:24:39","modified_gmt":"2025-12-09T14:24:39","slug":"jugendsozialarbeit","status":"publish","type":"page","link":"https:\/\/www.bsmn.de\/hotour-badwoerishofen\/jugendsozialarbeit\/","title":{"rendered":"Jugendsozialarbeit"},"content":{"rendered":"\n<div class=\"wp-block-columns is-layout-flex wp-container-core-columns-is-layout-9d6595d7 wp-block-columns-is-layout-flex\">\n<div class=\"wp-block-column is-layout-flow wp-block-column-is-layout-flow\" style=\"flex-basis:25%\">\n<figure class=\"wp-block-image size-large is-resized\"><img fetchpriority=\"high\" decoding=\"async\" width=\"710\" height=\"1024\" src=\"https:\/\/www.bsmn.de\/hotour-badwoerishofen\/wp-content\/uploads\/sites\/6\/2024\/10\/20241016_114615-710x1024.jpg\" alt=\"\" class=\"wp-image-3701\" style=\"width:158px;height:auto\" srcset=\"https:\/\/www.bsmn.de\/hotour-badwoerishofen\/wp-content\/uploads\/sites\/6\/2024\/10\/20241016_114615-710x1024.jpg 710w, https:\/\/www.bsmn.de\/hotour-badwoerishofen\/wp-content\/uploads\/sites\/6\/2024\/10\/20241016_114615-208x300.jpg 208w, https:\/\/www.bsmn.de\/hotour-badwoerishofen\/wp-content\/uploads\/sites\/6\/2024\/10\/20241016_114615-768x1108.jpg 768w, https:\/\/www.bsmn.de\/hotour-badwoerishofen\/wp-content\/uploads\/sites\/6\/2024\/10\/20241016_114615-1065x1536.jpg 1065w, https:\/\/www.bsmn.de\/hotour-badwoerishofen\/wp-content\/uploads\/sites\/6\/2024\/10\/20241016_114615-600x865.jpg 600w, https:\/\/www.bsmn.de\/hotour-badwoerishofen\/wp-content\/uploads\/sites\/6\/2024\/10\/20241016_114615.jpg 1384w\" sizes=\"(max-width: 710px) 100vw, 710px\" \/><\/figure>\n<\/div>\n\n\n\n<div class=\"wp-block-column is-layout-flow wp-block-column-is-layout-flow\" style=\"flex-basis:50%\"><\/div>\n\n\n\n<div class=\"wp-block-column is-layout-flow wp-block-column-is-layout-flow\" style=\"flex-basis:25%\">\n<figure class=\"wp-block-gallery has-nested-images columns-default is-cropped wp-block-gallery-1 is-layout-flex wp-block-gallery-is-layout-flex\">\n<figure class=\"wp-block-image size-large\"><img decoding=\"async\" data-id=\"3321\" src=\"https:\/\/www.bsmn.de\/hotour-badwoerishofen\/wp-content\/uploads\/sites\/6\/2023\/03\/grafik-3-970x1024.png\" alt=\"\" class=\"wp-image-21221\" \/><\/figure>\n\n\n\n<figure class=\"wp-block-image size-large\"><img decoding=\"async\" data-id=\"3323\" src=\"https:\/\/www.bsmn.de\/hotour-badwoerishofen\/wp-content\/uploads\/sites\/6\/2023\/03\/grafik-1.png\" alt=\"\" class=\"wp-image-21223\" \/><\/figure>\n<\/figure>\n<\/div>\n<\/div>\n\n\n\n<h3 class=\"wp-block-heading\"><strong>Oliver Sailer<\/strong><\/h3>\n\n\n\n<p><strong>Telefonnummer:<\/strong> 08247 9671-208<br><strong>E-mail:<\/strong> <a href=\"mailto:Oliver.Sailer@bsbadw.de\" data-type=\"link\" data-id=\"Oliver.Sailer@bsbadw.de\">Oliver.Sailer@bsbadw.de<\/a><\/p>\n\n\n\n<h3 class=\"wp-block-heading\"><\/h3>\n\n\n\n<p>Das Angebot der Jugendsozialarbeit an Schulen (JaS) unter der Tr\u00e4gerschaft des SKM (Verein f\u00fcr soziale Dienste, Memmingen und Unterallg\u00e4u e.V.) ist eine Jugendhilfeleistung in der Schule.<\/p>\n\n\n\n<h3 class=\"wp-block-heading\"><strong>Ich berate und unterst\u00fctze Euch&#8230;<\/strong><\/h3>\n\n\n\n<ul class=\"wp-block-list\">\n<li>bei pers\u00f6nlichen Problemen und in akuten Krisen<\/li>\n\n\n\n<li>bei Schwierigkeiten in der Ausbildung<\/li>\n\n\n\n<li>im Umgang mit Beh\u00f6rden\/\u00c4mtern<\/li>\n\n\n\n<li>bei Konflikten, Mobbing und Themen rund um die Klassengemeinschaft<\/li>\n\n\n\n<li>Vernetzung mit: Beratungsstellen, Beh\u00f6rden\/\u00c4mtern, \u00c4rzten und Therapeuten<\/li>\n<\/ul>\n\n\n\n<p>Der Jugendsozialarbeiter ist Ansprechpartner f\u00fcr Sch\u00fcler, Lehrer, Eltern und Betriebe. Jugendsozialarbeit an Schulen soll Sch\u00fclerinnen und Sch\u00fcler in Ihrer Pers\u00f6nlichkeitsentwicklung unterst\u00fctzen und f\u00f6rdern und zu einem guten Schulklima beitragen, so dass sich alle Mitglieder der Schulgemeinschaft an unserer Schule wohlf\u00fchlen.<\/p>\n\n\n\n<p><strong>Sprechzeiten:<br>Kernzeiten:<\/strong><br>Montag bis Donnerstag von 10:00 Uhr bis 13:00 Uhr<\/p>\n\n\n\n<p><strong>Termine au\u00dferhalb der Kernzeiten sind <u>nach Vereinbarung<\/u> gerne m\u00f6glich!<\/strong><\/p>\n\n\n\n<p><strong>Die Beratung ist freiwillig, kostenlos und unterliegt der Schweigepflicht!<\/strong><\/p>\n\n\n\n<div class=\"wp-block-file\"><a id=\"wp-block-file--media-01cec32a-816b-46cf-b268-6fb29a8da8d8\" href=\"https:\/\/www.bsmn.de\/berufsschule-badwoerishofen\/wp-content\/uploads\/sites\/4\/2025\/09\/Beratungsteam_bad-woerishofen_flyer-2025.pdf\" target=\"_blank\" rel=\"noreferrer noopener\">Beratungsteam BW<\/a><\/div>\n\n\n\n<p><\/p>\n\n\n\n<\/p>\n<p>\n\n\n<\/p>\n\n\n<p><\/p>\n","protected":false},"excerpt":{"rendered":"<p>Oliver Sailer Telefonnummer: 08247 9671-208E-mail: Oliver.Sailer@bsbadw.de Das Angebot der Jugendsozialarbeit an Schulen (JaS) unter der Tr\u00e4gerschaft des SKM (Verein f\u00fcr soziale Dienste, Memmingen und Unterallg\u00e4u e.V.) ist eine Jugendhilfeleistung in der Schule. Ich berate und unterst\u00fctze Euch&#8230; Der Jugendsozialarbeiter ist Ansprechpartner f\u00fcr Sch\u00fcler, Lehrer, Eltern und Betriebe. Jugendsozialarbeit an Schulen soll Sch\u00fclerinnen und Sch\u00fcler in [&hellip;]<\/p>\n","protected":false},"author":2,"featured_media":2122,"parent":0,"menu_order":0,"comment_status":"closed","ping_status":"closed","template":"","meta":{"footnotes":""},"class_list":["post-2123","page","type-page","status-publish","has-post-thumbnail","hentry"],"publishpress_future_action":{"enabled":false,"date":"2026-04-16 11:36:55","action":"change-status","newStatus":"draft","terms":[],"taxonomy":"","extraData":[]},"publishpress_future_workflow_manual_trigger":{"enabledWorkflows":[]},"_links":{"self":[{"href":"https:\/\/www.bsmn.de\/hotour-badwoerishofen\/wp-json\/wp\/v2\/pages\/2123","targetHints":{"allow":["GET"]}}],"collection":[{"href":"https:\/\/www.bsmn.de\/hotour-badwoerishofen\/wp-json\/wp\/v2\/pages"}],"about":[{"href":"https:\/\/www.bsmn.de\/hotour-badwoerishofen\/wp-json\/wp\/v2\/types\/page"}],"author":[{"embeddable":true,"href":"https:\/\/www.bsmn.de\/hotour-badwoerishofen\/wp-json\/wp\/v2\/users\/2"}],"replies":[{"embeddable":true,"href":"https:\/\/www.bsmn.de\/hotour-badwoerishofen\/wp-json\/wp\/v2\/comments?post=2123"}],"version-history":[{"count":77,"href":"https:\/\/www.bsmn.de\/hotour-badwoerishofen\/wp-json\/wp\/v2\/pages\/2123\/revisions"}],"predecessor-version":[{"id":4288,"href":"https:\/\/www.bsmn.de\/hotour-badwoerishofen\/wp-json\/wp\/v2\/pages\/2123\/revisions\/4288"}],"wp:featuredmedia":[{"embeddable":true,"href":"https:\/\/www.bsmn.de\/hotour-badwoerishofen\/wp-json\/wp\/v2\/media\/2122"}],"wp:attachment":[{"href":"https:\/\/www.bsmn.de\/hotour-badwoerishofen\/wp-json\/wp\/v2\/media?parent=2123"}],"curies":[{"name":"wp","href":"https:\/\/api.w.org\/{rel}","templated":true}]}}