{"id":2118,"date":"2020-06-24T11:08:34","date_gmt":"2020-06-24T10:08:34","guid":{"rendered":"http:\/\/bsmn.neuimweb.de\/hotour-badwoerishofen\/kontakt\/"},"modified":"2025-01-13T16:19:32","modified_gmt":"2025-01-13T15:19:32","slug":"kontakt","status":"publish","type":"page","link":"https:\/\/www.bsmn.de\/hotour-badwoerishofen\/kontakt\/","title":{"rendered":"Kontakt"},"content":{"rendered":"\t\t<div data-elementor-type=\"wp-page\" data-elementor-id=\"2118\" class=\"elementor elementor-2118\" data-elementor-post-type=\"page\">\n\t\t\t\t\t\t<section class=\"elementor-section elementor-top-section elementor-element elementor-element-d8978fc elementor-section-boxed elementor-section-height-default elementor-section-height-default\" data-id=\"d8978fc\" data-element_type=\"section\" data-e-type=\"section\">\n\t\t\t\t\t\t<div class=\"elementor-container elementor-column-gap-default\">\n\t\t\t\t\t<div class=\"elementor-column elementor-col-50 elementor-top-column elementor-element elementor-element-5e79c76\" data-id=\"5e79c76\" data-element_type=\"column\" data-e-type=\"column\">\n\t\t\t<div class=\"elementor-widget-wrap elementor-element-populated\">\n\t\t\t\t\t\t<div class=\"elementor-element elementor-element-271c0d6 elementor-widget elementor-widget-text-editor\" data-id=\"271c0d6\" data-element_type=\"widget\" data-e-type=\"widget\" data-widget_type=\"text-editor.default\">\n\t\t\t\t<div class=\"elementor-widget-container\">\n\t\t\t\t\t\t\t\t\t<h2 class=\"ce_headline\">Kontakt<\/h2><div class=\"ce_text block\"><p><strong>Hausanschrift:<\/strong><br \/>Staatliche Berufsfachschule f\u00fcr Assistenten<br \/>f\u00fcr Hotel- und Tourismusmanagement<br \/>Oststra\u00dfe 38<br \/>86825 Bad W\u00f6rishofen<\/p><p><strong>Telefon: <\/strong>08247 9671-0<strong><br \/>Email: <\/strong><a href=\"mailto:verwaltung@bsbadw.de\">verwaltung@bsbadw.de<\/a><\/p><p><strong>Postanschrift:<br \/><\/strong>Staatliche Berufsfachschule f\u00fcr Assistenten<br \/>f\u00fcr Hotel- und Tourismusmanagement<br \/>Postfach 1745<br \/>86820 Bad W\u00f6rishofen<\/p><\/div>\t\t\t\t\t\t\t\t<\/div>\n\t\t\t\t<\/div>\n\t\t\t\t\t<\/div>\n\t\t<\/div>\n\t\t\t\t<div class=\"elementor-column elementor-col-50 elementor-top-column elementor-element elementor-element-153ee67\" data-id=\"153ee67\" data-element_type=\"column\" data-e-type=\"column\">\n\t\t\t<div class=\"elementor-widget-wrap elementor-element-populated\">\n\t\t\t\t\t\t<div class=\"elementor-element elementor-element-9cfedd3 elementor-widget elementor-widget-text-editor\" data-id=\"9cfedd3\" data-element_type=\"widget\" data-e-type=\"widget\" data-widget_type=\"text-editor.default\">\n\t\t\t\t<div class=\"elementor-widget-container\">\n\t\t\t\t\t\t\t\t\t<h2>\u00d6ffnungszeiten des Sekretariats<\/h2><p><strong>Montag, Dienstag, Mittwoch: <\/strong><\/p><p>07:30 Uhr bis 11:40 Uhr und 13:00 Uhr bis 16:00 Uhr<\/p><p><strong>Donnerstag, Freitag:<\/strong> 07:30 Uhr bis 11:40 Uhr<\/p>\t\t\t\t\t\t\t\t<\/div>\n\t\t\t\t<\/div>\n\t\t\t\t\t<\/div>\n\t\t<\/div>\n\t\t\t\t\t<\/div>\n\t\t<\/section>\n\t\t\t\t<\/div>\n\t\t","protected":false},"excerpt":{"rendered":"<p>Kontakt Hausanschrift:Staatliche Berufsfachschule f\u00fcr Assistentenf\u00fcr Hotel- und TourismusmanagementOststra\u00dfe 3886825 Bad W\u00f6rishofen Telefon: 08247 9671-0Email: verwaltung@bsbadw.de Postanschrift:Staatliche Berufsfachschule f\u00fcr Assistentenf\u00fcr Hotel- und TourismusmanagementPostfach 174586820 Bad W\u00f6rishofen \u00d6ffnungszeiten des Sekretariats Montag, Dienstag, Mittwoch: 07:30 Uhr bis 11:40 Uhr und 13:00 Uhr bis 16:00 Uhr Donnerstag, Freitag: 07:30 Uhr bis 11:40 Uhr<\/p>\n","protected":false},"author":2,"featured_media":326,"parent":0,"menu_order":0,"comment_status":"closed","ping_status":"closed","template":"","meta":{"footnotes":""},"class_list":["post-2118","page","type-page","status-publish","has-post-thumbnail","hentry"],"_links":{"self":[{"href":"https:\/\/www.bsmn.de\/hotour-badwoerishofen\/wp-json\/wp\/v2\/pages\/2118","targetHints":{"allow":["GET"]}}],"collection":[{"href":"https:\/\/www.bsmn.de\/hotour-badwoerishofen\/wp-json\/wp\/v2\/pages"}],"about":[{"href":"https:\/\/www.bsmn.de\/hotour-badwoerishofen\/wp-json\/wp\/v2\/types\/page"}],"author":[{"embeddable":true,"href":"https:\/\/www.bsmn.de\/hotour-badwoerishofen\/wp-json\/wp\/v2\/users\/2"}],"replies":[{"embeddable":true,"href":"https:\/\/www.bsmn.de\/hotour-badwoerishofen\/wp-json\/wp\/v2\/comments?post=2118"}],"version-history":[{"count":6,"href":"https:\/\/www.bsmn.de\/hotour-badwoerishofen\/wp-json\/wp\/v2\/pages\/2118\/revisions"}],"predecessor-version":[{"id":3895,"href":"https:\/\/www.bsmn.de\/hotour-badwoerishofen\/wp-json\/wp\/v2\/pages\/2118\/revisions\/3895"}],"wp:featuredmedia":[{"embeddable":true,"href":"https:\/\/www.bsmn.de\/hotour-badwoerishofen\/wp-json\/wp\/v2\/media\/326"}],"wp:attachment":[{"href":"https:\/\/www.bsmn.de\/hotour-badwoerishofen\/wp-json\/wp\/v2\/media?parent=2118"}],"curies":[{"name":"wp","href":"https:\/\/api.w.org\/{rel}","templated":true}]}}