{"id":1002,"date":"2020-11-03T08:26:12","date_gmt":"2020-11-03T07:26:12","guid":{"rendered":"http:\/\/bsmn.neuimweb.de\/hotour-badwoerishofen\/?page_id=1002"},"modified":"2025-01-13T16:13:37","modified_gmt":"2025-01-13T15:13:37","slug":"kosten-unterbringung-verpflegung","status":"publish","type":"page","link":"https:\/\/www.bsmn.de\/hotour-badwoerishofen\/ausbildung\/kosten-unterbringung-verpflegung\/","title":{"rendered":"Kosten, Unterbringung, Verpflegung"},"content":{"rendered":"\n<h2 class=\"wp-block-heading\">Ausbildungskosten<\/h2>\n\n\n\n<p>\u2022 Der Besuch der Schule ist schulgeldfrei.<br>\u2022 Es entstehen Kosten \u00fcber ca. 250 Euro f\u00fcr Kopier-\/Materialgeld, Berufskleidung und Lernmittel im ersten Ausbildungsjahr.<br>\u2022 Weitere finanzielle Aufwendungen entstehen durch Studienfahrten und Unterrichtsg\u00e4nge.<br>\u2022 Ausbildungsbeihilfen nach Bundesausbildungsf\u00f6rdergesetz (BAf\u00f6G) ist i. d. R. abh\u00e4ngig vom Einkommen der Eltern m\u00f6glich.<\/p>\n\n\n\n<h2 class=\"wp-block-heading\">Unterbringung und Verpflegung<\/h2>\n\n\n\n<p>Eine Unterbringung im angeschlossenen Sch\u00fclerheim ist m\u00f6glich. <\/p>\n\n\n\n<p>Informationen \u00fcber die Kosten erhalten Sie direkt \u00fcber das Landratsamt Unterallg\u00e4u: <a href=\"mailto:ingrid.simon@lra.unterallgaeu.de\" target=\"_blank\" rel=\"noreferrer noopener\">ingrid.simon@lra.unterallgaeu.de<\/a><\/p>\n\n\n\n<p>Ein t\u00e4glich wechselndes Mittagessen kann in der Mensa der Berufsschule f\u00fcr einen Betrag von 4,85 Euro eingenommen werden.<\/p>\n","protected":false},"excerpt":{"rendered":"<p>Ausbildungskosten \u2022 Der Besuch der Schule ist schulgeldfrei.\u2022 Es entstehen Kosten \u00fcber ca. 250 Euro f\u00fcr Kopier-\/Materialgeld, Berufskleidung und Lernmittel im ersten Ausbildungsjahr.\u2022 Weitere finanzielle Aufwendungen entstehen durch Studienfahrten und Unterrichtsg\u00e4nge.\u2022 Ausbildungsbeihilfen nach Bundesausbildungsf\u00f6rdergesetz (BAf\u00f6G) ist i. d. R. abh\u00e4ngig vom Einkommen der Eltern m\u00f6glich. Unterbringung und Verpflegung Eine Unterbringung im angeschlossenen Sch\u00fclerheim ist m\u00f6glich. [&hellip;]<\/p>\n","protected":false},"author":2,"featured_media":1536,"parent":972,"menu_order":0,"comment_status":"closed","ping_status":"closed","template":"","meta":{"footnotes":""},"class_list":["post-1002","page","type-page","status-publish","has-post-thumbnail","hentry"],"publishpress_future_action":{"enabled":false,"date":"2026-04-16 11:35:46","action":"change-status","newStatus":"draft","terms":[],"taxonomy":"","extraData":[]},"publishpress_future_workflow_manual_trigger":{"enabledWorkflows":[]},"_links":{"self":[{"href":"https:\/\/www.bsmn.de\/hotour-badwoerishofen\/wp-json\/wp\/v2\/pages\/1002","targetHints":{"allow":["GET"]}}],"collection":[{"href":"https:\/\/www.bsmn.de\/hotour-badwoerishofen\/wp-json\/wp\/v2\/pages"}],"about":[{"href":"https:\/\/www.bsmn.de\/hotour-badwoerishofen\/wp-json\/wp\/v2\/types\/page"}],"author":[{"embeddable":true,"href":"https:\/\/www.bsmn.de\/hotour-badwoerishofen\/wp-json\/wp\/v2\/users\/2"}],"replies":[{"embeddable":true,"href":"https:\/\/www.bsmn.de\/hotour-badwoerishofen\/wp-json\/wp\/v2\/comments?post=1002"}],"version-history":[{"count":6,"href":"https:\/\/www.bsmn.de\/hotour-badwoerishofen\/wp-json\/wp\/v2\/pages\/1002\/revisions"}],"predecessor-version":[{"id":3892,"href":"https:\/\/www.bsmn.de\/hotour-badwoerishofen\/wp-json\/wp\/v2\/pages\/1002\/revisions\/3892"}],"up":[{"embeddable":true,"href":"https:\/\/www.bsmn.de\/hotour-badwoerishofen\/wp-json\/wp\/v2\/pages\/972"}],"wp:featuredmedia":[{"embeddable":true,"href":"https:\/\/www.bsmn.de\/hotour-badwoerishofen\/wp-json\/wp\/v2\/media\/1536"}],"wp:attachment":[{"href":"https:\/\/www.bsmn.de\/hotour-badwoerishofen\/wp-json\/wp\/v2\/media?parent=1002"}],"curies":[{"name":"wp","href":"https:\/\/api.w.org\/{rel}","templated":true}]}}