{"id":2133,"date":"2020-10-07T10:36:32","date_gmt":"2020-10-07T09:36:32","guid":{"rendered":"https:\/\/www.bsmn.de\/faks-memmingen\/aktuelles\/"},"modified":"2021-11-05T11:51:52","modified_gmt":"2021-11-05T10:51:52","slug":"aktuelles","status":"publish","type":"page","link":"https:\/\/www.bsmn.de\/faks-memmingen\/aktuelles\/","title":{"rendered":"Aktuelles"},"content":{"rendered":"\t\t<div data-elementor-type=\"wp-page\" data-elementor-id=\"2133\" class=\"elementor elementor-2133\" data-elementor-post-type=\"page\">\n\t\t\t\t\t\t<section class=\"elementor-section elementor-top-section elementor-element elementor-element-96c03d7 elementor-section-boxed elementor-section-height-default elementor-section-height-default\" data-id=\"96c03d7\" data-element_type=\"section\">\n\t\t\t\t\t\t<div class=\"elementor-container elementor-column-gap-default\">\n\t\t\t\t\t<div class=\"elementor-column elementor-col-100 elementor-top-column elementor-element elementor-element-7c9cdaa\" data-id=\"7c9cdaa\" data-element_type=\"column\">\n\t\t\t<div class=\"elementor-widget-wrap elementor-element-populated\">\n\t\t\t\t\t\t<div class=\"elementor-element elementor-element-25c28cb elementor-grid-3 elementor-grid-tablet-2 elementor-grid-mobile-1 elementor-posts--thumbnail-top elementor-widget elementor-widget-posts\" data-id=\"25c28cb\" data-element_type=\"widget\" data-settings=\"{&quot;pagination_type&quot;:&quot;numbers_and_prev_next&quot;,&quot;classic_columns&quot;:&quot;3&quot;,&quot;classic_columns_tablet&quot;:&quot;2&quot;,&quot;classic_columns_mobile&quot;:&quot;1&quot;,&quot;classic_row_gap&quot;:{&quot;unit&quot;:&quot;px&quot;,&quot;size&quot;:35,&quot;sizes&quot;:[]},&quot;classic_row_gap_tablet&quot;:{&quot;unit&quot;:&quot;px&quot;,&quot;size&quot;:&quot;&quot;,&quot;sizes&quot;:[]},&quot;classic_row_gap_mobile&quot;:{&quot;unit&quot;:&quot;px&quot;,&quot;size&quot;:&quot;&quot;,&quot;sizes&quot;:[]}}\" data-widget_type=\"posts.classic\">\n\t\t\t\t<div class=\"elementor-widget-container\">\n\t\t\t\t\t\t\t<div class=\"elementor-posts-container elementor-posts elementor-posts--skin-classic elementor-grid\" role=\"list\">\n\t\t\t\t<article class=\"elementor-post elementor-grid-item post-2927 post type-post status-publish format-standard has-post-thumbnail hentry category-allgemein\" role=\"listitem\">\n\t\t\t\t<a class=\"elementor-post__thumbnail__link\" href=\"https:\/\/www.bsmn.de\/faks-memmingen\/2026\/01\/06\/erfolgreicher-messeauftritt-in-memmingen\/\" tabindex=\"-1\" >\n\t\t\t<div class=\"elementor-post__thumbnail\"><img fetchpriority=\"high\" decoding=\"async\" width=\"768\" height=\"1030\" src=\"https:\/\/www.bsmn.de\/faks-memmingen\/wp-content\/uploads\/sites\/11\/2026\/01\/Bild_Ausbildungsmesse-MM-768x1030.jpg\" class=\"attachment-medium_large size-medium_large wp-image-2928\" alt=\"\" srcset=\"https:\/\/www.bsmn.de\/faks-memmingen\/wp-content\/uploads\/sites\/11\/2026\/01\/Bild_Ausbildungsmesse-MM-768x1030.jpg 768w, https:\/\/www.bsmn.de\/faks-memmingen\/wp-content\/uploads\/sites\/11\/2026\/01\/Bild_Ausbildungsmesse-MM-224x300.jpg 224w, https:\/\/www.bsmn.de\/faks-memmingen\/wp-content\/uploads\/sites\/11\/2026\/01\/Bild_Ausbildungsmesse-MM-763x1024.jpg 763w, https:\/\/www.bsmn.de\/faks-memmingen\/wp-content\/uploads\/sites\/11\/2026\/01\/Bild_Ausbildungsmesse-MM-600x805.jpg 600w, https:\/\/www.bsmn.de\/faks-memmingen\/wp-content\/uploads\/sites\/11\/2026\/01\/Bild_Ausbildungsmesse-MM.jpg 1080w\" sizes=\"(max-width: 768px) 100vw, 768px\" \/><\/div>\n\t\t<\/a>\n\t\t\t\t<div class=\"elementor-post__text\">\n\t\t\t\t<h3 class=\"elementor-post__title\">\n\t\t\t<a href=\"https:\/\/www.bsmn.de\/faks-memmingen\/2026\/01\/06\/erfolgreicher-messeauftritt-in-memmingen\/\" >\n\t\t\t\tErfolgreicher Messeauftritt in Memmingen\t\t\t<\/a>\n\t\t<\/h3>\n\t\t\t\t<div class=\"elementor-post__excerpt\">\n\t\t\t<p>Unser Schulstandort pr\u00e4sentierte sich auf der Ausbildungsmesse am Berufsschulzentrum Memmingen \u2013 und das mit gro\u00dfem Erfolg! Zahlreiche Besucherinnen und Besucher informierten sich \u00fcber unsere p\u00e4dagogischen<\/p>\n\t\t<\/div>\n\t\t\n\t\t<a class=\"elementor-post__read-more\" href=\"https:\/\/www.bsmn.de\/faks-memmingen\/2026\/01\/06\/erfolgreicher-messeauftritt-in-memmingen\/\" aria-label=\"Mehr \u00fcber Erfolgreicher Messeauftritt in Memmingen\" tabindex=\"-1\" >\n\t\t\tWeiterlesen \u00bb\t\t<\/a>\n\n\t\t\t\t<\/div>\n\t\t\t\t<\/article>\n\t\t\t\t<article class=\"elementor-post elementor-grid-item post-2911 post type-post status-publish format-standard has-post-thumbnail hentry category-allgemein\" role=\"listitem\">\n\t\t\t\t<a class=\"elementor-post__thumbnail__link\" href=\"https:\/\/www.bsmn.de\/faks-memmingen\/2025\/06\/22\/uaw-trifft-faks-ii-ein-tag-voller-freude\/\" tabindex=\"-1\" >\n\t\t\t<div class=\"elementor-post__thumbnail\"><img decoding=\"async\" width=\"768\" height=\"576\" src=\"https:\/\/www.bsmn.de\/faks-memmingen\/wp-content\/uploads\/sites\/11\/2025\/06\/Polonaise-1-768x576.jpg\" class=\"attachment-medium_large size-medium_large wp-image-2912\" alt=\"\" srcset=\"https:\/\/www.bsmn.de\/faks-memmingen\/wp-content\/uploads\/sites\/11\/2025\/06\/Polonaise-1-768x576.jpg 768w, https:\/\/www.bsmn.de\/faks-memmingen\/wp-content\/uploads\/sites\/11\/2025\/06\/Polonaise-1-300x225.jpg 300w, https:\/\/www.bsmn.de\/faks-memmingen\/wp-content\/uploads\/sites\/11\/2025\/06\/Polonaise-1-1024x768.jpg 1024w, https:\/\/www.bsmn.de\/faks-memmingen\/wp-content\/uploads\/sites\/11\/2025\/06\/Polonaise-1-600x450.jpg 600w, https:\/\/www.bsmn.de\/faks-memmingen\/wp-content\/uploads\/sites\/11\/2025\/06\/Polonaise-1.jpg 1200w\" sizes=\"(max-width: 768px) 100vw, 768px\" \/><\/div>\n\t\t<\/a>\n\t\t\t\t<div class=\"elementor-post__text\">\n\t\t\t\t<h3 class=\"elementor-post__title\">\n\t\t\t<a href=\"https:\/\/www.bsmn.de\/faks-memmingen\/2025\/06\/22\/uaw-trifft-faks-ii-ein-tag-voller-freude\/\" >\n\t\t\t\tUAW trifft Faks II: Ein Tag voller Freude!\t\t\t<\/a>\n\t\t<\/h3>\n\t\t\t\t<div class=\"elementor-post__excerpt\">\n\t\t\t<p>Am 26. M\u00e4rz 2025 besuchten 16 Mitarbeiterinnen und Mitarbeiter der Unterallg\u00e4uer Werkst\u00e4tten das 2. Ausbildungsjahr der Fachakademie f\u00fcr Sozialp\u00e4dagogik. Die Studierenden gestalteten ein buntes Programm<\/p>\n\t\t<\/div>\n\t\t\n\t\t<a class=\"elementor-post__read-more\" href=\"https:\/\/www.bsmn.de\/faks-memmingen\/2025\/06\/22\/uaw-trifft-faks-ii-ein-tag-voller-freude\/\" aria-label=\"Mehr \u00fcber UAW trifft Faks II: Ein Tag voller Freude!\" tabindex=\"-1\" >\n\t\t\tWeiterlesen \u00bb\t\t<\/a>\n\n\t\t\t\t<\/div>\n\t\t\t\t<\/article>\n\t\t\t\t<article class=\"elementor-post elementor-grid-item post-2902 post type-post status-publish format-standard has-post-thumbnail hentry category-allgemein\" role=\"listitem\">\n\t\t\t\t<a class=\"elementor-post__thumbnail__link\" href=\"https:\/\/www.bsmn.de\/faks-memmingen\/2025\/03\/20\/lebensretter-von-morgen-spannender-erste-hilfe-kurs-fuer-unsere-schuelerinnen-und-schueler\/\" tabindex=\"-1\" >\n\t\t\t<div class=\"elementor-post__thumbnail\"><img decoding=\"async\" width=\"768\" height=\"1024\" src=\"https:\/\/www.bsmn.de\/faks-memmingen\/wp-content\/uploads\/sites\/11\/2025\/03\/Foto_Erste-Hilfe-Kurs-scaled-768x1024.jpg\" class=\"attachment-medium_large size-medium_large wp-image-2903\" alt=\"\" srcset=\"https:\/\/www.bsmn.de\/faks-memmingen\/wp-content\/uploads\/sites\/11\/2025\/03\/Foto_Erste-Hilfe-Kurs-scaled-768x1024.jpg 768w, https:\/\/www.bsmn.de\/faks-memmingen\/wp-content\/uploads\/sites\/11\/2025\/03\/Foto_Erste-Hilfe-Kurs-scaled-225x300.jpg 225w, https:\/\/www.bsmn.de\/faks-memmingen\/wp-content\/uploads\/sites\/11\/2025\/03\/Foto_Erste-Hilfe-Kurs-scaled-1152x1536.jpg 1152w, https:\/\/www.bsmn.de\/faks-memmingen\/wp-content\/uploads\/sites\/11\/2025\/03\/Foto_Erste-Hilfe-Kurs-scaled-1536x2048.jpg 1536w, https:\/\/www.bsmn.de\/faks-memmingen\/wp-content\/uploads\/sites\/11\/2025\/03\/Foto_Erste-Hilfe-Kurs-scaled-600x800.jpg 600w, https:\/\/www.bsmn.de\/faks-memmingen\/wp-content\/uploads\/sites\/11\/2025\/03\/Foto_Erste-Hilfe-Kurs-scaled.jpg 1920w\" sizes=\"(max-width: 768px) 100vw, 768px\" \/><\/div>\n\t\t<\/a>\n\t\t\t\t<div class=\"elementor-post__text\">\n\t\t\t\t<h3 class=\"elementor-post__title\">\n\t\t\t<a href=\"https:\/\/www.bsmn.de\/faks-memmingen\/2025\/03\/20\/lebensretter-von-morgen-spannender-erste-hilfe-kurs-fuer-unsere-schuelerinnen-und-schueler\/\" >\n\t\t\t\tLebensretter von morgen: Spannender Erste-Hilfe-Kurs f\u00fcr unsere Sch\u00fclerinnen und Sch\u00fcler\t\t\t<\/a>\n\t\t<\/h3>\n\t\t\t\t<div class=\"elementor-post__excerpt\">\n\t\t\t<p>Alle Sch\u00fclerinnen und Sch\u00fcler des ersten Ausbildungsjahrgangs nahmen an einem interaktiven und kurzweiligen Erste-Hilfe-Kurs in unserer Schule teil \u2013 und sie waren begeistert! Mit praxisnahen<\/p>\n\t\t<\/div>\n\t\t\n\t\t<a class=\"elementor-post__read-more\" href=\"https:\/\/www.bsmn.de\/faks-memmingen\/2025\/03\/20\/lebensretter-von-morgen-spannender-erste-hilfe-kurs-fuer-unsere-schuelerinnen-und-schueler\/\" aria-label=\"Mehr \u00fcber Lebensretter von morgen: Spannender Erste-Hilfe-Kurs f\u00fcr unsere Sch\u00fclerinnen und Sch\u00fcler\" tabindex=\"-1\" >\n\t\t\tWeiterlesen \u00bb\t\t<\/a>\n\n\t\t\t\t<\/div>\n\t\t\t\t<\/article>\n\t\t\t\t<article class=\"elementor-post elementor-grid-item post-2898 post type-post status-publish format-standard has-post-thumbnail hentry category-allgemein\" role=\"listitem\">\n\t\t\t\t<a class=\"elementor-post__thumbnail__link\" href=\"https:\/\/www.bsmn.de\/faks-memmingen\/2025\/03\/20\/faks-2-goes-yoga\/\" tabindex=\"-1\" >\n\t\t\t<div class=\"elementor-post__thumbnail\"><img loading=\"lazy\" decoding=\"async\" width=\"768\" height=\"635\" src=\"https:\/\/www.bsmn.de\/faks-memmingen\/wp-content\/uploads\/sites\/11\/2025\/03\/Yoga-768x635.jpeg\" class=\"attachment-medium_large size-medium_large wp-image-2899\" alt=\"\" srcset=\"https:\/\/www.bsmn.de\/faks-memmingen\/wp-content\/uploads\/sites\/11\/2025\/03\/Yoga-768x635.jpeg 768w, https:\/\/www.bsmn.de\/faks-memmingen\/wp-content\/uploads\/sites\/11\/2025\/03\/Yoga-300x248.jpeg 300w, https:\/\/www.bsmn.de\/faks-memmingen\/wp-content\/uploads\/sites\/11\/2025\/03\/Yoga-1024x846.jpeg 1024w, https:\/\/www.bsmn.de\/faks-memmingen\/wp-content\/uploads\/sites\/11\/2025\/03\/Yoga-600x496.jpeg 600w, https:\/\/www.bsmn.de\/faks-memmingen\/wp-content\/uploads\/sites\/11\/2025\/03\/Yoga.jpeg 1280w\" sizes=\"(max-width: 768px) 100vw, 768px\" \/><\/div>\n\t\t<\/a>\n\t\t\t\t<div class=\"elementor-post__text\">\n\t\t\t\t<h3 class=\"elementor-post__title\">\n\t\t\t<a href=\"https:\/\/www.bsmn.de\/faks-memmingen\/2025\/03\/20\/faks-2-goes-yoga\/\" >\n\t\t\t\tFakS 2 goes Yoga\t\t\t<\/a>\n\t\t<\/h3>\n\t\t\t\t<div class=\"elementor-post__excerpt\">\n\t\t\t<p>Einige Sch\u00fclerinnen und Sch\u00fcler der FakS2 nahmen gemeinsam mit zwei Lehrerinnen erneut im Rahmen der \u00dcbung&nbsp;\u201ePsychische St\u00f6rungen &#8211; Pr\u00e4vention und Umgang\u201c&nbsp; an einer Yogaeinheit in<\/p>\n\t\t<\/div>\n\t\t\n\t\t<a class=\"elementor-post__read-more\" href=\"https:\/\/www.bsmn.de\/faks-memmingen\/2025\/03\/20\/faks-2-goes-yoga\/\" aria-label=\"Mehr \u00fcber FakS 2 goes Yoga\" tabindex=\"-1\" >\n\t\t\tWeiterlesen \u00bb\t\t<\/a>\n\n\t\t\t\t<\/div>\n\t\t\t\t<\/article>\n\t\t\t\t<article class=\"elementor-post elementor-grid-item post-2892 post type-post status-publish format-standard has-post-thumbnail hentry category-allgemein\" role=\"listitem\">\n\t\t\t\t<a class=\"elementor-post__thumbnail__link\" href=\"https:\/\/www.bsmn.de\/faks-memmingen\/2025\/02\/01\/wenn-worte-bilder-zaubern-erzaehlpaedagogin-steffi-krausse-begeistert-angehende-erzieherinnen-und-erzieher\/\" tabindex=\"-1\" >\n\t\t\t<div class=\"elementor-post__thumbnail\"><img loading=\"lazy\" decoding=\"async\" width=\"768\" height=\"576\" src=\"https:\/\/www.bsmn.de\/faks-memmingen\/wp-content\/uploads\/sites\/11\/2025\/02\/Steffi-Krausse_Faks-1-768x576.jpg\" class=\"attachment-medium_large size-medium_large wp-image-2893\" alt=\"\" srcset=\"https:\/\/www.bsmn.de\/faks-memmingen\/wp-content\/uploads\/sites\/11\/2025\/02\/Steffi-Krausse_Faks-1-768x576.jpg 768w, https:\/\/www.bsmn.de\/faks-memmingen\/wp-content\/uploads\/sites\/11\/2025\/02\/Steffi-Krausse_Faks-1-300x225.jpg 300w, https:\/\/www.bsmn.de\/faks-memmingen\/wp-content\/uploads\/sites\/11\/2025\/02\/Steffi-Krausse_Faks-1-1024x768.jpg 1024w, https:\/\/www.bsmn.de\/faks-memmingen\/wp-content\/uploads\/sites\/11\/2025\/02\/Steffi-Krausse_Faks-1-600x450.jpg 600w, https:\/\/www.bsmn.de\/faks-memmingen\/wp-content\/uploads\/sites\/11\/2025\/02\/Steffi-Krausse_Faks-1.jpg 1200w\" sizes=\"(max-width: 768px) 100vw, 768px\" \/><\/div>\n\t\t<\/a>\n\t\t\t\t<div class=\"elementor-post__text\">\n\t\t\t\t<h3 class=\"elementor-post__title\">\n\t\t\t<a href=\"https:\/\/www.bsmn.de\/faks-memmingen\/2025\/02\/01\/wenn-worte-bilder-zaubern-erzaehlpaedagogin-steffi-krausse-begeistert-angehende-erzieherinnen-und-erzieher\/\" >\n\t\t\t\tWenn Worte Bilder zaubern: Erz\u00e4hlp\u00e4dagogin Steffi Krau\u00dfe begeistert angehende Erzieherinnen und Erzieher\t\t\t<\/a>\n\t\t<\/h3>\n\t\t\t\t<div class=\"elementor-post__excerpt\">\n\t\t\t<p>Mit nur wenigen Worten weckt Erz\u00e4hlp\u00e4dagogin Steffi Krau\u00dfe die Fantasie ihres Publikums an der Fachakademie f\u00fcr Sozialp\u00e4dagogik Memmingen. In der Faks1 stellt sie ihre wirksamen<\/p>\n\t\t<\/div>\n\t\t\n\t\t<a class=\"elementor-post__read-more\" href=\"https:\/\/www.bsmn.de\/faks-memmingen\/2025\/02\/01\/wenn-worte-bilder-zaubern-erzaehlpaedagogin-steffi-krausse-begeistert-angehende-erzieherinnen-und-erzieher\/\" aria-label=\"Mehr \u00fcber Wenn Worte Bilder zaubern: Erz\u00e4hlp\u00e4dagogin Steffi Krau\u00dfe begeistert angehende Erzieherinnen und Erzieher\" tabindex=\"-1\" >\n\t\t\tWeiterlesen \u00bb\t\t<\/a>\n\n\t\t\t\t<\/div>\n\t\t\t\t<\/article>\n\t\t\t\t<article class=\"elementor-post elementor-grid-item post-2883 post type-post status-publish format-standard has-post-thumbnail hentry category-allgemein\" role=\"listitem\">\n\t\t\t\t<a class=\"elementor-post__thumbnail__link\" href=\"https:\/\/www.bsmn.de\/faks-memmingen\/2024\/12\/22\/sporttag-action-spass-und-kreative-outfits\/\" tabindex=\"-1\" >\n\t\t\t<div class=\"elementor-post__thumbnail\"><img loading=\"lazy\" decoding=\"async\" width=\"768\" height=\"576\" src=\"https:\/\/www.bsmn.de\/faks-memmingen\/wp-content\/uploads\/sites\/11\/2024\/12\/Sporttag-Station-xxx-768x576.jpg\" class=\"attachment-medium_large size-medium_large wp-image-2884\" alt=\"\" srcset=\"https:\/\/www.bsmn.de\/faks-memmingen\/wp-content\/uploads\/sites\/11\/2024\/12\/Sporttag-Station-xxx-768x576.jpg 768w, https:\/\/www.bsmn.de\/faks-memmingen\/wp-content\/uploads\/sites\/11\/2024\/12\/Sporttag-Station-xxx-300x225.jpg 300w, https:\/\/www.bsmn.de\/faks-memmingen\/wp-content\/uploads\/sites\/11\/2024\/12\/Sporttag-Station-xxx-1024x768.jpg 1024w, https:\/\/www.bsmn.de\/faks-memmingen\/wp-content\/uploads\/sites\/11\/2024\/12\/Sporttag-Station-xxx-600x450.jpg 600w, https:\/\/www.bsmn.de\/faks-memmingen\/wp-content\/uploads\/sites\/11\/2024\/12\/Sporttag-Station-xxx.jpg 1200w\" sizes=\"(max-width: 768px) 100vw, 768px\" \/><\/div>\n\t\t<\/a>\n\t\t\t\t<div class=\"elementor-post__text\">\n\t\t\t\t<h3 class=\"elementor-post__title\">\n\t\t\t<a href=\"https:\/\/www.bsmn.de\/faks-memmingen\/2024\/12\/22\/sporttag-action-spass-und-kreative-outfits\/\" >\n\t\t\t\t&#8222;Sporttag! Action, Spa\u00df und kreative Outfits!&#8220;\t\t\t<\/a>\n\t\t<\/h3>\n\t\t\t\t<div class=\"elementor-post__excerpt\">\n\t\t\t<p>Am Sporttag unserer Schule wurde es bunt und bewegungsreich! Mit witzigen und kreativen Stationen, bei denen Geschick und Teamgeist gefragt waren, hatten alle Sch\u00fcler und<\/p>\n\t\t<\/div>\n\t\t\n\t\t<a class=\"elementor-post__read-more\" href=\"https:\/\/www.bsmn.de\/faks-memmingen\/2024\/12\/22\/sporttag-action-spass-und-kreative-outfits\/\" aria-label=\"Mehr \u00fcber &#8222;Sporttag! Action, Spa\u00df und kreative Outfits!&#8220;\" tabindex=\"-1\" >\n\t\t\tWeiterlesen \u00bb\t\t<\/a>\n\n\t\t\t\t<\/div>\n\t\t\t\t<\/article>\n\t\t\t\t<article class=\"elementor-post elementor-grid-item post-2880 post type-post status-publish format-standard has-post-thumbnail hentry category-allgemein\" role=\"listitem\">\n\t\t\t\t<a class=\"elementor-post__thumbnail__link\" href=\"https:\/\/www.bsmn.de\/faks-memmingen\/2024\/12\/22\/mit-herz-und-hand-unsere-schulfamilie-unterstuetzt-die-johanniter-weihnachtstrucker\/\" tabindex=\"-1\" >\n\t\t\t<div class=\"elementor-post__thumbnail\"><img loading=\"lazy\" decoding=\"async\" width=\"768\" height=\"576\" src=\"https:\/\/www.bsmn.de\/faks-memmingen\/wp-content\/uploads\/sites\/11\/2024\/12\/Johanniter_2024-768x576.jpg\" class=\"attachment-medium_large size-medium_large wp-image-2881\" alt=\"\" srcset=\"https:\/\/www.bsmn.de\/faks-memmingen\/wp-content\/uploads\/sites\/11\/2024\/12\/Johanniter_2024-768x576.jpg 768w, https:\/\/www.bsmn.de\/faks-memmingen\/wp-content\/uploads\/sites\/11\/2024\/12\/Johanniter_2024-300x225.jpg 300w, https:\/\/www.bsmn.de\/faks-memmingen\/wp-content\/uploads\/sites\/11\/2024\/12\/Johanniter_2024-1024x768.jpg 1024w, https:\/\/www.bsmn.de\/faks-memmingen\/wp-content\/uploads\/sites\/11\/2024\/12\/Johanniter_2024-600x450.jpg 600w, https:\/\/www.bsmn.de\/faks-memmingen\/wp-content\/uploads\/sites\/11\/2024\/12\/Johanniter_2024.jpg 1200w\" sizes=\"(max-width: 768px) 100vw, 768px\" \/><\/div>\n\t\t<\/a>\n\t\t\t\t<div class=\"elementor-post__text\">\n\t\t\t\t<h3 class=\"elementor-post__title\">\n\t\t\t<a href=\"https:\/\/www.bsmn.de\/faks-memmingen\/2024\/12\/22\/mit-herz-und-hand-unsere-schulfamilie-unterstuetzt-die-johanniter-weihnachtstrucker\/\" >\n\t\t\t\tMit Herz und Hand: Unsere Schulfamilie unterst\u00fctzt die Johanniter-Weihnachtstrucker\t\t\t<\/a>\n\t\t<\/h3>\n\t\t\t\t<div class=\"elementor-post__excerpt\">\n\t\t\t<p>Auch in diesem Jahr hat sich unsere Schulfamilie tatkr\u00e4ftig an der Aktion Johanniter-Weihnachtstrucker beteiligt. Mit viel Engagement und Hilfsbereitschaft konnten wir insgesamt 24 P\u00e4ckchen f\u00fcr<\/p>\n\t\t<\/div>\n\t\t\n\t\t<a class=\"elementor-post__read-more\" href=\"https:\/\/www.bsmn.de\/faks-memmingen\/2024\/12\/22\/mit-herz-und-hand-unsere-schulfamilie-unterstuetzt-die-johanniter-weihnachtstrucker\/\" aria-label=\"Mehr \u00fcber Mit Herz und Hand: Unsere Schulfamilie unterst\u00fctzt die Johanniter-Weihnachtstrucker\" tabindex=\"-1\" >\n\t\t\tWeiterlesen \u00bb\t\t<\/a>\n\n\t\t\t\t<\/div>\n\t\t\t\t<\/article>\n\t\t\t\t<article class=\"elementor-post elementor-grid-item post-2874 post type-post status-publish format-standard has-post-thumbnail hentry category-allgemein\" role=\"listitem\">\n\t\t\t\t<a class=\"elementor-post__thumbnail__link\" href=\"https:\/\/www.bsmn.de\/faks-memmingen\/2024\/12\/04\/ein-adventskalender-voller-liebe-fuer-das-kinderhospiz\/\" tabindex=\"-1\" >\n\t\t\t<div class=\"elementor-post__thumbnail\"><img loading=\"lazy\" decoding=\"async\" width=\"768\" height=\"576\" src=\"https:\/\/www.bsmn.de\/faks-memmingen\/wp-content\/uploads\/sites\/11\/2024\/12\/Kinderhospitz-Adventskalender-768x576.jpg\" class=\"attachment-medium_large size-medium_large wp-image-2875\" alt=\"\" srcset=\"https:\/\/www.bsmn.de\/faks-memmingen\/wp-content\/uploads\/sites\/11\/2024\/12\/Kinderhospitz-Adventskalender-768x576.jpg 768w, https:\/\/www.bsmn.de\/faks-memmingen\/wp-content\/uploads\/sites\/11\/2024\/12\/Kinderhospitz-Adventskalender-300x225.jpg 300w, https:\/\/www.bsmn.de\/faks-memmingen\/wp-content\/uploads\/sites\/11\/2024\/12\/Kinderhospitz-Adventskalender-1024x768.jpg 1024w, https:\/\/www.bsmn.de\/faks-memmingen\/wp-content\/uploads\/sites\/11\/2024\/12\/Kinderhospitz-Adventskalender-600x450.jpg 600w, https:\/\/www.bsmn.de\/faks-memmingen\/wp-content\/uploads\/sites\/11\/2024\/12\/Kinderhospitz-Adventskalender.jpg 1200w\" sizes=\"(max-width: 768px) 100vw, 768px\" \/><\/div>\n\t\t<\/a>\n\t\t\t\t<div class=\"elementor-post__text\">\n\t\t\t\t<h3 class=\"elementor-post__title\">\n\t\t\t<a href=\"https:\/\/www.bsmn.de\/faks-memmingen\/2024\/12\/04\/ein-adventskalender-voller-liebe-fuer-das-kinderhospiz\/\" >\n\t\t\t\tEin Adventskalender voller Liebe f\u00fcr das Kinderhospiz\t\t\t<\/a>\n\t\t<\/h3>\n\t\t\t\t<div class=\"elementor-post__excerpt\">\n\t\t\t<p>Am 29. November 2024 wurde dem Kinderhospiz St. Nikolaus ein liebevoll gestalteter Adventskalender \u00fcbergeben \u2013 gef\u00fcllt mit \u00dcberraschungen wie einer Kuscheldecke, einem Mobile und einem<\/p>\n\t\t<\/div>\n\t\t\n\t\t<a class=\"elementor-post__read-more\" href=\"https:\/\/www.bsmn.de\/faks-memmingen\/2024\/12\/04\/ein-adventskalender-voller-liebe-fuer-das-kinderhospiz\/\" aria-label=\"Mehr \u00fcber Ein Adventskalender voller Liebe f\u00fcr das Kinderhospiz\" tabindex=\"-1\" >\n\t\t\tWeiterlesen \u00bb\t\t<\/a>\n\n\t\t\t\t<\/div>\n\t\t\t\t<\/article>\n\t\t\t\t<article class=\"elementor-post elementor-grid-item post-2861 post type-post status-publish format-standard hentry category-allgemein\" role=\"listitem\">\n\t\t\t\t<div class=\"elementor-post__text\">\n\t\t\t\t<h3 class=\"elementor-post__title\">\n\t\t\t<a href=\"https:\/\/www.bsmn.de\/faks-memmingen\/2024\/10\/24\/smv-schueler-und-schuelerinnen-mit-verantwortung\/\" >\n\t\t\t\tSMV \u2013 Sch\u00fcler und Sch\u00fclerinnen mit Verantwortung\t\t\t<\/a>\n\t\t<\/h3>\n\t\t\t\t<div class=\"elementor-post__excerpt\">\n\t\t\t<p>Am 2.10.2024 fand die erste wichtige SMV-Sitzung im Schuljahr 24 \/ 25 statt. Viele gute Ideen wurden gesammelt, eine gro\u00dfe Feed-Back-Runde wurde gehalten und das<\/p>\n\t\t<\/div>\n\t\t\n\t\t<a class=\"elementor-post__read-more\" href=\"https:\/\/www.bsmn.de\/faks-memmingen\/2024\/10\/24\/smv-schueler-und-schuelerinnen-mit-verantwortung\/\" aria-label=\"Mehr \u00fcber SMV \u2013 Sch\u00fcler und Sch\u00fclerinnen mit Verantwortung\" tabindex=\"-1\" >\n\t\t\tWeiterlesen \u00bb\t\t<\/a>\n\n\t\t\t\t<\/div>\n\t\t\t\t<\/article>\n\t\t\t\t<\/div>\n\t\t\n\t\t\t\t<div class=\"e-load-more-anchor\" data-page=\"1\" data-max-page=\"8\" data-next-page=\"https:\/\/www.bsmn.de\/faks-memmingen\/wp-json\/wp\/v2\/pages\/2133\/page\/2\/\"><\/div>\n\t\t\t\t<nav class=\"elementor-pagination\" aria-label=\"Seitennummerierung\">\n\t\t\t<span class=\"page-numbers prev\">&laquo; Vorige<\/span>\n<span aria-current=\"page\" class=\"page-numbers current\"><span class=\"elementor-screen-only\">Seite<\/span>1<\/span>\n<a class=\"page-numbers\" href=\"https:\/\/www.bsmn.de\/faks-memmingen\/wp-json\/wp\/v2\/pages\/2133\/page\/2\/\"><span class=\"elementor-screen-only\">Seite<\/span>2<\/a>\n<a class=\"page-numbers\" href=\"https:\/\/www.bsmn.de\/faks-memmingen\/wp-json\/wp\/v2\/pages\/2133\/page\/3\/\"><span class=\"elementor-screen-only\">Seite<\/span>3<\/a>\n<a class=\"page-numbers\" href=\"https:\/\/www.bsmn.de\/faks-memmingen\/wp-json\/wp\/v2\/pages\/2133\/page\/4\/\"><span class=\"elementor-screen-only\">Seite<\/span>4<\/a>\n<a class=\"page-numbers\" href=\"https:\/\/www.bsmn.de\/faks-memmingen\/wp-json\/wp\/v2\/pages\/2133\/page\/5\/\"><span class=\"elementor-screen-only\">Seite<\/span>5<\/a>\n<a class=\"page-numbers next\" href=\"https:\/\/www.bsmn.de\/faks-memmingen\/wp-json\/wp\/v2\/pages\/2133\/page\/2\/\">N\u00e4chste &raquo;<\/a>\t\t<\/nav>\n\t\t\t\t\t\t<\/div>\n\t\t\t\t<\/div>\n\t\t\t\t\t<\/div>\n\t\t<\/div>\n\t\t\t\t\t<\/div>\n\t\t<\/section>\n\t\t\t\t<\/div>\n\t\t","protected":false},"excerpt":{"rendered":"","protected":false},"author":2,"featured_media":329,"parent":0,"menu_order":0,"comment_status":"closed","ping_status":"closed","template":"","meta":{"footnotes":""},"class_list":["post-2133","page","type-page","status-publish","has-post-thumbnail","hentry"],"publishpress_future_workflow_manual_trigger":{"enabledWorkflows":[]},"_links":{"self":[{"href":"https:\/\/www.bsmn.de\/faks-memmingen\/wp-json\/wp\/v2\/pages\/2133","targetHints":{"allow":["GET"]}}],"collection":[{"href":"https:\/\/www.bsmn.de\/faks-memmingen\/wp-json\/wp\/v2\/pages"}],"about":[{"href":"https:\/\/www.bsmn.de\/faks-memmingen\/wp-json\/wp\/v2\/types\/page"}],"author":[{"embeddable":true,"href":"https:\/\/www.bsmn.de\/faks-memmingen\/wp-json\/wp\/v2\/users\/2"}],"replies":[{"embeddable":true,"href":"https:\/\/www.bsmn.de\/faks-memmingen\/wp-json\/wp\/v2\/comments?post=2133"}],"version-history":[{"count":0,"href":"https:\/\/www.bsmn.de\/faks-memmingen\/wp-json\/wp\/v2\/pages\/2133\/revisions"}],"wp:featuredmedia":[{"embeddable":true,"href":"https:\/\/www.bsmn.de\/faks-memmingen\/wp-json\/wp\/v2\/media\/329"}],"wp:attachment":[{"href":"https:\/\/www.bsmn.de\/faks-memmingen\/wp-json\/wp\/v2\/media?parent=2133"}],"curies":[{"name":"wp","href":"https:\/\/api.w.org\/{rel}","templated":true}]}}