{"id":2021,"date":"2020-11-03T08:51:39","date_gmt":"2020-11-03T07:51:39","guid":{"rendered":"https:\/\/www.bsmn.de\/faks-memmingen\/partnerschule-plus-verbraucherschule-bayern\/"},"modified":"2020-11-03T08:51:39","modified_gmt":"2020-11-03T07:51:39","slug":"partnerschule-plus-verbraucherschule-bayern","status":"publish","type":"page","link":"https:\/\/www.bsmn.de\/faks-memmingen\/partnerschule-plus-verbraucherschule-bayern\/","title":{"rendered":"Partnerschule Plus-Verbraucherschule Bayern"},"content":{"rendered":"\n<div class=\"wp-block-image\"><figure class=\"aligncenter size-medium\"><img fetchpriority=\"high\" decoding=\"async\" width=\"300\" height=\"225\" src=\"https:\/\/www.bsmn.de\/bski-memmingen\/wp-content\/uploads\/sites\/8\/2021\/01\/Partnerschule-300x225.jpg\" alt=\"\" class=\"wp-image-2022\"\/><\/figure><\/div>\n\n\n\n<p>Fit f\u00fcr den Alltag sein &#8211; daf\u00fcr brauchen Sch\u00fcler\/innen Wissen und Kompetenz insbesondere in Finanzen, Konsum, Medien, Umwelt und Ern\u00e4hrung, kurz : <strong>Verbraucherbildung<\/strong>.  Daher empfiehlt die Kultusministerkonferenz, Verbraucherbildung f\u00e4cher\u00fcbergreifend in den Unterricht aufzunehmen. <strong>Das haben wir getan!<\/strong><\/p>\n\n\n\n<p>Das Ziel der Berufsfachschule f\u00fcr Ern\u00e4hrung und Versorgung war es zun\u00e4chst einen <strong>umweltvertr\u00e4glicheren und nachhaltigen Umgang mit Plastik in der Schule, der Ausbildung und im Privaten <\/strong>anzuregen. Den Anfang vieler sp\u00e4ter folgenden Aktionen bildete die Herstellung von Sp\u00fcl \u2013 und Putzlappen aus Baumwolle. Diese wurden in mehreren Testreihen auf ihre Alltagstauglichkeit \u00fcberpr\u00fcft und danach im Fachunterricht eingef\u00fchrt und verwenden.&nbsp; <\/p>\n\n\n\n<p>Die Sch\u00fcler\/innen haben im&nbsp; Bildungsprojekt Partnerschule Verbraucherbildung gewonnen und konnten voller Stolz die Plakette mit Urkunde am Amt f\u00fcr l\u00e4ndliche Entwicklung in M\u00fcnchen entgegennehmen.<\/p>\n\n\n\n<p><\/p>\n","protected":false},"excerpt":{"rendered":"<p>Fit f\u00fcr den Alltag sein &#8211; daf\u00fcr brauchen Sch\u00fcler\/innen Wissen und Kompetenz insbesondere in Finanzen, Konsum, Medien, Umwelt und Ern\u00e4hrung, kurz : Verbraucherbildung. Daher empfiehlt die Kultusministerkonferenz, Verbraucherbildung f\u00e4cher\u00fcbergreifend in den Unterricht aufzunehmen. Das haben wir getan! Das Ziel der Berufsfachschule f\u00fcr Ern\u00e4hrung und Versorgung war es zun\u00e4chst einen umweltvertr\u00e4glicheren und nachhaltigen Umgang mit Plastik [&hellip;]<\/p>\n","protected":false},"author":2,"featured_media":0,"parent":0,"menu_order":0,"comment_status":"closed","ping_status":"closed","template":"","meta":{"footnotes":""},"class_list":["post-2021","page","type-page","status-publish","hentry"],"publishpress_future_workflow_manual_trigger":{"enabledWorkflows":[]},"_links":{"self":[{"href":"https:\/\/www.bsmn.de\/faks-memmingen\/wp-json\/wp\/v2\/pages\/2021","targetHints":{"allow":["GET"]}}],"collection":[{"href":"https:\/\/www.bsmn.de\/faks-memmingen\/wp-json\/wp\/v2\/pages"}],"about":[{"href":"https:\/\/www.bsmn.de\/faks-memmingen\/wp-json\/wp\/v2\/types\/page"}],"author":[{"embeddable":true,"href":"https:\/\/www.bsmn.de\/faks-memmingen\/wp-json\/wp\/v2\/users\/2"}],"replies":[{"embeddable":true,"href":"https:\/\/www.bsmn.de\/faks-memmingen\/wp-json\/wp\/v2\/comments?post=2021"}],"version-history":[{"count":1,"href":"https:\/\/www.bsmn.de\/faks-memmingen\/wp-json\/wp\/v2\/pages\/2021\/revisions"}],"predecessor-version":[{"id":2025,"href":"https:\/\/www.bsmn.de\/faks-memmingen\/wp-json\/wp\/v2\/pages\/2021\/revisions\/2025"}],"wp:attachment":[{"href":"https:\/\/www.bsmn.de\/faks-memmingen\/wp-json\/wp\/v2\/media?parent=2021"}],"curies":[{"name":"wp","href":"https:\/\/api.w.org\/{rel}","templated":true}]}}