{"id":1989,"date":"2020-06-24T11:41:18","date_gmt":"2020-06-24T09:41:18","guid":{"rendered":"https:\/\/www.bsmn.de\/faks-memmingen\/foerderverein\/"},"modified":"2020-06-24T11:41:18","modified_gmt":"2020-06-24T09:41:18","slug":"foerderverein","status":"publish","type":"page","link":"https:\/\/www.bsmn.de\/faks-memmingen\/foerderverein\/","title":{"rendered":"F\u00f6rderverein"},"content":{"rendered":"\n<h2 class=\"wp-block-heading\">Zweck des Vereins<\/h2>\n\n\n\n<h4 class=\"wp-block-heading\">F\u00f6rderung von Ausbildung, Bildung und Erziehung<\/h4>\n\n\n\n<div class=\"wp-block-image\"><figure class=\"alignright size-large is-resized\"><img fetchpriority=\"high\" decoding=\"async\" src=\"https:\/\/www.bsmn.de\/berufsschule-mindelheim\/wp-content\/uploads\/sites\/2\/2021\/01\/Foerderverein-Logo.jpg\" alt=\"\" class=\"wp-image-1996\" width=\"424\" height=\"243\"\/><\/figure><\/div>\n\n\n\n<ul class=\"wp-block-list\"><li>Verbundeheit mit ehemaligen Sch\u00fclern und Lehrern<\/li><li>F\u00f6rderung des Schullebens<\/li><li>Unterst\u00fctzung von Ma\u00dfnahmen zur Verbesserung der Unterrichtsqualit\u00e4t<\/li><li>Unterst\u00fctzung von schulischen Projekten<\/li><li>Unterst\u00fctzung von Fortbildungs- und Informationsveranstaltungen<\/li><li>Unterst\u00fctzung bei Projekten zum Sch\u00fcler- und Lehreraustausch mit Partnern im In- und Ausland<\/li><\/ul>\n\n\n\n<div class=\"wp-block-file\"><a href=\"https:\/\/www.bsmn.de\/berufsschule-mindelheim\/wp-content\/uploads\/sites\/2\/2021\/01\/Flyer-Foerderverein.pdf\">Flyer-Foerderverein<\/a><a href=\"https:\/\/www.bsmn.de\/berufsschule-mindelheim\/wp-content\/uploads\/sites\/2\/2021\/01\/Flyer-Foerderverein.pdf\" class=\"wp-block-file__button\" download>Herunterladen<\/a><\/div>\n\n\n\n<h2 class=\"wp-block-heading\">Mit Ihrer Hilfe erreichen wir noch viel mehr!<\/h2>\n\n\n\n<p>Wenn Sie die Arbeit unseres F\u00f6rdervereins unterst\u00fctzen m\u00f6chten, k\u00f6nnen Sie<\/p>\n\n\n\n<div class=\"wp-block-image\"><figure class=\"alignright size-large is-resized\"><img decoding=\"async\" src=\"https:\/\/www.bsmn.de\/berufsschule-mindelheim\/wp-content\/uploads\/sites\/2\/2021\/01\/Image-Foerderverein.jpg\" alt=\"\" class=\"wp-image-1992\" width=\"396\" height=\"312\"\/><\/figure><\/div>\n\n\n\n<ul class=\"wp-block-list\"><li><strong>Mitglied werden <\/strong><br>und damit einen j\u00e4hrlichen Beitrag von<ul><li>5,00 Euro (Sch\u00fcler und ehemalige Sch\u00fcler)<\/li><li>20,00 Euro (Alle weiteren nat\u00fcrlichen Personen)<\/li><li>50,00 Euro (Juristische Personen &#8211; Firmen)<br>oder mehr leisten.<\/li><\/ul><\/li><\/ul>\n\n\n\n<ul class=\"wp-block-list\"><li><strong>Spenden t\u00e4tigen<\/strong><br>f\u00fcr die wir als ein gemeinn\u00fctziger Verein Zuwendungsbescheinigungen ausstellen k\u00f6nnen.<br><\/li><li><strong>Praktische Unterst\u00fctzung leisten<\/strong><br>z.B. indem Sie sich als Referent zur Verf\u00fcgung stellen oder geeignete Referenten vermitteln.<\/li><\/ul>\n\n\n\n<h4 class=\"wp-block-heading\">Wir freuen uns sehr und bedanken uns herzlich f\u00fcr jede Form der Unterst\u00fctzung!<\/h4>\n\n\n\n<h2 class=\"wp-block-heading\">Kontaktdaten<\/h2>\n\n\n\n<p>F\u00f6rderverein der Berufsschule Mindelheim e.V.<br>0-87719 Mindelheim \/ Westernacher Stra\u00dfe 5 \/Tel.: +49-(0)8261-76200 \/ Fax: +49-(0)8261-762099<br>E-Mail: foerderverein@bsmn.de<\/p>\n\n\n\n<p><br><\/p>\n\n\n\n<div class=\"wp-block-file\"><a href=\"https:\/\/www.bsmn.de\/berufsschule-mindelheim\/wp-content\/uploads\/sites\/2\/2021\/01\/Beitrittserklaerung.pdf\">Beitrittserklaerung<\/a><a href=\"https:\/\/www.bsmn.de\/berufsschule-mindelheim\/wp-content\/uploads\/sites\/2\/2021\/01\/Beitrittserklaerung.pdf\" class=\"wp-block-file__button\" download>Herunterladen<\/a><\/div>\n","protected":false},"excerpt":{"rendered":"<p>Zweck des Vereins F\u00f6rderung von Ausbildung, Bildung und Erziehung Verbundeheit mit ehemaligen Sch\u00fclern und Lehrern F\u00f6rderung des Schullebens Unterst\u00fctzung von Ma\u00dfnahmen zur Verbesserung der Unterrichtsqualit\u00e4t Unterst\u00fctzung von schulischen Projekten Unterst\u00fctzung von Fortbildungs- und Informationsveranstaltungen Unterst\u00fctzung bei Projekten zum Sch\u00fcler- und Lehreraustausch mit Partnern im In- und Ausland Mit Ihrer Hilfe erreichen wir noch viel mehr! [&hellip;]<\/p>\n","protected":false},"author":2,"featured_media":1997,"parent":0,"menu_order":0,"comment_status":"closed","ping_status":"closed","template":"","meta":{"footnotes":""},"class_list":["post-1989","page","type-page","status-publish","has-post-thumbnail","hentry"],"publishpress_future_workflow_manual_trigger":{"enabledWorkflows":[]},"_links":{"self":[{"href":"https:\/\/www.bsmn.de\/faks-memmingen\/wp-json\/wp\/v2\/pages\/1989","targetHints":{"allow":["GET"]}}],"collection":[{"href":"https:\/\/www.bsmn.de\/faks-memmingen\/wp-json\/wp\/v2\/pages"}],"about":[{"href":"https:\/\/www.bsmn.de\/faks-memmingen\/wp-json\/wp\/v2\/types\/page"}],"author":[{"embeddable":true,"href":"https:\/\/www.bsmn.de\/faks-memmingen\/wp-json\/wp\/v2\/users\/2"}],"replies":[{"embeddable":true,"href":"https:\/\/www.bsmn.de\/faks-memmingen\/wp-json\/wp\/v2\/comments?post=1989"}],"version-history":[{"count":1,"href":"https:\/\/www.bsmn.de\/faks-memmingen\/wp-json\/wp\/v2\/pages\/1989\/revisions"}],"predecessor-version":[{"id":2005,"href":"https:\/\/www.bsmn.de\/faks-memmingen\/wp-json\/wp\/v2\/pages\/1989\/revisions\/2005"}],"wp:featuredmedia":[{"embeddable":true,"href":"https:\/\/www.bsmn.de\/faks-memmingen\/wp-json\/wp\/v2\/media\/1997"}],"wp:attachment":[{"href":"https:\/\/www.bsmn.de\/faks-memmingen\/wp-json\/wp\/v2\/media?parent=1989"}],"curies":[{"name":"wp","href":"https:\/\/api.w.org\/{rel}","templated":true}]}}