{"id":1981,"date":"2020-06-24T11:40:04","date_gmt":"2020-06-24T09:40:04","guid":{"rendered":"https:\/\/www.bsmn.de\/faks-memmingen\/jugendsozialarbeit\/"},"modified":"2024-09-11T09:08:24","modified_gmt":"2024-09-11T07:08:24","slug":"jugendsozialarbeit","status":"publish","type":"page","link":"https:\/\/www.bsmn.de\/faks-memmingen\/jugendsozialarbeit\/","title":{"rendered":"Schulsozialarbeit"},"content":{"rendered":"\n<div class=\"wp-block-columns is-layout-flex wp-container-core-columns-is-layout-9d6595d7 wp-block-columns-is-layout-flex\">\n<div class=\"wp-block-column is-layout-flow wp-block-column-is-layout-flow\" style=\"flex-basis:100%\">\n<p>&nbsp;<\/p>\n\n\n\n<div class=\"wp-block-columns is-layout-flex wp-container-core-columns-is-layout-9d6595d7 wp-block-columns-is-layout-flex\">\n<div class=\"wp-block-column is-layout-flow wp-block-column-is-layout-flow\">\n<figure class=\"wp-block-image size-large\"><img fetchpriority=\"high\" decoding=\"async\" width=\"1024\" height=\"965\" src=\"https:\/\/www.bsmn.de\/faks-memmingen\/wp-content\/uploads\/sites\/11\/2024\/03\/Munz-Christine-Homepage-2-1024x965.jpg\" alt=\"\" class=\"wp-image-2778\" srcset=\"https:\/\/www.bsmn.de\/faks-memmingen\/wp-content\/uploads\/sites\/11\/2024\/03\/Munz-Christine-Homepage-2-1024x965.jpg 1024w, https:\/\/www.bsmn.de\/faks-memmingen\/wp-content\/uploads\/sites\/11\/2024\/03\/Munz-Christine-Homepage-2-300x283.jpg 300w, https:\/\/www.bsmn.de\/faks-memmingen\/wp-content\/uploads\/sites\/11\/2024\/03\/Munz-Christine-Homepage-2-768x724.jpg 768w, https:\/\/www.bsmn.de\/faks-memmingen\/wp-content\/uploads\/sites\/11\/2024\/03\/Munz-Christine-Homepage-2-600x566.jpg 600w, https:\/\/www.bsmn.de\/faks-memmingen\/wp-content\/uploads\/sites\/11\/2024\/03\/Munz-Christine-Homepage-2.jpg 1200w\" sizes=\"(max-width: 1024px) 100vw, 1024px\" \/><\/figure>\n<\/div>\n\n\n\n<div class=\"wp-block-column is-layout-flow wp-block-column-is-layout-flow\"><\/div>\n\n\n\n<div class=\"wp-block-column is-layout-flow wp-block-column-is-layout-flow\"><\/div>\n<\/div>\n<\/div>\n<\/div>\n\n\n\n<p>Christine Munz<\/p>\n\n\n<div class=\"inside\">\n<div id=\"sozialarbeit-an-unserer-schule\" class=\"mod_article block\">\n<h3 class=\"ce_headline\">Schulsozialarbeit an unseren Berufsfachschulen<\/h3>\n<p>Auch in diesem Schuljahr gibt es an den Berufsfachschulen wieder das Angebot der Schulsozialarbeit unter der Tr\u00e4gerschaft des SKM (Katholischer Verein f\u00fcr soziale Dienste, Memmingen und Unterallg\u00e4u e.V.).<\/p>\n<p><strong>Die Schulsozialarbeit wendet sich an:<\/strong><\/p>\n<p><strong>Sch\u00fclerinnen und Sch\u00fcler, die<\/strong><\/p>\n<ul>\n<li>pers\u00f6nliche Probleme haben (z.B. Stress mit der Freundin oder dem Freund, Liebeskummer, Mobbing, Essst\u00f6rungen, Alkohol- oder andere Suchtprobleme, \u2026)<\/li>\n<li>zu Hause oder in der Schule \u00c4rger haben<\/li>\n<li>Vermittlung oder Begleitung w\u00fcnschen zu anderen Einrichtungen (z.B. Suchtberatungsstelle, Erziehungsberatungsstelle, Jugendamt, \u2026)<\/li>\n<li>einfach mal jemanden zum Reden brauchen<\/li>\n<\/ul>\n<p><strong>Eltern, die<\/strong><\/p>\n<ul>\n<li>Beratung und Unterst\u00fctzung bei Erziehungsfragen w\u00fcnschen<\/li>\n<li>Pers\u00f6nliche Probleme haben, die sich negativ auf das Familienklima auswirken<\/li>\n<li>Vermittlung zu anderen Institutionen (z.B. Erziehungsberatungsstelle, Jugendamt, \u2026) w\u00fcnschen<\/li>\n<\/ul>\n<p><strong>Lehrerinnen und Lehrer, die<\/strong><\/p>\n<ul>\n<li>Sch\u00fcler\/innen in der Klasse haben, deren Probleme sie nicht alleine auffangen k\u00f6nnen<\/li>\n<li>sich Projekte f\u00fcr ihre Klasse zu unterschiedlichen Themen (z.B. soziale Kompetenz, Anti-Mobbing, \u2026) w\u00fcnschen<\/li>\n<li>sich Unterst\u00fctzung bei der Bearbeitung von Problemen in der Klasse w\u00fcnschen<\/li>\n<\/ul>\n<\/div>\n<\/div>\n\n\n<p><\/p>\n\n\n\n<p>Sprechzeiten: <br>Mo 10:00 Uhr &#8211; 14:00 Uhr<br>Do 08:30 Uhr &#8211; 12:30 Uhr<br><\/p>\n\n\n\n<p><strong>Raum 18 (Aula)<\/strong><\/p>\n\n\n\n<p>Christine Munz<\/p>\n\n\n\n<p>Diplom Sozialp\u00e4dagogin (FH)<\/p>\n\n\n\n<p>Schulsozialarbeit<\/p>\n\n\n\n<p>Berufsschule Mindelheim Au\u00dfenstelle Memmingen<\/p>\n\n\n\n<p>Telefon 08331\/984884-27<\/p>\n\n\n\n<p><a rel=\"noreferrer noopener\" href=\"mailto:Christine.Munz@bfsnmm.de\" target=\"_blank\">Christine.Munz@bfsnmm.de<\/a><\/p>\n\n\n\n<figure class=\"wp-block-image size-full\"><img decoding=\"async\" width=\"285\" height=\"83\" src=\"https:\/\/www.bsmn.de\/faks-memmingen\/wp-content\/uploads\/sites\/11\/2023\/06\/image-1.png\" alt=\"\" class=\"wp-image-2628\" \/><\/figure>\n\n\n\n<p>&nbsp;SKM \u2013 Katholischer Verein f\u00fcr Soziale DiensteMemmingen und Unterallg\u00e4u e.V.<\/p>\n\n\n\n<p>Hintere Gerbergasse <\/p>\n\n\n\n<p>887700 Memmingen<\/p>\n\n\n\n<p><a rel=\"noreferrer noopener\" href=\"mailto:munz@skm-memmingen.de\" target=\"_blank\">munz@skm-memmingen.de<\/a><\/p>\n\n\n\n<figure class=\"wp-block-image size-full\"><img decoding=\"async\" width=\"147\" height=\"123\" src=\"https:\/\/www.bsmn.de\/faks-memmingen\/wp-content\/uploads\/sites\/11\/2023\/06\/image.png\" alt=\"\" class=\"wp-image-2629\" \/><\/figure>\n\n\n\n<p><\/p>\n","protected":false},"excerpt":{"rendered":"<p>&nbsp; Christine Munz Schulsozialarbeit an unseren Berufsfachschulen Auch in diesem Schuljahr gibt es an den Berufsfachschulen wieder das Angebot der Schulsozialarbeit unter der Tr\u00e4gerschaft des SKM (Katholischer Verein f\u00fcr soziale Dienste, Memmingen und Unterallg\u00e4u e.V.). Die Schulsozialarbeit wendet sich an: Sch\u00fclerinnen und Sch\u00fcler, die pers\u00f6nliche Probleme haben (z.B. Stress mit der Freundin oder dem Freund, [&hellip;]<\/p>\n","protected":false},"author":2,"featured_media":2772,"parent":0,"menu_order":0,"comment_status":"closed","ping_status":"closed","template":"","meta":{"footnotes":""},"class_list":["post-1981","page","type-page","status-publish","has-post-thumbnail","hentry"],"publishpress_future_workflow_manual_trigger":{"enabledWorkflows":[]},"_links":{"self":[{"href":"https:\/\/www.bsmn.de\/faks-memmingen\/wp-json\/wp\/v2\/pages\/1981","targetHints":{"allow":["GET"]}}],"collection":[{"href":"https:\/\/www.bsmn.de\/faks-memmingen\/wp-json\/wp\/v2\/pages"}],"about":[{"href":"https:\/\/www.bsmn.de\/faks-memmingen\/wp-json\/wp\/v2\/types\/page"}],"author":[{"embeddable":true,"href":"https:\/\/www.bsmn.de\/faks-memmingen\/wp-json\/wp\/v2\/users\/2"}],"replies":[{"embeddable":true,"href":"https:\/\/www.bsmn.de\/faks-memmingen\/wp-json\/wp\/v2\/comments?post=1981"}],"version-history":[{"count":21,"href":"https:\/\/www.bsmn.de\/faks-memmingen\/wp-json\/wp\/v2\/pages\/1981\/revisions"}],"predecessor-version":[{"id":2852,"href":"https:\/\/www.bsmn.de\/faks-memmingen\/wp-json\/wp\/v2\/pages\/1981\/revisions\/2852"}],"wp:featuredmedia":[{"embeddable":true,"href":"https:\/\/www.bsmn.de\/faks-memmingen\/wp-json\/wp\/v2\/media\/2772"}],"wp:attachment":[{"href":"https:\/\/www.bsmn.de\/faks-memmingen\/wp-json\/wp\/v2\/media?parent=1981"}],"curies":[{"name":"wp","href":"https:\/\/api.w.org\/{rel}","templated":true}]}}