{"id":1978,"date":"2020-06-24T11:39:47","date_gmt":"2020-06-24T09:39:47","guid":{"rendered":"https:\/\/www.bsmn.de\/faks-memmingen\/beratungslehrer-in\/"},"modified":"2022-09-23T09:58:43","modified_gmt":"2022-09-23T07:58:43","slug":"beratungslehrer-in","status":"publish","type":"page","link":"https:\/\/www.bsmn.de\/faks-memmingen\/beratungslehrer-in\/","title":{"rendered":"Beratungslehrer\/in"},"content":{"rendered":"\n<figure class=\"wp-block-image size-large is-resized\"><img decoding=\"async\" src=\"https:\/\/www.bsmn.de\/faks-memmingen\/wp-content\/uploads\/sites\/11\/2021\/11\/Agnes-Hoelzler-HP-739x1024.jpg\" alt=\"\" class=\"wp-image-2125\" width=\"148\" height=\"205\" srcset=\"https:\/\/www.bsmn.de\/faks-memmingen\/wp-content\/uploads\/sites\/11\/2021\/11\/Agnes-Hoelzler-HP-739x1024.jpg 739w, https:\/\/www.bsmn.de\/faks-memmingen\/wp-content\/uploads\/sites\/11\/2021\/11\/Agnes-Hoelzler-HP-216x300.jpg 216w, https:\/\/www.bsmn.de\/faks-memmingen\/wp-content\/uploads\/sites\/11\/2021\/11\/Agnes-Hoelzler-HP-768x1065.jpg 768w, https:\/\/www.bsmn.de\/faks-memmingen\/wp-content\/uploads\/sites\/11\/2021\/11\/Agnes-Hoelzler-HP-600x832.jpg 600w, https:\/\/www.bsmn.de\/faks-memmingen\/wp-content\/uploads\/sites\/11\/2021\/11\/Agnes-Hoelzler-HP.jpg 800w\" sizes=\"(max-width: 148px) 100vw, 148px\" \/><\/figure>\n\n\n\n<h3 class=\"wp-block-heading\" id=\"agnes-holzler\">Agnes H\u00f6lzler<\/h3>\n\n\n\n<p><strong>Telefonnummer:<\/strong> 08331-984884-29<br><strong>E-Mail:<\/strong> agnes.hoelzler@bfsnmm.de<\/p>\n\n\n\n<p><strong>Die Beratung ist freiwillig, kostenlos und <\/strong><strong>unterliegt der Schweigepflicht!<\/strong><\/p>\n\n\n\n<p><strong>Sprechstunde: <\/strong>Mittwoch, 11:10 bis 11:55 Uhr oder per Mail nach Vereinbarung.<\/p>\n\n\n\n<h3 class=\"wp-block-heading\" id=\"die-schwerpunkte-der-schulberatung-liegen-in-folgenden-bereichen\">Die Schwerpunkte der Schulberatung liegen in folgenden Bereichen:<\/h3>\n\n\n\n<ul class=\"wp-block-list\"><li>Pers\u00f6nliche Beratungsgespr\u00e4che<\/li><li>Fragen zur Schullaufbahn<\/li><li>M\u00f6gliche Schulabschl\u00fcsse<\/li><li>Weiterbildungsm\u00f6glichkeiten<\/li><li>Fragen der beruflichen Orientierung<\/li><li>Referate in Veranstaltungen<\/li><\/ul>\n\n\n\n<p>\u00dcber dieses Angebot hinaus arbeitet die Berufsschule sehr eng mit den Mittelschulen zusammen, um die Mittelsch\u00fcler auf den Wechsel in das Berufsleben vorzubereiten. So haben die Hauptschulen die M\u00f6glichkeit, einen Tag an der Berufsschule Mindelheim zu verbringen. Dabei werden die Sch\u00fcler nach einer allgemeinen Einf\u00fchrung in das berufliche Schulwesen, entsprechend ihrer Neigungen in Fachklassen aufgenommen, in denen sie den Berufsschulunterricht erleben k\u00f6nnen. Den Abschluss des Besuches bildet eine gemeinsame Besprechung, in der alle anfallenden Fragen er\u00f6rtert werden. Au\u00dferdem f\u00e4hrt der Beratungslehrer der Berufsschule auch zu Informationsveranstaltungen der Mittelschulen, um dort den Eltern das berufliche Bildungswesen an sich und die M\u00f6glichkeiten der Weiterbildung aufzuzeigen.<\/p>\n","protected":false},"excerpt":{"rendered":"<p>Agnes H\u00f6lzler Telefonnummer: 08331-984884-29E-Mail: agnes.hoelzler@bfsnmm.de Die Beratung ist freiwillig, kostenlos und unterliegt der Schweigepflicht! Sprechstunde: Mittwoch, 11:10 bis 11:55 Uhr oder per Mail nach Vereinbarung. Die Schwerpunkte der Schulberatung liegen in folgenden Bereichen: Pers\u00f6nliche Beratungsgespr\u00e4che Fragen zur Schullaufbahn M\u00f6gliche Schulabschl\u00fcsse Weiterbildungsm\u00f6glichkeiten Fragen der beruflichen Orientierung Referate in Veranstaltungen \u00dcber dieses Angebot hinaus arbeitet die Berufsschule [&hellip;]<\/p>\n","protected":false},"author":2,"featured_media":329,"parent":0,"menu_order":0,"comment_status":"closed","ping_status":"closed","template":"","meta":{"footnotes":""},"class_list":["post-1978","page","type-page","status-publish","has-post-thumbnail","hentry"],"publishpress_future_workflow_manual_trigger":{"enabledWorkflows":[]},"_links":{"self":[{"href":"https:\/\/www.bsmn.de\/faks-memmingen\/wp-json\/wp\/v2\/pages\/1978","targetHints":{"allow":["GET"]}}],"collection":[{"href":"https:\/\/www.bsmn.de\/faks-memmingen\/wp-json\/wp\/v2\/pages"}],"about":[{"href":"https:\/\/www.bsmn.de\/faks-memmingen\/wp-json\/wp\/v2\/types\/page"}],"author":[{"embeddable":true,"href":"https:\/\/www.bsmn.de\/faks-memmingen\/wp-json\/wp\/v2\/users\/2"}],"replies":[{"embeddable":true,"href":"https:\/\/www.bsmn.de\/faks-memmingen\/wp-json\/wp\/v2\/comments?post=1978"}],"version-history":[{"count":11,"href":"https:\/\/www.bsmn.de\/faks-memmingen\/wp-json\/wp\/v2\/pages\/1978\/revisions"}],"predecessor-version":[{"id":2445,"href":"https:\/\/www.bsmn.de\/faks-memmingen\/wp-json\/wp\/v2\/pages\/1978\/revisions\/2445"}],"wp:featuredmedia":[{"embeddable":true,"href":"https:\/\/www.bsmn.de\/faks-memmingen\/wp-json\/wp\/v2\/media\/329"}],"wp:attachment":[{"href":"https:\/\/www.bsmn.de\/faks-memmingen\/wp-json\/wp\/v2\/media?parent=1978"}],"curies":[{"name":"wp","href":"https:\/\/api.w.org\/{rel}","templated":true}]}}