{"id":1977,"date":"2020-06-24T11:39:27","date_gmt":"2020-06-24T09:39:27","guid":{"rendered":"https:\/\/www.bsmn.de\/faks-memmingen\/kollegium\/"},"modified":"2026-04-01T12:56:23","modified_gmt":"2026-04-01T10:56:23","slug":"kollegium","status":"publish","type":"page","link":"https:\/\/www.bsmn.de\/faks-memmingen\/kollegium\/","title":{"rendered":"Kollegium"},"content":{"rendered":"\n<figure class=\"wp-block-image size-large\"><img fetchpriority=\"high\" decoding=\"async\" width=\"1024\" height=\"658\" src=\"https:\/\/www.bsmn.de\/faks-memmingen\/wp-content\/uploads\/sites\/11\/2025\/10\/DSC_6911-HP-1024x658.jpg\" alt=\"\" class=\"wp-image-2915\" srcset=\"https:\/\/www.bsmn.de\/faks-memmingen\/wp-content\/uploads\/sites\/11\/2025\/10\/DSC_6911-HP-1024x658.jpg 1024w, https:\/\/www.bsmn.de\/faks-memmingen\/wp-content\/uploads\/sites\/11\/2025\/10\/DSC_6911-HP-300x193.jpg 300w, https:\/\/www.bsmn.de\/faks-memmingen\/wp-content\/uploads\/sites\/11\/2025\/10\/DSC_6911-HP-768x493.jpg 768w, https:\/\/www.bsmn.de\/faks-memmingen\/wp-content\/uploads\/sites\/11\/2025\/10\/DSC_6911-HP-600x386.jpg 600w, https:\/\/www.bsmn.de\/faks-memmingen\/wp-content\/uploads\/sites\/11\/2025\/10\/DSC_6911-HP.jpg 1200w\" sizes=\"(max-width: 1024px) 100vw, 1024px\" \/><\/figure>\n\n\n\n<p><a href=\"https:\/\/www.bsmn.de\/bski-memmingen\/wp-content\/uploads\/sites\/8\/2025\/12\/Sprechzeiten.pdf\" data-type=\"URL\" data-id=\"https:\/\/www.bsmn.de\/bski-memmingen\/wp-content\/uploads\/sites\/8\/2020\/11\/Sprechzeiten.pdf\" target=\"_blank\" rel=\"noreferrer noopener\">Sprechzeiten\u00fcbersicht<\/a><\/p>\n\n\n\n<figure class=\"wp-block-table alignleft is-style-stripes has-medium-font-size\"><table><thead><tr><th class=\"has-text-align-left\" data-align=\"left\">Name<\/th><th class=\"has-text-align-left\" data-align=\"left\">Funktion<\/th><\/tr><\/thead><tbody><tr><td class=\"has-text-align-left\" data-align=\"left\">Baalhuis, Martina<\/td><td class=\"has-text-align-left\" data-align=\"left\"><\/td><\/tr><tr><td class=\"has-text-align-left\" data-align=\"left\">B\u00e4r, Christina<\/td><td class=\"has-text-align-left\" data-align=\"left\"><\/td><\/tr><tr><td class=\"has-text-align-left\" data-align=\"left\">Deeg, Katharina<\/td><td class=\"has-text-align-left\" data-align=\"left\"><\/td><\/tr><tr><td class=\"has-text-align-left\" data-align=\"left\">Dorn, Sandra<\/td><td class=\"has-text-align-left\" data-align=\"left\"><\/td><\/tr><tr><td class=\"has-text-align-left\" data-align=\"left\">Fenzl-Walcher, Gabriele<\/td><td class=\"has-text-align-left\" data-align=\"left\"><\/td><\/tr><tr><td class=\"has-text-align-left\" data-align=\"left\">Fuchs, Michael<\/td><td class=\"has-text-align-left\" data-align=\"left\"><\/td><\/tr><tr><td class=\"has-text-align-left\" data-align=\"left\">Hahn, Anna<\/td><td class=\"has-text-align-left\" data-align=\"left\"><\/td><\/tr><tr><td class=\"has-text-align-left\" data-align=\"left\">Hall, Mathias<\/td><td class=\"has-text-align-left\" data-align=\"left\"><\/td><\/tr><tr><td class=\"has-text-align-left\" data-align=\"left\">Han\u00dfum, Alexandra<\/td><td class=\"has-text-align-left\" data-align=\"left\">Fachbetreuerin Ern\u00e4hrung und Versorgung Praxis<\/td><\/tr><tr><td class=\"has-text-align-left\" data-align=\"left\">Kasten, Ann-Kristin<\/td><td class=\"has-text-align-left\" data-align=\"left\"><\/td><\/tr><tr><td class=\"has-text-align-left\" data-align=\"left\">Keller, Sophia<\/td><td class=\"has-text-align-left\" data-align=\"left\"><\/td><\/tr><tr><td class=\"has-text-align-left\" data-align=\"left\">Kutter, Anna<\/td><td class=\"has-text-align-left\" data-align=\"left\"><\/td><\/tr><tr><td class=\"has-text-align-left\" data-align=\"left\">Lanki, Isabelle<\/td><td class=\"has-text-align-left\" data-align=\"left\"><\/td><\/tr><tr><td class=\"has-text-align-left\" data-align=\"left\">Lanzel, Lothar<\/td><td class=\"has-text-align-left\" data-align=\"left\"><\/td><\/tr><tr><td class=\"has-text-align-left\" data-align=\"left\">L\u00f6ffler, Natalie<\/td><td class=\"has-text-align-left\" data-align=\"left\"><\/td><\/tr><tr><td class=\"has-text-align-left\" data-align=\"left\">Mayer-Holzheu, Magdalena<\/td><td class=\"has-text-align-left\" data-align=\"left\"><\/td><\/tr><tr><td class=\"has-text-align-left\" data-align=\"left\">M\u00f6slang, Michael<\/td><td class=\"has-text-align-left\" data-align=\"left\"><\/td><\/tr><tr><td class=\"has-text-align-left\" data-align=\"left\">M\u00fcnsch, Marina<\/td><td class=\"has-text-align-left\" data-align=\"left\"><\/td><\/tr><tr><td class=\"has-text-align-left\" data-align=\"left\">Obade, Johanna<\/td><td class=\"has-text-align-left\" data-align=\"left\"><\/td><\/tr><tr><td class=\"has-text-align-left\" data-align=\"left\">Petschke, Nancy<\/td><td class=\"has-text-align-left\" data-align=\"left\"><\/td><\/tr><tr><td class=\"has-text-align-left\" data-align=\"left\">Prei\u00dfinger, Maria<\/td><td class=\"has-text-align-left\" data-align=\"left\"><\/td><\/tr><tr><td class=\"has-text-align-left\" data-align=\"left\">Prinz, Johanna<\/td><td class=\"has-text-align-left\" data-align=\"left\"><\/td><\/tr><tr><td class=\"has-text-align-left\" data-align=\"left\">Reffler, Verena<\/td><td class=\"has-text-align-left\" data-align=\"left\"><\/td><\/tr><tr><td class=\"has-text-align-left\" data-align=\"left\">Riedmiller, Natalie<\/td><td class=\"has-text-align-left\" data-align=\"left\"><\/td><\/tr><tr><td class=\"has-text-align-left\" data-align=\"left\">Sandholzer, Daniela<\/td><td class=\"has-text-align-left\" data-align=\"left\"><\/td><\/tr><tr><td class=\"has-text-align-left\" data-align=\"left\">Sandholzer, Edeltraud<\/td><td class=\"has-text-align-left\" data-align=\"left\"><\/td><\/tr><tr><td class=\"has-text-align-left\" data-align=\"left\">Schacherl, Manuel<\/td><td class=\"has-text-align-left\" data-align=\"left\"><\/td><\/tr><tr><td class=\"has-text-align-left\" data-align=\"left\">Schimon, Anja<\/td><td class=\"has-text-align-left\" data-align=\"left\"><\/td><\/tr><tr><td class=\"has-text-align-left\" data-align=\"left\">Schmieder, Pauline<\/td><td class=\"has-text-align-left\" data-align=\"left\"><\/td><\/tr><tr><td class=\"has-text-align-left\" data-align=\"left\">Schmitt, Stella<\/td><td class=\"has-text-align-left\" data-align=\"left\">Au\u00dfenstellenleiterin<\/td><\/tr><tr><td class=\"has-text-align-left\" data-align=\"left\">Schwarz, Sonja<\/td><td class=\"has-text-align-left\" data-align=\"left\"><\/td><\/tr><tr><td class=\"has-text-align-left\" data-align=\"left\">Sellner, Katharina<\/td><td class=\"has-text-align-left\" data-align=\"left\"><\/td><\/tr><tr><td class=\"has-text-align-left\" data-align=\"left\">Steinle, Theresia<\/td><td class=\"has-text-align-left\" data-align=\"left\"><\/td><\/tr><tr><td class=\"has-text-align-left\" data-align=\"left\">Trefzer, Maximilian<\/td><td class=\"has-text-align-left\" data-align=\"left\"><\/td><\/tr><tr><td class=\"has-text-align-left\" data-align=\"left\">Veit-Sch\u00f6nle, Bettina<\/td><td class=\"has-text-align-left\" data-align=\"left\"><\/td><\/tr><tr><td class=\"has-text-align-left\" data-align=\"left\">Vitzthum, Stefan<\/td><td class=\"has-text-align-left\" data-align=\"left\">Lehrkraft im Handlungsfeld des MSD<\/td><\/tr><tr><td class=\"has-text-align-left\" data-align=\"left\">Weber, Annette<\/td><td class=\"has-text-align-left\" data-align=\"left\"><\/td><\/tr><tr><td class=\"has-text-align-left\" data-align=\"left\">Weber, J\u00fcrgen<\/td><td class=\"has-text-align-left\" data-align=\"left\">Mitarbeiter in der Schulleitung<\/td><\/tr><tr><td class=\"has-text-align-left\" data-align=\"left\">Weigele, Stefanie<\/td><td class=\"has-text-align-left\" data-align=\"left\"><\/td><\/tr><tr><td class=\"has-text-align-left\" data-align=\"left\">Wiblishauser, Erich<\/td><td class=\"has-text-align-left\" data-align=\"left\"><\/td><\/tr><tr><td class=\"has-text-align-left\" data-align=\"left\">Wilhelm, Kathrin<\/td><td class=\"has-text-align-left\" data-align=\"left\"><\/td><\/tr><tr><td class=\"has-text-align-left\" data-align=\"left\">W\u00f6rz, Katharina<\/td><td class=\"has-text-align-left\" data-align=\"left\"><\/td><\/tr><\/tbody><\/table><\/figure>\n","protected":false},"excerpt":{"rendered":"<p>Sprechzeiten\u00fcbersicht Name Funktion Baalhuis, Martina B\u00e4r, Christina Deeg, Katharina Dorn, Sandra Fenzl-Walcher, Gabriele Fuchs, Michael Hahn, Anna Hall, Mathias Han\u00dfum, Alexandra Fachbetreuerin Ern\u00e4hrung und Versorgung Praxis Kasten, Ann-Kristin Keller, Sophia Kutter, Anna Lanki, Isabelle Lanzel, Lothar L\u00f6ffler, Natalie Mayer-Holzheu, Magdalena M\u00f6slang, Michael M\u00fcnsch, Marina Obade, Johanna Petschke, Nancy Prei\u00dfinger, Maria Prinz, Johanna Reffler, Verena Riedmiller, [&hellip;]<\/p>\n","protected":false},"author":2,"featured_media":0,"parent":0,"menu_order":0,"comment_status":"closed","ping_status":"closed","template":"","meta":{"footnotes":""},"class_list":["post-1977","page","type-page","status-publish","hentry"],"publishpress_future_workflow_manual_trigger":{"enabledWorkflows":[]},"_links":{"self":[{"href":"https:\/\/www.bsmn.de\/faks-memmingen\/wp-json\/wp\/v2\/pages\/1977","targetHints":{"allow":["GET"]}}],"collection":[{"href":"https:\/\/www.bsmn.de\/faks-memmingen\/wp-json\/wp\/v2\/pages"}],"about":[{"href":"https:\/\/www.bsmn.de\/faks-memmingen\/wp-json\/wp\/v2\/types\/page"}],"author":[{"embeddable":true,"href":"https:\/\/www.bsmn.de\/faks-memmingen\/wp-json\/wp\/v2\/users\/2"}],"replies":[{"embeddable":true,"href":"https:\/\/www.bsmn.de\/faks-memmingen\/wp-json\/wp\/v2\/comments?post=1977"}],"version-history":[{"count":55,"href":"https:\/\/www.bsmn.de\/faks-memmingen\/wp-json\/wp\/v2\/pages\/1977\/revisions"}],"predecessor-version":[{"id":2944,"href":"https:\/\/www.bsmn.de\/faks-memmingen\/wp-json\/wp\/v2\/pages\/1977\/revisions\/2944"}],"wp:attachment":[{"href":"https:\/\/www.bsmn.de\/faks-memmingen\/wp-json\/wp\/v2\/media?parent=1977"}],"curies":[{"name":"wp","href":"https:\/\/api.w.org\/{rel}","templated":true}]}}