{"id":1968,"date":"2021-07-28T10:00:00","date_gmt":"2021-07-28T08:00:00","guid":{"rendered":"https:\/\/www.bsmn.de\/faks-memmingen\/?page_id=1968"},"modified":"2022-06-23T15:16:54","modified_gmt":"2022-06-23T13:16:54","slug":"informationen","status":"publish","type":"page","link":"https:\/\/www.bsmn.de\/faks-memmingen\/informationen\/","title":{"rendered":"Informationen"},"content":{"rendered":"\n<h2 class=\"wp-block-heading\" id=\"ausbildungsdauer\">Ausbildungsdauer<\/h2>\n\n\n\n<p>Die Ausbildung dauert in Vollzeit f\u00fcnf Jahre.<br><strong>Sie unterteilt sich in:<\/strong><\/p>\n\n\n\n<ul class=\"wp-block-list\"><li>zweij\u00e4hrige Ausbildung zum\/r staatlich anerkannten Kinderpfleger\/in an der Berufsfachschule (Bfs)<\/li><li>zwei Studienjahre an der Fachakademie Sozialp\u00e4dagogik (FakS) <\/li><li>einj\u00e4hriges Berufspraktikum<\/li><\/ul>\n\n\n\n<p id=\"aufnahmevoraussetzungen\">Das (Fach-) Abitur und vorher abgeschlossene Berufsaus-bildungen im sozialen, p\u00e4dagogischen, pflegerischen und rehabilitativen Bereich k\u00f6nnen angerechnet werden, so dass sich die Ausbildungsdauer auf 3 Jahre verk\u00fcrzt.<\/p>\n\n\n\n<h2 class=\"wp-block-heading\" id=\"aufnahmevoraussetzungen-und-anmeldung\">Aufnahmevoraussetzungen und Anmeldung<\/h2>\n\n\n\n<p>Die Aufnahme in das erste Studienjahr der Fachakademie f\u00fcr Sozialp\u00e4dagogik setzt Folgendes voraus:<\/p>\n\n\n\n<ol class=\"wp-block-list\"><li>die allgemeine oder fachgebundene Hochschulreife oder die Fachhochschulreife und jeweils einen Nachweis \u00fcber mindestens 200 Zeitstunden T\u00e4tigkeit in einer sozialp\u00e4dagogischen Einrichtung,<br><strong>oder<\/strong><\/li><li>einen mittleren Schulabschluss und eine einschl\u00e4gige berufliche Vorbildung durch<ul><li>eine abgeschlossene Berufsausbildung in einem sozialp\u00e4dagogischen, p\u00e4dagogischen, sozialpflegerischen, pflegerischen oder rehabilitativen Beruf mit einer Regelausbildungsdauer von mindestens zwei Jahren<strong> oder<\/strong><\/li><li>eine abgeschlossene Berufsausbildung mit einer Regelausbildungsdauer von mindestens zwei Jahren und einen Nachweis \u00fcber mindestens 200 Zeitstunden T\u00e4tigkeit in einer sozialp\u00e4dagogischen Einrichtung <strong>oder<\/strong><\/li><li>ein erfolgreich abgeschlossenes sozialp\u00e4dagogisches Seminar oder ein erfolgreich abgeschlossenes sozialp\u00e4dagogisches Einf\u00fchrungsjahr <strong>oder<\/strong><\/li><li>eine einschl\u00e4gige berufliche T\u00e4tigkeit von mindestens vier Jahren.<\/li><\/ul><\/li><\/ol>\n\n\n\n<p><strong>Zur Anmeldung sind vorzulegen:<\/strong><\/p>\n\n\n\n<ul class=\"wp-block-list\"><li>Anschreiben<\/li><li>Lebenslauf mit Lichtbild<\/li><li>Nachweis \u00fcber schulische und\/ oder berufliche Vorbildung<\/li><li>\u00c4rztliches Attest darf bei Aufnahme nicht \u00e4lter sein als drei Monate. (Kann nachgereicht werden.)<\/li><li>Amtliches F\u00fchrungszeugnis darf bei Aufnahme nicht \u00e4lter sein als drei Monate.<\/li><\/ul>\n\n\n\n<p id=\"berufsprofil\">Entsprechende Vordrucke zur Beantragung erhalten Sie bei uns.<\/p>\n\n\n\n<h2 class=\"wp-block-heading\" id=\"berufsprofil-tatigkeiten\">Berufsprofil \/ T\u00e4tigkeiten<\/h2>\n\n\n\n<p id=\"stundentafel\">Erzieher\/innen beobachten das Verhalten und Befinden von Kindern, Jugendlichen und jungen Erwachsenen, betreuen sie und f\u00f6rdern deren k\u00f6rperliche und geistige Entwicklung.<br>Sie erstellen langfristige Erziehungspl\u00e4ne und bereiten Aktivit\u00e4ten sowie p\u00e4dagogische Ma\u00dfnahmen vor. Die Ergebnisse aus freiem und gelenktem Spiel und kreativer Arbeit dokumentieren sie.<br>Erzieher\/innen f\u00fchren Gespr\u00e4che sowohl im Team als auch mit Fachleuten aus Medizin, Psychologie und Therapie und unterst\u00fctzen und beraten bei schulischen Aufgaben und privaten Problemen.<br>Zu Eltern bzw. Erziehungsberechtigten halten sie engen Kontakt und stehen ihnen informierend und beratend zur Seite.<\/p>\n\n\n\n<h2 class=\"wp-block-heading\" id=\"stundentafel\">Stundentafel<\/h2>\n\n\n\n<figure class=\"wp-block-image size-large\"><img fetchpriority=\"high\" decoding=\"async\" width=\"1024\" height=\"933\" src=\"https:\/\/www.bsmn.de\/faks-memmingen\/wp-content\/uploads\/sites\/11\/2021\/08\/stundentafel_fachakademie_sozialpflege-1024x933.jpg\" alt=\"\" class=\"wp-image-2086\" srcset=\"https:\/\/www.bsmn.de\/faks-memmingen\/wp-content\/uploads\/sites\/11\/2021\/08\/stundentafel_fachakademie_sozialpflege-1024x933.jpg 1024w, https:\/\/www.bsmn.de\/faks-memmingen\/wp-content\/uploads\/sites\/11\/2021\/08\/stundentafel_fachakademie_sozialpflege-300x273.jpg 300w, https:\/\/www.bsmn.de\/faks-memmingen\/wp-content\/uploads\/sites\/11\/2021\/08\/stundentafel_fachakademie_sozialpflege-768x700.jpg 768w, https:\/\/www.bsmn.de\/faks-memmingen\/wp-content\/uploads\/sites\/11\/2021\/08\/stundentafel_fachakademie_sozialpflege-600x547.jpg 600w, https:\/\/www.bsmn.de\/faks-memmingen\/wp-content\/uploads\/sites\/11\/2021\/08\/stundentafel_fachakademie_sozialpflege.jpg 1470w\" sizes=\"(max-width: 1024px) 100vw, 1024px\" \/><\/figure>\n\n\n\n<p><strong>Fu\u00dfnoten:<\/strong><\/p>\n\n\n\n<p><sup>12<\/sup> Davon zwei Stunden im gew\u00e4hlten Vertiefungsgebiet I oder II<br><sup>13<\/sup> Das Fach ist in die Erg\u00e4nzungspr\u00fcfung zum Erwerb der Fachhochschulreife einzubringen.<br><sup>14<\/sup> Bei einer Teilnahme an der Erg\u00e4nzungspr\u00fcfung zum Erwerb der Fachhochschulreife ist in diesem Fach die schriftliche Erg\u00e4nzungspr\u00fcfung abzulegen.<br><sup>15 <\/sup>Das Fach ist in die Erg\u00e4nzungspr\u00fcfung zum Erwerb der Fachhochschulreife einzubringen<br><sup>16<\/sup> Bzw. Ethik und ethische Erziehung gem. \u00a7 8 FakOSozP\u00e4d<br><sup>17 <\/sup>Davon drei Stunden Kunstp\u00e4dagogik und drei Stunden Werkp\u00e4dagogik<br><sup>18 <\/sup>Davon drei Stunden Musikp\u00e4dagogik, eine Stunde Rhythmik und zwei Stunden Sportp\u00e4dagogik<br><sup>19<\/sup> \u00dcbungen zu sozialp\u00e4dagogischen Arbeitsfeldern und zu ausgew\u00e4hlten Fachbereichen; sie dienen der Vertiefung und der pers\u00f6nlichen und beruflichen Schwerpunktsetzung. Der Bezug zu einem Lernfeld, zu den F\u00e4chern, zu den F\u00f6rderschwerpunkten, zu ausgew\u00e4hlten Arbeitsfeldern oder Zielgruppen muss deutlich werden.<br><sup>20 <\/sup>Das Fach ist in die Erg\u00e4nzungspr\u00fcfung zum Erwerb der Fachhochschulreife einzubringen, sofern eine nicht auf bestimmte Studieng\u00e4nge beschr\u00e4nkte Fachhochschulreife erworben werden soll.<\/p>\n\n\n\n<h2 class=\"wp-block-heading\" id=\"sozialpadagogische-praxis\"><strong>Sozialp\u00e4dagogische Praxis:<\/strong><\/h2>\n\n\n\n<p>z.B. in Kinderkrippen, -g\u00e4rten und -horten, schulvorbereitenden Einrichtungen (SVE) oder staatlichen Einrichtungen der Jugendhilfe<\/p>\n\n\n\n<p id=\"kosten\">Die Ausbildung schlie\u00dft mit einer schriftlichen, m\u00fcndlichen und praktischen Pr\u00fcfung am Ende des zweiten Studienjahres bzw. im Berufspraktikum ab. Neben dem beruflichen Abschluss kann durch die Erg\u00e4nzungspr\u00fcfung im Fach Englisch die fachgebundene Fachhochschulreife erreicht werden.<\/p>\n\n\n\n<h2 class=\"wp-block-heading\" id=\"wieviel-kostet-die-ausbildung\">Wieviel kostet die Ausbildung?<\/h2>\n\n\n\n<p id=\"einsatz\">Es f\u00e4llt kein Schulgeld an, lediglich Materialgeld wird einmal im Jahr erhoben.<br>F\u00fcr die Ausbildung kann Sch\u00fcler- oder Aufstiegs-BAf\u00f6G beantragt werden. Weitere Informationen finden Sie unter:<br><a rel=\"noreferrer noopener\" href=\"http:\/\/Es f\u00e4llt kein Schulgeld an, lediglich Materialgeld wird einmal im Jahr erhoben.  F\u00fcr die Ausbildung kann Sch\u00fcler- oder Aufstiegs-BAf\u00f6G bean-tragt werden. Weitere Informationen finden Sie unter:  www.das-neue-bafoeg.de oder www.aufstiegsbafoeg.de\" target=\"_blank\">www.das-neue-bafoeg.de<\/a> oder <a rel=\"noreferrer noopener\" href=\"http:\/\/www.aufstiegsbafoeg.de\" target=\"_blank\">www.aufstiegsbafoeg.de<\/a><\/p>\n\n\n\n<h2 class=\"wp-block-heading\" id=\"einsatz-und-verdienst\">Einsatz und Verdienst<\/h2>\n\n\n\n<p><strong>Einsatzm\u00f6glichkeiten nach der Ausbildung sind:<\/strong><\/p>\n\n\n\n<ul class=\"wp-block-list\"><li>Kinderg\u00e4rten, Kinderkrippen und Horte<\/li><li>Kinder-, Jugendwohn- und Erziehungsheime<\/li><li>Familien- und Suchtberatungsstellen<\/li><li>Tagesst\u00e4tten oder Wohnheime f\u00fcr Menschen mit Behinderung<\/li><li>Erholungs- und Ferienheime<\/li><\/ul>\n\n\n\n<p>Im dritten Ausbildungsjahr ist das Gehalt rund 80% des Einstiegsgehalts. Das Einstiegsgehalt als Erzieher\/-in betr\u00e4gt ca. 2830 \u20ac brutto.<\/p>\n\n\n\n<p>Alle Informationen kompakt auf unserem Flyer:<\/p>\n\n\n\n<div class=\"wp-block-file\"><a id=\"wp-block-file--media-5a362694-d58d-46fe-b387-696022bc5a11\" href=\"https:\/\/www.bsmn.de\/faks-memmingen\/wp-content\/uploads\/sites\/11\/2022\/06\/FaSK_flyer_internet.pdf\">FaSK_Flyer<\/a><\/div>\n","protected":false},"excerpt":{"rendered":"<p>Ausbildungsdauer Die Ausbildung dauert in Vollzeit f\u00fcnf Jahre.Sie unterteilt sich in: zweij\u00e4hrige Ausbildung zum\/r staatlich anerkannten Kinderpfleger\/in an der Berufsfachschule (Bfs) zwei Studienjahre an der Fachakademie Sozialp\u00e4dagogik (FakS) einj\u00e4hriges Berufspraktikum Das (Fach-) Abitur und vorher abgeschlossene Berufsaus-bildungen im sozialen, p\u00e4dagogischen, pflegerischen und rehabilitativen Bereich k\u00f6nnen angerechnet werden, so dass sich die Ausbildungsdauer auf 3 Jahre [&hellip;]<\/p>\n","protected":false},"author":2,"featured_media":0,"parent":0,"menu_order":0,"comment_status":"closed","ping_status":"closed","template":"","meta":{"footnotes":""},"class_list":["post-1968","page","type-page","status-publish","hentry"],"publishpress_future_workflow_manual_trigger":{"enabledWorkflows":[]},"_links":{"self":[{"href":"https:\/\/www.bsmn.de\/faks-memmingen\/wp-json\/wp\/v2\/pages\/1968","targetHints":{"allow":["GET"]}}],"collection":[{"href":"https:\/\/www.bsmn.de\/faks-memmingen\/wp-json\/wp\/v2\/pages"}],"about":[{"href":"https:\/\/www.bsmn.de\/faks-memmingen\/wp-json\/wp\/v2\/types\/page"}],"author":[{"embeddable":true,"href":"https:\/\/www.bsmn.de\/faks-memmingen\/wp-json\/wp\/v2\/users\/2"}],"replies":[{"embeddable":true,"href":"https:\/\/www.bsmn.de\/faks-memmingen\/wp-json\/wp\/v2\/comments?post=1968"}],"version-history":[{"count":6,"href":"https:\/\/www.bsmn.de\/faks-memmingen\/wp-json\/wp\/v2\/pages\/1968\/revisions"}],"predecessor-version":[{"id":2387,"href":"https:\/\/www.bsmn.de\/faks-memmingen\/wp-json\/wp\/v2\/pages\/1968\/revisions\/2387"}],"wp:attachment":[{"href":"https:\/\/www.bsmn.de\/faks-memmingen\/wp-json\/wp\/v2\/media?parent=1968"}],"curies":[{"name":"wp","href":"https:\/\/api.w.org\/{rel}","templated":true}]}}