{"id":827,"date":"2020-10-07T11:36:32","date_gmt":"2020-10-07T09:36:32","guid":{"rendered":"http:\/\/bsmn.neuimweb.de\/technikerschule\/?page_id=827"},"modified":"2021-01-19T10:01:10","modified_gmt":"2021-01-19T09:01:10","slug":"aktuelles","status":"publish","type":"page","link":"https:\/\/www.bsmn.de\/bfsso-memmingen\/service\/aktuelles\/","title":{"rendered":"Aktuelles"},"content":{"rendered":"\t\t<div data-elementor-type=\"wp-page\" data-elementor-id=\"827\" class=\"elementor elementor-827\" data-elementor-post-type=\"page\">\n\t\t\t\t\t\t<section class=\"elementor-section elementor-top-section elementor-element elementor-element-96c03d7 elementor-section-boxed elementor-section-height-default elementor-section-height-default\" data-id=\"96c03d7\" data-element_type=\"section\" data-e-type=\"section\">\n\t\t\t\t\t\t<div class=\"elementor-container elementor-column-gap-default\">\n\t\t\t\t\t<div class=\"elementor-column elementor-col-100 elementor-top-column elementor-element elementor-element-7c9cdaa\" data-id=\"7c9cdaa\" data-element_type=\"column\" data-e-type=\"column\">\n\t\t\t<div class=\"elementor-widget-wrap elementor-element-populated\">\n\t\t\t\t\t\t<div class=\"elementor-element elementor-element-25c28cb elementor-grid-3 elementor-grid-tablet-2 elementor-grid-mobile-1 elementor-posts--thumbnail-top elementor-widget elementor-widget-posts\" data-id=\"25c28cb\" data-element_type=\"widget\" data-e-type=\"widget\" data-settings=\"{&quot;pagination_type&quot;:&quot;numbers_and_prev_next&quot;,&quot;classic_columns&quot;:&quot;3&quot;,&quot;classic_columns_tablet&quot;:&quot;2&quot;,&quot;classic_columns_mobile&quot;:&quot;1&quot;,&quot;classic_row_gap&quot;:{&quot;unit&quot;:&quot;px&quot;,&quot;size&quot;:35,&quot;sizes&quot;:[]},&quot;classic_row_gap_tablet&quot;:{&quot;unit&quot;:&quot;px&quot;,&quot;size&quot;:&quot;&quot;,&quot;sizes&quot;:[]},&quot;classic_row_gap_mobile&quot;:{&quot;unit&quot;:&quot;px&quot;,&quot;size&quot;:&quot;&quot;,&quot;sizes&quot;:[]}}\" data-widget_type=\"posts.classic\">\n\t\t\t\t<div class=\"elementor-widget-container\">\n\t\t\t\t\t\t\t<div class=\"elementor-posts-container elementor-posts elementor-posts--skin-classic elementor-grid\" role=\"list\">\n\t\t\t\t<article class=\"elementor-post elementor-grid-item post-2244 post type-post status-publish format-standard has-post-thumbnail hentry category-allgemein\" role=\"listitem\">\n\t\t\t\t<a class=\"elementor-post__thumbnail__link\" href=\"https:\/\/www.bsmn.de\/bfsso-memmingen\/2026\/01\/06\/erfolgreicher-messeauftritt-in-memmingen\/\" tabindex=\"-1\" >\n\t\t\t<div class=\"elementor-post__thumbnail\"><img fetchpriority=\"high\" decoding=\"async\" width=\"224\" height=\"300\" src=\"https:\/\/www.bsmn.de\/bfsso-memmingen\/wp-content\/uploads\/sites\/9\/2026\/01\/Bild_Ausbildungsmesse-MM-224x300.jpg\" class=\"attachment-medium size-medium wp-image-2245\" alt=\"\" srcset=\"https:\/\/www.bsmn.de\/bfsso-memmingen\/wp-content\/uploads\/sites\/9\/2026\/01\/Bild_Ausbildungsmesse-MM-224x300.jpg 224w, https:\/\/www.bsmn.de\/bfsso-memmingen\/wp-content\/uploads\/sites\/9\/2026\/01\/Bild_Ausbildungsmesse-MM-763x1024.jpg 763w, https:\/\/www.bsmn.de\/bfsso-memmingen\/wp-content\/uploads\/sites\/9\/2026\/01\/Bild_Ausbildungsmesse-MM-768x1030.jpg 768w, https:\/\/www.bsmn.de\/bfsso-memmingen\/wp-content\/uploads\/sites\/9\/2026\/01\/Bild_Ausbildungsmesse-MM-600x805.jpg 600w, https:\/\/www.bsmn.de\/bfsso-memmingen\/wp-content\/uploads\/sites\/9\/2026\/01\/Bild_Ausbildungsmesse-MM.jpg 1080w\" sizes=\"(max-width: 224px) 100vw, 224px\" \/><\/div>\n\t\t<\/a>\n\t\t\t\t<div class=\"elementor-post__text\">\n\t\t\t\t<h3 class=\"elementor-post__title\">\n\t\t\t<a href=\"https:\/\/www.bsmn.de\/bfsso-memmingen\/2026\/01\/06\/erfolgreicher-messeauftritt-in-memmingen\/\" >\n\t\t\t\tErfolgreicher Messeauftritt in Memmingen\t\t\t<\/a>\n\t\t<\/h3>\n\t\t\t\t<div class=\"elementor-post__excerpt\">\n\t\t\t<p>Unser Schulstandort pr\u00e4sentierte sich auf der Ausbildungsmesse am Berufsschulzentrum Memmingen \u2013 und das mit gro\u00dfem Erfolg! Zahlreiche Besucherinnen und Besucher informierten sich \u00fcber unsere p\u00e4dagogischen<\/p>\n\t\t<\/div>\n\t\t\n\t\t<a class=\"elementor-post__read-more\" href=\"https:\/\/www.bsmn.de\/bfsso-memmingen\/2026\/01\/06\/erfolgreicher-messeauftritt-in-memmingen\/\" aria-label=\"Mehr \u00fcber Erfolgreicher Messeauftritt in Memmingen\" tabindex=\"-1\" >\n\t\t\tWeiterlesen \u00bb\t\t<\/a>\n\n\t\t\t\t<\/div>\n\t\t\t\t<\/article>\n\t\t\t\t<article class=\"elementor-post elementor-grid-item post-2205 post type-post status-publish format-standard has-post-thumbnail hentry category-allgemein\" role=\"listitem\">\n\t\t\t\t<a class=\"elementor-post__thumbnail__link\" href=\"https:\/\/www.bsmn.de\/bfsso-memmingen\/2025\/03\/20\/lebensretter-von-morgen-spannender-erste-hilfe-kurs-fuer-unsere-schuelerinnen-und-schueler\/\" tabindex=\"-1\" >\n\t\t\t<div class=\"elementor-post__thumbnail\"><img decoding=\"async\" width=\"225\" height=\"300\" src=\"https:\/\/www.bsmn.de\/bfsso-memmingen\/wp-content\/uploads\/sites\/9\/2025\/03\/Foto_Erste-Hilfe-Kurs-scaled-225x300.jpg\" class=\"attachment-medium size-medium wp-image-2206\" alt=\"\" srcset=\"https:\/\/www.bsmn.de\/bfsso-memmingen\/wp-content\/uploads\/sites\/9\/2025\/03\/Foto_Erste-Hilfe-Kurs-scaled-225x300.jpg 225w, https:\/\/www.bsmn.de\/bfsso-memmingen\/wp-content\/uploads\/sites\/9\/2025\/03\/Foto_Erste-Hilfe-Kurs-scaled-768x1024.jpg 768w, https:\/\/www.bsmn.de\/bfsso-memmingen\/wp-content\/uploads\/sites\/9\/2025\/03\/Foto_Erste-Hilfe-Kurs-scaled-1152x1536.jpg 1152w, https:\/\/www.bsmn.de\/bfsso-memmingen\/wp-content\/uploads\/sites\/9\/2025\/03\/Foto_Erste-Hilfe-Kurs-scaled-1536x2048.jpg 1536w, https:\/\/www.bsmn.de\/bfsso-memmingen\/wp-content\/uploads\/sites\/9\/2025\/03\/Foto_Erste-Hilfe-Kurs-scaled-600x800.jpg 600w, https:\/\/www.bsmn.de\/bfsso-memmingen\/wp-content\/uploads\/sites\/9\/2025\/03\/Foto_Erste-Hilfe-Kurs-scaled.jpg 1920w\" sizes=\"(max-width: 225px) 100vw, 225px\" \/><\/div>\n\t\t<\/a>\n\t\t\t\t<div class=\"elementor-post__text\">\n\t\t\t\t<h3 class=\"elementor-post__title\">\n\t\t\t<a href=\"https:\/\/www.bsmn.de\/bfsso-memmingen\/2025\/03\/20\/lebensretter-von-morgen-spannender-erste-hilfe-kurs-fuer-unsere-schuelerinnen-und-schueler\/\" >\n\t\t\t\tLebensretter von morgen: Spannender Erste-Hilfe-Kurs f\u00fcr unsere Sch\u00fclerinnen und Sch\u00fcler\t\t\t<\/a>\n\t\t<\/h3>\n\t\t\t\t<div class=\"elementor-post__excerpt\">\n\t\t\t<p>Alle Sch\u00fclerinnen und Sch\u00fcler des ersten Ausbildungsjahrgangs nahmen an einem interaktiven und kurzweiligen Erste-Hilfe-Kurs in unserer Schule teil \u2013 und sie waren begeistert! Mit praxisnahen<\/p>\n\t\t<\/div>\n\t\t\n\t\t<a class=\"elementor-post__read-more\" href=\"https:\/\/www.bsmn.de\/bfsso-memmingen\/2025\/03\/20\/lebensretter-von-morgen-spannender-erste-hilfe-kurs-fuer-unsere-schuelerinnen-und-schueler\/\" aria-label=\"Mehr \u00fcber Lebensretter von morgen: Spannender Erste-Hilfe-Kurs f\u00fcr unsere Sch\u00fclerinnen und Sch\u00fcler\" tabindex=\"-1\" >\n\t\t\tWeiterlesen \u00bb\t\t<\/a>\n\n\t\t\t\t<\/div>\n\t\t\t\t<\/article>\n\t\t\t\t<article class=\"elementor-post elementor-grid-item post-2195 post type-post status-publish format-standard has-post-thumbnail hentry category-allgemein\" role=\"listitem\">\n\t\t\t\t<a class=\"elementor-post__thumbnail__link\" href=\"https:\/\/www.bsmn.de\/bfsso-memmingen\/2024\/12\/22\/sporttag-action-spass-und-kreative-outfits\/\" tabindex=\"-1\" >\n\t\t\t<div class=\"elementor-post__thumbnail\"><img decoding=\"async\" width=\"300\" height=\"225\" src=\"https:\/\/www.bsmn.de\/bfsso-memmingen\/wp-content\/uploads\/sites\/9\/2024\/12\/Sporttag-Station-xxx-300x225.jpg\" class=\"attachment-medium size-medium wp-image-2196\" alt=\"\" srcset=\"https:\/\/www.bsmn.de\/bfsso-memmingen\/wp-content\/uploads\/sites\/9\/2024\/12\/Sporttag-Station-xxx-300x225.jpg 300w, https:\/\/www.bsmn.de\/bfsso-memmingen\/wp-content\/uploads\/sites\/9\/2024\/12\/Sporttag-Station-xxx-1024x768.jpg 1024w, https:\/\/www.bsmn.de\/bfsso-memmingen\/wp-content\/uploads\/sites\/9\/2024\/12\/Sporttag-Station-xxx-768x576.jpg 768w, https:\/\/www.bsmn.de\/bfsso-memmingen\/wp-content\/uploads\/sites\/9\/2024\/12\/Sporttag-Station-xxx-600x450.jpg 600w, https:\/\/www.bsmn.de\/bfsso-memmingen\/wp-content\/uploads\/sites\/9\/2024\/12\/Sporttag-Station-xxx.jpg 1200w\" sizes=\"(max-width: 300px) 100vw, 300px\" \/><\/div>\n\t\t<\/a>\n\t\t\t\t<div class=\"elementor-post__text\">\n\t\t\t\t<h3 class=\"elementor-post__title\">\n\t\t\t<a href=\"https:\/\/www.bsmn.de\/bfsso-memmingen\/2024\/12\/22\/sporttag-action-spass-und-kreative-outfits\/\" >\n\t\t\t\t&#8222;Sporttag! Action, Spa\u00df und kreative Outfits!&#8220;\t\t\t<\/a>\n\t\t<\/h3>\n\t\t\t\t<div class=\"elementor-post__excerpt\">\n\t\t\t<p>Am Sporttag unserer Schule wurde es bunt und bewegungsreich! Mit witzigen und kreativen Stationen, bei denen Geschick und Teamgeist gefragt waren, hatten alle Sch\u00fcler und<\/p>\n\t\t<\/div>\n\t\t\n\t\t<a class=\"elementor-post__read-more\" href=\"https:\/\/www.bsmn.de\/bfsso-memmingen\/2024\/12\/22\/sporttag-action-spass-und-kreative-outfits\/\" aria-label=\"Mehr \u00fcber &#8222;Sporttag! Action, Spa\u00df und kreative Outfits!&#8220;\" tabindex=\"-1\" >\n\t\t\tWeiterlesen \u00bb\t\t<\/a>\n\n\t\t\t\t<\/div>\n\t\t\t\t<\/article>\n\t\t\t\t<article class=\"elementor-post elementor-grid-item post-2192 post type-post status-publish format-standard has-post-thumbnail hentry category-allgemein\" role=\"listitem\">\n\t\t\t\t<a class=\"elementor-post__thumbnail__link\" href=\"https:\/\/www.bsmn.de\/bfsso-memmingen\/2024\/12\/22\/mit-herz-und-hand-unsere-schulfamilie-unterstuetzt-die-johanniter-weihnachtstrucker\/\" tabindex=\"-1\" >\n\t\t\t<div class=\"elementor-post__thumbnail\"><img loading=\"lazy\" decoding=\"async\" width=\"300\" height=\"225\" src=\"https:\/\/www.bsmn.de\/bfsso-memmingen\/wp-content\/uploads\/sites\/9\/2024\/12\/Johanniter_2024-300x225.jpg\" class=\"attachment-medium size-medium wp-image-2193\" alt=\"\" srcset=\"https:\/\/www.bsmn.de\/bfsso-memmingen\/wp-content\/uploads\/sites\/9\/2024\/12\/Johanniter_2024-300x225.jpg 300w, https:\/\/www.bsmn.de\/bfsso-memmingen\/wp-content\/uploads\/sites\/9\/2024\/12\/Johanniter_2024-1024x768.jpg 1024w, https:\/\/www.bsmn.de\/bfsso-memmingen\/wp-content\/uploads\/sites\/9\/2024\/12\/Johanniter_2024-768x576.jpg 768w, https:\/\/www.bsmn.de\/bfsso-memmingen\/wp-content\/uploads\/sites\/9\/2024\/12\/Johanniter_2024-600x450.jpg 600w, https:\/\/www.bsmn.de\/bfsso-memmingen\/wp-content\/uploads\/sites\/9\/2024\/12\/Johanniter_2024.jpg 1200w\" sizes=\"(max-width: 300px) 100vw, 300px\" \/><\/div>\n\t\t<\/a>\n\t\t\t\t<div class=\"elementor-post__text\">\n\t\t\t\t<h3 class=\"elementor-post__title\">\n\t\t\t<a href=\"https:\/\/www.bsmn.de\/bfsso-memmingen\/2024\/12\/22\/mit-herz-und-hand-unsere-schulfamilie-unterstuetzt-die-johanniter-weihnachtstrucker\/\" >\n\t\t\t\tMit Herz und Hand: Unsere Schulfamilie unterst\u00fctzt die Johanniter-Weihnachtstrucker\t\t\t<\/a>\n\t\t<\/h3>\n\t\t\t\t<div class=\"elementor-post__excerpt\">\n\t\t\t<p>Auch in diesem Jahr hat sich unsere Schulfamilie tatkr\u00e4ftig an der Aktion Johanniter-Weihnachtstrucker beteiligt. Mit viel Engagement und Hilfsbereitschaft konnten wir insgesamt 24 P\u00e4ckchen f\u00fcr<\/p>\n\t\t<\/div>\n\t\t\n\t\t<a class=\"elementor-post__read-more\" href=\"https:\/\/www.bsmn.de\/bfsso-memmingen\/2024\/12\/22\/mit-herz-und-hand-unsere-schulfamilie-unterstuetzt-die-johanniter-weihnachtstrucker\/\" aria-label=\"Mehr \u00fcber Mit Herz und Hand: Unsere Schulfamilie unterst\u00fctzt die Johanniter-Weihnachtstrucker\" tabindex=\"-1\" >\n\t\t\tWeiterlesen \u00bb\t\t<\/a>\n\n\t\t\t\t<\/div>\n\t\t\t\t<\/article>\n\t\t\t\t<article class=\"elementor-post elementor-grid-item post-2186 post type-post status-publish format-standard has-post-thumbnail hentry category-allgemein\" role=\"listitem\">\n\t\t\t\t<a class=\"elementor-post__thumbnail__link\" href=\"https:\/\/www.bsmn.de\/bfsso-memmingen\/2024\/12\/04\/ein-adventskalender-voller-liebe-fuer-das-kinderhospiz\/\" tabindex=\"-1\" >\n\t\t\t<div class=\"elementor-post__thumbnail\"><img loading=\"lazy\" decoding=\"async\" width=\"300\" height=\"225\" src=\"https:\/\/www.bsmn.de\/bfsso-memmingen\/wp-content\/uploads\/sites\/9\/2024\/12\/Kinderhospitz-Adventskalender-300x225.jpg\" class=\"attachment-medium size-medium wp-image-2187\" alt=\"\" srcset=\"https:\/\/www.bsmn.de\/bfsso-memmingen\/wp-content\/uploads\/sites\/9\/2024\/12\/Kinderhospitz-Adventskalender-300x225.jpg 300w, https:\/\/www.bsmn.de\/bfsso-memmingen\/wp-content\/uploads\/sites\/9\/2024\/12\/Kinderhospitz-Adventskalender-1024x768.jpg 1024w, https:\/\/www.bsmn.de\/bfsso-memmingen\/wp-content\/uploads\/sites\/9\/2024\/12\/Kinderhospitz-Adventskalender-768x576.jpg 768w, https:\/\/www.bsmn.de\/bfsso-memmingen\/wp-content\/uploads\/sites\/9\/2024\/12\/Kinderhospitz-Adventskalender-600x450.jpg 600w, https:\/\/www.bsmn.de\/bfsso-memmingen\/wp-content\/uploads\/sites\/9\/2024\/12\/Kinderhospitz-Adventskalender.jpg 1200w\" sizes=\"(max-width: 300px) 100vw, 300px\" \/><\/div>\n\t\t<\/a>\n\t\t\t\t<div class=\"elementor-post__text\">\n\t\t\t\t<h3 class=\"elementor-post__title\">\n\t\t\t<a href=\"https:\/\/www.bsmn.de\/bfsso-memmingen\/2024\/12\/04\/ein-adventskalender-voller-liebe-fuer-das-kinderhospiz\/\" >\n\t\t\t\tEin Adventskalender voller Liebe f\u00fcr das Kinderhospiz\t\t\t<\/a>\n\t\t<\/h3>\n\t\t\t\t<div class=\"elementor-post__excerpt\">\n\t\t\t<p>Am 29. November 2024 wurde dem Kinderhospiz St. Nikolaus ein liebevoll gestalteter Adventskalender \u00fcbergeben \u2013 gef\u00fcllt mit \u00dcberraschungen wie einer Kuscheldecke, einem Mobile und einem<\/p>\n\t\t<\/div>\n\t\t\n\t\t<a class=\"elementor-post__read-more\" href=\"https:\/\/www.bsmn.de\/bfsso-memmingen\/2024\/12\/04\/ein-adventskalender-voller-liebe-fuer-das-kinderhospiz\/\" aria-label=\"Mehr \u00fcber Ein Adventskalender voller Liebe f\u00fcr das Kinderhospiz\" tabindex=\"-1\" >\n\t\t\tWeiterlesen \u00bb\t\t<\/a>\n\n\t\t\t\t<\/div>\n\t\t\t\t<\/article>\n\t\t\t\t<article class=\"elementor-post elementor-grid-item post-2176 post type-post status-publish format-standard hentry category-allgemein\" role=\"listitem\">\n\t\t\t\t<div class=\"elementor-post__text\">\n\t\t\t\t<h3 class=\"elementor-post__title\">\n\t\t\t<a href=\"https:\/\/www.bsmn.de\/bfsso-memmingen\/2024\/10\/24\/smv-schueler-und-schuelerinnen-mit-verantwortung\/\" >\n\t\t\t\tSMV \u2013 Sch\u00fcler und Sch\u00fclerinnen mit Verantwortung\t\t\t<\/a>\n\t\t<\/h3>\n\t\t\t\t<div class=\"elementor-post__excerpt\">\n\t\t\t<p>Am 2.10.2024 fand die erste wichtige SMV-Sitzung im Schuljahr 24 \/ 25 statt. Viele gute Ideen wurden gesammelt, eine gro\u00dfe Feed-Back-Runde wurde gehalten und das<\/p>\n\t\t<\/div>\n\t\t\n\t\t<a class=\"elementor-post__read-more\" href=\"https:\/\/www.bsmn.de\/bfsso-memmingen\/2024\/10\/24\/smv-schueler-und-schuelerinnen-mit-verantwortung\/\" aria-label=\"Mehr \u00fcber SMV \u2013 Sch\u00fcler und Sch\u00fclerinnen mit Verantwortung\" tabindex=\"-1\" >\n\t\t\tWeiterlesen \u00bb\t\t<\/a>\n\n\t\t\t\t<\/div>\n\t\t\t\t<\/article>\n\t\t\t\t<article class=\"elementor-post elementor-grid-item post-2165 post type-post status-publish format-standard has-post-thumbnail hentry category-allgemein\" role=\"listitem\">\n\t\t\t\t<a class=\"elementor-post__thumbnail__link\" href=\"https:\/\/www.bsmn.de\/bfsso-memmingen\/2024\/07\/10\/hochwasserspenden\/\" tabindex=\"-1\" >\n\t\t\t<div class=\"elementor-post__thumbnail\"><img loading=\"lazy\" decoding=\"async\" width=\"300\" height=\"225\" src=\"https:\/\/www.bsmn.de\/bfsso-memmingen\/wp-content\/uploads\/sites\/9\/2024\/07\/20240709_083538-scaled-300x225.jpg\" class=\"attachment-medium size-medium wp-image-2169\" alt=\"\" srcset=\"https:\/\/www.bsmn.de\/bfsso-memmingen\/wp-content\/uploads\/sites\/9\/2024\/07\/20240709_083538-scaled-300x225.jpg 300w, https:\/\/www.bsmn.de\/bfsso-memmingen\/wp-content\/uploads\/sites\/9\/2024\/07\/20240709_083538-scaled-1024x768.jpg 1024w, https:\/\/www.bsmn.de\/bfsso-memmingen\/wp-content\/uploads\/sites\/9\/2024\/07\/20240709_083538-scaled-768x576.jpg 768w, https:\/\/www.bsmn.de\/bfsso-memmingen\/wp-content\/uploads\/sites\/9\/2024\/07\/20240709_083538-scaled-1536x1152.jpg 1536w, https:\/\/www.bsmn.de\/bfsso-memmingen\/wp-content\/uploads\/sites\/9\/2024\/07\/20240709_083538-scaled-2048x1536.jpg 2048w, https:\/\/www.bsmn.de\/bfsso-memmingen\/wp-content\/uploads\/sites\/9\/2024\/07\/20240709_083538-scaled-600x450.jpg 600w\" sizes=\"(max-width: 300px) 100vw, 300px\" \/><\/div>\n\t\t<\/a>\n\t\t\t\t<div class=\"elementor-post__text\">\n\t\t\t\t<h3 class=\"elementor-post__title\">\n\t\t\t<a href=\"https:\/\/www.bsmn.de\/bfsso-memmingen\/2024\/07\/10\/hochwasserspenden\/\" >\n\t\t\t\tHochwasserspenden\t\t\t<\/a>\n\t\t<\/h3>\n\t\t\t\t<div class=\"elementor-post__excerpt\">\n\t\t\t<p>Die gesamte Schulgemeinschaft hat sich engagiert, um Spenden f\u00fcr den durch das Hochwasser schwer getroffenen Kindergarten Babenhausen zu sammeln. Durch Aktionen wie Waffelverkauf, Wundert\u00fcten und<\/p>\n\t\t<\/div>\n\t\t\n\t\t<a class=\"elementor-post__read-more\" href=\"https:\/\/www.bsmn.de\/bfsso-memmingen\/2024\/07\/10\/hochwasserspenden\/\" aria-label=\"Mehr \u00fcber Hochwasserspenden\" tabindex=\"-1\" >\n\t\t\tWeiterlesen \u00bb\t\t<\/a>\n\n\t\t\t\t<\/div>\n\t\t\t\t<\/article>\n\t\t\t\t<article class=\"elementor-post elementor-grid-item post-2162 post type-post status-publish format-standard has-post-thumbnail hentry category-allgemein\" role=\"listitem\">\n\t\t\t\t<a class=\"elementor-post__thumbnail__link\" href=\"https:\/\/www.bsmn.de\/bfsso-memmingen\/2024\/06\/02\/besuch-im-marionettentheater\/\" tabindex=\"-1\" >\n\t\t\t<div class=\"elementor-post__thumbnail\"><img loading=\"lazy\" decoding=\"async\" width=\"300\" height=\"225\" src=\"https:\/\/www.bsmn.de\/bfsso-memmingen\/wp-content\/uploads\/sites\/9\/2024\/06\/20240422_134807-scaled-300x225.jpg\" class=\"attachment-medium size-medium wp-image-2163\" alt=\"\" srcset=\"https:\/\/www.bsmn.de\/bfsso-memmingen\/wp-content\/uploads\/sites\/9\/2024\/06\/20240422_134807-scaled-300x225.jpg 300w, https:\/\/www.bsmn.de\/bfsso-memmingen\/wp-content\/uploads\/sites\/9\/2024\/06\/20240422_134807-scaled-1024x768.jpg 1024w, https:\/\/www.bsmn.de\/bfsso-memmingen\/wp-content\/uploads\/sites\/9\/2024\/06\/20240422_134807-scaled-768x576.jpg 768w, https:\/\/www.bsmn.de\/bfsso-memmingen\/wp-content\/uploads\/sites\/9\/2024\/06\/20240422_134807-scaled-1536x1152.jpg 1536w, https:\/\/www.bsmn.de\/bfsso-memmingen\/wp-content\/uploads\/sites\/9\/2024\/06\/20240422_134807-scaled-2048x1536.jpg 2048w, https:\/\/www.bsmn.de\/bfsso-memmingen\/wp-content\/uploads\/sites\/9\/2024\/06\/20240422_134807-scaled-600x450.jpg 600w\" sizes=\"(max-width: 300px) 100vw, 300px\" \/><\/div>\n\t\t<\/a>\n\t\t\t\t<div class=\"elementor-post__text\">\n\t\t\t\t<h3 class=\"elementor-post__title\">\n\t\t\t<a href=\"https:\/\/www.bsmn.de\/bfsso-memmingen\/2024\/06\/02\/besuch-im-marionettentheater\/\" >\n\t\t\t\tBesuch im Marionettentheater\t\t\t<\/a>\n\t\t<\/h3>\n\t\t\t\t<div class=\"elementor-post__excerpt\">\n\t\t\t<p>Ein interessanter und kreativer Nachmittag wurde Dank Herrn Wiche vom Marionettentheater Memminger m\u00f6glich. Mit seinem Kollegen Klaus zeigte er Sch\u00fcler und Sch\u00fclerinnen der Kinderpflege und<\/p>\n\t\t<\/div>\n\t\t\n\t\t<a class=\"elementor-post__read-more\" href=\"https:\/\/www.bsmn.de\/bfsso-memmingen\/2024\/06\/02\/besuch-im-marionettentheater\/\" aria-label=\"Mehr \u00fcber Besuch im Marionettentheater\" tabindex=\"-1\" >\n\t\t\tWeiterlesen \u00bb\t\t<\/a>\n\n\t\t\t\t<\/div>\n\t\t\t\t<\/article>\n\t\t\t\t<article class=\"elementor-post elementor-grid-item post-2159 post type-post status-publish format-standard has-post-thumbnail hentry category-allgemein\" role=\"listitem\">\n\t\t\t\t<a class=\"elementor-post__thumbnail__link\" href=\"https:\/\/www.bsmn.de\/bfsso-memmingen\/2024\/06\/01\/smv-aktion\/\" tabindex=\"-1\" >\n\t\t\t<div class=\"elementor-post__thumbnail\"><img loading=\"lazy\" decoding=\"async\" width=\"300\" height=\"225\" src=\"https:\/\/www.bsmn.de\/bfsso-memmingen\/wp-content\/uploads\/sites\/9\/2024\/06\/20240517_102555-scaled-300x225.jpg\" class=\"attachment-medium size-medium wp-image-2161\" alt=\"\" srcset=\"https:\/\/www.bsmn.de\/bfsso-memmingen\/wp-content\/uploads\/sites\/9\/2024\/06\/20240517_102555-scaled-300x225.jpg 300w, https:\/\/www.bsmn.de\/bfsso-memmingen\/wp-content\/uploads\/sites\/9\/2024\/06\/20240517_102555-scaled-1024x768.jpg 1024w, https:\/\/www.bsmn.de\/bfsso-memmingen\/wp-content\/uploads\/sites\/9\/2024\/06\/20240517_102555-scaled-768x576.jpg 768w, https:\/\/www.bsmn.de\/bfsso-memmingen\/wp-content\/uploads\/sites\/9\/2024\/06\/20240517_102555-scaled-1536x1152.jpg 1536w, https:\/\/www.bsmn.de\/bfsso-memmingen\/wp-content\/uploads\/sites\/9\/2024\/06\/20240517_102555-scaled-2048x1536.jpg 2048w, https:\/\/www.bsmn.de\/bfsso-memmingen\/wp-content\/uploads\/sites\/9\/2024\/06\/20240517_102555-scaled-600x450.jpg 600w\" sizes=\"(max-width: 300px) 100vw, 300px\" \/><\/div>\n\t\t<\/a>\n\t\t\t\t<div class=\"elementor-post__text\">\n\t\t\t\t<h3 class=\"elementor-post__title\">\n\t\t\t<a href=\"https:\/\/www.bsmn.de\/bfsso-memmingen\/2024\/06\/01\/smv-aktion\/\" >\n\t\t\t\tSMV Aktion\t\t\t<\/a>\n\t\t<\/h3>\n\t\t\t\t<div class=\"elementor-post__excerpt\">\n\t\t\t<p>Am Freitag, 17. Mai 2024 wurden viele Tischspiele und therapeutisches Material f\u00fcr das SPZ Memmingen \u00fcbergeben! Frau Dr. Henrichs hat unsere Fragen beantwortet und Wissenswertes<\/p>\n\t\t<\/div>\n\t\t\n\t\t<a class=\"elementor-post__read-more\" href=\"https:\/\/www.bsmn.de\/bfsso-memmingen\/2024\/06\/01\/smv-aktion\/\" aria-label=\"Mehr \u00fcber SMV Aktion\" tabindex=\"-1\" >\n\t\t\tWeiterlesen \u00bb\t\t<\/a>\n\n\t\t\t\t<\/div>\n\t\t\t\t<\/article>\n\t\t\t\t<\/div>\n\t\t\n\t\t\t\t<div class=\"e-load-more-anchor\" data-page=\"1\" data-max-page=\"9\" data-next-page=\"https:\/\/www.bsmn.de\/bfsso-memmingen\/wp-json\/wp\/v2\/pages\/827\/page\/2\/\"><\/div>\n\t\t\t\t<nav class=\"elementor-pagination\" aria-label=\"Seitennummerierung\">\n\t\t\t<span class=\"page-numbers prev\">&laquo; Vorige<\/span>\n<span aria-current=\"page\" class=\"page-numbers current\"><span class=\"elementor-screen-only\">Seite<\/span>1<\/span>\n<a class=\"page-numbers\" href=\"https:\/\/www.bsmn.de\/bfsso-memmingen\/wp-json\/wp\/v2\/pages\/827\/page\/2\/\"><span class=\"elementor-screen-only\">Seite<\/span>2<\/a>\n<a class=\"page-numbers\" href=\"https:\/\/www.bsmn.de\/bfsso-memmingen\/wp-json\/wp\/v2\/pages\/827\/page\/3\/\"><span class=\"elementor-screen-only\">Seite<\/span>3<\/a>\n<a class=\"page-numbers\" href=\"https:\/\/www.bsmn.de\/bfsso-memmingen\/wp-json\/wp\/v2\/pages\/827\/page\/4\/\"><span class=\"elementor-screen-only\">Seite<\/span>4<\/a>\n<a class=\"page-numbers\" href=\"https:\/\/www.bsmn.de\/bfsso-memmingen\/wp-json\/wp\/v2\/pages\/827\/page\/5\/\"><span class=\"elementor-screen-only\">Seite<\/span>5<\/a>\n<a class=\"page-numbers next\" href=\"https:\/\/www.bsmn.de\/bfsso-memmingen\/wp-json\/wp\/v2\/pages\/827\/page\/2\/\">N\u00e4chste &raquo;<\/a>\t\t<\/nav>\n\t\t\t\t\t\t<\/div>\n\t\t\t\t<\/div>\n\t\t\t\t\t<\/div>\n\t\t<\/div>\n\t\t\t\t\t<\/div>\n\t\t<\/section>\n\t\t\t\t<\/div>\n\t\t","protected":false},"excerpt":{"rendered":"","protected":false},"author":2,"featured_media":329,"parent":87,"menu_order":0,"comment_status":"closed","ping_status":"closed","template":"","meta":{"footnotes":""},"class_list":["post-827","page","type-page","status-publish","has-post-thumbnail","hentry"],"_links":{"self":[{"href":"https:\/\/www.bsmn.de\/bfsso-memmingen\/wp-json\/wp\/v2\/pages\/827","targetHints":{"allow":["GET"]}}],"collection":[{"href":"https:\/\/www.bsmn.de\/bfsso-memmingen\/wp-json\/wp\/v2\/pages"}],"about":[{"href":"https:\/\/www.bsmn.de\/bfsso-memmingen\/wp-json\/wp\/v2\/types\/page"}],"author":[{"embeddable":true,"href":"https:\/\/www.bsmn.de\/bfsso-memmingen\/wp-json\/wp\/v2\/users\/2"}],"replies":[{"embeddable":true,"href":"https:\/\/www.bsmn.de\/bfsso-memmingen\/wp-json\/wp\/v2\/comments?post=827"}],"version-history":[{"count":7,"href":"https:\/\/www.bsmn.de\/bfsso-memmingen\/wp-json\/wp\/v2\/pages\/827\/revisions"}],"predecessor-version":[{"id":1270,"href":"https:\/\/www.bsmn.de\/bfsso-memmingen\/wp-json\/wp\/v2\/pages\/827\/revisions\/1270"}],"up":[{"embeddable":true,"href":"https:\/\/www.bsmn.de\/bfsso-memmingen\/wp-json\/wp\/v2\/pages\/87"}],"wp:featuredmedia":[{"embeddable":true,"href":"https:\/\/www.bsmn.de\/bfsso-memmingen\/wp-json\/wp\/v2\/media\/329"}],"wp:attachment":[{"href":"https:\/\/www.bsmn.de\/bfsso-memmingen\/wp-json\/wp\/v2\/media?parent=827"}],"curies":[{"name":"wp","href":"https:\/\/api.w.org\/{rel}","templated":true}]}}