{"id":98,"date":"2020-06-24T11:51:31","date_gmt":"2020-06-24T09:51:31","guid":{"rendered":"http:\/\/bsmn.neuimweb.de\/berufsschule-mindelheim\/?page_id=98"},"modified":"2021-10-08T08:29:43","modified_gmt":"2021-10-08T06:29:43","slug":"webuntis","status":"publish","type":"page","link":"https:\/\/www.bsmn.de\/berufsschule-mindelheim\/service\/webuntis\/","title":{"rendered":"WebUntis"},"content":{"rendered":"\n<div class=\"wp-block-image\"><figure class=\"alignright size-large\"><a href=\"https:\/\/nessa.webuntis.com\/WebUntis\/?school=SBS-Mindelheim#\/basic\/main\" target=\"_blank\" rel=\"noopener noreferrer\"><img fetchpriority=\"high\" decoding=\"async\" width=\"352\" height=\"180\" src=\"https:\/\/www.bsmn.de\/berufsschule-mindelheim\/wp-content\/uploads\/sites\/2\/2021\/01\/webuntis.jpg\" alt=\"\" class=\"wp-image-1608\" srcset=\"https:\/\/www.bsmn.de\/berufsschule-mindelheim\/wp-content\/uploads\/sites\/2\/2021\/01\/webuntis.jpg 352w, https:\/\/www.bsmn.de\/berufsschule-mindelheim\/wp-content\/uploads\/sites\/2\/2021\/01\/webuntis-300x153.jpg 300w\" sizes=\"(max-width: 352px) 100vw, 352px\" \/><\/a><\/figure><\/div>\n\n\n\n<figure class=\"wp-block-image size-large is-resized\"><a href=\"https:\/\/nessa.webuntis.com\/WebUntis\/?school=SBS-Mindelheim#\/basic\/main\" target=\"_blank\" rel=\"noopener noreferrer\"><img decoding=\"async\" src=\"https:\/\/www.bsmn.de\/berufsschule-mindelheim\/wp-content\/uploads\/sites\/2\/2021\/01\/webuntis-login.jpg\" alt=\"\" class=\"wp-image-1609\" width=\"192\" height=\"57\"\/><\/a><\/figure>\n\n\n\n<p><\/p>\n\n\n\n<h3 class=\"wp-block-heading\">Beschreibung zum Anmelden bei Webuntis:<\/h3>\n\n\n\n<div class=\"wp-block-file\"><a href=\"https:\/\/www.bsmn.de\/berufsschule-mindelheim\/wp-content\/uploads\/sites\/2\/2020\/11\/WebUntis-Schueler.pdf\">WebUntis-Schueler<\/a><a href=\"https:\/\/www.bsmn.de\/berufsschule-mindelheim\/wp-content\/uploads\/sites\/2\/2020\/11\/WebUntis-Schueler.pdf\" class=\"wp-block-file__button\" download>Herunterladen<\/a><\/div>\n\n\n\n<h3 class=\"wp-block-heading\">Sie m\u00f6chten Ihr Passwort zur\u00fccksetzen: <\/h3>\n\n\n\n<p>F\u00fcr Sch\u00fcler und Sch\u00fclerinnen in <strong>Bad W\u00f6rishofen<\/strong><\/p>\n\n\n\n<p><a rel=\"noreferrer noopener\" href=\"https:\/\/passwort.bsbadw.de\/ssp\/\" target=\"_blank\">https:\/\/passwort.bsbadw.de\/ssp\/<\/a><\/p>\n\n\n\n<div class=\"wp-block-file\"><a href=\"https:\/\/www.bsmn.de\/berufsschule-mindelheim\/wp-content\/uploads\/sites\/2\/2021\/10\/160_WebUntisBW.pdf\">Anleitung f\u00fcr WebUntis BW<\/a><\/div>\n\n\n\n<p>F\u00fcr Sch\u00fcler und Sch\u00fclerinnen in <strong>Memmingen<\/strong><\/p>\n\n\n\n<p><a href=\"https:\/\/passwort.bfsnmm.de\/ssp\/\" data-type=\"URL\" data-id=\"https:\/\/passwort.bfsnmm.de\/ssp\/\">https:\/\/passwort.bfsnmm.de\/ssp\/<\/a><\/p>\n\n\n\n<div class=\"wp-block-file\"><a href=\"https:\/\/www.bsmn.de\/berufsschule-mindelheim\/wp-content\/uploads\/sites\/2\/2021\/10\/160_WebUntisMM-1.pdf\">Anleitung f\u00fcr WebUntis MM<\/a><\/div>\n\n\n\n<p><\/p>\n\n\n\n<p>F\u00fcr Sch\u00fcler und Sch\u00fclerinnen in <strong>Mindelheim<\/strong><\/p>\n\n\n\n<p><a href=\"https:\/\/passwort.bsmn.de\/ssp\/\">https:\/\/passwort.bsmn.de\/ssp\/de<\/a><\/p>\n\n\n\n<div class=\"wp-block-file\"><a href=\"https:\/\/www.bsmn.de\/berufsschule-mindelheim\/wp-content\/uploads\/sites\/2\/2021\/10\/160_WebUntisMN-1.pdf\">Anleitung f\u00fcr WebUntis MN<\/a><\/div>\n\n\n\n<p><\/p>\n","protected":false},"excerpt":{"rendered":"<p>Beschreibung zum Anmelden bei Webuntis: Sie m\u00f6chten Ihr Passwort zur\u00fccksetzen: F\u00fcr Sch\u00fcler und Sch\u00fclerinnen in Bad W\u00f6rishofen https:\/\/passwort.bsbadw.de\/ssp\/ F\u00fcr Sch\u00fcler und Sch\u00fclerinnen in Memmingen https:\/\/passwort.bfsnmm.de\/ssp\/ F\u00fcr Sch\u00fcler und Sch\u00fclerinnen in Mindelheim https:\/\/passwort.bsmn.de\/ssp\/de<\/p>\n","protected":false},"author":2,"featured_media":1679,"parent":87,"menu_order":0,"comment_status":"closed","ping_status":"closed","template":"","meta":{"footnotes":""},"class_list":["post-98","page","type-page","status-publish","has-post-thumbnail","hentry"],"_links":{"self":[{"href":"https:\/\/www.bsmn.de\/berufsschule-mindelheim\/wp-json\/wp\/v2\/pages\/98","targetHints":{"allow":["GET"]}}],"collection":[{"href":"https:\/\/www.bsmn.de\/berufsschule-mindelheim\/wp-json\/wp\/v2\/pages"}],"about":[{"href":"https:\/\/www.bsmn.de\/berufsschule-mindelheim\/wp-json\/wp\/v2\/types\/page"}],"author":[{"embeddable":true,"href":"https:\/\/www.bsmn.de\/berufsschule-mindelheim\/wp-json\/wp\/v2\/users\/2"}],"replies":[{"embeddable":true,"href":"https:\/\/www.bsmn.de\/berufsschule-mindelheim\/wp-json\/wp\/v2\/comments?post=98"}],"version-history":[{"count":17,"href":"https:\/\/www.bsmn.de\/berufsschule-mindelheim\/wp-json\/wp\/v2\/pages\/98\/revisions"}],"predecessor-version":[{"id":3269,"href":"https:\/\/www.bsmn.de\/berufsschule-mindelheim\/wp-json\/wp\/v2\/pages\/98\/revisions\/3269"}],"up":[{"embeddable":true,"href":"https:\/\/www.bsmn.de\/berufsschule-mindelheim\/wp-json\/wp\/v2\/pages\/87"}],"wp:featuredmedia":[{"embeddable":true,"href":"https:\/\/www.bsmn.de\/berufsschule-mindelheim\/wp-json\/wp\/v2\/media\/1679"}],"wp:attachment":[{"href":"https:\/\/www.bsmn.de\/berufsschule-mindelheim\/wp-json\/wp\/v2\/media?parent=98"}],"curies":[{"name":"wp","href":"https:\/\/api.w.org\/{rel}","templated":true}]}}