{"id":89,"date":"2020-06-24T11:45:47","date_gmt":"2020-06-24T09:45:47","guid":{"rendered":"http:\/\/bsmn.neuimweb.de\/berufsschule-mindelheim\/?page_id=89"},"modified":"2021-01-18T15:02:53","modified_gmt":"2021-01-18T14:02:53","slug":"internat","status":"publish","type":"page","link":"https:\/\/www.bsmn.de\/berufsschule-mindelheim\/internat\/","title":{"rendered":"Sch\u00fclerheim"},"content":{"rendered":"<h2>Internat<\/h2>\n<p>F\u00fcr Berufssch\u00fclerinnen und Berufssch\u00fcler, denen eine t\u00e4gliche Heimfahrt w\u00e4hrend des Blockunterrichts nicht zuzumuten ist, wird eine Unterkunft im Internat angeboten.<br \/>\nAuch f\u00fcr Umsch\u00fclerinnen und Umsch\u00fcler besteht die M\u00f6glichkeit, sich f\u00fcr einen Internatsplatz anzumelden.<\/p>\n<p>Alle Informationen \u00fcber das Internat sowie die Anmeldemodalit\u00e4ten finden Sie auf der Internetseite des Internats<\/p>\n<p><a href=\"http:\/\/www.bsmn-internat.de\">www.bsmn-internat.de<\/a><\/p>\n<p><strong>Achtung: Die Anmeldung erfolgt direkt beim Internat!<\/strong><\/p>\n","protected":false},"excerpt":{"rendered":"<p>Internat F\u00fcr Berufssch\u00fclerinnen und Berufssch\u00fcler, denen eine t\u00e4gliche Heimfahrt w\u00e4hrend des Blockunterrichts nicht zuzumuten ist, wird eine Unterkunft im Internat angeboten. Auch f\u00fcr Umsch\u00fclerinnen und Umsch\u00fcler besteht die M\u00f6glichkeit, sich f\u00fcr einen Internatsplatz anzumelden. Alle Informationen \u00fcber das Internat sowie die Anmeldemodalit\u00e4ten finden Sie auf der Internetseite des Internats www.bsmn-internat.de Achtung: Die Anmeldung erfolgt direkt [&hellip;]<\/p>\n","protected":false},"author":2,"featured_media":1453,"parent":0,"menu_order":0,"comment_status":"closed","ping_status":"closed","template":"","meta":{"footnotes":""},"class_list":["post-89","page","type-page","status-publish","has-post-thumbnail","hentry"],"_links":{"self":[{"href":"https:\/\/www.bsmn.de\/berufsschule-mindelheim\/wp-json\/wp\/v2\/pages\/89","targetHints":{"allow":["GET"]}}],"collection":[{"href":"https:\/\/www.bsmn.de\/berufsschule-mindelheim\/wp-json\/wp\/v2\/pages"}],"about":[{"href":"https:\/\/www.bsmn.de\/berufsschule-mindelheim\/wp-json\/wp\/v2\/types\/page"}],"author":[{"embeddable":true,"href":"https:\/\/www.bsmn.de\/berufsschule-mindelheim\/wp-json\/wp\/v2\/users\/2"}],"replies":[{"embeddable":true,"href":"https:\/\/www.bsmn.de\/berufsschule-mindelheim\/wp-json\/wp\/v2\/comments?post=89"}],"version-history":[{"count":8,"href":"https:\/\/www.bsmn.de\/berufsschule-mindelheim\/wp-json\/wp\/v2\/pages\/89\/revisions"}],"predecessor-version":[{"id":1019,"href":"https:\/\/www.bsmn.de\/berufsschule-mindelheim\/wp-json\/wp\/v2\/pages\/89\/revisions\/1019"}],"wp:featuredmedia":[{"embeddable":true,"href":"https:\/\/www.bsmn.de\/berufsschule-mindelheim\/wp-json\/wp\/v2\/media\/1453"}],"wp:attachment":[{"href":"https:\/\/www.bsmn.de\/berufsschule-mindelheim\/wp-json\/wp\/v2\/media?parent=89"}],"curies":[{"name":"wp","href":"https:\/\/api.w.org\/{rel}","templated":true}]}}