{"id":84,"date":"2020-06-24T11:45:27","date_gmt":"2020-06-24T09:45:27","guid":{"rendered":"http:\/\/bsmn.neuimweb.de\/berufsschule-mindelheim\/?page_id=84"},"modified":"2023-06-12T14:09:18","modified_gmt":"2023-06-12T12:09:18","slug":"energieeffizienzkurs","status":"publish","type":"page","link":"https:\/\/www.bsmn.de\/berufsschule-mindelheim\/schulleben\/energieeffizienzkurs\/","title":{"rendered":"Energieeffizienzkurs"},"content":{"rendered":"\n<h2 class=\"wp-block-heading\">Ohne Schulen keine Energiewende!<\/h2>\n\n\n<div class=\"wp-block-image\">\n<figure class=\"alignright size-large is-resized\"><img fetchpriority=\"high\" decoding=\"async\" src=\"https:\/\/www.bsmn.de\/berufsschule-mindelheim\/wp-content\/uploads\/sites\/2\/2021\/01\/eek-06-dd971d39-1-1024x666.png\" alt=\"\" class=\"wp-image-1478\" width=\"399\" height=\"259\" srcset=\"https:\/\/www.bsmn.de\/berufsschule-mindelheim\/wp-content\/uploads\/sites\/2\/2021\/01\/eek-06-dd971d39-1-1024x666.png 1024w, https:\/\/www.bsmn.de\/berufsschule-mindelheim\/wp-content\/uploads\/sites\/2\/2021\/01\/eek-06-dd971d39-1-300x195.png 300w, https:\/\/www.bsmn.de\/berufsschule-mindelheim\/wp-content\/uploads\/sites\/2\/2021\/01\/eek-06-dd971d39-1-768x499.png 768w, https:\/\/www.bsmn.de\/berufsschule-mindelheim\/wp-content\/uploads\/sites\/2\/2021\/01\/eek-06-dd971d39-1-600x390.png 600w, https:\/\/www.bsmn.de\/berufsschule-mindelheim\/wp-content\/uploads\/sites\/2\/2021\/01\/eek-06-dd971d39-1.png 1200w\" sizes=\"(max-width: 399px) 100vw, 399px\" \/><\/figure>\n<\/div>\n\n\n<p>Die Energiewende findet entweder in den K\u00f6pfen statt oder sie wird nicht gelingen \u2013 eigentlich eine Binsenwahrheit. Dennoch steht auch hier, wie bei den meisten Verhaltens\u00e4nderungen, ein Lernprozess und damit eine Herausforderungen an die Schulen im Raum. Zum einen, weil junge Menschen ausgetretene Pfade gar nicht erst betreten m\u00fcssen, um zu sehen, dass sie ins Nichts f\u00fchren. Zum zweiten, weil auch (staatliche) Bildungseinrichtungen sich nicht einfach auskoppeln k\u00f6nnen, wenn sich eine ganze Gesellschaft von \u00fcber Jahrzehnten (Energiebereitstellung durch Gro\u00dfkraftwerke) um nicht zu sagen Jahrhunderten (Verbrennung fossiler Ressourcen) gefestigten Verhaltensweisen und deren Wirtschaftsform verabschiedet. Vielmehr ist es Aufgabe einer Schule, jungen Leuten das R\u00fcstzeug f\u00fcr diesen nicht immer einfachen Umwandlungsprozess mit auf den neuen Weg zu geben. <\/p>\n\n\n\n<h2 class=\"wp-block-heading\">Die Betriebe brauchen energiebewusste Fachleute &#8230;<\/h2>\n\n\n<div class=\"wp-block-image\">\n<figure class=\"alignleft size-large is-resized\"><img decoding=\"async\" src=\"https:\/\/www.bsmn.de\/berufsschule-mindelheim\/wp-content\/uploads\/sites\/2\/2021\/01\/eek-03-1.jpg\" alt=\"\" class=\"wp-image-1528\" width=\"448\" height=\"300\" srcset=\"https:\/\/www.bsmn.de\/berufsschule-mindelheim\/wp-content\/uploads\/sites\/2\/2021\/01\/eek-03-1.jpg 800w, https:\/\/www.bsmn.de\/berufsschule-mindelheim\/wp-content\/uploads\/sites\/2\/2021\/01\/eek-03-1-300x201.jpg 300w, https:\/\/www.bsmn.de\/berufsschule-mindelheim\/wp-content\/uploads\/sites\/2\/2021\/01\/eek-03-1-768x516.jpg 768w, https:\/\/www.bsmn.de\/berufsschule-mindelheim\/wp-content\/uploads\/sites\/2\/2021\/01\/eek-03-1-600x403.jpg 600w\" sizes=\"(max-width: 448px) 100vw, 448px\" \/><\/figure>\n<\/div>\n\n\n<p>Die M\u00f6glichkeit dies \u00fcber Lehrplan\u00e4nderungen zu erreichen, ist sicherlich gegeben, dauert aber sehr lange \u2013 wahrscheinlich zu lange. Wir haben uns deshalb als Berufsschule in diesem Pilotprojekt dazu entschlossen, ein Zusatzangebot zu schaffen, das den immer dringlicher werdenden Bed\u00fcrfnissen unserer Betriebe entgegenkommt, \u00fcber die Begrenzung der Energiekosten ihre (internationale) Wettbewerbsf\u00e4higkeit und damit die Arbeitspl\u00e4tze ihrer Mitarbeiter zu erhalten. Gleichzeitig k\u00f6nnte mehr Wissen \u00fcber Energieeffizienz gesellschaftliche Diskussionen versachlichen und politische Entscheidungen beschleunigen, was am Ende wieder wirtschaftliche Bedeutung h\u00e4tte. Eines sei an dieser Stelle neidlos erw\u00e4hnt: Die allererste Anregung, jungen Leuten ein derartiges Bildungsangebot zu machen, kam nicht vor der Schulseite \u2013 sie kam von unserem Partner, der IHK Schwaben und wurde an die Regierung in Augsburg gerichtet. Und daf\u00fcr gab es, und gibt es immer noch, Gr\u00fcnde, die \u00fcberall G\u00fcltigkeit besitzen. Neben den stetig steigenden Energiekosten war es auch die Feststellung, dass die IHK eigenen Energieberater weder alle Mitgliedsbetriebe bedienen konnten, noch bei denen, die bedient wurden, die richtigen Ansprechpartner fanden, um die Potentiale wirklich zu nutzen.<\/p>\n\n\n\n<h2 class=\"wp-block-heading\">&#8230; und wir bilden Sie aus!<\/h2>\n\n\n<div class=\"wp-block-image\">\n<figure class=\"alignright size-large is-resized\"><img decoding=\"async\" src=\"https:\/\/www.bsmn.de\/berufsschule-mindelheim\/wp-content\/uploads\/sites\/2\/2021\/01\/eek-02.jpg\" alt=\"\" class=\"wp-image-1534\" width=\"387\" height=\"291\" srcset=\"https:\/\/www.bsmn.de\/berufsschule-mindelheim\/wp-content\/uploads\/sites\/2\/2021\/01\/eek-02.jpg 800w, https:\/\/www.bsmn.de\/berufsschule-mindelheim\/wp-content\/uploads\/sites\/2\/2021\/01\/eek-02-300x225.jpg 300w, https:\/\/www.bsmn.de\/berufsschule-mindelheim\/wp-content\/uploads\/sites\/2\/2021\/01\/eek-02-768x576.jpg 768w, https:\/\/www.bsmn.de\/berufsschule-mindelheim\/wp-content\/uploads\/sites\/2\/2021\/01\/eek-02-600x450.jpg 600w\" sizes=\"(max-width: 387px) 100vw, 387px\" \/><\/figure>\n<\/div>\n\n\n<p>Am Ende eines intensiven Dialogs zwischen der Kammer und Vertretern der Berufsschule Mindelheim stand dann ein Gemeinschaftsprojekt in Form einer 40-st\u00fcndige Zusatzqualifikation f\u00fcr Auszubildende aller Ausbildungsrichtungen au\u00dferhalb des regul\u00e4ren Unterrichts. Von der Sinnhaftigkeit dieses Ansatzes konnte auch das Staatministerium f\u00fcr Bildung, Kultus, Wissenschaft und Kunst \u00fcberzeugt werden, das den Auftrag erteilte, diesen Kurs in einer dreij\u00e4hrigen Erprobungsphase so zu entwickeln, dass die Inhalte so \u2013 oder zumindest so \u00e4hnlich \u2013 an jeder bayerischen Berufsschule angeboten werden k\u00f6nnen. Man k\u00f6nnte also sagen, dass das Ziel des Kurses nicht der Spezialist auf irgendeinem Gebiet ist, sondern eher der auf dem breiten Feld der Energie gebildete Mitarbeiter. Einer der sieht, wo die Firma Geld verliert, weil Energie verschwendet wird, anstatt verwendet zu werden. Und so umfasst der Kurs Einheiten \u00fcber energiesparendes Bauen genauso wie \u00fcber Druckluftsysteme, Beleuchtung, W\u00e4rmepumpen, Solarenergienutzung, eine Exkursion in eine vorbildliche Firma, systemisches Denken bis hin zu dem Thema \u201eWie-sag-ich\u2019s-meinem-Chef\u201c\u2026. eben alles, was man braucht, um eine erste Energieberatung so erfolgreich zu bew\u00e4ltigen, dass es sich f\u00fcr die Firma aufgrund einer soliden Datenbasis offensichtlich lohnt, aktiv zu werden.<\/p>\n\n\n\n<p>Die Ersparnisse z, B. beim Wechsel von Heizungspumpen oder alten Beleuchtungseinrichtungen toppen dabei jede Geldanlage bei einer Bank. Selbstverst\u00e4ndlich sollten die Kursteilnehmer dann auch als die dringend ben\u00f6tigten Ansprechpartner in der Firma f\u00fcr evtl. noch n\u00f6tige professionelle Energieberater fungieren. Deshalb bietet die IHK auch jeder Firma eines teilnehmenden Lehrlings eine kostenlose Energieberatung durch professionelle Energieberatungsb\u00fcros unter Mitwirkung des Kursteilnehmers an. Diese lernen, wie man h\u00e4ndisch und mit professionellen Computerprogrammen D\u00e4mmst\u00e4rken von W\u00e4nden berechnet, belegen diese Werte mit der Thermokamera, erstellen Kostenpl\u00e4ne f\u00fcr unterschiedliche Beleuchtungseinrichtungen, analysieren Schwachstellen anhand von Fotos eines Firmenrundgangs und werden \u00fcber F\u00f6rderm\u00f6glichkeiten im Finanzwesen informiert. Low-Level ist das nicht mehr, zumal man am Schluss auch mit einer Pr\u00fcfung abschlie\u00dft, die im Falle des Bestehens zu einem IHK-Zertifikat f\u00fchrt, das seinen Wert beim Aufstieg innerhalb der Firma und bei Bewerbungen behalten soll.<\/p>\n\n\n\n<p>Der Kurs wird momentan in drei parallelen Gruppen an einem Abend in der Woche abgehalten und hat viele interessante Ergebnisse gebracht, die in die neue Runde, die wieder im Februar beginnt, eingespeist werden.<\/p>\n\n\n\n<h2 class=\"wp-block-heading\">Downloads<\/h2>\n\n\n\n<div class=\"wp-block-file\"><a id=\"wp-block-file--media-6aa7e890-5418-4c59-b713-14b10eb980c4\" href=\"https:\/\/www.bsmn.de\/berufsschule-mindelheim\/wp-content\/uploads\/sites\/2\/2020\/11\/EEK-Mindelheimer-Modell.pdf\">EEK Mindelheimer Modell<\/a><\/div>\n\n\n\n<div class=\"wp-block-file\"><a id=\"wp-block-file--media-136c9240-aaab-4d26-b394-9af451b72430\" href=\"https:\/\/www.bsmn.de\/berufsschule-mindelheim\/wp-content\/uploads\/sites\/2\/2023\/06\/Kurs-Anmeldung-1.pdf\">Kurs-Anmeldung<\/a><\/div>\n\n\n\n<h2 class=\"wp-block-heading\">Sieger in Wettbewerben<\/h2>\n\n\n\n<h3 class=\"wp-block-heading\">Erster Platz beim LEW Innovationspreis<\/h3>\n\n\n\n<p>LEW: Energiezukunft gestalten &#8211; Der Preis f\u00fcr neue Ideen<br>Mit dem LEW Innovationspreis will die LEW<\/p>\n\n\n\n<ul class=\"wp-block-list\">\n<li>die Innovationst\u00e4tigkeit speziell im Bereich des Klimaschutzes und der Energieeffizienz st\u00e4rken<\/li>\n\n\n\n<li>Innovationen in der Region f\u00f6rdern und w\u00fcrdigen<\/li>\n\n\n\n<li>Kompetenzen der Region und des Wirtschaftsstandorts Bayern herausstellen<\/li>\n<\/ul>\n\n\n\n<p>Der Preis ist mit 15.000 Euro dotiert!<\/p>\n\n\n<div class=\"wp-block-image\">\n<figure class=\"aligncenter size-large is-resized\"><img loading=\"lazy\" decoding=\"async\" src=\"https:\/\/www.bsmn.de\/berufsschule-mindelheim\/wp-content\/uploads\/sites\/2\/2021\/01\/lew-innovationspreis-lk-unterallgaeu-preisuebergabe.jpg\" alt=\"\" class=\"wp-image-1518\" width=\"579\" height=\"418\" srcset=\"https:\/\/www.bsmn.de\/berufsschule-mindelheim\/wp-content\/uploads\/sites\/2\/2021\/01\/lew-innovationspreis-lk-unterallgaeu-preisuebergabe.jpg 800w, https:\/\/www.bsmn.de\/berufsschule-mindelheim\/wp-content\/uploads\/sites\/2\/2021\/01\/lew-innovationspreis-lk-unterallgaeu-preisuebergabe-300x217.jpg 300w, https:\/\/www.bsmn.de\/berufsschule-mindelheim\/wp-content\/uploads\/sites\/2\/2021\/01\/lew-innovationspreis-lk-unterallgaeu-preisuebergabe-768x555.jpg 768w, https:\/\/www.bsmn.de\/berufsschule-mindelheim\/wp-content\/uploads\/sites\/2\/2021\/01\/lew-innovationspreis-lk-unterallgaeu-preisuebergabe-600x434.jpg 600w\" sizes=\"(max-width: 579px) 100vw, 579px\" \/><\/figure>\n<\/div>\n\n\n<figure class=\"wp-block-embed is-type-video is-provider-youtube wp-block-embed-youtube wp-embed-aspect-16-9 wp-has-aspect-ratio\"><div class=\"wp-block-embed__wrapper\">\n<div class=\"BorlabsCookie _brlbs-cb-youtube\"><div class=\"_brlbs-content-blocker\"> <div class=\"_brlbs-embed _brlbs-video-youtube\"> <img decoding=\"async\" class=\"_brlbs-thumbnail\" src=\"https:\/\/www.bsmn.de\/berufsschule-mindelheim\/wp-content\/plugins\/borlabs-cookie\/assets\/images\/cb-no-thumbnail.png\" alt=\"YouTube\"> <div class=\"_brlbs-caption\"> <p>Mit dem Laden des Videos akzeptieren Sie die Datenschutzerkl\u00e4rung von YouTube.<br><a href=\"https:\/\/policies.google.com\/privacy\" target=\"_blank\" rel=\"nofollow noopener noreferrer\">Mehr erfahren<\/a><\/p> <p><a class=\"_brlbs-btn _brlbs-icon-play-white\" href=\"#\" data-borlabs-cookie-unblock role=\"button\">Video laden<\/a><\/p> <p><label><input type=\"checkbox\" name=\"unblockAll\" value=\"1\" checked> <small>YouTube immer entsperren<\/small><\/label><\/p> <\/div> <\/div> <\/div><div class=\"borlabs-hide\" data-borlabs-cookie-type=\"content-blocker\" data-borlabs-cookie-id=\"youtube\"><script type=\"text\/template\">PGlmcmFtZSB0aXRsZT0iTEVXIElubm92YXRpb25zcHJlaXMgR2V3aW5uZXIgTGFuZGtyZWlzIFVudGVyYWxsZ8OkdSIgd2lkdGg9IjEyMDAiIGhlaWdodD0iNjc1IiBzcmM9Imh0dHBzOi8vd3d3LnlvdXR1YmUtbm9jb29raWUuY29tL2VtYmVkL3c4ZG9ycWtSVlA4P2ZlYXR1cmU9b2VtYmVkIiBmcmFtZWJvcmRlcj0iMCIgYWxsb3c9ImFjY2VsZXJvbWV0ZXI7IGF1dG9wbGF5OyBjbGlwYm9hcmQtd3JpdGU7IGVuY3J5cHRlZC1tZWRpYTsgZ3lyb3Njb3BlOyBwaWN0dXJlLWluLXBpY3R1cmUiIGFsbG93ZnVsbHNjcmVlbj48L2lmcmFtZT4=<\/script><\/div><\/div>\n<\/div><\/figure>\n\n\n\n<h3 class=\"wp-block-heading\">Sieger der Allianz Umweltstiftung<\/h3>\n\n\n\n<p>Deutscher Klimapreis der Allianz Umweltstiftung: Staatliche Berufsschule Mindelheim<br>Die Berufsschule Mindelheim ist mit ihrem Energieeffizienzkurs Sieger der Allianz Umweltstiftung.<br>Der Preis ist mit 10 000 Euro dotiert!<\/p>\n\n\n<div class=\"wp-block-image\">\n<figure class=\"aligncenter size-large\"><img loading=\"lazy\" decoding=\"async\" width=\"600\" height=\"400\" src=\"https:\/\/www.bsmn.de\/berufsschule-mindelheim\/wp-content\/uploads\/sites\/2\/2021\/01\/sieger-gesamt.jpg\" alt=\"\" class=\"wp-image-1523\" srcset=\"https:\/\/www.bsmn.de\/berufsschule-mindelheim\/wp-content\/uploads\/sites\/2\/2021\/01\/sieger-gesamt.jpg 600w, https:\/\/www.bsmn.de\/berufsschule-mindelheim\/wp-content\/uploads\/sites\/2\/2021\/01\/sieger-gesamt-300x200.jpg 300w\" sizes=\"(max-width: 600px) 100vw, 600px\" \/><\/figure>\n<\/div>\n\n\n<figure class=\"wp-block-embed is-type-video is-provider-youtube wp-block-embed-youtube wp-embed-aspect-16-9 wp-has-aspect-ratio\"><div class=\"wp-block-embed__wrapper\">\n<div class=\"BorlabsCookie _brlbs-cb-youtube\"><div class=\"_brlbs-content-blocker\"> <div class=\"_brlbs-embed _brlbs-video-youtube\"> <img decoding=\"async\" class=\"_brlbs-thumbnail\" src=\"https:\/\/www.bsmn.de\/berufsschule-mindelheim\/wp-content\/plugins\/borlabs-cookie\/assets\/images\/cb-no-thumbnail.png\" alt=\"YouTube\"> <div class=\"_brlbs-caption\"> <p>Mit dem Laden des Videos akzeptieren Sie die Datenschutzerkl\u00e4rung von YouTube.<br><a href=\"https:\/\/policies.google.com\/privacy\" target=\"_blank\" rel=\"nofollow noopener noreferrer\">Mehr erfahren<\/a><\/p> <p><a class=\"_brlbs-btn _brlbs-icon-play-white\" href=\"#\" data-borlabs-cookie-unblock role=\"button\">Video laden<\/a><\/p> <p><label><input type=\"checkbox\" name=\"unblockAll\" value=\"1\" checked> <small>YouTube immer entsperren<\/small><\/label><\/p> <\/div> <\/div> <\/div><div class=\"borlabs-hide\" data-borlabs-cookie-type=\"content-blocker\" data-borlabs-cookie-id=\"youtube\"><script type=\"text\/template\">PGlmcmFtZSB0aXRsZT0iRGV1dHNjaGVyIEtsaW1hcHJlaXMgZGVyIEFsbGlhbnogVW13ZWx0c3RpZnR1bmcgIDIwMTY6IFN0YWF0bGljaGUgQmVydWZzc2NodWxlIE1pbmRlbGhlaW0iIHdpZHRoPSIxMjAwIiBoZWlnaHQ9IjY3NSIgc3JjPSJodHRwczovL3d3dy55b3V0dWJlLW5vY29va2llLmNvbS9lbWJlZC9ldTZiWXJ2RDd4UT9mZWF0dXJlPW9lbWJlZCIgZnJhbWVib3JkZXI9IjAiIGFsbG93PSJhY2NlbGVyb21ldGVyOyBhdXRvcGxheTsgY2xpcGJvYXJkLXdyaXRlOyBlbmNyeXB0ZWQtbWVkaWE7IGd5cm9zY29wZTsgcGljdHVyZS1pbi1waWN0dXJlIiBhbGxvd2Z1bGxzY3JlZW4+PC9pZnJhbWU+<\/script><\/div><\/div>\n<\/div><figcaption class=\"wp-element-caption\"><strong>Bewerbung f\u00fcr den Preis<\/strong><\/figcaption><\/figure>\n\n\n\n<figure class=\"wp-block-embed is-type-video is-provider-youtube wp-block-embed-youtube wp-embed-aspect-16-9 wp-has-aspect-ratio\"><div class=\"wp-block-embed__wrapper\">\n<div class=\"BorlabsCookie _brlbs-cb-youtube\"><div class=\"_brlbs-content-blocker\"> <div class=\"_brlbs-embed _brlbs-video-youtube\"> <img decoding=\"async\" class=\"_brlbs-thumbnail\" src=\"https:\/\/www.bsmn.de\/berufsschule-mindelheim\/wp-content\/plugins\/borlabs-cookie\/assets\/images\/cb-no-thumbnail.png\" alt=\"YouTube\"> <div class=\"_brlbs-caption\"> <p>Mit dem Laden des Videos akzeptieren Sie die Datenschutzerkl\u00e4rung von YouTube.<br><a href=\"https:\/\/policies.google.com\/privacy\" target=\"_blank\" rel=\"nofollow noopener noreferrer\">Mehr erfahren<\/a><\/p> <p><a class=\"_brlbs-btn _brlbs-icon-play-white\" href=\"#\" data-borlabs-cookie-unblock role=\"button\">Video laden<\/a><\/p> <p><label><input type=\"checkbox\" name=\"unblockAll\" value=\"1\" checked> <small>YouTube immer entsperren<\/small><\/label><\/p> <\/div> <\/div> <\/div><div class=\"borlabs-hide\" data-borlabs-cookie-type=\"content-blocker\" data-borlabs-cookie-id=\"youtube\"><script type=\"text\/template\">PGlmcmFtZSB0aXRsZT0iUHJlaXN2ZXJsZWlodW5nICZxdW90O0RldXRzY2hlciBLbGltYXByZWlzIGRlciBBbGxpYW56IFVtd2VsdHN0aWZ0dW5nJnF1b3Q7IDIwMTYiIHdpZHRoPSIxMjAwIiBoZWlnaHQ9IjY3NSIgc3JjPSJodHRwczovL3d3dy55b3V0dWJlLW5vY29va2llLmNvbS9lbWJlZC9QdWJteENiaDNPOD9mZWF0dXJlPW9lbWJlZCIgZnJhbWVib3JkZXI9IjAiIGFsbG93PSJhY2NlbGVyb21ldGVyOyBhdXRvcGxheTsgY2xpcGJvYXJkLXdyaXRlOyBlbmNyeXB0ZWQtbWVkaWE7IGd5cm9zY29wZTsgcGljdHVyZS1pbi1waWN0dXJlIiBhbGxvd2Z1bGxzY3JlZW4+PC9pZnJhbWU+<\/script><\/div><\/div>\n<\/div><figcaption class=\"wp-element-caption\"><strong>Preisverleihung<\/strong><\/figcaption><\/figure>\n\n\n\n<h3 class=\"wp-block-heading\">Sieger als Energiesparmeister<\/h3>\n\n\n\n<p>Bayernweit Platz 1 &#8211; Deutschlandweit Platz 2<\/p>\n\n\n<div class=\"wp-block-image\">\n<figure class=\"aligncenter size-large is-resized\"><img loading=\"lazy\" decoding=\"async\" src=\"https:\/\/www.bsmn.de\/berufsschule-mindelheim\/wp-content\/uploads\/sites\/2\/2021\/01\/preisverleihung-berlin.jpg\" alt=\"\" class=\"wp-image-1524\" width=\"549\" height=\"411\" srcset=\"https:\/\/www.bsmn.de\/berufsschule-mindelheim\/wp-content\/uploads\/sites\/2\/2021\/01\/preisverleihung-berlin.jpg 800w, https:\/\/www.bsmn.de\/berufsschule-mindelheim\/wp-content\/uploads\/sites\/2\/2021\/01\/preisverleihung-berlin-300x225.jpg 300w, https:\/\/www.bsmn.de\/berufsschule-mindelheim\/wp-content\/uploads\/sites\/2\/2021\/01\/preisverleihung-berlin-768x577.jpg 768w\" sizes=\"(max-width: 549px) 100vw, 549px\" \/><\/figure>\n<\/div>\n\n\n<h3 class=\"wp-block-heading\">Sieger beim Wettbewerb der VR-Bank Memmingen<\/h3>\n","protected":false},"excerpt":{"rendered":"<p>Ohne Schulen keine Energiewende! Die Energiewende findet entweder in den K\u00f6pfen statt oder sie wird nicht gelingen \u2013 eigentlich eine Binsenwahrheit. Dennoch steht auch hier, wie bei den meisten Verhaltens\u00e4nderungen, ein Lernprozess und damit eine Herausforderungen an die Schulen im Raum. Zum einen, weil junge Menschen ausgetretene Pfade gar nicht erst betreten m\u00fcssen, um zu [&hellip;]<\/p>\n","protected":false},"author":2,"featured_media":1515,"parent":75,"menu_order":0,"comment_status":"closed","ping_status":"closed","template":"","meta":{"footnotes":""},"class_list":["post-84","page","type-page","status-publish","has-post-thumbnail","hentry"],"_links":{"self":[{"href":"https:\/\/www.bsmn.de\/berufsschule-mindelheim\/wp-json\/wp\/v2\/pages\/84","targetHints":{"allow":["GET"]}}],"collection":[{"href":"https:\/\/www.bsmn.de\/berufsschule-mindelheim\/wp-json\/wp\/v2\/pages"}],"about":[{"href":"https:\/\/www.bsmn.de\/berufsschule-mindelheim\/wp-json\/wp\/v2\/types\/page"}],"author":[{"embeddable":true,"href":"https:\/\/www.bsmn.de\/berufsschule-mindelheim\/wp-json\/wp\/v2\/users\/2"}],"replies":[{"embeddable":true,"href":"https:\/\/www.bsmn.de\/berufsschule-mindelheim\/wp-json\/wp\/v2\/comments?post=84"}],"version-history":[{"count":36,"href":"https:\/\/www.bsmn.de\/berufsschule-mindelheim\/wp-json\/wp\/v2\/pages\/84\/revisions"}],"predecessor-version":[{"id":3869,"href":"https:\/\/www.bsmn.de\/berufsschule-mindelheim\/wp-json\/wp\/v2\/pages\/84\/revisions\/3869"}],"up":[{"embeddable":true,"href":"https:\/\/www.bsmn.de\/berufsschule-mindelheim\/wp-json\/wp\/v2\/pages\/75"}],"wp:featuredmedia":[{"embeddable":true,"href":"https:\/\/www.bsmn.de\/berufsschule-mindelheim\/wp-json\/wp\/v2\/media\/1515"}],"wp:attachment":[{"href":"https:\/\/www.bsmn.de\/berufsschule-mindelheim\/wp-json\/wp\/v2\/media?parent=84"}],"curies":[{"name":"wp","href":"https:\/\/api.w.org\/{rel}","templated":true}]}}