{"id":3788,"date":"2023-04-27T13:31:30","date_gmt":"2023-04-27T11:31:30","guid":{"rendered":"https:\/\/www.bsmn.de\/berufsschule-mindelheim\/?page_id=3788"},"modified":"2026-03-05T13:56:29","modified_gmt":"2026-03-05T12:56:29","slug":"anmeldung","status":"publish","type":"page","link":"https:\/\/www.bsmn.de\/berufsschule-mindelheim\/anmeldung\/","title":{"rendered":"Anmeldung"},"content":{"rendered":"\n<p class=\"has-medium-font-size\"><a href=\"http:\/\/schulantrag.de\/?sch=8069\" target=\"_blank\" rel=\"noreferrer noopener\">Hier klicken zur Online-Anmeldung<\/a><\/p>\n\n\n<div class=\"wp-block-image\">\n<figure class=\"aligncenter size-full is-resized\"><a href=\"http:\/\/schulantrag.de\/?sch=8069\" target=\"_blank\" rel=\"noreferrer noopener\"><img fetchpriority=\"high\" decoding=\"async\" width=\"248\" height=\"233\" src=\"https:\/\/www.bsmn.de\/berufsschule-mindelheim\/wp-content\/uploads\/sites\/2\/2023\/11\/Pfeil.jpg\" alt=\"\" class=\"wp-image-4034\" style=\"aspect-ratio:1.0643776824034334;width:84px;height:auto\"\/><\/a><\/figure>\n<\/div>\n\n\n<h2 class=\"wp-block-heading\">2. Schritt nach der Anmeldung:<\/h2>\n\n\n\n<ol class=\"wp-block-list\">\n<li class=\"has-medium-font-size\"><a rel=\"noreferrer noopener\" href=\"https:\/\/www.bsmn.de\/berufsschule-mindelheim\/anmeldung-berufskraftfahrer\/\" data-type=\"link\" data-id=\"https:\/\/www.bsmn.de\/berufsschule-mindelheim\/anmeldung-berufskraftfahrer\/\" target=\"_blank\">W<\/a><a href=\"https:\/\/www.bsmn.de\/berufsschule-mindelheim\/anmeldung-berufskraftfahrer\/\" target=\"_blank\" rel=\"noreferrer noopener\">ichtige Dokumente nach der Anmeldung Berufskraftfahrer\/in<\/a><\/li>\n\n\n\n<li class=\"has-medium-font-size\"><a href=\"https:\/\/www.bsmn.de\/berufsschule-mindelheim\/anmeldung-verkaeufer\/\" data-type=\"link\" data-id=\"https:\/\/www.bsmn.de\/berufsschule-mindelheim\/anmeldung-verkaeufer\/\" target=\"_blank\" rel=\"noreferrer noopener\">Wichtige Dokumente nach der Anmeldung Kauffrau\/mann im Einzelhandel und Verk\u00e4ufer\/in<\/a><\/li>\n\n\n\n<li class=\"has-medium-font-size\"><a href=\"https:\/\/www.bsmn.de\/berufsschule-mindelheim\/anmeldung-bueromanager\/\" target=\"_blank\" rel=\"noreferrer noopener\">Wichtige Dokumente nach der Anmeldung Kauffrau\/mann f\u00fcr B\u00fcromanagement<\/a><\/li>\n\n\n\n<li class=\"has-medium-font-size\"><a href=\"https:\/\/www.bsmn.de\/berufsschule-mindelheim\/anmeldung-tourismuskaufmann\/\" data-type=\"link\" data-id=\"https:\/\/www.bsmn.de\/berufsschule-mindelheim\/anmeldung-tourismuskaufmann\/\" target=\"_blank\" rel=\"noreferrer noopener\">Wichtige Dokumente nach der Anmeldung Kauffrau\/mann f\u00fcr Tourismus und Freizeit<\/a><\/li>\n\n\n\n<li class=\"has-medium-font-size\"><a rel=\"noreferrer noopener\" href=\"https:\/\/www.bsmn.de\/berufsschule-mindelheim\/anmeldung-landwirt\/\" data-type=\"link\" data-id=\"https:\/\/www.bsmn.de\/berufsschule-mindelheim\/anmeldung-landwirt\/\" target=\"_blank\">Wichtige Dokumente nach der Anmeldung Landwirt\/in<\/a><\/li>\n\n\n\n<li class=\"has-medium-font-size\"><a rel=\"noreferrer noopener\" href=\"https:\/\/www.bsmn.de\/berufsschule-mindelheim\/anmeldung-nutzfahrzeugmechatroniker\/\" target=\"_blank\">Wichtige Dokumente nach der Anmeldung Mechatroniker\/in f\u00fcr Nutzfahrzeugtechnik<\/a><\/li>\n\n\n\n<li class=\"has-medium-font-size\"><a rel=\"noreferrer noopener\" href=\"https:\/\/www.bsmn.de\/berufsschule-mindelheim\/anmeldung-landmaschinenmechatroniker\/\" target=\"_blank\">Wichtige Dokumente nach der Anmeldung Mechatroniker\/in f\u00fcr Land- und Baumaschinentechnik<\/a><\/li>\n\n\n\n<li class=\"has-medium-font-size\"><a rel=\"noreferrer noopener\" href=\"https:\/\/www.bsmn.de\/berufsschule-mindelheim\/anmeldung-metallbauer\/\" target=\"_blank\">Wichtige Dokumente nach der Anmeldung Metallbauer\/in f\u00fcr Nutzfahrzeugtechnik<\/a><\/li>\n<\/ol>\n\n\n\n<p><\/p>\n\n\n\n<p class=\"has-medium-font-size\"><strong>Weitere wichtige Formulare, Blockpl\u00e4ne etc. finden Sie im <a rel=\"noreferrer noopener\" href=\"https:\/\/www.bsmn.de\/berufsschule-mindelheim\/downloads\/\" target=\"_blank\">Downloadbereich<\/a>.<\/strong><\/p>\n\n\n\n<h2 class=\"wp-block-heading\">3. Schritt nur f\u00fcr Heimunterbringung<\/h2>\n\n\n\n<p class=\"has-medium-font-size\">Falls Sie Heimunterbringung ben\u00f6tigen, gehen Sie bitte auf folgende Homepage: <a href=\"https:\/\/www.bsmn-internat.de\/internat\">bsmn-internat.de\/internat<\/a><\/p>\n\n\n\n<p><\/p>\n","protected":false},"excerpt":{"rendered":"<p>Hier klicken zur Online-Anmeldung 2. Schritt nach der Anmeldung: Weitere wichtige Formulare, Blockpl\u00e4ne etc. finden Sie im Downloadbereich. 3. Schritt nur f\u00fcr Heimunterbringung Falls Sie Heimunterbringung ben\u00f6tigen, gehen Sie bitte auf folgende Homepage: bsmn-internat.de\/internat<\/p>\n","protected":false},"author":7,"featured_media":2089,"parent":0,"menu_order":0,"comment_status":"closed","ping_status":"closed","template":"","meta":{"footnotes":""},"class_list":["post-3788","page","type-page","status-publish","has-post-thumbnail","hentry"],"_links":{"self":[{"href":"https:\/\/www.bsmn.de\/berufsschule-mindelheim\/wp-json\/wp\/v2\/pages\/3788","targetHints":{"allow":["GET"]}}],"collection":[{"href":"https:\/\/www.bsmn.de\/berufsschule-mindelheim\/wp-json\/wp\/v2\/pages"}],"about":[{"href":"https:\/\/www.bsmn.de\/berufsschule-mindelheim\/wp-json\/wp\/v2\/types\/page"}],"author":[{"embeddable":true,"href":"https:\/\/www.bsmn.de\/berufsschule-mindelheim\/wp-json\/wp\/v2\/users\/7"}],"replies":[{"embeddable":true,"href":"https:\/\/www.bsmn.de\/berufsschule-mindelheim\/wp-json\/wp\/v2\/comments?post=3788"}],"version-history":[{"count":23,"href":"https:\/\/www.bsmn.de\/berufsschule-mindelheim\/wp-json\/wp\/v2\/pages\/3788\/revisions"}],"predecessor-version":[{"id":4534,"href":"https:\/\/www.bsmn.de\/berufsschule-mindelheim\/wp-json\/wp\/v2\/pages\/3788\/revisions\/4534"}],"wp:featuredmedia":[{"embeddable":true,"href":"https:\/\/www.bsmn.de\/berufsschule-mindelheim\/wp-json\/wp\/v2\/media\/2089"}],"wp:attachment":[{"href":"https:\/\/www.bsmn.de\/berufsschule-mindelheim\/wp-json\/wp\/v2\/media?parent=3788"}],"curies":[{"name":"wp","href":"https:\/\/api.w.org\/{rel}","templated":true}]}}