{"id":27,"date":"2020-06-24T11:40:19","date_gmt":"2020-06-24T09:40:19","guid":{"rendered":"http:\/\/bsmn.neuimweb.de\/berufsschule-mindelheim\/?page_id=27"},"modified":"2025-04-03T12:32:21","modified_gmt":"2025-04-03T10:32:21","slug":"schulpsychologie","status":"publish","type":"page","link":"https:\/\/www.bsmn.de\/berufsschule-mindelheim\/wir-ueber-uns\/schulpsychologie\/","title":{"rendered":"Schulpsychologie"},"content":{"rendered":"\n<h3 class=\"wp-block-heading\">Schulpsychologische Beratung an unserer Berufsschule<\/h3>\n\n\n\n<figure class=\"wp-block-image size-large is-resized is-style-default\"><img fetchpriority=\"high\" decoding=\"async\" width=\"683\" height=\"1024\" src=\"https:\/\/www.bsmn.de\/berufsschule-mindelheim\/wp-content\/uploads\/sites\/2\/2021\/04\/Woerz-1-2-683x1024.jpg\" alt=\"\" class=\"wp-image-2617\" style=\"width:158px;height:236px\" srcset=\"https:\/\/www.bsmn.de\/berufsschule-mindelheim\/wp-content\/uploads\/sites\/2\/2021\/04\/Woerz-1-2-683x1024.jpg 683w, https:\/\/www.bsmn.de\/berufsschule-mindelheim\/wp-content\/uploads\/sites\/2\/2021\/04\/Woerz-1-2-200x300.jpg 200w, https:\/\/www.bsmn.de\/berufsschule-mindelheim\/wp-content\/uploads\/sites\/2\/2021\/04\/Woerz-1-2-768x1152.jpg 768w, https:\/\/www.bsmn.de\/berufsschule-mindelheim\/wp-content\/uploads\/sites\/2\/2021\/04\/Woerz-1-2-600x900.jpg 600w, https:\/\/www.bsmn.de\/berufsschule-mindelheim\/wp-content\/uploads\/sites\/2\/2021\/04\/Woerz-1-2.jpg 800w\" sizes=\"(max-width: 683px) 100vw, 683px\" \/><\/figure>\n\n\n\n<h3 class=\"wp-block-heading\">Simone W\u00f6rz<\/h3>\n\n\n\n<p>Staatliche Schulpsychologin<br><strong>Telefonnummer:<\/strong> 0160 99646128<br><strong>E-Mail: <\/strong><a rel=\"noreferrer noopener\" href=\"mailto:simone.woerz@bsmn.de\" target=\"_blank\">simone.woerz@bsmn.de<\/a><\/p>\n\n\n\n<h3 class=\"wp-block-heading\"><strong>Ich berate und unterst\u00fctze Euch \u2026<\/strong><\/h3>\n\n\n\n<ul class=\"wp-block-list\">\n<li>bei Pr\u00fcfungsangst und Schulvermeidung <\/li>\n\n\n\n<li>bei Lern- und Leistungsproblemen <\/li>\n\n\n\n<li>bei psychischen Problemen <\/li>\n\n\n\n<li>bei Fragen zu Nachteilsausgleich und Notenschutz (z. B. bei Lese-\/Rechtschreibst\u00f6rungen) <\/li>\n\n\n\n<li>bei der Vermittlung und Begleitung zu&nbsp;z. B. Kliniken, Fach\u00e4rzten, Psychologen, Erziehungsberatungsstellen<\/li>\n<\/ul>\n\n\n\n<p><strong>Sprechzeiten<\/strong>:<br>Donnerstag: 10:00 &#8211; 13:00 Uhr <br>oder nach individueller Vereinbarung<br><br><strong>Raum N 106<\/strong><\/p>\n\n\n\n<p><strong><strong>Die Beratung ist freiwillig, kostenlos und unterliegt der Schweigepflicht!<\/strong><\/strong><\/p>\n\n\n\n<h3 class=\"wp-block-heading\"><strong>Informationen und Antr\u00e4ge<\/strong><\/h3>\n\n\n\n<h4 class=\"wp-block-heading has-normal-font-size\"><strong>Lese-Rechtschreib-St\u00f6rung<\/strong><\/h4>\n\n\n\n<div class=\"wp-block-file\"><a id=\"wp-block-file--media-ac3a90b9-18d0-423d-a7f2-d89fbe7cb243\" href=\"https:\/\/www.bsmn.de\/berufsschule-mindelheim\/wp-content\/uploads\/sites\/2\/2024\/09\/01-Informationen.pdf\">Informationen<\/a><\/div>\n\n\n\n<div class=\"wp-block-file\"><a id=\"wp-block-file--media-0f326818-d9f5-4696-8682-51ec6d1507ab\" href=\"https:\/\/www.bsmn.de\/berufsschule-mindelheim\/wp-content\/uploads\/sites\/2\/2022\/08\/02-Spickzettel-fuer-die-Antragstellung.pdf\">Spickzettel-fuer-die-Antragstellung<\/a><\/div>\n\n\n\n<div class=\"wp-block-file\"><a id=\"wp-block-file--media-70b374de-8a67-4635-87da-71100e5d8f6f\" href=\"https:\/\/www.bsmn.de\/berufsschule-mindelheim\/wp-content\/uploads\/sites\/2\/2025\/04\/Antrag-Lese-Rechtschreibstoerung_digital.docx\">Antrag Lese-Rechtschreibst\u00f6rung_digital<\/a><\/div>\n\n\n\n<div class=\"wp-block-file\"><a id=\"wp-block-file--media-b05f9b9c-30c0-4738-8307-b6ed6f5b9ddf\" href=\"https:\/\/www.bsmn.de\/berufsschule-mindelheim\/wp-content\/uploads\/sites\/2\/2025\/04\/Antrag-Lese-Rechtschreibstoerung_handschriftlich.docx.pdf\">Antrag Lese-Rechtschreibst\u00f6rung_handschriftlich.docx<\/a><\/div>\n\n\n\n<div class=\"wp-block-file\"><a id=\"wp-block-file--media-d1d29dae-f001-4dc6-b9ae-9cee6888458b\" href=\"https:\/\/www.bsmn.de\/berufsschule-mindelheim\/wp-content\/uploads\/sites\/2\/2024\/10\/Verzichtserklaerung_Notenschutz_Nachteilsausgleich.pdf\">Verzichtserkl\u00e4rung_Notenschutz_Nachteilsausgleich<\/a><\/div>\n\n\n\n<div class=\"wp-block-file\"><a id=\"wp-block-file--media-8b2591e8-de90-4842-84b9-8a4aa8bbd36c\" href=\"https:\/\/www.bsmn.de\/berufsschule-mindelheim\/wp-content\/uploads\/sites\/2\/2022\/07\/Verzichtserklaerung_handschriftlich.pdf\">Verzichtserklaerung_handschriftlich<\/a><\/div>\n\n\n\n<div class=\"wp-block-file\"><a id=\"wp-block-file--media-2b8201a4-0285-44f3-b30c-5ff6a0db06bf\" href=\"https:\/\/www.bsmn.de\/berufsschule-mindelheim\/wp-content\/uploads\/sites\/2\/2024\/10\/Verzichtserklaerung_digital_Notenschutz_Nachteilsausgleich.docx\">Verzichtserkl\u00e4rung_digital_Notenschutz_Nachteilsausgleich<\/a><\/div>\n\n\n\n<h4 class=\"wp-block-heading has-normal-font-size\"><strong>Nachteilsausgleich bei der Zwischen- und Abschlusspr\u00fcfung<\/strong><\/h4>\n\n\n\n<div class=\"wp-block-file\"><a id=\"wp-block-file--media-e5e21f9a-86b0-4034-b110-7a2b252fe8c7\" href=\"https:\/\/www.bsmn.de\/berufsschule-mindelheim\/wp-content\/uploads\/sites\/2\/2022\/07\/Informationen-2.pdf\">Informationen<\/a><\/div>\n\n\n\n<h4 class=\"wp-block-heading has-normal-font-size\"><strong>\u00dcberblick &#8211; Hilfsangebote<\/strong><\/h4>\n\n\n\n<div class=\"wp-block-file\"><a id=\"wp-block-file--media-0b59f7d9-7e69-4a5f-ab47-f87f97d3581f\" href=\"https:\/\/www.bsmn.de\/berufsschule-mindelheim\/wp-content\/uploads\/sites\/2\/2024\/09\/Hilfsangebote.docx\">Hilfsangebote<\/a><\/div>\n\n\n\n<p><\/p>\n","protected":false},"excerpt":{"rendered":"<p>Schulpsychologische Beratung an unserer Berufsschule Simone W\u00f6rz Staatliche SchulpsychologinTelefonnummer: 0160 99646128E-Mail: simone.woerz@bsmn.de Ich berate und unterst\u00fctze Euch \u2026 Sprechzeiten:Donnerstag: 10:00 &#8211; 13:00 Uhr oder nach individueller Vereinbarung Raum N 106 Die Beratung ist freiwillig, kostenlos und unterliegt der Schweigepflicht! Informationen und Antr\u00e4ge Lese-Rechtschreib-St\u00f6rung Nachteilsausgleich bei der Zwischen- und Abschlusspr\u00fcfung \u00dcberblick &#8211; Hilfsangebote<\/p>\n","protected":false},"author":2,"featured_media":1454,"parent":9,"menu_order":0,"comment_status":"closed","ping_status":"closed","template":"","meta":{"footnotes":""},"class_list":["post-27","page","type-page","status-publish","has-post-thumbnail","hentry"],"_links":{"self":[{"href":"https:\/\/www.bsmn.de\/berufsschule-mindelheim\/wp-json\/wp\/v2\/pages\/27","targetHints":{"allow":["GET"]}}],"collection":[{"href":"https:\/\/www.bsmn.de\/berufsschule-mindelheim\/wp-json\/wp\/v2\/pages"}],"about":[{"href":"https:\/\/www.bsmn.de\/berufsschule-mindelheim\/wp-json\/wp\/v2\/types\/page"}],"author":[{"embeddable":true,"href":"https:\/\/www.bsmn.de\/berufsschule-mindelheim\/wp-json\/wp\/v2\/users\/2"}],"replies":[{"embeddable":true,"href":"https:\/\/www.bsmn.de\/berufsschule-mindelheim\/wp-json\/wp\/v2\/comments?post=27"}],"version-history":[{"count":98,"href":"https:\/\/www.bsmn.de\/berufsschule-mindelheim\/wp-json\/wp\/v2\/pages\/27\/revisions"}],"predecessor-version":[{"id":4353,"href":"https:\/\/www.bsmn.de\/berufsschule-mindelheim\/wp-json\/wp\/v2\/pages\/27\/revisions\/4353"}],"up":[{"embeddable":true,"href":"https:\/\/www.bsmn.de\/berufsschule-mindelheim\/wp-json\/wp\/v2\/pages\/9"}],"wp:featuredmedia":[{"embeddable":true,"href":"https:\/\/www.bsmn.de\/berufsschule-mindelheim\/wp-json\/wp\/v2\/media\/1454"}],"wp:attachment":[{"href":"https:\/\/www.bsmn.de\/berufsschule-mindelheim\/wp-json\/wp\/v2\/media?parent=27"}],"curies":[{"name":"wp","href":"https:\/\/api.w.org\/{rel}","templated":true}]}}