{"id":2673,"date":"2021-04-27T12:10:51","date_gmt":"2021-04-27T10:10:51","guid":{"rendered":"https:\/\/www.bsmn.de\/berufsschule-mindelheim\/?page_id=2673"},"modified":"2021-09-20T21:17:28","modified_gmt":"2021-09-20T19:17:28","slug":"inklusionsbeauftragter","status":"publish","type":"page","link":"https:\/\/www.bsmn.de\/berufsschule-mindelheim\/inklusionsbeauftragter\/","title":{"rendered":"Ansprechpartner f\u00fcr Inklusion"},"content":{"rendered":"\n<h3 class=\"wp-block-heading\">Unser Ansprechpartner f\u00fcr Inklusion<\/h3>\n\n\n\n<figure class=\"wp-block-image size-large is-resized\"><img decoding=\"async\" src=\"https:\/\/www.bsmn.de\/berufsschule-mindelheim\/wp-content\/uploads\/sites\/2\/2021\/06\/Bild-Schoeneich-683x1024.jpg\" alt=\"\" class=\"wp-image-2903\" width=\"143\" height=\"215\" srcset=\"https:\/\/www.bsmn.de\/berufsschule-mindelheim\/wp-content\/uploads\/sites\/2\/2021\/06\/Bild-Schoeneich-683x1024.jpg 683w, https:\/\/www.bsmn.de\/berufsschule-mindelheim\/wp-content\/uploads\/sites\/2\/2021\/06\/Bild-Schoeneich-200x300.jpg 200w, https:\/\/www.bsmn.de\/berufsschule-mindelheim\/wp-content\/uploads\/sites\/2\/2021\/06\/Bild-Schoeneich-768x1152.jpg 768w, https:\/\/www.bsmn.de\/berufsschule-mindelheim\/wp-content\/uploads\/sites\/2\/2021\/06\/Bild-Schoeneich-600x900.jpg 600w, https:\/\/www.bsmn.de\/berufsschule-mindelheim\/wp-content\/uploads\/sites\/2\/2021\/06\/Bild-Schoeneich.jpg 800w\" sizes=\"(max-width: 143px) 100vw, 143px\" \/><\/figure>\n\n\n\n<h3 class=\"wp-block-heading\">Ulrich Schoeneich<\/h3>\n\n\n\n<p><strong>Telefonnummer:<\/strong> 08261-7620-220<br><strong>E-Mail:<\/strong> ulrich.schoeneich@bsmn.de<br><\/p>\n\n\n\n<h3 class=\"wp-block-heading\"><strong>Ich berate und unterst\u00fctze Euch \u2026<\/strong><\/h3>\n\n\n\n<ul class=\"wp-block-list\"><li>beim \u00dcbergang an die Berufsschule<\/li><li>bei allen Fragen zur Inklusion<\/li><li>bei Fragen zum Nachteilsausgleich <\/li><li>bei sonstigen Beeintr\u00e4chtigungen <\/li><li>bei der Vermittlung zu weiteren Beratungsstellen bei besonderem Unterst\u00fctzungsbedarf <\/li><li>bei der Kontaktaufnahme&nbsp;mit der Bundesagentur f\u00fcr Arbeit<\/li><\/ul>\n\n\n\n<p><strong>Sprechzeiten:<\/strong><br>Montags  und  Dienstags von 16:00 &#8211; 18:00 Uhr<br>oder Termine nach vorheriger Vereinbarung<\/p>\n\n\n\n<p><strong>Raum N 106<\/strong><\/p>\n\n\n\n<p><strong>Die Beratung ist freiwillig, kostenlos und unterliegt der Schweigepflicht!<\/strong><\/p>\n\n\n\n<h3 class=\"wp-block-heading\"><strong>Informationen und Antr\u00e4ge<\/strong><\/h3>\n\n\n\n<h4 class=\"has-normal-font-size wp-block-heading\">Dauerhafte Beeintr\u00e4chtigungen<\/h4>\n\n\n\n<p><\/p>\n","protected":false},"excerpt":{"rendered":"<p>Unser Ansprechpartner f\u00fcr Inklusion Ulrich Schoeneich Telefonnummer: 08261-7620-220E-Mail: ulrich.schoeneich@bsmn.de Ich berate und unterst\u00fctze Euch \u2026 beim \u00dcbergang an die Berufsschule bei allen Fragen zur Inklusion bei Fragen zum Nachteilsausgleich bei sonstigen Beeintr\u00e4chtigungen bei der Vermittlung zu weiteren Beratungsstellen bei besonderem Unterst\u00fctzungsbedarf bei der Kontaktaufnahme&nbsp;mit der Bundesagentur f\u00fcr Arbeit Sprechzeiten:Montags und Dienstags von 16:00 &#8211; 18:00 [&hellip;]<\/p>\n","protected":false},"author":7,"featured_media":1454,"parent":0,"menu_order":0,"comment_status":"closed","ping_status":"closed","template":"","meta":{"footnotes":""},"class_list":["post-2673","page","type-page","status-publish","has-post-thumbnail","hentry"],"_links":{"self":[{"href":"https:\/\/www.bsmn.de\/berufsschule-mindelheim\/wp-json\/wp\/v2\/pages\/2673","targetHints":{"allow":["GET"]}}],"collection":[{"href":"https:\/\/www.bsmn.de\/berufsschule-mindelheim\/wp-json\/wp\/v2\/pages"}],"about":[{"href":"https:\/\/www.bsmn.de\/berufsschule-mindelheim\/wp-json\/wp\/v2\/types\/page"}],"author":[{"embeddable":true,"href":"https:\/\/www.bsmn.de\/berufsschule-mindelheim\/wp-json\/wp\/v2\/users\/7"}],"replies":[{"embeddable":true,"href":"https:\/\/www.bsmn.de\/berufsschule-mindelheim\/wp-json\/wp\/v2\/comments?post=2673"}],"version-history":[{"count":15,"href":"https:\/\/www.bsmn.de\/berufsschule-mindelheim\/wp-json\/wp\/v2\/pages\/2673\/revisions"}],"predecessor-version":[{"id":3242,"href":"https:\/\/www.bsmn.de\/berufsschule-mindelheim\/wp-json\/wp\/v2\/pages\/2673\/revisions\/3242"}],"wp:featuredmedia":[{"embeddable":true,"href":"https:\/\/www.bsmn.de\/berufsschule-mindelheim\/wp-json\/wp\/v2\/media\/1454"}],"wp:attachment":[{"href":"https:\/\/www.bsmn.de\/berufsschule-mindelheim\/wp-json\/wp\/v2\/media?parent=2673"}],"curies":[{"name":"wp","href":"https:\/\/api.w.org\/{rel}","templated":true}]}}