{"id":2644,"date":"2021-04-27T11:24:40","date_gmt":"2021-04-27T09:24:40","guid":{"rendered":"https:\/\/www.bsmn.de\/berufsschule-mindelheim\/?page_id=2644"},"modified":"2025-10-21T10:37:49","modified_gmt":"2025-10-21T08:37:49","slug":"beratungslehrer-in","status":"publish","type":"page","link":"https:\/\/www.bsmn.de\/berufsschule-mindelheim\/beratungslehrer-in\/","title":{"rendered":"Beratungslehrer\/in"},"content":{"rendered":"\n<h3 class=\"wp-block-heading\">Unsere Beratungslehrkr\u00e4fte an unserer Schule<\/h3>\n\n\n\n<div class=\"wp-block-columns is-layout-flex wp-container-core-columns-is-layout-9d6595d7 wp-block-columns-is-layout-flex\">\n<div class=\"wp-block-column is-layout-flow wp-block-column-is-layout-flow\">\n<p>Bitte wenden Sie sich mit Ihrem Anliegen an Frau Wilhelm. <\/p>\n\n\n\n<p>Tel.: 08216-7620-130<\/p>\n\n\n\n<p>E-Mail: katrin.wilhelm@bsmn.de<\/p>\n<\/div>\n<\/div>\n\n\n\n<p><strong>Die Beratung ist freiwillig, kostenlos und&nbsp;<\/strong><strong>unterliegt der Schweigepflicht!<\/strong><\/p>\n\n\n\n<p>Sprechstunde:&nbsp;Mittwoch, 11:10 bis 11:55 Uhr in Memmingen<br>ansonsten telefonisch oder per Mail nach Vereinbarung<\/p>\n\n\n\n<h3 class=\"wp-block-heading\"><strong>Wir beraten und unterst\u00fctzen Euch \u2026<\/strong><\/h3>\n\n\n\n<ul class=\"wp-block-list\">\n<li>bei Fragen zur Ausbildung und zu Ausbildungsrichtungen<\/li>\n\n\n\n<li>\u201eSchullaufbahnberatung\u201c z. B. Was mache ich nach meiner&nbsp;Ausbildung?<\/li>\n\n\n\n<li>bei Weiter- und Fortbildungsm\u00f6glichkeiten <\/li>\n\n\n\n<li>\u00fcber m\u00f6gliche Lerntipps <\/li>\n\n\n\n<li>bei Fragen zu Nachteilsausgleich und Notenschutz<\/li>\n<\/ul>\n\n\n\n<p><a href=\"https:\/\/www.youtube.com\/watch?v=Yr2-LgXQ_3I\" target=\"_blank\" rel=\"noreferrer noopener\">Lerntipps als Video (Youtube.de)<\/a><\/p>\n\n\n\n<figure class=\"wp-block-image size-large is-resized\"><a href=\"https:\/\/www.youtube.com\/watch?v=Yr2-LgXQ_3I\"><img fetchpriority=\"high\" decoding=\"async\" width=\"1024\" height=\"572\" src=\"https:\/\/www.bsmn.de\/berufsschule-mindelheim\/wp-content\/uploads\/sites\/2\/2022\/09\/Lerntipps-1024x572.jpg\" alt=\"\" class=\"wp-image-3626\" style=\"width:303px;height:169px\" srcset=\"https:\/\/www.bsmn.de\/berufsschule-mindelheim\/wp-content\/uploads\/sites\/2\/2022\/09\/Lerntipps-1024x572.jpg 1024w, https:\/\/www.bsmn.de\/berufsschule-mindelheim\/wp-content\/uploads\/sites\/2\/2022\/09\/Lerntipps-300x168.jpg 300w, https:\/\/www.bsmn.de\/berufsschule-mindelheim\/wp-content\/uploads\/sites\/2\/2022\/09\/Lerntipps-768x429.jpg 768w, https:\/\/www.bsmn.de\/berufsschule-mindelheim\/wp-content\/uploads\/sites\/2\/2022\/09\/Lerntipps-150x85.jpg 150w, https:\/\/www.bsmn.de\/berufsschule-mindelheim\/wp-content\/uploads\/sites\/2\/2022\/09\/Lerntipps-600x335.jpg 600w, https:\/\/www.bsmn.de\/berufsschule-mindelheim\/wp-content\/uploads\/sites\/2\/2022\/09\/Lerntipps.jpg 1190w\" sizes=\"(max-width: 1024px) 100vw, 1024px\" \/><\/a><\/figure>\n\n\n\n<div style=\"height:60px\" aria-hidden=\"true\" class=\"wp-block-spacer\"><\/div>\n\n\n\n<div class=\"wp-block-columns is-layout-flex wp-container-core-columns-is-layout-9d6595d7 wp-block-columns-is-layout-flex\">\n<div class=\"wp-block-column is-layout-flow wp-block-column-is-layout-flow\"><\/div>\n\n\n\n<div class=\"wp-block-column is-layout-flow wp-block-column-is-layout-flow\"><\/div>\n<\/div>\n\n\n\n<h3 class=\"wp-block-heading\"><strong>Im Folgenden findet Ihr Informationen zu Schulabschl\u00fcssen \u00fcber die Berufsausbildung<\/strong><\/h3>\n\n\n\n<h3 class=\"wp-block-heading\"><strong>I. Allgemeines zur Berufsausbildung<\/strong><\/h3>\n\n\n\n<p>Zu Beginn der Berufsausbildung muss die Vollzeitschulpflicht erf\u00fcllt sein. Die&nbsp;Vollzeitschulpflicht endet&nbsp;nach 9 Schuljahren (Art. 37 Abs. 3 BayEUG). Ma\u00dfgeblich sind die tats\u00e4chlichen Schulbesuchsjahre, nicht die Jahrgangsstufen.<\/p>\n\n\n\n<p>F\u00fcr den Zugang zur Ausbildung im <strong>dualen System<\/strong> bestehen ansonsten keine weiteren Zugangsvoraussetzungen.<\/p>\n\n\n\n<p>Am Ende der Ausbildung erhalten die Auszubildenden zwei Zeugnisse:<\/p>\n\n\n\n<ul class=\"wp-block-list\">\n<li>das Zeugnis der Kammer \u00fcber den Berufsabschluss<\/li>\n\n\n\n<li>das Abschlusszeugnis der Berufsschule<\/li>\n<\/ul>\n\n\n\n<h3 class=\"wp-block-heading\"><strong>II. Folgende Schulabschl\u00fcsse k\u00f6nnen \u00fcber die Berufsschule erworben werden:<\/strong><\/h3>\n\n\n\n<h4 class=\"wp-block-heading\"><strong>1. Der erfolgreiche Abschluss der Mittelschule<\/strong><\/h4>\n\n\n\n<p>Eine dem erfolgreichen Abschluss der Mittelschule entsprechende Schulbildung hat erworben, (u. a.) wer<br>die Berufsschule erfolgreich besucht hat oder ein einj\u00e4hriges Vollzeitschuljahr an der Berufsschule erfolgreich abgeschlossen hat.<\/p>\n\n\n\n<h4 class=\"wp-block-heading\"><strong>2. Mittlerer Schulabschluss (MABS)<\/strong><\/h4>\n\n\n\n<p>Der Mittlere Schulabschluss wird mit dem Abschlusszeugnis der Berufsschule verliehen, wenn folgende drei Voraussetzungen erf\u00fcllt werden: <\/p>\n\n\n\n<ul class=\"wp-block-list\">\n<li><strong>erfolgreich abgeschlossene Berufsausbildung<\/strong>; <br>(<em>Anmerkung: Zur Zuerkennung des MABS ist der Nachweis einer erfolgreich abgeschlossenen Berufsausbildung mit einer Regelausbildungsdauer von mindestens zwei Jahren erforderlich.<\/em>)<br><\/li>\n\n\n\n<li><strong>Abschlusszeugnis der Berufsschule mit einem Notenschnitt vom mindestens 3,0<\/strong>;<br><em>(das Fach Sport wird zur Durchschnittsberechnung nicht herangezogen)<\/em><br><\/li>\n\n\n\n<li><strong>Nachweis ausreichender Englischkenntnisse auf dem Leistungsstand eines mindestens f\u00fcnfj\u00e4hrigen Englischunterrichts<\/strong>;<br><em>M\u00f6glichkeiten zum Nachweis ausreichender Englischkenntnisse f\u00fcr den Mittleren Schulabschluss an der Berufsschule:<br>Note 4 im Abschlusszeugnis der Mittelschule (erfolgreicher oder qualifizierender Hauptschulabschluss\/Mittelschulabschluss)<br>Note 4 im Abschlusszeugnis der Berufsschule<br>Note 4 bei nachtr\u00e4glicher externer Quali-Pr\u00fcfung nur im Fach Englisch<br>Note 4 im Jahreszeugnis der 9. oder 10. Klasse eines Gymnasiums, einer Realschule oder einer Wirtschaftsschule<br>Es wird der Leistungsstand eines f\u00fcnfj\u00e4hrigen Pflichtunterrichts zugrunde gelegt.<br>Die geforderten Englischkenntnisse werden ferner durch ein vom Staatsministerium allgemein anerkanntes KMK-Zertifikat nachgewiesen.<br><\/em><br><em>In Ausnahmef\u00e4llen kann eine andere Fremdsprache als Englisch anerkannt werden.<\/em><\/li>\n<\/ul>\n\n\n\n<h4 class=\"wp-block-heading\"><strong>3. Qualifizierter beruflicher Bildungsabschluss (QUABI)<\/strong><\/h4>\n\n\n\n<p>Der Qualifizierte berufliche Bildungsabschluss ist ein mittlerer Schulabschluss und wird auf Antrag von der Mittelschule ausgestellt, an der der Qualifizierende Mittelschulabschluss (Quali) erworben wurde. (<em>Falls die Berufsausbildung bis 31.07.1994 abgeschlossen ist die Berufsschule oder Berufsfachschule f\u00fcr die Ausstellung des QUABI zust\u00e4ndig.<\/em>)<br><strong>Voraussetzungen:<\/strong><br>&#8211; ausreichende Leistungen in Englisch, die dem Leistungsstand eines f\u00fcnfj\u00e4hrigen Unterrichts entsprechen<br>&#8211; Durchschnittsnote von mindestens 3,00 in der Abschlusspr\u00fcfung der Berufsausbildung (bei IHK, HWK) <br>&#8211; qualifizierender Abschluss der Mittelschule<\/p>\n\n\n\n<h4 class=\"wp-block-heading\"><strong>4. Berufst\u00e4tigkeit mit berufsbezogenen Qualifizierungen<\/strong><\/h4>\n\n\n\n<p>Den mittleren Schulabschluss k\u00f6nnen Berufst\u00e4tige erwerben durch:<br>&#8211; Meisterpr\u00fcfung nach den Bestimmungen des Berufsbildungsgesetzes oder der Handwerksordnung oder<br>&#8211; Fortbildungspr\u00fcfung bei einer bayerischen Industrie- und Handelskammer oder einer bayerischen Handwerkskammer oder<br>&#8211; Fortbildungspr\u00fcfung bei der Landesanstalt f\u00fcr Landwirtschaft, der Landesanstalt f\u00fcr Weinbau und Gartenbau oder eines Fortbildungszentrums f\u00fcr Landwirtschaft und Hauswirtschaft<\/p>\n\n\n\n<p><em>Genauere Informationen hierzu:&nbsp;<\/em><br><em><a rel=\"noreferrer noopener\" href=\"http:\/\/www.km.bayern.de\/schueler\/abschluesse\/mittlerer-schulabschluss\/berufstaetige.html\" target=\"_blank\">http:\/\/www.km.bayern.de\/schueler\/abschluesse\/mittlerer-schulabschluss\/berufstaetige.html<\/a><\/em><\/p>\n\n\n\n<h4 class=\"wp-block-heading\"><strong><strong>5. \u201eBerufsschule Plus &#8211; BS+\u201c Fachhochschulreife parallel zur Erstausbildung<\/strong><\/strong><\/h4>\n\n\n\n<p>F\u00fcr besonders leistungsbereite und -f\u00e4hige Auszubildende gibt es seit dem Schuljahr 2008\/09 ein Angebot, das eine schulische Weiterqualifizierung bereits w\u00e4hrend der Ausbildung erm\u00f6glicht und in drei Jahren mit der Berufsausbildung zur Fachhochschulreife f\u00fchrt (\u201eBerufsschule plus &#8211; BS+\u201c).<br>Im Rahmen von \u201eBerufsschule Plus &#8211; BS+\u201c wird ein Angebot f\u00fcr Zusatzunterricht au\u00dferhalb des regul\u00e4ren Berufs- oder Berufsfachschulunterrichts und au\u00dferhalb der Arbeitszeit des Ausbildungsbetriebs geschaffen, der auf den Erwerb der Fachhochschulreife vorbereitet.<br>Genauere Informationen:<br><a rel=\"noreferrer noopener\" href=\"https:\/\/www.bsoal.de\/fachbereiche\/berufsschule-plus\/\" target=\"_blank\">https:\/\/www.bsoal.de\/fachbereiche\/berufsschule-plus\/<\/a><\/p>\n\n\n\n<p><br>Weitergehende Informationen findest Du hier:<\/p>\n\n\n\n<p><a href=\"https:\/\/www.km.bayern.de\/schueler\/abschluesse\/mittlerer-schulabschluss\/berufsschule.html\" target=\"_blank\" rel=\"noreferrer noopener\">Der mittlere Schulabschluss \u00fcber die Berufsschule (bayern.de)<\/a><\/p>\n\n\n\n<p><a rel=\"noreferrer noopener\" href=\"http:\/\/www.mein-bildungsweg.de\" target=\"_blank\">Mein Bildungsweg: Der Online-Wegweiser des Bildungssystems in Bayern. <br>Mit virtueller Infografik.<\/a><\/p>\n\n\n\n<div style=\"height:30px\" aria-hidden=\"true\" class=\"wp-block-spacer\"><\/div>\n\n\n\n<h3 class=\"wp-block-heading\"><strong>III. Studieren ohne Abitur? Das geht!  Und zwar so&#8230;<\/strong><\/h3>\n\n\n\n<p>F\u00fcr den Zugang an eine Hochschule&nbsp;ist nicht immer ein Abitur oder Fachabitur erforderlich. Es besteht auch die M\u00f6glichkeit, mit einer beruflichen Qualifikation zu studieren:<\/p>\n\n\n\n<h4 class=\"wp-block-heading\"><strong>1. Studium mit abgeschlossener Berufsausbildung und Berufserfahrung<\/strong><\/h4>\n\n\n\n<p><strong>Voraussetzungen:<\/strong><\/p>\n\n\n\n<ul class=\"wp-block-list\">\n<li>Erfolgreicher Abschluss einer mindestens zweij\u00e4hrigen fachlich verwandten Berufsausbildung und<\/li>\n\n\n\n<li>mindestens drei Jahre fachlich verwandte Berufspraxis.<br>&nbsp;&#8211;&gt; Berechtigung: Fachgebundene Hochschulzugangsberechtigung<\/li>\n<\/ul>\n\n\n\n<p>Zus\u00e4tzlich erforderlich:&nbsp;<br>1. Beratungsgespr\u00e4ch an der&nbsp;Hochschule<br>2. Feststellung der Studieneignung<br>&#8211;&gt; durch eine Zugangspr\u00fcfung oder<br>&#8211;&gt; durch ein Probestudium von mindestens 1 Jahr<\/p>\n\n\n\n<h4 class=\"wp-block-heading\"><strong><strong>2. Studium mit Meister- oder beruflicher Fortbildungspr\u00fcfung oder als Absolvent einer Fachschule oder Fachakademie<\/strong><\/strong><\/h4>\n\n\n\n<p>Die <strong>Allgemeine Hochschulzugangsberechtigung<\/strong> erhalten:<\/p>\n\n\n\n<ul class=\"wp-block-list\">\n<li>Meister*innen,&nbsp;<\/li>\n\n\n\n<li>Absolvent*innen einer gleichgestellten beruflichen Fortbildungspr\u00fcfung<\/li>\n\n\n\n<li>Absolvent*innen von Fachschulen (z.B. Techniker*in) und<\/li>\n\n\n\n<li>Absolvent*innen von Fachakademien (z. B. Erzieher*in)<\/li>\n<\/ul>\n\n\n\n<p>Mit dem allgemeinen Hochschulzugang ist es m\u00f6glich, sich f\u00fcr alle Studieng\u00e4nge und Fachrichtungen an jeder&nbsp;Universit\u00e4t, Kunsthochschule und Hochschule f\u00fcr angewandte Wissenschaften zu bewerben.<\/p>\n\n\n\n<p><\/p>\n\n\n\n<p><strong>Weitere Informationen f\u00fcr den Zugang an eine Hochschule ohne Abitur: &nbsp;<\/strong><em><br><a rel=\"noreferrer noopener\" href=\"https:\/\/www.gesetze-bayern.de\/Content\/Document\/BayQualV\" target=\"_blank\">Qualifikationsverordnung \u2013 QualV.<\/a><\/em><\/p>\n\n\n\n<p><\/p>\n","protected":false},"excerpt":{"rendered":"<p>Unsere Beratungslehrkr\u00e4fte an unserer Schule Bitte wenden Sie sich mit Ihrem Anliegen an Frau Wilhelm. Tel.: 08216-7620-130 E-Mail: katrin.wilhelm@bsmn.de Die Beratung ist freiwillig, kostenlos und&nbsp;unterliegt der Schweigepflicht! Sprechstunde:&nbsp;Mittwoch, 11:10 bis 11:55 Uhr in Memmingenansonsten telefonisch oder per Mail nach Vereinbarung Wir beraten und unterst\u00fctzen Euch \u2026 Lerntipps als Video (Youtube.de) Im Folgenden findet Ihr Informationen [&hellip;]<\/p>\n","protected":false},"author":7,"featured_media":1454,"parent":0,"menu_order":0,"comment_status":"closed","ping_status":"closed","template":"","meta":{"footnotes":""},"class_list":["post-2644","page","type-page","status-publish","has-post-thumbnail","hentry"],"_links":{"self":[{"href":"https:\/\/www.bsmn.de\/berufsschule-mindelheim\/wp-json\/wp\/v2\/pages\/2644","targetHints":{"allow":["GET"]}}],"collection":[{"href":"https:\/\/www.bsmn.de\/berufsschule-mindelheim\/wp-json\/wp\/v2\/pages"}],"about":[{"href":"https:\/\/www.bsmn.de\/berufsschule-mindelheim\/wp-json\/wp\/v2\/types\/page"}],"author":[{"embeddable":true,"href":"https:\/\/www.bsmn.de\/berufsschule-mindelheim\/wp-json\/wp\/v2\/users\/7"}],"replies":[{"embeddable":true,"href":"https:\/\/www.bsmn.de\/berufsschule-mindelheim\/wp-json\/wp\/v2\/comments?post=2644"}],"version-history":[{"count":26,"href":"https:\/\/www.bsmn.de\/berufsschule-mindelheim\/wp-json\/wp\/v2\/pages\/2644\/revisions"}],"predecessor-version":[{"id":4463,"href":"https:\/\/www.bsmn.de\/berufsschule-mindelheim\/wp-json\/wp\/v2\/pages\/2644\/revisions\/4463"}],"wp:featuredmedia":[{"embeddable":true,"href":"https:\/\/www.bsmn.de\/berufsschule-mindelheim\/wp-json\/wp\/v2\/media\/1454"}],"wp:attachment":[{"href":"https:\/\/www.bsmn.de\/berufsschule-mindelheim\/wp-json\/wp\/v2\/media?parent=2644"}],"curies":[{"name":"wp","href":"https:\/\/api.w.org\/{rel}","templated":true}]}}