{"id":2403,"date":"2021-03-24T22:29:21","date_gmt":"2021-03-24T21:29:21","guid":{"rendered":"https:\/\/www.bsmn.de\/berufsschule-mindelheim\/?page_id=2403"},"modified":"2021-07-12T13:39:26","modified_gmt":"2021-07-12T11:39:26","slug":"strom","status":"publish","type":"page","link":"https:\/\/www.bsmn.de\/berufsschule-mindelheim\/strom\/","title":{"rendered":"Strom"},"content":{"rendered":"\n<h3 class=\"has-vivid-red-color has-text-color wp-block-heading\"><strong><u>Bedeutung des Themas Strom f\u00fcr das Klima:<\/u><\/strong><\/h3>\n\n\n\n<p>F\u00fcr die Stromproduktion Deutschlands wurden im Jahr 2019 ca. 219 Mio. Tonnen CO2 emittiert. Dies liegt vor allem an dem vergleichsweise hohen Kohleanteil in der Bundesrepublik. Der Strombedarf Deutschlands steigt weiter, die CO2-Emissionen pro kWh fallen.<\/p>\n\n\n\n<figure class=\"wp-block-image size-large is-resized\"><img fetchpriority=\"high\" decoding=\"async\" src=\"https:\/\/www.bsmn.de\/berufsschule-mindelheim\/wp-content\/uploads\/sites\/2\/2021\/06\/strom-1.jpg\" alt=\"\" class=\"wp-image-3057\" width=\"611\" height=\"557\" srcset=\"https:\/\/www.bsmn.de\/berufsschule-mindelheim\/wp-content\/uploads\/sites\/2\/2021\/06\/strom-1.jpg 819w, https:\/\/www.bsmn.de\/berufsschule-mindelheim\/wp-content\/uploads\/sites\/2\/2021\/06\/strom-1-300x274.jpg 300w, https:\/\/www.bsmn.de\/berufsschule-mindelheim\/wp-content\/uploads\/sites\/2\/2021\/06\/strom-1-768x700.jpg 768w, https:\/\/www.bsmn.de\/berufsschule-mindelheim\/wp-content\/uploads\/sites\/2\/2021\/06\/strom-1-600x547.jpg 600w\" sizes=\"(max-width: 611px) 100vw, 611px\" \/><\/figure>\n\n\n\n<p>Ein weiterer, oft vernachl\u00e4ssigter Punkt beim Thema Strom sind die enormen Einsparpotentiale, die trotz finanzieller Vorteile viel zu selten genutzt werden, obwohl damit keinerlei Einschr\u00e4nkungen bei Funktion und Komfort verbunden w\u00e4ren.<\/p>\n\n\n\n<p>Mehr dazu finden sie in unserem Online Energiekurs.<\/p>\n\n\n\n<h3 class=\"has-luminous-vivid-orange-color has-text-color wp-block-heading\"><strong><u>Bedeutung des Themas Strom f\u00fcr unsere Schule<\/u><\/strong><\/h3>\n\n\n\n<p>An unseren Schulen werden zusammen \u00fcber 700.000 kWh verbraucht, Tendenz steigend.<\/p>\n\n\n\n<p>1 kWh Strom entspricht nach dem deutschen Strommix 544 g\/kWh CO2. An allen drei Standorten der Schule verwenden wir \u00d6kostrom. Dies allein schon reduziert unseren Wert auf lediglich 72g\/kWh.<\/p>\n\n\n\n<p>Die Verbr\u00e4uche an den einzelnen Standorten:<\/p>\n\n\n\n<figure class=\"wp-block-image size-large is-resized\"><a href=\"https:\/\/www.bsmn.de\/berufsschule-mindelheim\/wp-content\/uploads\/sites\/2\/2021\/06\/Strom.jpg\"><img decoding=\"async\" src=\"https:\/\/www.bsmn.de\/berufsschule-mindelheim\/wp-content\/uploads\/sites\/2\/2021\/06\/Strom-1024x956.jpg\" alt=\"\" class=\"wp-image-3014\" width=\"606\" height=\"565\" srcset=\"https:\/\/www.bsmn.de\/berufsschule-mindelheim\/wp-content\/uploads\/sites\/2\/2021\/06\/Strom-1024x956.jpg 1024w, https:\/\/www.bsmn.de\/berufsschule-mindelheim\/wp-content\/uploads\/sites\/2\/2021\/06\/Strom-300x280.jpg 300w, https:\/\/www.bsmn.de\/berufsschule-mindelheim\/wp-content\/uploads\/sites\/2\/2021\/06\/Strom-768x717.jpg 768w, https:\/\/www.bsmn.de\/berufsschule-mindelheim\/wp-content\/uploads\/sites\/2\/2021\/06\/Strom-600x560.jpg 600w, https:\/\/www.bsmn.de\/berufsschule-mindelheim\/wp-content\/uploads\/sites\/2\/2021\/06\/Strom.jpg 1200w\" sizes=\"(max-width: 606px) 100vw, 606px\" \/><\/a><\/figure>\n\n\n\n<p>Hier muss der Vollst\u00e4ndigkeit halber erw\u00e4hnt werden, dass das Schulgeb\u00e4ude Westernacher Str. 5 am Abend und z.T.&nbsp; an Wochenenden intensiv von diversen Gruppen der Volkshochschule genutzt wird. Streng genommen m\u00fcsste man deshalb einen erklecklichen Betrag des Verbrauchs der VHS berechnen bzw. von unserem abziehen. Da solche Rechnungen allerdings dem Weltklima wenig n\u00fctzen, lassen wir das mal!<\/p>\n\n\n\n<h3 class=\"has-vivid-green-cyan-color has-text-color wp-block-heading\"><strong><u>Was wurde bereits von uns erreicht:<\/u><\/strong><\/h3>\n\n\n\n<p>Die Schule verf\u00fcgt seit dem Jahr 2002 \u00fcber eine 3 kWp PV-Anlage auf dem Werkstattgeb\u00e4ude. Diese liefert im Jahr ca. 2700 kWh. Auf der schuleigenen Sporthalle befindet sich eine &nbsp;&nbsp;PV-Anlage, die allerdings von der Stadt Mindelheim an Privatleute vermietet wurde.&nbsp; Diese Anlage liefert j\u00e4hrlich 15.000 kWh.<\/p>\n\n\n\n<p>Die Schule verf\u00fcgt \u00fcber ein eigenes Elektromobil, das f\u00fcr Unterrichtszwecke (Kfz-Technik), aber auch f\u00fcr Transporte (Hausmeister, Fahrten zwischen den Standorten der Schulleitung, Fahrten durch Lehrer sowie Sch\u00fclerbef\u00f6rderung im Rahmen von Internationalisierungsma\u00dfnahmen) verwendet.<\/p>\n\n\n\n<h3 class=\"has-vivid-green-cyan-color has-text-color wp-block-heading\"><strong><u>Wie wird das Thema im Unterricht integriert?<\/u><\/strong><\/h3>\n\n\n\n<p>Selbstverst\u00e4ndlich diffundieren direkt und indirekt zunehmend Inhalte mit dem Thema Strom\/Stromsparen\/Energieeffizienz etc. in den Unterricht aller Kfz-Klassen sowie der Technikerschule \u00fcber den Lehrplan der technischen F\u00e4cher.<\/p>\n\n\n\n<p>Allerdings ver\u00e4ndern sich auch die Lehrplaninhalte nichttechnischer Berufe (Kaufleute, Touristiker, Einzelhandel, Landwirte) immer mehr in diese Richtung und tauchen z.T. sogar in einschl\u00e4gigen Pr\u00fcfungen auf (z. B. im Einzelhandel).<\/p>\n\n\n\n<p>Die Schule greift \u00fcber die regul\u00e4ren Lehrpl\u00e4ne hinaus das Thema durch folgende Ma\u00dfnahmen bewusst auf. Im Bereich der allgemeinbildenden F\u00e4cher wie Deutsch, Politik und Gesellschaft (fr\u00fcher Sozialkunde) und Religion\/Ethik durch Textarbeit, Diskussionsthemen, ethische Verantwortung (erarbeiteter Themenkatalog + aktuelle Beispiele).<\/p>\n\n\n\n<p>Im Energieeffizienzkurs &#8211; 40-st\u00fcndiges Wahlfach f\u00fcr alle Berufe &#8211; ist Strom(sparen) Dauerthema.<\/p>\n\n\n\n<figure class=\"wp-block-image size-large is-resized\"><a href=\"https:\/\/www.bsmn.de\/berufsschule-mindelheim\/wp-content\/uploads\/sites\/2\/2021\/06\/strom-2.jpg\"><img decoding=\"async\" src=\"https:\/\/www.bsmn.de\/berufsschule-mindelheim\/wp-content\/uploads\/sites\/2\/2021\/06\/strom-2-1024x835.jpg\" alt=\"\" class=\"wp-image-3015\" width=\"469\" height=\"381\" srcset=\"https:\/\/www.bsmn.de\/berufsschule-mindelheim\/wp-content\/uploads\/sites\/2\/2021\/06\/strom-2-1024x835.jpg 1024w, https:\/\/www.bsmn.de\/berufsschule-mindelheim\/wp-content\/uploads\/sites\/2\/2021\/06\/strom-2-300x245.jpg 300w\" sizes=\"(max-width: 469px) 100vw, 469px\" \/><\/a><\/figure>\n\n\n\n<p>In Schulprojekten wie dem Pilotprojekt \u201eNachhaltiger Tourismus 4.0\u201c, die anschlie\u00dfend in bayerische Lehrpl\u00e4ne einflie\u00dfen.<\/p>\n\n\n\n<p>Eigene Lehrplanarbeit wie z.B. die Nachhaltigkeitsinhalte im Lehrplan f\u00fcr Berufsvorbereitungs- und Berufsintegrationsklassen und deren Umsetzung.<\/p>\n\n\n\n<h3 class=\"has-vivid-green-cyan-color has-text-color wp-block-heading\"><strong><u>Was ist geplant?<\/u><\/strong><\/h3>\n\n\n\n<p>Unser Sachaufwandstr\u00e4ger hat beschlossen eine Anlage von insgesamt 90 kWp auf das Flachdach des Haupt- und Nebengeb\u00e4udes in der Westernacher Str. 5 zu installieren. &nbsp;Diese Anlage wird voraussichtlich ca. 90 &#8211; 100.000 kWh Strom produzieren und damit knapp die H\u00e4lfte unseres Strombedarfs am Standort decken.<\/p>\n\n\n\n<p>Ein Car-Port (Sch\u00fclerprojekt der Metallbauerklassen) soll gebaut und mit Solarplatten belegt werden (10 kWp). Die Berechnungen und Auslegung dieses Projekts werden von der Technikerschule im Rahmen von Projektarbeiten \u00fcbernommen als multiplizierbares Beispiel f\u00fcr weitere derartige Anlagen in Betrieben. Die Solarenergie dient dem Laden des schuleigenen eVitos, dem Laden von Lehrer- und Sch\u00fclerfahrzeugen, als \u00f6ffentliche Ladestation sowie zur Einspeisung der Energie ins Netz. Die Daten flie\u00dfen in den Unterricht mit ein. Die Finanzierung des Projekts ist durch den Haushalt 2021 gedeckt.<\/p>\n\n\n\n<h3 class=\"has-vivid-green-cyan-color has-text-color wp-block-heading\"><strong><u>Weitere Ideen<\/u><\/strong><\/h3>\n\n\n\n<ul class=\"wp-block-list\"><li>Stromsparwettbewerbe<\/li><li>Betriebsbesichtigungen<\/li><\/ul>\n","protected":false},"excerpt":{"rendered":"<p>Bedeutung des Themas Strom f\u00fcr das Klima: F\u00fcr die Stromproduktion Deutschlands wurden im Jahr 2019 ca. 219 Mio. Tonnen CO2 emittiert. Dies liegt vor allem an dem vergleichsweise hohen Kohleanteil in der Bundesrepublik. Der Strombedarf Deutschlands steigt weiter, die CO2-Emissionen pro kWh fallen. Ein weiterer, oft vernachl\u00e4ssigter Punkt beim Thema Strom sind die enormen Einsparpotentiale, [&hellip;]<\/p>\n","protected":false},"author":7,"featured_media":0,"parent":0,"menu_order":0,"comment_status":"closed","ping_status":"closed","template":"","meta":{"footnotes":""},"class_list":["post-2403","page","type-page","status-publish","hentry"],"_links":{"self":[{"href":"https:\/\/www.bsmn.de\/berufsschule-mindelheim\/wp-json\/wp\/v2\/pages\/2403","targetHints":{"allow":["GET"]}}],"collection":[{"href":"https:\/\/www.bsmn.de\/berufsschule-mindelheim\/wp-json\/wp\/v2\/pages"}],"about":[{"href":"https:\/\/www.bsmn.de\/berufsschule-mindelheim\/wp-json\/wp\/v2\/types\/page"}],"author":[{"embeddable":true,"href":"https:\/\/www.bsmn.de\/berufsschule-mindelheim\/wp-json\/wp\/v2\/users\/7"}],"replies":[{"embeddable":true,"href":"https:\/\/www.bsmn.de\/berufsschule-mindelheim\/wp-json\/wp\/v2\/comments?post=2403"}],"version-history":[{"count":11,"href":"https:\/\/www.bsmn.de\/berufsschule-mindelheim\/wp-json\/wp\/v2\/pages\/2403\/revisions"}],"predecessor-version":[{"id":3151,"href":"https:\/\/www.bsmn.de\/berufsschule-mindelheim\/wp-json\/wp\/v2\/pages\/2403\/revisions\/3151"}],"wp:attachment":[{"href":"https:\/\/www.bsmn.de\/berufsschule-mindelheim\/wp-json\/wp\/v2\/media?parent=2403"}],"curies":[{"name":"wp","href":"https:\/\/api.w.org\/{rel}","templated":true}]}}