{"id":2397,"date":"2021-03-24T22:26:38","date_gmt":"2021-03-24T21:26:38","guid":{"rendered":"https:\/\/www.bsmn.de\/berufsschule-mindelheim\/?page_id=2397"},"modified":"2021-07-12T13:20:18","modified_gmt":"2021-07-12T11:20:18","slug":"waerme","status":"publish","type":"page","link":"https:\/\/www.bsmn.de\/berufsschule-mindelheim\/waerme\/","title":{"rendered":"W\u00e4rme"},"content":{"rendered":"\n<h3 class=\"has-vivid-red-color has-text-color wp-block-heading\"><strong><u>Bedeutung des Themas W\u00e4rme f\u00fcr das Klima:<\/u><\/strong><\/h3>\n\n\n\n<p>Fachleute halten es f\u00fcr m\u00f6glich, die Klimaziele des Pariser Abkommens stromseitig einzuhalten &#8211; das gro\u00dfe Problem wird jedoch der W\u00e4rmesektor werden, selbst wenn speziell an Schulen die CO2-Bilanz im Bereich Mobilit\u00e4t noch negativer sein kann. Wichtig ist, dass Wissen an Schulen \u00fcber CO2-Einsparm\u00f6glichkeiten im W\u00e4rmebereich vermittelt, umgesetzt und gelebt wird.<\/p>\n\n\n\n<figure class=\"wp-block-image size-large is-resized\"><a href=\"https:\/\/www.bsmn.de\/berufsschule-mindelheim\/wp-content\/uploads\/sites\/2\/2021\/06\/waerme-1.jpg\"><img fetchpriority=\"high\" decoding=\"async\" src=\"https:\/\/www.bsmn.de\/berufsschule-mindelheim\/wp-content\/uploads\/sites\/2\/2021\/06\/waerme-1-1024x580.jpg\" alt=\"\" class=\"wp-image-3022\" width=\"450\" height=\"254\" srcset=\"https:\/\/www.bsmn.de\/berufsschule-mindelheim\/wp-content\/uploads\/sites\/2\/2021\/06\/waerme-1-1024x580.jpg 1024w, https:\/\/www.bsmn.de\/berufsschule-mindelheim\/wp-content\/uploads\/sites\/2\/2021\/06\/waerme-1-300x170.jpg 300w, https:\/\/www.bsmn.de\/berufsschule-mindelheim\/wp-content\/uploads\/sites\/2\/2021\/06\/waerme-1-768x435.jpg 768w, https:\/\/www.bsmn.de\/berufsschule-mindelheim\/wp-content\/uploads\/sites\/2\/2021\/06\/waerme-1-150x85.jpg 150w, https:\/\/www.bsmn.de\/berufsschule-mindelheim\/wp-content\/uploads\/sites\/2\/2021\/06\/waerme-1-600x340.jpg 600w, https:\/\/www.bsmn.de\/berufsschule-mindelheim\/wp-content\/uploads\/sites\/2\/2021\/06\/waerme-1.jpg 1200w\" sizes=\"(max-width: 450px) 100vw, 450px\" \/><\/a><\/figure>\n\n\n\n<h3 class=\"has-luminous-vivid-orange-color has-text-color wp-block-heading\"><strong><u>Bedeutung des Themas W\u00e4rme f\u00fcr unsere Schule:<\/u><\/strong><\/h3>\n\n\n\n<p>Die Schule deckt den W\u00e4rmebedarf an den drei Standorten und den insgesamt 10 Geb\u00e4uden auf unterschiedliche Weise:<\/p>\n\n\n\n<figure class=\"wp-block-image size-large is-resized\"><a href=\"https:\/\/www.bsmn.de\/berufsschule-mindelheim\/wp-content\/uploads\/sites\/2\/2021\/06\/waerme-2.jpg\"><img decoding=\"async\" src=\"https:\/\/www.bsmn.de\/berufsschule-mindelheim\/wp-content\/uploads\/sites\/2\/2021\/06\/waerme-2-1024x338.jpg\" alt=\"\" class=\"wp-image-3023\" width=\"447\" height=\"148\" srcset=\"https:\/\/www.bsmn.de\/berufsschule-mindelheim\/wp-content\/uploads\/sites\/2\/2021\/06\/waerme-2-1024x338.jpg 1024w, https:\/\/www.bsmn.de\/berufsschule-mindelheim\/wp-content\/uploads\/sites\/2\/2021\/06\/waerme-2-300x99.jpg 300w, https:\/\/www.bsmn.de\/berufsschule-mindelheim\/wp-content\/uploads\/sites\/2\/2021\/06\/waerme-2-768x253.jpg 768w, https:\/\/www.bsmn.de\/berufsschule-mindelheim\/wp-content\/uploads\/sites\/2\/2021\/06\/waerme-2-600x198.jpg 600w, https:\/\/www.bsmn.de\/berufsschule-mindelheim\/wp-content\/uploads\/sites\/2\/2021\/06\/waerme-2.jpg 1200w\" sizes=\"(max-width: 447px) 100vw, 447px\" \/><\/a><\/figure>\n\n\n\n<p>Die Verbr\u00e4uche an den einzelnen Standorten:<\/p>\n\n\n\n<figure class=\"wp-block-image size-large is-resized\"><img decoding=\"async\" src=\"https:\/\/www.bsmn.de\/berufsschule-mindelheim\/wp-content\/uploads\/sites\/2\/2021\/06\/waerme-3-1-1024x963.jpg\" alt=\"\" class=\"wp-image-3026\" width=\"444\" height=\"416\"\/><\/figure>\n\n\n\n<h3 class=\"has-vivid-green-cyan-color has-text-color wp-block-heading\"><strong><u>Was wurde bereits von uns erreicht:<\/u><\/strong><\/h3>\n\n\n\n<p>Die W\u00e4rmebereitstellung der Schule wird \u00fcberwiegend durch CO2-neutrale Brennstoffe wie Holzhackschnitzel oder \u00fcber das Mindelheimer Nahw\u00e4rmenetz (Brennstoff: Biogas) gew\u00e4hrleistet. Die W\u00e4rmed\u00e4mmung wurde speziell in Bad W\u00f6rishofen, aber auch an der Mehrheit der Geb\u00e4ude der zwei anderen Standorte durch Nachisolierung stark verbessert. Im Kolleggeb\u00e4ude (denkmalgesch\u00fctztes Kloster aus dem 17. Jahrhundert) war dies bislang nicht m\u00f6glich. Dieses hat jedoch \u2013 wie andere Geb\u00e4ude auch \u2013 eine L\u00fcftungsanlage mit W\u00e4rmer\u00fcckgewinnung, die auch die hygienischen Verh\u00e4ltnisse und damit die Luftqualit\u00e4t in den Schulr\u00e4umen stark verbessert hat.<\/p>\n\n\n\n<h3 class=\"has-vivid-green-cyan-color has-text-color wp-block-heading\"><strong><u>Wie wird das Thema im Unterricht integriert?<\/u><\/strong><\/h3>\n\n\n\n<figure class=\"wp-block-image size-large is-resized\"><img loading=\"lazy\" decoding=\"async\" src=\"https:\/\/www.bsmn.de\/berufsschule-mindelheim\/wp-content\/uploads\/sites\/2\/2021\/06\/DSC03785-1024x580.jpg\" alt=\"\" class=\"wp-image-3055\" width=\"565\" height=\"319\" srcset=\"https:\/\/www.bsmn.de\/berufsschule-mindelheim\/wp-content\/uploads\/sites\/2\/2021\/06\/DSC03785-1024x580.jpg 1024w, https:\/\/www.bsmn.de\/berufsschule-mindelheim\/wp-content\/uploads\/sites\/2\/2021\/06\/DSC03785-300x170.jpg 300w, https:\/\/www.bsmn.de\/berufsschule-mindelheim\/wp-content\/uploads\/sites\/2\/2021\/06\/DSC03785-768x435.jpg 768w, https:\/\/www.bsmn.de\/berufsschule-mindelheim\/wp-content\/uploads\/sites\/2\/2021\/06\/DSC03785-150x85.jpg 150w, https:\/\/www.bsmn.de\/berufsschule-mindelheim\/wp-content\/uploads\/sites\/2\/2021\/06\/DSC03785-600x340.jpg 600w, https:\/\/www.bsmn.de\/berufsschule-mindelheim\/wp-content\/uploads\/sites\/2\/2021\/06\/DSC03785.jpg 1200w\" sizes=\"(max-width: 565px) 100vw, 565px\" \/><\/figure>\n\n\n\n<p>Der W\u00e4rmeverbrauch wird zunehmend ver\u00f6ffentlicht und mit den Werten k\u00f6nnen sowohl einschl\u00e4gige technische Berechnungen als auch Kostenkalkulationen in den Unterricht einflie\u00dfen. Die Sch\u00fcler werden regelm\u00e4\u00dfig im Rahmen der Kennenlernwoche im richtigen L\u00fcften (keine Dauerl\u00fcftung, keine&nbsp; gekippten Fenster)&nbsp; geschult und stets angehalten, diese Regeln einzuhalten. Die Klimabotschafter unterst\u00fctzen die Lehrkr\u00e4fte dabei.&nbsp; Der Sachaufwandstr\u00e4ger arbeitet st\u00e4ndig mit einer Energieagentur zusammen und \u00fcberpr\u00fcft so alle heizungsrelevanten Ger\u00e4te und Werte. Die Hausmeister haben entsprechende Schulungen absolviert.<\/p>\n\n\n\n<h3 class=\"has-vivid-green-cyan-color has-text-color wp-block-heading\"><strong><u>Was ist geplant?<\/u><\/strong><\/h3>\n\n\n\n<p>Geplant ist, zumindest die Sch\u00fcler(innen) der stark angewachsenen Fahrzeugabteilung (ca. 800) wieder in einem Geb\u00e4ude (Neubau) zusammenzufassen, das modernsten Standards (Plusenergieschule) gen\u00fcgt.<\/p>\n\n\n\n<h3 class=\"has-vivid-green-cyan-color has-text-color wp-block-heading\"><strong><u>Weitere Ideen:<\/u><\/strong><\/h3>\n\n\n\n<ul class=\"wp-block-list\"><li>Wettbewerbe<\/li><li>W\u00e4rmebildaufnahmen des Schulhauses auswerten<\/li><li>Betriebsbesichtigungen<\/li><\/ul>\n","protected":false},"excerpt":{"rendered":"<p>Bedeutung des Themas W\u00e4rme f\u00fcr das Klima: Fachleute halten es f\u00fcr m\u00f6glich, die Klimaziele des Pariser Abkommens stromseitig einzuhalten &#8211; das gro\u00dfe Problem wird jedoch der W\u00e4rmesektor werden, selbst wenn speziell an Schulen die CO2-Bilanz im Bereich Mobilit\u00e4t noch negativer sein kann. Wichtig ist, dass Wissen an Schulen \u00fcber CO2-Einsparm\u00f6glichkeiten im W\u00e4rmebereich vermittelt, umgesetzt und [&hellip;]<\/p>\n","protected":false},"author":7,"featured_media":0,"parent":0,"menu_order":0,"comment_status":"closed","ping_status":"closed","template":"","meta":{"footnotes":""},"class_list":["post-2397","page","type-page","status-publish","hentry"],"_links":{"self":[{"href":"https:\/\/www.bsmn.de\/berufsschule-mindelheim\/wp-json\/wp\/v2\/pages\/2397","targetHints":{"allow":["GET"]}}],"collection":[{"href":"https:\/\/www.bsmn.de\/berufsschule-mindelheim\/wp-json\/wp\/v2\/pages"}],"about":[{"href":"https:\/\/www.bsmn.de\/berufsschule-mindelheim\/wp-json\/wp\/v2\/types\/page"}],"author":[{"embeddable":true,"href":"https:\/\/www.bsmn.de\/berufsschule-mindelheim\/wp-json\/wp\/v2\/users\/7"}],"replies":[{"embeddable":true,"href":"https:\/\/www.bsmn.de\/berufsschule-mindelheim\/wp-json\/wp\/v2\/comments?post=2397"}],"version-history":[{"count":7,"href":"https:\/\/www.bsmn.de\/berufsschule-mindelheim\/wp-json\/wp\/v2\/pages\/2397\/revisions"}],"predecessor-version":[{"id":3140,"href":"https:\/\/www.bsmn.de\/berufsschule-mindelheim\/wp-json\/wp\/v2\/pages\/2397\/revisions\/3140"}],"wp:attachment":[{"href":"https:\/\/www.bsmn.de\/berufsschule-mindelheim\/wp-json\/wp\/v2\/media?parent=2397"}],"curies":[{"name":"wp","href":"https:\/\/api.w.org\/{rel}","templated":true}]}}