{"id":2394,"date":"2021-03-24T22:26:03","date_gmt":"2021-03-24T21:26:03","guid":{"rendered":"https:\/\/www.bsmn.de\/berufsschule-mindelheim\/?page_id=2394"},"modified":"2021-07-12T13:08:51","modified_gmt":"2021-07-12T11:08:51","slug":"abfall","status":"publish","type":"page","link":"https:\/\/www.bsmn.de\/berufsschule-mindelheim\/abfall\/","title":{"rendered":"Abfallvermeidung\/Abfalltrennung"},"content":{"rendered":"\n<h3 class=\"has-vivid-red-color has-text-color wp-block-heading\"><strong><u>Bedeutung des Themas Abfallvermeidung\/Abfalltrennung Klima:<\/u><\/strong><\/h3>\n\n\n\n<p>Schulen produzieren \u00e4hnliche Abf\u00e4lle wie Unternehmen: Papier, Pappe, Kunststoffe, Verpackungen, Bioabf\u00e4lle, Druckerpatronen, Glas, Leuchtmittel, berufsspezifische Abf\u00e4lle (Filter, verbrauchte Betriebsstoffe wie Alt\u00f6l, Sp\u00e4ne etc.)&nbsp; sowie diversen Restm\u00fcll. Landen wertvolle und recyclingf\u00e4hige Stoffe im Restm\u00fcll, werden diese dem Ressourcenkreislauf entzogen und verursachen bei der Verbrennung klimasch\u00e4dliche Emissionen.<\/p>\n\n\n\n<p>Enth\u00e4lt der Restm\u00fcll noch 39 % Kohlenstoff, z.B. bedingt durch einen hohen Anteil an Kunststoffen, Verbundpackungen oder Papier, setzen sich bei einer 1.100-Liter-Restm\u00fclltonne 157 kg CO2 frei.<\/p>\n\n\n\n<p class=\"has-small-font-size\">Quelle: Landesinstitut f\u00fcr Lehrerbildung und Schulentwicklung (LI) Hamburg: Kleines Handbuch Klimaschutz. 50 Tipps zum Klimaschutz an Schulen. Hamburg, 2015.<\/p>\n\n\n\n<h3 class=\"has-luminous-vivid-orange-color has-text-color wp-block-heading\"><strong><u>Bedeutung des Themas <strong><u>Abfallvermeidung\/Abfalltrennung<\/u><\/strong> f\u00fcr unsere Schule:<\/u><\/strong><\/h3>\n\n\n\n<p>Schulen erf\u00fcllen erfahrungsgem\u00e4\u00df selten die Abfallsatzung ihres Sachaufwandstr\u00e4gers in G\u00e4nze. Kleinere Mengen werden gerne als \u201evernachl\u00e4ssigbares \u00c4rgernis\u201c f\u00fcr das ausgelastete Reinigungspersonal \u00fcbersehen. Das war auch an der BS MN einmal so, zumal sich der Unterricht bei uns auf sehr viele Geb\u00e4ude verteilt. Mit dem Projekt \u201eKlimaschule\u201c hat sich hier vieles ver\u00e4ndert \u2013 und so klein sind unsere Abfallmengen in der Gesamtheit dann doch wieder nicht.<\/p>\n\n\n\n<h5 class=\"has-normal-font-size wp-block-heading\"><strong><u>Das Abfallaufkommen an den einzelnen Standorten im Referenzjahr 2019: &nbsp;<\/u><\/strong><\/h5>\n\n\n\n<figure class=\"wp-block-image size-large is-resized\"><img fetchpriority=\"high\" decoding=\"async\" src=\"https:\/\/www.bsmn.de\/berufsschule-mindelheim\/wp-content\/uploads\/sites\/2\/2021\/06\/abfall-1024x770.jpg\" alt=\"\" class=\"wp-image-2927\" width=\"643\" height=\"483\" srcset=\"https:\/\/www.bsmn.de\/berufsschule-mindelheim\/wp-content\/uploads\/sites\/2\/2021\/06\/abfall-1024x770.jpg 1024w, https:\/\/www.bsmn.de\/berufsschule-mindelheim\/wp-content\/uploads\/sites\/2\/2021\/06\/abfall-300x226.jpg 300w, https:\/\/www.bsmn.de\/berufsschule-mindelheim\/wp-content\/uploads\/sites\/2\/2021\/06\/abfall-768x577.jpg 768w, https:\/\/www.bsmn.de\/berufsschule-mindelheim\/wp-content\/uploads\/sites\/2\/2021\/06\/abfall-600x451.jpg 600w, https:\/\/www.bsmn.de\/berufsschule-mindelheim\/wp-content\/uploads\/sites\/2\/2021\/06\/abfall.jpg 1200w\" sizes=\"(max-width: 643px) 100vw, 643px\" \/><\/figure>\n\n\n\n<h3 class=\"has-vivid-green-cyan-color has-text-color wp-block-heading\"><strong><u>Was wurde bereits von uns erreicht:<\/u><\/strong><\/h3>\n\n\n\n<p>Seit dem Beginn des Projekts Klimaschule wurde am Standort Mindelheim das abgebildete Trennsystem eingef\u00fchrt. Die Beh\u00e4lter befinden sich nur noch an zentralen Punkten im Schulgeb\u00e4ude, nicht mehr im Klassenzimmer. Dort befindet sich lediglich noch ein Pappkarton f\u00fcr Altpapier, der von den Klassen am Ende der Woche selbst geleert bzw. dem Hausmeister (Kontrollfunktion) \u00fcbergeben wird. Der Bioabfall wird f\u00fcr das Reinigungspersonal gut sichtbar in einem kleinen K\u00fcbel deponiert. Nach anf\u00e4nglichen Umstellungsschwierigkeiten hat sich das neue System nun gut etabliert.<\/p>\n\n\n\n<div class=\"wp-block-image\"><figure class=\"aligncenter size-large is-resized\"><img decoding=\"async\" src=\"https:\/\/www.bsmn.de\/berufsschule-mindelheim\/wp-content\/uploads\/sites\/2\/2021\/03\/SDC17161-1024x768.jpg\" alt=\"\" class=\"wp-image-2428\" width=\"368\" height=\"276\"\/><\/figure><\/div>\n\n\n\n<p>Leere Toner von unseren Druckern und Handys werden mit der Caritas-Box recycelt. Fehlkopien werden an unseren Kopieren gesammelt und als Schmierpapier weiterverwendet. Drucker sind auf doppelseitiges Drucker voreingestellt. Die Lehrer sind angehalten, m\u00f6glichst wenig und wenn, dann beidseitig zu kopieren.<\/p>\n\n\n\n<div class=\"wp-block-image\"><figure class=\"aligncenter size-large is-resized\"><img decoding=\"async\" src=\"https:\/\/www.bsmn.de\/berufsschule-mindelheim\/wp-content\/uploads\/sites\/2\/2021\/06\/Tonerrecycling-1-1024x683.jpg\" alt=\"\" class=\"wp-image-2931\" width=\"367\" height=\"245\" srcset=\"https:\/\/www.bsmn.de\/berufsschule-mindelheim\/wp-content\/uploads\/sites\/2\/2021\/06\/Tonerrecycling-1-1024x683.jpg 1024w, https:\/\/www.bsmn.de\/berufsschule-mindelheim\/wp-content\/uploads\/sites\/2\/2021\/06\/Tonerrecycling-1-300x200.jpg 300w, https:\/\/www.bsmn.de\/berufsschule-mindelheim\/wp-content\/uploads\/sites\/2\/2021\/06\/Tonerrecycling-1-768x512.jpg 768w, https:\/\/www.bsmn.de\/berufsschule-mindelheim\/wp-content\/uploads\/sites\/2\/2021\/06\/Tonerrecycling-1-600x400.jpg 600w, https:\/\/www.bsmn.de\/berufsschule-mindelheim\/wp-content\/uploads\/sites\/2\/2021\/06\/Tonerrecycling-1.jpg 1200w\" sizes=\"(max-width: 367px) 100vw, 367px\" \/><\/figure><\/div>\n\n\n\n<p>Batterien aller Art werden von unseren Hausmeistern gesammelt, um zu vermeiden, dass sie im Normalm\u00fcll landen. Sie k\u00f6nnen auch von zu Hause mitgebracht werden.<\/p>\n\n\n\n<div class=\"wp-block-image\"><figure class=\"aligncenter size-large is-resized\"><img loading=\"lazy\" decoding=\"async\" src=\"https:\/\/www.bsmn.de\/berufsschule-mindelheim\/wp-content\/uploads\/sites\/2\/2021\/07\/Baterrienentsorgung-1024x763.jpg\" alt=\"\" class=\"wp-image-3125\" width=\"371\" height=\"276\" srcset=\"https:\/\/www.bsmn.de\/berufsschule-mindelheim\/wp-content\/uploads\/sites\/2\/2021\/07\/Baterrienentsorgung-1024x763.jpg 1024w, https:\/\/www.bsmn.de\/berufsschule-mindelheim\/wp-content\/uploads\/sites\/2\/2021\/07\/Baterrienentsorgung-300x224.jpg 300w, https:\/\/www.bsmn.de\/berufsschule-mindelheim\/wp-content\/uploads\/sites\/2\/2021\/07\/Baterrienentsorgung-768x572.jpg 768w, https:\/\/www.bsmn.de\/berufsschule-mindelheim\/wp-content\/uploads\/sites\/2\/2021\/07\/Baterrienentsorgung-600x447.jpg 600w, https:\/\/www.bsmn.de\/berufsschule-mindelheim\/wp-content\/uploads\/sites\/2\/2021\/07\/Baterrienentsorgung.jpg 1200w\" sizes=\"(max-width: 371px) 100vw, 371px\" \/><\/figure><\/div>\n\n\n\n<p>Wichtiger als M\u00fclltrennung ist M\u00fcllvermeidung! Die Pausenverpflegung kann bei uns traditionell bei einem B\u00e4cker, der an die Schule kommt, verpackungsfrei gekauft werden. Die Hausmeister verkaufen diverse Getr\u00e4nke in Mehrwegflaschen. <\/p>\n\n\n\n<div class=\"wp-block-image\"><figure class=\"aligncenter size-large is-resized\"><img loading=\"lazy\" decoding=\"async\" src=\"https:\/\/www.bsmn.de\/berufsschule-mindelheim\/wp-content\/uploads\/sites\/2\/2021\/05\/Leergut-683x1024.jpg\" alt=\"\" class=\"wp-image-2889\" width=\"278\" height=\"417\" srcset=\"https:\/\/www.bsmn.de\/berufsschule-mindelheim\/wp-content\/uploads\/sites\/2\/2021\/05\/Leergut-683x1024.jpg 683w, https:\/\/www.bsmn.de\/berufsschule-mindelheim\/wp-content\/uploads\/sites\/2\/2021\/05\/Leergut-200x300.jpg 200w, https:\/\/www.bsmn.de\/berufsschule-mindelheim\/wp-content\/uploads\/sites\/2\/2021\/05\/Leergut-768x1152.jpg 768w, https:\/\/www.bsmn.de\/berufsschule-mindelheim\/wp-content\/uploads\/sites\/2\/2021\/05\/Leergut-600x900.jpg 600w, https:\/\/www.bsmn.de\/berufsschule-mindelheim\/wp-content\/uploads\/sites\/2\/2021\/05\/Leergut.jpg 800w\" sizes=\"(max-width: 278px) 100vw, 278px\" \/><\/figure><\/div>\n\n\n\n<p>Geb\u00e4ude mit Aufenthaltsr\u00e4umen haben einen Trinkwasserspender. F\u00fcr die Getr\u00e4nkeautomaten k\u00f6nnen die SuS gegen den Einmalbetrag von \u20ac 1,50 eine Porzellantasse erstehen, die sich bereits nach drei F\u00fcllungen amortisiert, denn wer Plastikbecher aus dem Automaten braucht, <strong>zahlt bei uns den doppelten Preis f\u00fcr denselben Inhalt<\/strong>.<\/p>\n\n\n\n<div class=\"wp-block-image\"><figure class=\"aligncenter size-large is-resized\"><img loading=\"lazy\" decoding=\"async\" src=\"https:\/\/www.bsmn.de\/berufsschule-mindelheim\/wp-content\/uploads\/sites\/2\/2021\/03\/SDC17154-768x1024.jpg\" alt=\"\" class=\"wp-image-2427\" width=\"268\" height=\"357\"\/><\/figure><\/div>\n\n\n\n<p>Seit l\u00e4ngerer Zeit werden frische \u00c4pfel aus der Region in einem Selbstbedienungssystem angeboten, das gut angenommen wird <a href=\"https:\/\/www.bsmn.de\/berufsschule-mindelheim\/ernaehrung\/\" target=\"_blank\" rel=\"noreferrer noopener\">(siehe auch Handlungsfeld &#8222;Ern\u00e4hrung&#8220;)<\/a>. Da wir leider Mangels Platz und wegen unserer Geb\u00e4udevielfalt kein Mittagessen in einer Mensa anbieten k\u00f6nnen, werden unsere Sch\u00fclerInnen angehalten in der Mittagspause den nahegelegenen Einzelhandel in der Altstadt zu unterst\u00fctzen \u2013 was meistens gelingt. In unmittelbar benachbarten Gastronomiebetrieben ein zur Klimaschule passendes, abfallarmes Essen anzubieten, wurde vor Corona bereits praktiziert. Die Bem\u00fchungen wurden aber durch den Lockdown seitdem zunichte gemacht.<\/p>\n\n\n\n<h3 class=\"has-vivid-green-cyan-color has-text-color wp-block-heading\"><strong><u>Wie wird das Thema im Unterricht integriert?<\/u><\/strong><\/h3>\n\n\n\n<p>Alle Sch\u00fcler erhalten neben einer mit entsprechenden Hinweisen versehenen Einf\u00fchrungsbrosch\u00fcre in der ersten Woche ihrer Schulzeit bei einer Hausbegehung eine Einweisung ins M\u00fclltrennsystem.&nbsp; Sie werden angehalten, wo immer m\u00f6glich, Mehrwegbeh\u00e4ltnisse zu benutzen.&nbsp; Themen wie Abfalltrennung\/Abfallvermeidung tauchen dann auch wieder im Religions- oder Ethikunterricht auf, wo noch intensiver auf die Hintergr\u00fcnde des Problems eingegangen werden kann.<\/p>\n\n\n\n<p>Die Klassensprecher werden davon unabh\u00e4ngig in der Klassensprecherversammlung nochmals auf das Thema hingewiesen und um Mitarbeit gebeten. In den Klassen wird ein \u201ePapierdienst\u201c eingerichtet, der f\u00fcr sauberes Trennen und die Ablieferung des Wertstoffs bei den Hausmeistern am Ende der Schulwoche verantwortlich ist. <\/p>\n\n\n\n<div class=\"wp-block-image\"><figure class=\"aligncenter size-large is-resized\"><img loading=\"lazy\" decoding=\"async\" src=\"https:\/\/www.bsmn.de\/berufsschule-mindelheim\/wp-content\/uploads\/sites\/2\/2021\/06\/abfall2-768x1024.jpg\" alt=\"\" class=\"wp-image-2938\" width=\"252\" height=\"336\" srcset=\"https:\/\/www.bsmn.de\/berufsschule-mindelheim\/wp-content\/uploads\/sites\/2\/2021\/06\/abfall2-768x1023.jpg 768w, https:\/\/www.bsmn.de\/berufsschule-mindelheim\/wp-content\/uploads\/sites\/2\/2021\/06\/abfall2-225x300.jpg 225w, https:\/\/www.bsmn.de\/berufsschule-mindelheim\/wp-content\/uploads\/sites\/2\/2021\/06\/abfall2-600x800.jpg 600w, https:\/\/www.bsmn.de\/berufsschule-mindelheim\/wp-content\/uploads\/sites\/2\/2021\/06\/abfall2.jpg 800w\" sizes=\"(max-width: 252px) 100vw, 252px\" \/><\/figure><\/div>\n\n\n\n<h3 class=\"has-vivid-green-cyan-color has-text-color wp-block-heading\">Was ist geplant?<\/h3>\n\n\n\n<p>Ziel w\u00e4re es das schulische M\u00fcllaufkommen auf nahezu null herunterzufahren. Dies kann nur gelingen, wenn die gesamte Schulfamilie strenge Regeln einh\u00e4lt, was jedoch immer mehr geschieht.<\/p>\n\n\n\n<p>Geplant w\u00e4re im Falle einer baulichen Ver\u00e4nderung eine Kantine zu verwirklichen, die ein entsprechendes (Mittags-) Angebot bereitstellen k\u00f6nnte, ja m\u00fcsste.<\/p>\n\n\n\n<h3 class=\"has-vivid-green-cyan-color has-text-color wp-block-heading\"><strong><u>Weitere Ideen:<\/u><\/strong><\/h3>\n\n\n\n<ul class=\"wp-block-list\"><li>Wettbewerbe<\/li><li>Betriebsbesichtigungen<\/li><\/ul>\n\n\n","protected":false},"excerpt":{"rendered":"<p>Bedeutung des Themas Abfallvermeidung\/Abfalltrennung Klima: Schulen produzieren \u00e4hnliche Abf\u00e4lle wie Unternehmen: Papier, Pappe, Kunststoffe, Verpackungen, Bioabf\u00e4lle, Druckerpatronen, Glas, Leuchtmittel, berufsspezifische Abf\u00e4lle (Filter, verbrauchte Betriebsstoffe wie Alt\u00f6l, Sp\u00e4ne etc.)&nbsp; sowie diversen Restm\u00fcll. Landen wertvolle und recyclingf\u00e4hige Stoffe im Restm\u00fcll, werden diese dem Ressourcenkreislauf entzogen und verursachen bei der Verbrennung klimasch\u00e4dliche Emissionen. Enth\u00e4lt der Restm\u00fcll noch 39 [&hellip;]<\/p>\n","protected":false},"author":7,"featured_media":0,"parent":0,"menu_order":0,"comment_status":"closed","ping_status":"closed","template":"","meta":{"footnotes":""},"class_list":["post-2394","page","type-page","status-publish","hentry"],"_links":{"self":[{"href":"https:\/\/www.bsmn.de\/berufsschule-mindelheim\/wp-json\/wp\/v2\/pages\/2394","targetHints":{"allow":["GET"]}}],"collection":[{"href":"https:\/\/www.bsmn.de\/berufsschule-mindelheim\/wp-json\/wp\/v2\/pages"}],"about":[{"href":"https:\/\/www.bsmn.de\/berufsschule-mindelheim\/wp-json\/wp\/v2\/types\/page"}],"author":[{"embeddable":true,"href":"https:\/\/www.bsmn.de\/berufsschule-mindelheim\/wp-json\/wp\/v2\/users\/7"}],"replies":[{"embeddable":true,"href":"https:\/\/www.bsmn.de\/berufsschule-mindelheim\/wp-json\/wp\/v2\/comments?post=2394"}],"version-history":[{"count":19,"href":"https:\/\/www.bsmn.de\/berufsschule-mindelheim\/wp-json\/wp\/v2\/pages\/2394\/revisions"}],"predecessor-version":[{"id":3134,"href":"https:\/\/www.bsmn.de\/berufsschule-mindelheim\/wp-json\/wp\/v2\/pages\/2394\/revisions\/3134"}],"wp:attachment":[{"href":"https:\/\/www.bsmn.de\/berufsschule-mindelheim\/wp-json\/wp\/v2\/media?parent=2394"}],"curies":[{"name":"wp","href":"https:\/\/api.w.org\/{rel}","templated":true}]}}