{"id":2391,"date":"2021-03-24T22:25:16","date_gmt":"2021-03-24T21:25:16","guid":{"rendered":"https:\/\/www.bsmn.de\/berufsschule-mindelheim\/?page_id=2391"},"modified":"2021-07-12T13:21:41","modified_gmt":"2021-07-12T11:21:41","slug":"beschaffung","status":"publish","type":"page","link":"https:\/\/www.bsmn.de\/berufsschule-mindelheim\/beschaffung\/","title":{"rendered":"Beschaffung\/Einkauf"},"content":{"rendered":"\n<h3 class=\"has-vivid-red-color has-text-color wp-block-heading\"><strong><u>Bedeutung des Themas Einkauf\/Beschaffung f\u00fcr das Klima<\/u><\/strong>:<\/h3>\n\n\n\n<p>&nbsp;\u201eWer sparen will und rechnen kann, kauft teuer ein!\u201c Dieser zun\u00e4chst paradox klingende Spruch, bewahrheitet sich aber in vielerlei Hinsicht immer wieder aufs Neue.&nbsp; Tats\u00e4chlich m\u00fcssten wir \u2013 nachhaltig gedacht \u2013 eine <strong>Gesamtrechnung<\/strong> der Kosten eines Produkts \u00fcber dessen <strong>Entstehung<\/strong> den <strong>Gebrauch<\/strong> und dessen <strong>Entsorgung<\/strong> aufmachen. Das ist nicht immer leicht. In manchen F\u00e4llen gen\u00fcgt jedoch bereits die Gebrauchsphase um den Eingangssatz eindrucksvoll zu belegen. <br>Hier Vergleich Gl\u00fchbirne mit LED <strong><u>gleicher Helligkeit<\/u><\/strong><\/p>\n\n\n\n<figure class=\"wp-block-image size-large is-resized\"><img fetchpriority=\"high\" decoding=\"async\" src=\"https:\/\/www.bsmn.de\/berufsschule-mindelheim\/wp-content\/uploads\/sites\/2\/2021\/06\/einkauf-2-1024x540.jpg\" alt=\"\" class=\"wp-image-2945\" width=\"682\" height=\"359\" srcset=\"https:\/\/www.bsmn.de\/berufsschule-mindelheim\/wp-content\/uploads\/sites\/2\/2021\/06\/einkauf-2-1024x540.jpg 1024w, https:\/\/www.bsmn.de\/berufsschule-mindelheim\/wp-content\/uploads\/sites\/2\/2021\/06\/einkauf-2-300x158.jpg 300w, https:\/\/www.bsmn.de\/berufsschule-mindelheim\/wp-content\/uploads\/sites\/2\/2021\/06\/einkauf-2-768x405.jpg 768w, https:\/\/www.bsmn.de\/berufsschule-mindelheim\/wp-content\/uploads\/sites\/2\/2021\/06\/einkauf-2-600x317.jpg 600w, https:\/\/www.bsmn.de\/berufsschule-mindelheim\/wp-content\/uploads\/sites\/2\/2021\/06\/einkauf-2.jpg 1200w\" sizes=\"(max-width: 682px) 100vw, 682px\" \/><\/figure>\n\n\n\n<figure class=\"wp-block-image size-large is-resized\"><img decoding=\"async\" src=\"https:\/\/www.bsmn.de\/berufsschule-mindelheim\/wp-content\/uploads\/sites\/2\/2021\/06\/einkauf-3-1024x396.jpg\" alt=\"\" class=\"wp-image-2947\" width=\"683\" height=\"263\" srcset=\"https:\/\/www.bsmn.de\/berufsschule-mindelheim\/wp-content\/uploads\/sites\/2\/2021\/06\/einkauf-3-1024x396.jpg 1024w, https:\/\/www.bsmn.de\/berufsschule-mindelheim\/wp-content\/uploads\/sites\/2\/2021\/06\/einkauf-3-300x116.jpg 300w, https:\/\/www.bsmn.de\/berufsschule-mindelheim\/wp-content\/uploads\/sites\/2\/2021\/06\/einkauf-3-768x297.jpg 768w, https:\/\/www.bsmn.de\/berufsschule-mindelheim\/wp-content\/uploads\/sites\/2\/2021\/06\/einkauf-3-600x232.jpg 600w, https:\/\/www.bsmn.de\/berufsschule-mindelheim\/wp-content\/uploads\/sites\/2\/2021\/06\/einkauf-3.jpg 1200w\" sizes=\"(max-width: 683px) 100vw, 683px\" \/><\/figure>\n\n\n\n<p>Diese beiden Beispiele belegen eindeutig, dass Einkauf und Energieverbrauch unmittelbar zusammenh\u00e4ngen. Wird im Fall der Leuchtmittel nur nach dem Einkaufspreis geschaut oder stimmt im Fall des Druckluftsystems die Auslegung nicht mit den Anforderungen \u00fcberein, wird es schnell teuer, <strong>denn das entscheidende Kriterium ist <u>nicht <\/u>der Kaufpreis<\/strong>, sondern die dann folgenden Energiekosten \u2013 in die die dadurch&nbsp; verursachten CO2 -Emissionen und deren Kosten \u00fcbrigens noch gar nicht eingepreist sind!<\/p>\n\n\n\n<h3 class=\"has-luminous-vivid-orange-color has-text-color wp-block-heading\"><strong><u>Bedeutung des Themas Einkauf\/Beschaffung f\u00fcr unsere Schule:<\/u><\/strong><\/h3>\n\n\n\n<p>Wir kaufen j\u00e4hrlich Verbrauchsmaterialien in erheblichen Mengen. &nbsp;Alle diese Anschaffungen sind irgendwie mit dem Thema Energie, CO2 verbunden (Herstellung, Gebrauch, Entsorgung) und damit klimarelevant. Au\u00dferdem werden sie durch Steuergelder finanziert.<\/p>\n\n\n\n<p class=\"has-luminous-vivid-orange-color has-text-color\">Unsere Schule verbraucht:<\/p>\n\n\n\n<figure class=\"wp-block-image size-large is-resized\"><img decoding=\"async\" src=\"https:\/\/www.bsmn.de\/berufsschule-mindelheim\/wp-content\/uploads\/sites\/2\/2021\/06\/Einkauf-1-651x1024.jpg\" alt=\"\" class=\"wp-image-2949\" width=\"656\" height=\"1032\" srcset=\"https:\/\/www.bsmn.de\/berufsschule-mindelheim\/wp-content\/uploads\/sites\/2\/2021\/06\/Einkauf-1-651x1024.jpg 651w, https:\/\/www.bsmn.de\/berufsschule-mindelheim\/wp-content\/uploads\/sites\/2\/2021\/06\/Einkauf-1-191x300.jpg 191w, https:\/\/www.bsmn.de\/berufsschule-mindelheim\/wp-content\/uploads\/sites\/2\/2021\/06\/Einkauf-1-768x1208.jpg 768w, https:\/\/www.bsmn.de\/berufsschule-mindelheim\/wp-content\/uploads\/sites\/2\/2021\/06\/Einkauf-1-600x944.jpg 600w, https:\/\/www.bsmn.de\/berufsschule-mindelheim\/wp-content\/uploads\/sites\/2\/2021\/06\/Einkauf-1.jpg 800w\" sizes=\"(max-width: 656px) 100vw, 656px\" \/><\/figure>\n\n\n\n<h3 class=\"has-vivid-green-cyan-color has-text-color wp-block-heading\"><strong><u>Was wurde bereits von uns erreicht:<\/u><\/strong><\/h3>\n\n\n\n<p>Wir k\u00f6nnen heute stolz darauf sein, dass wir \u2013 unterst\u00fctzt durch unseren Sachaufwandstr\u00e4ger \u2013 die Hauptverbrauchsmaterial einer Schule \u2013 Kopier- und Hygienepapiere \u2013 schon vor mehr als 20 Jahren auf RC-Papiere mit dem Blauen Engel umgestellt haben.&nbsp; Dies war das Ergebnis des ersten \u00d6ko-Audits, das an einer Bay. Berufsschule je durchgef\u00fchrt wurde.<\/p>\n\n\n\n<p>Wir versuchen selbstverst\u00e4ndlich, den Papierverbrauch durch EDV zu minimieren, was aber andererseits den Stromverbrauch steigen l\u00e4sst. Alle Stromfresser unter den EDV-Ger\u00e4ten werden jedoch sukzessive durch sparsame Ger\u00e4te ersetzt und durch regenerativen Strom betrieben. Diesen wollen wir in Zukunft auf unserem Dach selbst erzeugen.<\/p>\n\n\n\n<h3 class=\"has-vivid-green-cyan-color has-text-color wp-block-heading\"><strong><u>Was ist geplant?<\/u><\/strong><\/h3>\n\n\n\n<p>Die Putzmittel werden von den beteiligten Reinigungsfirmen selbst gestellt und mit dem Sachaufwandstr\u00e4ger abgerechnet. Aufgrund unserer Entscheidung, Klimaschule zu werden, soll in den zuk\u00fcnftigen Ausschreibungen der Punkt nachhaltige Putzmittel als Kriterium eingef\u00fcgt werden.<\/p>\n\n\n\n<h3 class=\"has-vivid-green-cyan-color has-text-color wp-block-heading\"><strong><u>Weitere Ideen<\/u><\/strong><\/h3>\n\n\n\n<ul class=\"wp-block-list\"><li>Reduktion der Kopien durch doppelseitigen Druck und EDV<\/li><\/ul>\n","protected":false},"excerpt":{"rendered":"<p>Bedeutung des Themas Einkauf\/Beschaffung f\u00fcr das Klima: &nbsp;\u201eWer sparen will und rechnen kann, kauft teuer ein!\u201c Dieser zun\u00e4chst paradox klingende Spruch, bewahrheitet sich aber in vielerlei Hinsicht immer wieder aufs Neue.&nbsp; Tats\u00e4chlich m\u00fcssten wir \u2013 nachhaltig gedacht \u2013 eine Gesamtrechnung der Kosten eines Produkts \u00fcber dessen Entstehung den Gebrauch und dessen Entsorgung aufmachen. Das ist [&hellip;]<\/p>\n","protected":false},"author":7,"featured_media":0,"parent":0,"menu_order":0,"comment_status":"closed","ping_status":"closed","template":"","meta":{"footnotes":""},"class_list":["post-2391","page","type-page","status-publish","hentry"],"_links":{"self":[{"href":"https:\/\/www.bsmn.de\/berufsschule-mindelheim\/wp-json\/wp\/v2\/pages\/2391","targetHints":{"allow":["GET"]}}],"collection":[{"href":"https:\/\/www.bsmn.de\/berufsschule-mindelheim\/wp-json\/wp\/v2\/pages"}],"about":[{"href":"https:\/\/www.bsmn.de\/berufsschule-mindelheim\/wp-json\/wp\/v2\/types\/page"}],"author":[{"embeddable":true,"href":"https:\/\/www.bsmn.de\/berufsschule-mindelheim\/wp-json\/wp\/v2\/users\/7"}],"replies":[{"embeddable":true,"href":"https:\/\/www.bsmn.de\/berufsschule-mindelheim\/wp-json\/wp\/v2\/comments?post=2391"}],"version-history":[{"count":6,"href":"https:\/\/www.bsmn.de\/berufsschule-mindelheim\/wp-json\/wp\/v2\/pages\/2391\/revisions"}],"predecessor-version":[{"id":3141,"href":"https:\/\/www.bsmn.de\/berufsschule-mindelheim\/wp-json\/wp\/v2\/pages\/2391\/revisions\/3141"}],"wp:attachment":[{"href":"https:\/\/www.bsmn.de\/berufsschule-mindelheim\/wp-json\/wp\/v2\/media?parent=2391"}],"curies":[{"name":"wp","href":"https:\/\/api.w.org\/{rel}","templated":true}]}}