{"id":2338,"date":"2021-03-18T16:53:21","date_gmt":"2021-03-18T15:53:21","guid":{"rendered":"https:\/\/www.bsmn.de\/berufsschule-mindelheim\/?page_id=2338"},"modified":"2021-07-12T15:52:10","modified_gmt":"2021-07-12T13:52:10","slug":"unterricht","status":"publish","type":"page","link":"https:\/\/www.bsmn.de\/berufsschule-mindelheim\/unterricht\/","title":{"rendered":"Unterricht\/Kommunikation"},"content":{"rendered":"\n<h3 class=\"has-vivid-red-color has-text-color wp-block-heading\"><strong><u>Bedeutung des Themas Unterricht\/Kommunikation f\u00fcr das Klima:<\/u><\/strong><\/h3>\n\n\n\n<p>Jede Wende beginnt im Kopf, auch die Energiewende! Insofern k\u00f6nnen Bildung und die Weitergabe von Wissen gar nicht hoch genug eingesch\u00e4tzt werden. Schulen kommt diese Aufgabe auf ganz nat\u00fcrliche Weise zu. Auf allen Rechtsebenen wurden deshalb verbindliche Vertr\u00e4ge (Agenda 21, Pariser Abkommen, UN Nachhaltigkeitsziele, Green Deal, europ\u00e4isches Klimaschutzgesetz) ratifiziert, Gesetze&nbsp; (GG Art 20a, Bay. Verfassung Art 131 u.a., Bay. Klimaschutzgesetz Art. 3, BayEuG Art. 1 und 2) oder Verordnungen (Richtlinien f\u00fcr die Umweltbildung an den Bayerischen Schulen) erlassen. Der Rechtsrahmen ist vorhanden und eindeutig. Studien (z.B. Energiebildung in Deutschland) zeigen aber, dass die Umsetzung nur schleppend vorangeht. Dabei gilt nach wie vor: Man sieht nur, was man kennt!<\/p>\n\n\n\n<h3 class=\"has-luminous-vivid-orange-color has-text-color wp-block-heading\"><strong><u>Bedeutung des Themas Unterricht und Kommunikation f\u00fcr unsere Schule:<\/u><\/strong><\/h3>\n\n\n\n<p>Die Berufsschule Mindelheim hat eine lange Tradition im Bereich Umweltbildung. Den ersten lokalen Umweltpreis erhielt die Schule im Jahr 1989 von der Stadt Mindelheim f\u00fcr 2 gro\u00dfe Umweltausstellungen, die erste nationale Auszeichnung 1997 von der damaligen <strong>Umweltministerin Angela Merkel<\/strong> f\u00fcr die Unterst\u00fctzung einer Missionsstation in Brasilien. <\/p>\n\n\n\n<div class=\"wp-block-columns is-layout-flex wp-container-core-columns-is-layout-9d6595d7 wp-block-columns-is-layout-flex\">\n<div class=\"wp-block-column is-layout-flow wp-block-column-is-layout-flow\">\n<figure class=\"wp-block-image size-large\"><a href=\"https:\/\/www.bsmn.de\/berufsschule-mindelheim\/wp-content\/uploads\/sites\/2\/2021\/06\/1-urkunde-2.jpg\"><img fetchpriority=\"high\" decoding=\"async\" width=\"295\" height=\"396\" src=\"https:\/\/www.bsmn.de\/berufsschule-mindelheim\/wp-content\/uploads\/sites\/2\/2021\/06\/1-urkunde-2.jpg\" alt=\"\" class=\"wp-image-3077\" srcset=\"https:\/\/www.bsmn.de\/berufsschule-mindelheim\/wp-content\/uploads\/sites\/2\/2021\/06\/1-urkunde-2.jpg 295w, https:\/\/www.bsmn.de\/berufsschule-mindelheim\/wp-content\/uploads\/sites\/2\/2021\/06\/1-urkunde-2-223x300.jpg 223w\" sizes=\"(max-width: 295px) 100vw, 295px\" \/><\/a><\/figure>\n<\/div>\n\n\n\n<div class=\"wp-block-column is-layout-flow wp-block-column-is-layout-flow\">\n<figure class=\"wp-block-image size-large\"><a href=\"https:\/\/www.bsmn.de\/berufsschule-mindelheim\/wp-content\/uploads\/sites\/2\/2021\/06\/2-urkunde-2.jpg\"><img decoding=\"async\" width=\"279\" height=\"391\" src=\"https:\/\/www.bsmn.de\/berufsschule-mindelheim\/wp-content\/uploads\/sites\/2\/2021\/06\/2-urkunde-2.jpg\" alt=\"\" class=\"wp-image-3078\" srcset=\"https:\/\/www.bsmn.de\/berufsschule-mindelheim\/wp-content\/uploads\/sites\/2\/2021\/06\/2-urkunde-2.jpg 279w, https:\/\/www.bsmn.de\/berufsschule-mindelheim\/wp-content\/uploads\/sites\/2\/2021\/06\/2-urkunde-2-214x300.jpg 214w\" sizes=\"(max-width: 279px) 100vw, 279px\" \/><\/a><\/figure>\n<\/div>\n<\/div>\n\n\n\n<p>Hier k\u00f6nnen Sie unseren Weg bis heute verfolgen. Einfach \u00f6ffnen.<\/p>\n\n\n\n<div class=\"wp-block-file\"><a href=\"https:\/\/www.bsmn.de\/berufsschule-mindelheim\/wp-content\/uploads\/sites\/2\/2021\/07\/Teil-1-voriges-Jahrhundert.pdf\">Teil 1 voriges Jahrhundert<\/a><a href=\"https:\/\/www.bsmn.de\/berufsschule-mindelheim\/wp-content\/uploads\/sites\/2\/2021\/07\/Teil-1-voriges-Jahrhundert.pdf\" class=\"wp-block-file__button\" download>Herunterladen<\/a><\/div>\n\n\n\n<div class=\"wp-block-file\"><a href=\"https:\/\/www.bsmn.de\/berufsschule-mindelheim\/wp-content\/uploads\/sites\/2\/2021\/07\/Teil-2-von-2000-2010.pdf\">Teil 2 von 2000-2010<\/a><a href=\"https:\/\/www.bsmn.de\/berufsschule-mindelheim\/wp-content\/uploads\/sites\/2\/2021\/07\/Teil-2-von-2000-2010.pdf\" class=\"wp-block-file__button\" download>Herunterladen<\/a><\/div>\n\n\n\n<div class=\"wp-block-file\"><a href=\"https:\/\/www.bsmn.de\/berufsschule-mindelheim\/wp-content\/uploads\/sites\/2\/2021\/07\/Teil-3-von-2010-2020.pdf\">Teil 3 von 2010-2020<\/a><a href=\"https:\/\/www.bsmn.de\/berufsschule-mindelheim\/wp-content\/uploads\/sites\/2\/2021\/07\/Teil-3-von-2010-2020.pdf\" class=\"wp-block-file__button\" download>Herunterladen<\/a><\/div>\n\n\n\n<div class=\"wp-block-file\"><a href=\"https:\/\/www.bsmn.de\/berufsschule-mindelheim\/wp-content\/uploads\/sites\/2\/2021\/07\/Teil-4-seit-2013-Energieeffizienzkurs-1.pdf\">Teil 4 seit 2013 Energieeffizienzkurs<\/a><a href=\"https:\/\/www.bsmn.de\/berufsschule-mindelheim\/wp-content\/uploads\/sites\/2\/2021\/07\/Teil-4-seit-2013-Energieeffizienzkurs-1.pdf\" class=\"wp-block-file__button\" download>Herunterladen<\/a><\/div>\n\n\n\n<div class=\"wp-block-file\"><a href=\"https:\/\/www.bsmn.de\/berufsschule-mindelheim\/wp-content\/uploads\/sites\/2\/2021\/07\/Teil-5-Schulungen-von-Lehrkraeften-1.pdf\">Teil 5 Schulungen von Lehrkr\u00e4ften<\/a><a href=\"https:\/\/www.bsmn.de\/berufsschule-mindelheim\/wp-content\/uploads\/sites\/2\/2021\/07\/Teil-5-Schulungen-von-Lehrkraeften-1.pdf\" class=\"wp-block-file__button\" download>Herunterladen<\/a><\/div>\n\n\n\n<div class=\"wp-block-file\"><a href=\"https:\/\/www.bsmn.de\/berufsschule-mindelheim\/wp-content\/uploads\/sites\/2\/2021\/06\/Teil-6-Schulungen-in-Uganda.pdf\">Teil 6 Schulungen in Uganda<\/a><a href=\"https:\/\/www.bsmn.de\/berufsschule-mindelheim\/wp-content\/uploads\/sites\/2\/2021\/06\/Teil-6-Schulungen-in-Uganda.pdf\" class=\"wp-block-file__button\" download>Herunterladen<\/a><\/div>\n\n\n\n<div class=\"wp-block-file\"><a href=\"https:\/\/www.bsmn.de\/berufsschule-mindelheim\/wp-content\/uploads\/sites\/2\/2021\/07\/Projekt-Nachhaltiges-Reisen-Beispiel-1.pdf\">Projekt Nachhaltiges Reisen Beispiel 1<\/a><a href=\"https:\/\/www.bsmn.de\/berufsschule-mindelheim\/wp-content\/uploads\/sites\/2\/2021\/07\/Projekt-Nachhaltiges-Reisen-Beispiel-1.pdf\" class=\"wp-block-file__button\" download>Herunterladen<\/a><\/div>\n\n\n\n<div class=\"wp-block-file\"><a href=\"https:\/\/www.bsmn.de\/berufsschule-mindelheim\/wp-content\/uploads\/sites\/2\/2021\/07\/Projekt-Nachhaltiges-Reisen-Beispiel-2.pdf\">Projekt Nachhaltiges Reisen Beispiel 2<\/a><a href=\"https:\/\/www.bsmn.de\/berufsschule-mindelheim\/wp-content\/uploads\/sites\/2\/2021\/07\/Projekt-Nachhaltiges-Reisen-Beispiel-2.pdf\" class=\"wp-block-file__button\" download>Herunterladen<\/a><\/div>\n\n\n\n<h3 class=\"has-vivid-green-cyan-color has-text-color wp-block-heading\"><strong><u>Was wurde bereits von uns erreicht:<\/u><\/strong><\/h3>\n\n\n\n<p>Noch vor den zahlreichen Ehrungen, die z.T. durchaus mit erklecklichen Geldbetr\u00e4gen f\u00fcr weitere Umweltbildungsma\u00dfnahmen verbunden sind, steht f\u00fcr uns an der BS Mindelheim, dass unsere Sch\u00fcler von unseren Aktivit\u00e4ten profitieren. R\u00fcckmeldungen ehemaliger Sch\u00fcler, die sich offenbar beeinflusst durch an der Schule Gelerntes teilweise sogar noch beruflich umorientieren (z.B. Umwelttechnik studieren), freiwillig am Abend Zusatzunterricht besuchen oder sogar in den Ferien zu einem Crashkurs Energieeffizienz erscheinen, signalisieren uns, dass wir auf dem richtigen Weg sind. In diesem Klima entstehen von Sch\u00fclern wie Lehrern immer wieder neue, spannende Ideen, Nachhaltigkeitsbildung im Unterricht zu verankern.<\/p>\n\n\n\n<figure class=\"wp-block-image size-large is-resized\"><img decoding=\"async\" src=\"https:\/\/www.bsmn.de\/berufsschule-mindelheim\/wp-content\/uploads\/sites\/2\/2021\/06\/3-dorf-1024x684.jpg\" alt=\"\" class=\"wp-image-3084\" width=\"491\" height=\"328\" srcset=\"https:\/\/www.bsmn.de\/berufsschule-mindelheim\/wp-content\/uploads\/sites\/2\/2021\/06\/3-dorf-1024x684.jpg 1024w, https:\/\/www.bsmn.de\/berufsschule-mindelheim\/wp-content\/uploads\/sites\/2\/2021\/06\/3-dorf-300x200.jpg 300w, https:\/\/www.bsmn.de\/berufsschule-mindelheim\/wp-content\/uploads\/sites\/2\/2021\/06\/3-dorf-768x513.jpg 768w, https:\/\/www.bsmn.de\/berufsschule-mindelheim\/wp-content\/uploads\/sites\/2\/2021\/06\/3-dorf-600x401.jpg 600w, https:\/\/www.bsmn.de\/berufsschule-mindelheim\/wp-content\/uploads\/sites\/2\/2021\/06\/3-dorf.jpg 1200w\" sizes=\"(max-width: 491px) 100vw, 491px\" \/><\/figure>\n\n\n\n<p>Die M\u00f6glichkeiten sind im Grunde unendlich \u2013 und der \u201enormale\u201c Unterricht gewinnt dadurch zus\u00e4tzlich, f\u00fcr Sch\u00fclerInnen und Lehrkr\u00e4fte.<\/p>\n\n\n\n<h3 class=\"has-vivid-green-cyan-color has-text-color wp-block-heading\"><strong><u>Was ist geplant?<\/u><\/strong><\/h3>\n\n\n\n<p>Niemand wei\u00df alles, das gilt auch f\u00fcr das Thema Nachhaltigkeit. Angespornt durch die guten Erfahrungen mit dem Englandprojekt unserer Technikerschule und Projekttagen in denen Referendare des Bereichs Ern\u00e4hrung mit Sch\u00fclern des Bereichs Kfz-technik gearbeitet haben, werden wir uns im Rahmen der Klimaschule besonders darauf konzentrieren, die St\u00e4rken des beruflichen Bildungswesens zu nutzen. Dies bedeutet, dass Sch\u00fcler und Lehrer unterschiedlicher Berufssparten die nachhaltigkeitsrelevanten Inhalte ihres eigenen Berufs an die Mitsch\u00fcler und Lehrer anderer Berufe weitergeben. Dies gilt intern f\u00fcr unsere Schule. Wir sehen aber im Rahmen der Nachhaltigkeitsbildung durchaus den Kommunikationsbedarf, aber auch Handlungsm\u00f6glichkeiten auf anderen Ebenen, bis hin zu internationalen Projekten. Mehr dazu in unserem Fortbildungsplan.<\/p>\n\n\n\n<h3 class=\"has-vivid-green-cyan-color has-text-color wp-block-heading\"><strong><u>Weitere Ideen:<\/u><\/strong><\/h3>\n\n\n\n<ul class=\"wp-block-list\"><li>Wettbewerbe<\/li><li>Betriebsbesichtigungen<\/li><\/ul>\n\n\n\n<p><\/p>\n\n\n\n<p><\/p>\n","protected":false},"excerpt":{"rendered":"<p>Bedeutung des Themas Unterricht\/Kommunikation f\u00fcr das Klima: Jede Wende beginnt im Kopf, auch die Energiewende! Insofern k\u00f6nnen Bildung und die Weitergabe von Wissen gar nicht hoch genug eingesch\u00e4tzt werden. Schulen kommt diese Aufgabe auf ganz nat\u00fcrliche Weise zu. Auf allen Rechtsebenen wurden deshalb verbindliche Vertr\u00e4ge (Agenda 21, Pariser Abkommen, UN Nachhaltigkeitsziele, Green Deal, europ\u00e4isches Klimaschutzgesetz) [&hellip;]<\/p>\n","protected":false},"author":7,"featured_media":0,"parent":0,"menu_order":0,"comment_status":"closed","ping_status":"closed","template":"","meta":{"footnotes":""},"class_list":["post-2338","page","type-page","status-publish","hentry"],"_links":{"self":[{"href":"https:\/\/www.bsmn.de\/berufsschule-mindelheim\/wp-json\/wp\/v2\/pages\/2338","targetHints":{"allow":["GET"]}}],"collection":[{"href":"https:\/\/www.bsmn.de\/berufsschule-mindelheim\/wp-json\/wp\/v2\/pages"}],"about":[{"href":"https:\/\/www.bsmn.de\/berufsschule-mindelheim\/wp-json\/wp\/v2\/types\/page"}],"author":[{"embeddable":true,"href":"https:\/\/www.bsmn.de\/berufsschule-mindelheim\/wp-json\/wp\/v2\/users\/7"}],"replies":[{"embeddable":true,"href":"https:\/\/www.bsmn.de\/berufsschule-mindelheim\/wp-json\/wp\/v2\/comments?post=2338"}],"version-history":[{"count":32,"href":"https:\/\/www.bsmn.de\/berufsschule-mindelheim\/wp-json\/wp\/v2\/pages\/2338\/revisions"}],"predecessor-version":[{"id":3156,"href":"https:\/\/www.bsmn.de\/berufsschule-mindelheim\/wp-json\/wp\/v2\/pages\/2338\/revisions\/3156"}],"wp:attachment":[{"href":"https:\/\/www.bsmn.de\/berufsschule-mindelheim\/wp-json\/wp\/v2\/media?parent=2338"}],"curies":[{"name":"wp","href":"https:\/\/api.w.org\/{rel}","templated":true}]}}