{"id":18,"date":"2020-06-24T11:39:27","date_gmt":"2020-06-24T09:39:27","guid":{"rendered":"http:\/\/bsmn.neuimweb.de\/berufsschule-mindelheim\/?page_id=18"},"modified":"2025-10-08T14:40:03","modified_gmt":"2025-10-08T12:40:03","slug":"kollegium","status":"publish","type":"page","link":"https:\/\/www.bsmn.de\/berufsschule-mindelheim\/wir-ueber-uns\/kollegium\/","title":{"rendered":"Kollegium"},"content":{"rendered":"<div class=\"wp-block-image\">\n<figure class=\"aligncenter size-large\"><img fetchpriority=\"high\" decoding=\"async\" width=\"1024\" height=\"544\" src=\"https:\/\/www.bsmn.de\/berufsschule-mindelheim\/wp-content\/uploads\/sites\/2\/2025\/10\/DSC_6896-HP-1024x544.jpg\" alt=\"\" class=\"wp-image-4452\" srcset=\"https:\/\/www.bsmn.de\/berufsschule-mindelheim\/wp-content\/uploads\/sites\/2\/2025\/10\/DSC_6896-HP-1024x544.jpg 1024w, https:\/\/www.bsmn.de\/berufsschule-mindelheim\/wp-content\/uploads\/sites\/2\/2025\/10\/DSC_6896-HP-300x159.jpg 300w, https:\/\/www.bsmn.de\/berufsschule-mindelheim\/wp-content\/uploads\/sites\/2\/2025\/10\/DSC_6896-HP-768x408.jpg 768w, https:\/\/www.bsmn.de\/berufsschule-mindelheim\/wp-content\/uploads\/sites\/2\/2025\/10\/DSC_6896-HP-600x319.jpg 600w, https:\/\/www.bsmn.de\/berufsschule-mindelheim\/wp-content\/uploads\/sites\/2\/2025\/10\/DSC_6896-HP.jpg 1200w\" sizes=\"(max-width: 1024px) 100vw, 1024px\" \/><\/figure>\n<\/div>\n\n\n<p>Gerne k\u00f6nnen Sie unsere Lehrer per E-Mail kontaktieren. Die E-Mail-Adresse setzt sich wie folgt zusammen:<br><strong>Vorname.Nachname@bsmn.de<\/strong> <em>(Hinweis: \u00e4=ae; \u00f6=oe; \u00fc=ue)<\/em><\/p>\n\n\n\n<table id=\"tablepress-1\" class=\"tablepress tablepress-id-1\">\n<thead>\n<tr class=\"row-1\">\n\t<th class=\"column-1\">Name<\/th><th class=\"column-2\">Vorname<\/th><th class=\"column-3\">Funktion<\/th>\n<\/tr>\n<\/thead>\n<tbody class=\"row-striping row-hover\">\n<tr class=\"row-2\">\n\t<td class=\"column-1\">Albrecht<\/td><td class=\"column-2\">Maximilian<\/td><td class=\"column-3\"><\/td>\n<\/tr>\n<tr class=\"row-3\">\n\t<td class=\"column-1\">Alt<\/td><td class=\"column-2\">Andreas<\/td><td class=\"column-3\"><\/td>\n<\/tr>\n<tr class=\"row-4\">\n\t<td class=\"column-1\">Amberger <\/td><td class=\"column-2\">Armin<\/td><td class=\"column-3\">Praxismeister Landwirtschaft<\/td>\n<\/tr>\n<tr class=\"row-5\">\n\t<td class=\"column-1\">Baum<\/td><td class=\"column-2\">Alexander<\/td><td class=\"column-3\">Systembetreuer MN<\/td>\n<\/tr>\n<tr class=\"row-6\">\n\t<td class=\"column-1\">Dr. Biela<\/td><td class=\"column-2\">Andreas<\/td><td class=\"column-3\"><\/td>\n<\/tr>\n<tr class=\"row-7\">\n\t<td class=\"column-1\">Burghard<\/td><td class=\"column-2\">Caroline<\/td><td class=\"column-3\"><\/td>\n<\/tr>\n<tr class=\"row-8\">\n\t<td class=\"column-1\">Fichtel<\/td><td class=\"column-2\">Peter<\/td><td class=\"column-3\"><\/td>\n<\/tr>\n<tr class=\"row-9\">\n\t<td class=\"column-1\">Fischer<\/td><td class=\"column-2\">Bernhard<\/td><td class=\"column-3\">Fachbetreuer Sozialkunde (komm.)<\/td>\n<\/tr>\n<tr class=\"row-10\">\n\t<td class=\"column-1\">Gaja<\/td><td class=\"column-2\">Markus<\/td><td class=\"column-3\">Mitarbeiter in der Schulleitung als Systembetreuer<\/td>\n<\/tr>\n<tr class=\"row-11\">\n\t<td class=\"column-1\">Geller<\/td><td class=\"column-2\">Karl<\/td><td class=\"column-3\"><\/td>\n<\/tr>\n<tr class=\"row-12\">\n\t<td class=\"column-1\">Goldstein<\/td><td class=\"column-2\">Johannes<\/td><td class=\"column-3\">Fachbetreuer Landwirtschaft<\/td>\n<\/tr>\n<tr class=\"row-13\">\n\t<td class=\"column-1\">G\u00f6ppel<\/td><td class=\"column-2\">Gottfried<\/td><td class=\"column-3\">Schulleiter<\/td>\n<\/tr>\n<tr class=\"row-14\">\n\t<td class=\"column-1\">G\u00f6ppel<\/td><td class=\"column-2\">Wolfgang<\/td><td class=\"column-3\">Praxismeister Landwirtschaft<\/td>\n<\/tr>\n<tr class=\"row-15\">\n\t<td class=\"column-1\">Grimmeisen <\/td><td class=\"column-2\">Ina<\/td><td class=\"column-3\"><\/td>\n<\/tr>\n<tr class=\"row-16\">\n\t<td class=\"column-1\">Gust<\/td><td class=\"column-2\">Holger<\/td><td class=\"column-3\">Drogenbeauftragter, Fachbetreuer Technikerschule<\/td>\n<\/tr>\n<tr class=\"row-17\">\n\t<td class=\"column-1\">Heckmann<\/td><td class=\"column-2\">Beate<\/td><td class=\"column-3\"><\/td>\n<\/tr>\n<tr class=\"row-18\">\n\t<td class=\"column-1\">Heinz <\/td><td class=\"column-2\">Ewald<\/td><td class=\"column-3\">Fachbetreuer Fahrzeugtechnik (komm.)<\/td>\n<\/tr>\n<tr class=\"row-19\">\n\t<td class=\"column-1\">Huber<\/td><td class=\"column-2\">Georg<\/td><td class=\"column-3\"><\/td>\n<\/tr>\n<tr class=\"row-20\">\n\t<td class=\"column-1\">Huber <\/td><td class=\"column-2\">Michael<\/td><td class=\"column-3\"><\/td>\n<\/tr>\n<tr class=\"row-21\">\n\t<td class=\"column-1\">Kochanski<\/td><td class=\"column-2\">Andreas<\/td><td class=\"column-3\">Datenschutzbeauftragter<\/td>\n<\/tr>\n<tr class=\"row-22\">\n\t<td class=\"column-1\">Kling<\/td><td class=\"column-2\">Hubert<\/td><td class=\"column-3\">Praxismeister Landwirtschaft<\/td>\n<\/tr>\n<tr class=\"row-23\">\n\t<td class=\"column-1\">Kuckenburg<\/td><td class=\"column-2\">Roland<\/td><td class=\"column-3\"><\/td>\n<\/tr>\n<tr class=\"row-24\">\n\t<td class=\"column-1\">K\u00fchnel<\/td><td class=\"column-2\">Dietmar<\/td><td class=\"column-3\"><\/td>\n<\/tr>\n<tr class=\"row-25\">\n\t<td class=\"column-1\">Kurzen<\/td><td class=\"column-2\">Andreas<\/td><td class=\"column-3\">Fachbetreuer Fahrzeugtechnik (komm.)<\/td>\n<\/tr>\n<tr class=\"row-26\">\n\t<td class=\"column-1\">Lutzenberger <\/td><td class=\"column-2\">Stefan<\/td><td class=\"column-3\">Fachbetreuer Fahrzeugtechnik, Sicherheitsbeauftragter<\/td>\n<\/tr>\n<tr class=\"row-27\">\n\t<td class=\"column-1\">Mammensohn<\/td><td class=\"column-2\">Ulrich<\/td><td class=\"column-3\"><\/td>\n<\/tr>\n<tr class=\"row-28\">\n\t<td class=\"column-1\">Meissner<\/td><td class=\"column-2\">Thomas<\/td><td class=\"column-3\"><\/td>\n<\/tr>\n<tr class=\"row-29\">\n\t<td class=\"column-1\">Metz<\/td><td class=\"column-2\">Michael<\/td><td class=\"column-3\">Praxismeister Landwirtschaft<\/td>\n<\/tr>\n<tr class=\"row-30\">\n\t<td class=\"column-1\">M\u00fcller<\/td><td class=\"column-2\">Christoph<\/td><td class=\"column-3\"><\/td>\n<\/tr>\n<tr class=\"row-31\">\n\t<td class=\"column-1\">M\u00fcller<\/td><td class=\"column-2\">Martin<\/td><td class=\"column-3\"><\/td>\n<\/tr>\n<tr class=\"row-32\">\n\t<td class=\"column-1\">Niegl<\/td><td class=\"column-2\">Philipp<\/td><td class=\"column-3\">Beauftragter f\u00fcr bes. Dienste<\/td>\n<\/tr>\n<tr class=\"row-33\">\n\t<td class=\"column-1\">Orth<\/td><td class=\"column-2\">Alexander<\/td><td class=\"column-3\"><\/td>\n<\/tr>\n<tr class=\"row-34\">\n\t<td class=\"column-1\">Osterried<\/td><td class=\"column-2\">Daniel<\/td><td class=\"column-3\">Verbindungslehrer, Multiplikator Fahrzeugtechnik im Regierungsbezirk Schwaben<\/td>\n<\/tr>\n<tr class=\"row-35\">\n\t<td class=\"column-1\">Plattner<\/td><td class=\"column-2\">Johannes<\/td><td class=\"column-3\">Praxismeister Landwirtschaft<\/td>\n<\/tr>\n<tr class=\"row-36\">\n\t<td class=\"column-1\">Rauscher<\/td><td class=\"column-2\">Paola<\/td><td class=\"column-3\"><\/td>\n<\/tr>\n<tr class=\"row-37\">\n\t<td class=\"column-1\">Reimers<\/td><td class=\"column-2\">Reinhard<\/td><td class=\"column-3\"><\/td>\n<\/tr>\n<tr class=\"row-38\">\n\t<td class=\"column-1\">Rowohl<\/td><td class=\"column-2\">J\u00f6rg<\/td><td class=\"column-3\">Fachbetreuer Wirtschaft\/Verwaltung<\/td>\n<\/tr>\n<tr class=\"row-39\">\n\t<td class=\"column-1\">Rowohl<\/td><td class=\"column-2\">Petra<\/td><td class=\"column-3\"><\/td>\n<\/tr>\n<tr class=\"row-40\">\n\t<td class=\"column-1\">Rubel<\/td><td class=\"column-2\">Simon<\/td><td class=\"column-3\"><\/td>\n<\/tr>\n<tr class=\"row-41\">\n\t<td class=\"column-1\">Schenk<\/td><td class=\"column-2\">Michael<\/td><td class=\"column-3\">Fachbetreuer Deutsch (komm.)<\/td>\n<\/tr>\n<tr class=\"row-42\">\n\t<td class=\"column-1\">Schie\u00dfl<\/td><td class=\"column-2\">Alexandra<\/td><td class=\"column-3\"><\/td>\n<\/tr>\n<tr class=\"row-43\">\n\t<td class=\"column-1\">Schoeneich<\/td><td class=\"column-2\">Ulrich<\/td><td class=\"column-3\">Integrationsbeauftragter<\/td>\n<\/tr>\n<tr class=\"row-44\">\n\t<td class=\"column-1\">Schunke<\/td><td class=\"column-2\">Sebastian<\/td><td class=\"column-3\">Leitung QmbS<\/td>\n<\/tr>\n<tr class=\"row-45\">\n\t<td class=\"column-1\">Schuster<\/td><td class=\"column-2\">Carolina<\/td><td class=\"column-3\">Fachbetreuerin Mathematik<\/td>\n<\/tr>\n<tr class=\"row-46\">\n\t<td class=\"column-1\">Tabery<\/td><td class=\"column-2\">Eva<\/td><td class=\"column-3\"><\/td>\n<\/tr>\n<tr class=\"row-47\">\n\t<td class=\"column-1\">Vadurro<\/td><td class=\"column-2\">Fiorenzo<\/td><td class=\"column-3\">Beratungslehrer<\/td>\n<\/tr>\n<tr class=\"row-48\">\n\t<td class=\"column-1\">Wasim-Straub<\/td><td class=\"column-2\">Dilpak<\/td><td class=\"column-3\"><\/td>\n<\/tr>\n<tr class=\"row-49\">\n\t<td class=\"column-1\">Weber<\/td><td class=\"column-2\">J\u00fcrgen<\/td><td class=\"column-3\">Mitarbeiter in der Schulleitung, Schulentwicklungs- und Fortbildungskoordinator; Presse<\/td>\n<\/tr>\n<tr class=\"row-50\">\n\t<td class=\"column-1\">Wilhelm<\/td><td class=\"column-2\">Katrin<\/td><td class=\"column-3\">Stellvertretende Schulleiterin<\/td>\n<\/tr>\n<tr class=\"row-51\">\n\t<td class=\"column-1\">Winter<\/td><td class=\"column-2\">Rebecca<\/td><td class=\"column-3\"><\/td>\n<\/tr>\n<tr class=\"row-52\">\n\t<td class=\"column-1\">Ziegra <\/td><td class=\"column-2\">Anne<\/td><td class=\"column-3\"><\/td>\n<\/tr>\n<tr class=\"row-53\">\n\t<td class=\"column-1\">Zieger <\/td><td class=\"column-2\">Alexandra<\/td><td class=\"column-3\"><\/td>\n<\/tr>\n<\/tbody>\n<\/table>\n<!-- #tablepress-1 from cache -->\n","protected":false},"excerpt":{"rendered":"<p>Gerne k\u00f6nnen Sie unsere Lehrer per E-Mail kontaktieren. Die E-Mail-Adresse setzt sich wie folgt zusammen:Vorname.Nachname@bsmn.de (Hinweis: \u00e4=ae; \u00f6=oe; \u00fc=ue)<\/p>\n","protected":false},"author":2,"featured_media":1454,"parent":9,"menu_order":0,"comment_status":"closed","ping_status":"closed","template":"","meta":{"footnotes":""},"class_list":["post-18","page","type-page","status-publish","has-post-thumbnail","hentry"],"_links":{"self":[{"href":"https:\/\/www.bsmn.de\/berufsschule-mindelheim\/wp-json\/wp\/v2\/pages\/18","targetHints":{"allow":["GET"]}}],"collection":[{"href":"https:\/\/www.bsmn.de\/berufsschule-mindelheim\/wp-json\/wp\/v2\/pages"}],"about":[{"href":"https:\/\/www.bsmn.de\/berufsschule-mindelheim\/wp-json\/wp\/v2\/types\/page"}],"author":[{"embeddable":true,"href":"https:\/\/www.bsmn.de\/berufsschule-mindelheim\/wp-json\/wp\/v2\/users\/2"}],"replies":[{"embeddable":true,"href":"https:\/\/www.bsmn.de\/berufsschule-mindelheim\/wp-json\/wp\/v2\/comments?post=18"}],"version-history":[{"count":34,"href":"https:\/\/www.bsmn.de\/berufsschule-mindelheim\/wp-json\/wp\/v2\/pages\/18\/revisions"}],"predecessor-version":[{"id":4453,"href":"https:\/\/www.bsmn.de\/berufsschule-mindelheim\/wp-json\/wp\/v2\/pages\/18\/revisions\/4453"}],"up":[{"embeddable":true,"href":"https:\/\/www.bsmn.de\/berufsschule-mindelheim\/wp-json\/wp\/v2\/pages\/9"}],"wp:featuredmedia":[{"embeddable":true,"href":"https:\/\/www.bsmn.de\/berufsschule-mindelheim\/wp-json\/wp\/v2\/media\/1454"}],"wp:attachment":[{"href":"https:\/\/www.bsmn.de\/berufsschule-mindelheim\/wp-json\/wp\/v2\/media?parent=18"}],"curies":[{"name":"wp","href":"https:\/\/api.w.org\/{rel}","templated":true}]}}