{"id":1349,"date":"2021-01-05T16:14:26","date_gmt":"2021-01-05T15:14:26","guid":{"rendered":"http:\/\/bsmn.neuimweb.de\/berufsschule-mindelheim\/?page_id=1349"},"modified":"2023-03-24T08:33:32","modified_gmt":"2023-03-24T07:33:32","slug":"technischen-colleg-nummer-24-in-jaroslawl-russland","status":"publish","type":"page","link":"https:\/\/www.bsmn.de\/berufsschule-mindelheim\/technischen-colleg-nummer-24-in-jaroslawl-russland\/","title":{"rendered":"Technische Colleg Nummer 24 in Jaroslawl, Russland"},"content":{"rendered":"\n<h4 class=\"wp-block-heading\">Kurzbeschreibung<\/h4>\n\n\n<div class=\"wp-block-image\">\n<figure class=\"alignright size-large\"><img fetchpriority=\"high\" decoding=\"async\" width=\"302\" height=\"203\" src=\"https:\/\/www.bsmn.de\/berufsschule-mindelheim\/wp-content\/uploads\/sites\/2\/2021\/01\/fahne-russland-2.png\" alt=\"\" class=\"wp-image-1364\" srcset=\"https:\/\/www.bsmn.de\/berufsschule-mindelheim\/wp-content\/uploads\/sites\/2\/2021\/01\/fahne-russland-2.png 302w, https:\/\/www.bsmn.de\/berufsschule-mindelheim\/wp-content\/uploads\/sites\/2\/2021\/01\/fahne-russland-2-300x202.png 300w\" sizes=\"(max-width: 302px) 100vw, 302px\" \/><\/figure>\n<\/div>\n\n\n<p>Das Ziel der Deutsch-Russischen Bildungspartnerschaft ist es, L\u00fccken im jeweiligen Bildungssystem des Partners zu schlie\u00dfen. Mit Hilfe des Mangold-Stipendiums haben die russischen Auszubildenden die M\u00f6glichkeiten, in deutschen Ausbildungsbetrieben Praktika zu absolvieren. Dabei arbeiten sie mit Auszubildenden aus Deutschland im Team zusammen.<\/p>\n\n\n\n<p><strong>Was war das Besondere an dem Projekt?<\/strong><\/p>\n\n\n\n<p>Durch das Stipendium haben die russischen Auszubildenden die M\u00f6glichkeit, in Deutschland ein Betriebspraktikum bei bekannten KfZ-Werkst\u00e4tten und erfahrenen Ausbildungsbetrieben zu absolvieren. W\u00e4hrend des Praktikums arbeiten die russischen Auszubildenden eng mit deutschen zusammen und lernen die hiesigen Arbeitsabl\u00e4ufe und -techniken kennen. Dabei sammeln die Auszubildenden wichtige Praxiserfahrungen, die besonders vor dem Hintergrund, dass die komplette Ausbildung in Russland nur in der Schule stattfindet, sehr wertvoll sind. Mit dem erworbenen Zertifikat k\u00f6nnen sie sich sp\u00e4ter in Russland bewerben.<strong><\/strong><\/p>\n\n\n\n<p>Trotz der bestehenden Sprachbarrieren sind die Auszubildenden aus Russland in den Betriebsalltag integriert und arbeiten Hand in Hand mit den deutschen Auszubildenden, wobei beide Seiten ihre fachlichen und sozialen Kompetenzen erweitern k\u00f6nnen.<\/p>\n\n\n<div class=\"wp-block-image\">\n<figure class=\"alignleft size-large is-resized\"><img decoding=\"async\" src=\"https:\/\/www.bsmn.de\/berufsschule-mindelheim\/wp-content\/uploads\/sites\/2\/2021\/01\/DSC_0765-2-1024x683.jpg\" alt=\"\" class=\"wp-image-1407\" width=\"453\" height=\"302\" srcset=\"https:\/\/www.bsmn.de\/berufsschule-mindelheim\/wp-content\/uploads\/sites\/2\/2021\/01\/DSC_0765-2-1024x683.jpg 1024w, https:\/\/www.bsmn.de\/berufsschule-mindelheim\/wp-content\/uploads\/sites\/2\/2021\/01\/DSC_0765-2-300x200.jpg 300w, https:\/\/www.bsmn.de\/berufsschule-mindelheim\/wp-content\/uploads\/sites\/2\/2021\/01\/DSC_0765-2-768x512.jpg 768w, https:\/\/www.bsmn.de\/berufsschule-mindelheim\/wp-content\/uploads\/sites\/2\/2021\/01\/DSC_0765-2-600x400.jpg 600w, https:\/\/www.bsmn.de\/berufsschule-mindelheim\/wp-content\/uploads\/sites\/2\/2021\/01\/DSC_0765-2.jpg 1200w\" sizes=\"(max-width: 453px) 100vw, 453px\" \/><\/figure>\n<\/div>\n\n\n<p>Erg\u00e4nzt wird das Fachpraktikum durch verschiedene Freizeitaktivit\u00e4ten, bei denen die russischen Auszubildenden sowohl ihre deutschen Kollegen als auch die kulturellen und kulinarischen Besonderheiten des Gastlandes besser kennenzulernen.<\/p>\n\n\n\n<p><strong>Was hat das Projekt den Teilnehmenden gebracht?<\/strong><\/p>\n\n\n\n<p>Die Stipendiaten haben eine internationale Mobilit\u00e4tserfahrung gemacht. Sie haben dabei nicht nur ihre beruflichen Qualifikationen erweitert, sondern auch interkulturelle Kompetenzen gewonnen und Freundschaften geschlossen, die \u00fcber das Praktikum hinaus Bestand haben. <strong><\/strong><\/p>\n\n\n\n<p><strong>Was bringt Ihrer Einrichtung die Zusammenarbeit mit einem russischen bzw. deutschen Partner?<\/strong> Wir organisieren nicht nur Praktikumspl\u00e4tze f\u00fcr russische Auszubildende im Rahmen des Mangoldstipendiums. Mit der russischen Partnerschule in Jaroslawl f\u00fchren wir seit mehreren Jahren auch berufliche Jugendaustausche in Russland und Deutschland durch.<br>W\u00e4hrend einer Berufsausbildung in der Industrie ist es inzwischen Standard, Auszubildende f\u00fcr mehrere Wochen f\u00fcr eine Lernerfahrung ins Ausland zu schicken. In der KfZ-Branche ist das eher un\u00fcblich. Durch die Zusammenarbeit und Partnerschaft mit der russischen Berufsschule k\u00f6nnen beide Einrichtungen Austauschprojekte anbieten und dadurch die Ausbildung zum\u00a0Kfz-Mechatroniker f\u00fcr die Auszubildenden attraktiver machen.<\/p>\n\n\n\n<p><strong>Was muss getan werden, um den deutsch-russischen beruflichen Jugendaustausch&nbsp;auszubauen und mehr Einrichtungen der beruflichen Bildung f\u00fcr die Zusammenarbeit und Austauschprojekte mit Russland zu gewinnen?<\/strong><\/p>\n\n\n\n<p>Viele Berufsschulen schreckt sicherlich der hohe Organisationsaufwand ab. Die meisten kennen die komplizierten Antr\u00e4ge von Erasmus und wissen nicht, dass das Antragsverfahren bei der Stiftung DRJA deutlich besser und weniger zeitaufw\u00e4ndig ist. Das sollte bekannter gemacht werden. Eine gro\u00dfe Herausforderung stellen auch die sprachlichen H\u00fcrden dar. Wir kommunizieren mit den russischen Partnern soweit m\u00f6glich auf Englisch, oft aber auch mit Hilfe einer ehrenamtlich arbeitenden Dolmetscherin \u2013 die aber nat\u00fcrlich nicht jede Schule zur Hand hat.<\/p>\n\n\n\n<p>Bei unserem letzten Besuch in Russland standen unseren Sch\u00fclern h\u00e4ufig drei Studierende einer Dolmetscherschule zur Seite. Diese wurden von den Gastgebern finanziert bzw. sie konnten sich diese Leistung auf ihr Studium anrechnen lassen. Ein \u00e4hnliches (Finanzierungs-)Modell f\u00fcr Deutschland w\u00e4re ein gro\u00dfer Pluspunkt.<\/p>\n\n\n\n<h4 class=\"wp-block-heading\">Interessierte Auszubildende k\u00f6nnen sich hierbei an folgende Lehrkr\u00e4fte wenden:<\/h4>\n\n\n\n<p>Geller Karl, StD<br>Heinz Ewald, StR<br>Niegl Philipp, StR<\/p>\n\n\n\n<figure class=\"wp-block-gallery has-nested-images columns-default is-cropped wp-block-gallery-1 is-layout-flex wp-block-gallery-is-layout-flex\">\n<figure class=\"wp-block-image size-large\"><img decoding=\"async\" width=\"1024\" height=\"683\" data-id=\"1397\" src=\"https:\/\/www.bsmn.de\/berufsschule-mindelheim\/wp-content\/uploads\/sites\/2\/2021\/01\/DSC_0774-1024x683.jpg\" alt=\"\" class=\"wp-image-1397\" srcset=\"https:\/\/www.bsmn.de\/berufsschule-mindelheim\/wp-content\/uploads\/sites\/2\/2021\/01\/DSC_0774-1024x683.jpg 1024w, https:\/\/www.bsmn.de\/berufsschule-mindelheim\/wp-content\/uploads\/sites\/2\/2021\/01\/DSC_0774-300x200.jpg 300w, https:\/\/www.bsmn.de\/berufsschule-mindelheim\/wp-content\/uploads\/sites\/2\/2021\/01\/DSC_0774-768x512.jpg 768w, https:\/\/www.bsmn.de\/berufsschule-mindelheim\/wp-content\/uploads\/sites\/2\/2021\/01\/DSC_0774-600x400.jpg 600w, https:\/\/www.bsmn.de\/berufsschule-mindelheim\/wp-content\/uploads\/sites\/2\/2021\/01\/DSC_0774.jpg 1200w\" sizes=\"(max-width: 1024px) 100vw, 1024px\" \/><\/figure>\n\n\n\n<figure class=\"wp-block-image size-large\"><img loading=\"lazy\" decoding=\"async\" width=\"1024\" height=\"683\" data-id=\"1398\" src=\"https:\/\/www.bsmn.de\/berufsschule-mindelheim\/wp-content\/uploads\/sites\/2\/2021\/01\/DSC_0754-1024x683.jpg\" alt=\"\" class=\"wp-image-1398\" srcset=\"https:\/\/www.bsmn.de\/berufsschule-mindelheim\/wp-content\/uploads\/sites\/2\/2021\/01\/DSC_0754-1024x683.jpg 1024w, https:\/\/www.bsmn.de\/berufsschule-mindelheim\/wp-content\/uploads\/sites\/2\/2021\/01\/DSC_0754-300x200.jpg 300w, https:\/\/www.bsmn.de\/berufsschule-mindelheim\/wp-content\/uploads\/sites\/2\/2021\/01\/DSC_0754-768x512.jpg 768w, https:\/\/www.bsmn.de\/berufsschule-mindelheim\/wp-content\/uploads\/sites\/2\/2021\/01\/DSC_0754-600x400.jpg 600w, https:\/\/www.bsmn.de\/berufsschule-mindelheim\/wp-content\/uploads\/sites\/2\/2021\/01\/DSC_0754.jpg 1200w\" sizes=\"(max-width: 1024px) 100vw, 1024px\" \/><\/figure>\n\n\n\n<figure class=\"wp-block-image size-large\"><img loading=\"lazy\" decoding=\"async\" width=\"1024\" height=\"683\" data-id=\"1399\" src=\"https:\/\/www.bsmn.de\/berufsschule-mindelheim\/wp-content\/uploads\/sites\/2\/2021\/01\/DSC_0864-1024x683.jpg\" alt=\"\" class=\"wp-image-1399\" srcset=\"https:\/\/www.bsmn.de\/berufsschule-mindelheim\/wp-content\/uploads\/sites\/2\/2021\/01\/DSC_0864-1024x683.jpg 1024w, https:\/\/www.bsmn.de\/berufsschule-mindelheim\/wp-content\/uploads\/sites\/2\/2021\/01\/DSC_0864-300x200.jpg 300w, https:\/\/www.bsmn.de\/berufsschule-mindelheim\/wp-content\/uploads\/sites\/2\/2021\/01\/DSC_0864-768x512.jpg 768w, https:\/\/www.bsmn.de\/berufsschule-mindelheim\/wp-content\/uploads\/sites\/2\/2021\/01\/DSC_0864-600x400.jpg 600w, https:\/\/www.bsmn.de\/berufsschule-mindelheim\/wp-content\/uploads\/sites\/2\/2021\/01\/DSC_0864.jpg 1200w\" sizes=\"(max-width: 1024px) 100vw, 1024px\" \/><\/figure>\n\n\n\n<figure class=\"wp-block-image size-large\"><img loading=\"lazy\" decoding=\"async\" width=\"1024\" height=\"683\" data-id=\"1400\" src=\"https:\/\/www.bsmn.de\/berufsschule-mindelheim\/wp-content\/uploads\/sites\/2\/2021\/01\/DSC_1119-1024x683.jpg\" alt=\"\" class=\"wp-image-1400\" srcset=\"https:\/\/www.bsmn.de\/berufsschule-mindelheim\/wp-content\/uploads\/sites\/2\/2021\/01\/DSC_1119-1024x683.jpg 1024w, https:\/\/www.bsmn.de\/berufsschule-mindelheim\/wp-content\/uploads\/sites\/2\/2021\/01\/DSC_1119-300x200.jpg 300w, https:\/\/www.bsmn.de\/berufsschule-mindelheim\/wp-content\/uploads\/sites\/2\/2021\/01\/DSC_1119-768x512.jpg 768w, https:\/\/www.bsmn.de\/berufsschule-mindelheim\/wp-content\/uploads\/sites\/2\/2021\/01\/DSC_1119-600x400.jpg 600w, https:\/\/www.bsmn.de\/berufsschule-mindelheim\/wp-content\/uploads\/sites\/2\/2021\/01\/DSC_1119.jpg 1200w\" sizes=\"(max-width: 1024px) 100vw, 1024px\" \/><\/figure>\n\n\n\n<figure class=\"wp-block-image size-large\"><img loading=\"lazy\" decoding=\"async\" width=\"1024\" height=\"577\" data-id=\"1401\" src=\"https:\/\/www.bsmn.de\/berufsschule-mindelheim\/wp-content\/uploads\/sites\/2\/2021\/01\/WP_20190520_15_31_16_Pro-1024x577.jpg\" alt=\"\" class=\"wp-image-1401\" srcset=\"https:\/\/www.bsmn.de\/berufsschule-mindelheim\/wp-content\/uploads\/sites\/2\/2021\/01\/WP_20190520_15_31_16_Pro-1024x577.jpg 1024w, https:\/\/www.bsmn.de\/berufsschule-mindelheim\/wp-content\/uploads\/sites\/2\/2021\/01\/WP_20190520_15_31_16_Pro-300x169.jpg 300w, https:\/\/www.bsmn.de\/berufsschule-mindelheim\/wp-content\/uploads\/sites\/2\/2021\/01\/WP_20190520_15_31_16_Pro-768x433.jpg 768w, https:\/\/www.bsmn.de\/berufsschule-mindelheim\/wp-content\/uploads\/sites\/2\/2021\/01\/WP_20190520_15_31_16_Pro-150x85.jpg 150w, https:\/\/www.bsmn.de\/berufsschule-mindelheim\/wp-content\/uploads\/sites\/2\/2021\/01\/WP_20190520_15_31_16_Pro-600x338.jpg 600w, https:\/\/www.bsmn.de\/berufsschule-mindelheim\/wp-content\/uploads\/sites\/2\/2021\/01\/WP_20190520_15_31_16_Pro.jpg 1200w\" sizes=\"(max-width: 1024px) 100vw, 1024px\" \/><\/figure>\n\n\n\n<figure class=\"wp-block-image size-large\"><img loading=\"lazy\" decoding=\"async\" width=\"674\" height=\"603\" data-id=\"1412\" src=\"https:\/\/www.bsmn.de\/berufsschule-mindelheim\/wp-content\/uploads\/sites\/2\/2021\/01\/WP_20190520_19_52_12_Pro-1.jpg\" alt=\"\" class=\"wp-image-1412\" srcset=\"https:\/\/www.bsmn.de\/berufsschule-mindelheim\/wp-content\/uploads\/sites\/2\/2021\/01\/WP_20190520_19_52_12_Pro-1.jpg 674w, https:\/\/www.bsmn.de\/berufsschule-mindelheim\/wp-content\/uploads\/sites\/2\/2021\/01\/WP_20190520_19_52_12_Pro-1-300x268.jpg 300w, https:\/\/www.bsmn.de\/berufsschule-mindelheim\/wp-content\/uploads\/sites\/2\/2021\/01\/WP_20190520_19_52_12_Pro-1-600x537.jpg 600w\" sizes=\"(max-width: 674px) 100vw, 674px\" \/><\/figure>\n<\/figure>\n","protected":false},"excerpt":{"rendered":"<p>Kurzbeschreibung Das Ziel der Deutsch-Russischen Bildungspartnerschaft ist es, L\u00fccken im jeweiligen Bildungssystem des Partners zu schlie\u00dfen. Mit Hilfe des Mangold-Stipendiums haben die russischen Auszubildenden die M\u00f6glichkeiten, in deutschen Ausbildungsbetrieben Praktika zu absolvieren. Dabei arbeiten sie mit Auszubildenden aus Deutschland im Team zusammen. Was war das Besondere an dem Projekt? Durch das Stipendium haben die russischen [&hellip;]<\/p>\n","protected":false},"author":7,"featured_media":957,"parent":0,"menu_order":0,"comment_status":"closed","ping_status":"closed","template":"","meta":{"footnotes":""},"class_list":["post-1349","page","type-page","status-publish","has-post-thumbnail","hentry"],"_links":{"self":[{"href":"https:\/\/www.bsmn.de\/berufsschule-mindelheim\/wp-json\/wp\/v2\/pages\/1349","targetHints":{"allow":["GET"]}}],"collection":[{"href":"https:\/\/www.bsmn.de\/berufsschule-mindelheim\/wp-json\/wp\/v2\/pages"}],"about":[{"href":"https:\/\/www.bsmn.de\/berufsschule-mindelheim\/wp-json\/wp\/v2\/types\/page"}],"author":[{"embeddable":true,"href":"https:\/\/www.bsmn.de\/berufsschule-mindelheim\/wp-json\/wp\/v2\/users\/7"}],"replies":[{"embeddable":true,"href":"https:\/\/www.bsmn.de\/berufsschule-mindelheim\/wp-json\/wp\/v2\/comments?post=1349"}],"version-history":[{"count":11,"href":"https:\/\/www.bsmn.de\/berufsschule-mindelheim\/wp-json\/wp\/v2\/pages\/1349\/revisions"}],"predecessor-version":[{"id":3778,"href":"https:\/\/www.bsmn.de\/berufsschule-mindelheim\/wp-json\/wp\/v2\/pages\/1349\/revisions\/3778"}],"wp:featuredmedia":[{"embeddable":true,"href":"https:\/\/www.bsmn.de\/berufsschule-mindelheim\/wp-json\/wp\/v2\/media\/957"}],"wp:attachment":[{"href":"https:\/\/www.bsmn.de\/berufsschule-mindelheim\/wp-json\/wp\/v2\/media?parent=1349"}],"curies":[{"name":"wp","href":"https:\/\/api.w.org\/{rel}","templated":true}]}}