{"id":1339,"date":"2021-01-05T16:07:58","date_gmt":"2021-01-05T15:07:58","guid":{"rendered":"http:\/\/bsmn.neuimweb.de\/berufsschule-mindelheim\/?page_id=1339"},"modified":"2023-03-22T08:57:03","modified_gmt":"2023-03-22T07:57:03","slug":"berufsschule-lycee-des-metiers-in-vedene","status":"publish","type":"page","link":"https:\/\/www.bsmn.de\/berufsschule-mindelheim\/berufsschule-lycee-des-metiers-in-vedene\/","title":{"rendered":"Berufsschule Lyc\u00e9e des M\u00e9tiers in Ved\u00e8ne, Frankreich"},"content":{"rendered":"<div class=\"wp-block-image\">\n<figure class=\"alignright size-large is-resized\"><img decoding=\"async\" src=\"https:\/\/www.bsmn.de\/berufsschule-mindelheim\/wp-content\/uploads\/sites\/2\/2021\/01\/fahne-frankreich-1.png\" alt=\"\" class=\"wp-image-1361\" width=\"254\" height=\"170\"\/><\/figure>\n<\/div>\n\n\n<h4 class=\"wp-block-heading\">Kurzbeschreibung<\/h4>\n\n\n\n<p>Internationale Berufserfahrung ist eine immer st\u00e4rker nachgefragte Schl\u00fcsselqualifikation f\u00fcr Arbeitnehmer. Auch die IHK und HWK sehen diese Entwicklung und haben daher mit Empfehlungsschreiben das Projekt der Berufsschule Mindelheim unterst\u00fctzt, ihren Berufssch\u00fclern schon w\u00e4hrend der Ausbildungsphase ein Auslandspraktikum zu erm\u00f6glichen.&nbsp; Mit Hilfe des ProTandem (<a href=\"https:\/\/protandem.org\/bildungseinrichtungen\/gruppenaustausch-in-der-ausbildung\/\">https:\/\/protandem.org\/bildungseinrichtungen\/gruppenaustausch-in-der-ausbildung\/<\/a>) mit Sitz in Saarbr\u00fccken wurde eine Berufsschule in Frankreich gefunden, deren Ausbildungsprofil dem der Berufsschule Mindelheim entspricht. Hierbei handelt es sich um das Lycee des Metiers in Ved\u00e8ne in der N\u00e4he von Avignon.<\/p>\n\n\n\n<p>Seit dem Schuljahr 2016\/2017 findet f\u00fcr Auszubildende aus den Bereichen Nutzfahrzeugmechatronik, Land- und Baumaschinenmechatronik und Berufskraftfahrer ein jeweils dreiw\u00f6chiger Austausch statt. Im November bekommt die Berufsschule Mindelheim Besuch von ihrer franz\u00f6sischen Partnerschule, im darauffolgenden Januar treten unsere Berufssch\u00fcler ihren Aufenthalt in Frankreich an. Dieser ist folgenderma\u00dfen aufgebaut: <\/p>\n\n\n<div class=\"wp-block-image\">\n<figure class=\"alignleft size-large is-resized\"><img fetchpriority=\"high\" decoding=\"async\" src=\"https:\/\/www.bsmn.de\/berufsschule-mindelheim\/wp-content\/uploads\/sites\/2\/2021\/01\/Praktikum-1.jpg\" alt=\"\" class=\"wp-image-1374\" width=\"380\" height=\"214\" srcset=\"https:\/\/www.bsmn.de\/berufsschule-mindelheim\/wp-content\/uploads\/sites\/2\/2021\/01\/Praktikum-1.jpg 1024w, https:\/\/www.bsmn.de\/berufsschule-mindelheim\/wp-content\/uploads\/sites\/2\/2021\/01\/Praktikum-1-300x169.jpg 300w, https:\/\/www.bsmn.de\/berufsschule-mindelheim\/wp-content\/uploads\/sites\/2\/2021\/01\/Praktikum-1-768x432.jpg 768w, https:\/\/www.bsmn.de\/berufsschule-mindelheim\/wp-content\/uploads\/sites\/2\/2021\/01\/Praktikum-1-150x85.jpg 150w, https:\/\/www.bsmn.de\/berufsschule-mindelheim\/wp-content\/uploads\/sites\/2\/2021\/01\/Praktikum-1-600x338.jpg 600w\" sizes=\"(max-width: 380px) 100vw, 380px\" \/><\/figure>\n<\/div>\n\n\n<p>1. Woche: Tandemsprachkurs (Erlernen der jeweiligen Sprache), Kennenlernen der Schule<\/p>\n\n\n\n<p>2. und 3. Woche: Betriebspraktikum<\/p>\n\n\n\n<p>Im Rahmen des Austauschprogramms erhalten die Auszubildenden zum Abschluss ihrer Ausbildung den Europass (<a href=\"https:\/\/www.europass-info.de\/\">https:\/\/www.europass-info.de\/<\/a>).<\/p>\n\n\n\n<p>Die Akquise der Auszubildenden, welche sich einen Sch\u00fcleraustausch mit Frankreich vorstellen k\u00f6nnen, erfolgt in der 11. Jahrgangsstufe. Die Teilnehmerzahl hierbei ist auf maximal 12 Teilnehmer begrenzt. Es wird versucht aus allen Bereichen eine m\u00f6glichst gleichm\u00e4\u00dfige Verteilung der Ausbildungsberufe abzudecken.<\/p>\n\n\n\n<p>Die Berufsschule Mindelheim arbeitet hier mit der HWK Schwaben zusammen, welche das Austauschprogramm auch unterst\u00fctzt.<\/p>\n\n\n\n<h4 class=\"wp-block-heading\">Interessierte Auszubildende k\u00f6nnen sich hierbei an folgende Lehrkr\u00e4fte wenden:<\/h4>\n\n\n\n<p>Andreas Kurzen<\/p>\n\n\n\n<p>Fiorenzo Vadurro <\/p>\n\n\n\n<div class=\"wp-block-file\"><a id=\"wp-block-file--media-7d271f9b-4051-49aa-8792-d88a19e9507e\" href=\"https:\/\/www.bsmn.de\/berufsschule-mindelheim\/wp-content\/uploads\/sites\/2\/2022\/05\/Empfehlungsschreiben-fuer-Austausch-HWK.pdf\">Empfehlungsschreiben-fuer-Austausch-HWK<\/a><\/div>\n\n\n\n<p><a rel=\"noreferrer noopener\" href=\"https:\/\/www.hwk-schwaben.de\/ansprechpartner\/daniela-sessner-71,0,dadetail.html?id=401\" target=\"_blank\">Ansprechpartnerin bei der HWK Schwaben ist Fr. Sessner<\/a><br><\/p>\n\n\n\n<p><\/p>\n\n\n\n<h4 class=\"wp-block-heading\">Weiterf\u00fchrende Links<\/h4>\n\n\n\n<p><a href=\"https:\/\/protandem.org\">https:\/\/protandem.org<\/a><\/p>\n\n\n\n<p><a href=\"https:\/\/www.ausbildung-weltweit.de\/de\/ueber-ausbildungweltweit.html\">https:\/\/www.ausbildung-weltweit.de\/de\/ueber-ausbildungweltweit.html<\/a><\/p>\n\n\n\n<p><a rel=\"noreferrer noopener\" href=\"https:\/\/www.france-allemagne.fr\/Die-grossen-Themen,1392.html\" target=\"_blank\">https:\/\/www.france-allemagne.fr\/Die-grossen-Themen,1392.html<\/a><\/p>\n\n\n\n<figure class=\"wp-block-gallery has-nested-images columns-default is-cropped wp-block-gallery-1 is-layout-flex wp-block-gallery-is-layout-flex\">\n<figure class=\"wp-block-image size-large\"><img decoding=\"async\" width=\"768\" height=\"1024\" data-id=\"3749\" src=\"https:\/\/www.bsmn.de\/berufsschule-mindelheim\/wp-content\/uploads\/sites\/2\/2023\/03\/Auswahl-2-768x1024.jpeg\" alt=\"\" class=\"wp-image-3749\" srcset=\"https:\/\/www.bsmn.de\/berufsschule-mindelheim\/wp-content\/uploads\/sites\/2\/2023\/03\/Auswahl-2-768x1024.jpeg 768w, https:\/\/www.bsmn.de\/berufsschule-mindelheim\/wp-content\/uploads\/sites\/2\/2023\/03\/Auswahl-2-225x300.jpeg 225w, https:\/\/www.bsmn.de\/berufsschule-mindelheim\/wp-content\/uploads\/sites\/2\/2023\/03\/Auswahl-2-1152x1536.jpeg 1152w, https:\/\/www.bsmn.de\/berufsschule-mindelheim\/wp-content\/uploads\/sites\/2\/2023\/03\/Auswahl-2-600x800.jpeg 600w, https:\/\/www.bsmn.de\/berufsschule-mindelheim\/wp-content\/uploads\/sites\/2\/2023\/03\/Auswahl-2.jpeg 1536w\" sizes=\"(max-width: 768px) 100vw, 768px\" \/><\/figure>\n\n\n\n<figure class=\"wp-block-image size-large\"><img loading=\"lazy\" decoding=\"async\" width=\"768\" height=\"1024\" data-id=\"3747\" src=\"https:\/\/www.bsmn.de\/berufsschule-mindelheim\/wp-content\/uploads\/sites\/2\/2023\/03\/Austausch-2022_2023-768x1024.jpg\" alt=\"\" class=\"wp-image-3747\" srcset=\"https:\/\/www.bsmn.de\/berufsschule-mindelheim\/wp-content\/uploads\/sites\/2\/2023\/03\/Austausch-2022_2023-768x1024.jpg 768w, https:\/\/www.bsmn.de\/berufsschule-mindelheim\/wp-content\/uploads\/sites\/2\/2023\/03\/Austausch-2022_2023-225x300.jpg 225w, https:\/\/www.bsmn.de\/berufsschule-mindelheim\/wp-content\/uploads\/sites\/2\/2023\/03\/Austausch-2022_2023-600x800.jpg 600w, https:\/\/www.bsmn.de\/berufsschule-mindelheim\/wp-content\/uploads\/sites\/2\/2023\/03\/Austausch-2022_2023.jpg 900w\" sizes=\"(max-width: 768px) 100vw, 768px\" \/><\/figure>\n\n\n\n<figure class=\"wp-block-image size-large\"><img loading=\"lazy\" decoding=\"async\" width=\"1024\" height=\"768\" data-id=\"3745\" src=\"https:\/\/www.bsmn.de\/berufsschule-mindelheim\/wp-content\/uploads\/sites\/2\/2023\/03\/Auswahl-3-1024x768.jpeg\" alt=\"\" class=\"wp-image-3745\" srcset=\"https:\/\/www.bsmn.de\/berufsschule-mindelheim\/wp-content\/uploads\/sites\/2\/2023\/03\/Auswahl-3-1024x768.jpeg 1024w, https:\/\/www.bsmn.de\/berufsschule-mindelheim\/wp-content\/uploads\/sites\/2\/2023\/03\/Auswahl-3-300x225.jpeg 300w, https:\/\/www.bsmn.de\/berufsschule-mindelheim\/wp-content\/uploads\/sites\/2\/2023\/03\/Auswahl-3-768x576.jpeg 768w, https:\/\/www.bsmn.de\/berufsschule-mindelheim\/wp-content\/uploads\/sites\/2\/2023\/03\/Auswahl-3-1536x1152.jpeg 1536w, https:\/\/www.bsmn.de\/berufsschule-mindelheim\/wp-content\/uploads\/sites\/2\/2023\/03\/Auswahl-3-600x450.jpeg 600w, https:\/\/www.bsmn.de\/berufsschule-mindelheim\/wp-content\/uploads\/sites\/2\/2023\/03\/Auswahl-3.jpeg 2048w\" sizes=\"(max-width: 1024px) 100vw, 1024px\" \/><\/figure>\n\n\n\n<figure class=\"wp-block-image size-large\"><img loading=\"lazy\" decoding=\"async\" width=\"1024\" height=\"768\" data-id=\"3748\" src=\"https:\/\/www.bsmn.de\/berufsschule-mindelheim\/wp-content\/uploads\/sites\/2\/2023\/03\/Auswahl-4-1024x768.jpeg\" alt=\"\" class=\"wp-image-3748\" srcset=\"https:\/\/www.bsmn.de\/berufsschule-mindelheim\/wp-content\/uploads\/sites\/2\/2023\/03\/Auswahl-4-1024x768.jpeg 1024w, https:\/\/www.bsmn.de\/berufsschule-mindelheim\/wp-content\/uploads\/sites\/2\/2023\/03\/Auswahl-4-300x225.jpeg 300w, https:\/\/www.bsmn.de\/berufsschule-mindelheim\/wp-content\/uploads\/sites\/2\/2023\/03\/Auswahl-4-768x576.jpeg 768w, https:\/\/www.bsmn.de\/berufsschule-mindelheim\/wp-content\/uploads\/sites\/2\/2023\/03\/Auswahl-4-1536x1152.jpeg 1536w, https:\/\/www.bsmn.de\/berufsschule-mindelheim\/wp-content\/uploads\/sites\/2\/2023\/03\/Auswahl-4-600x450.jpeg 600w, https:\/\/www.bsmn.de\/berufsschule-mindelheim\/wp-content\/uploads\/sites\/2\/2023\/03\/Auswahl-4.jpeg 2048w\" sizes=\"(max-width: 1024px) 100vw, 1024px\" \/><\/figure>\n\n\n\n<figure class=\"wp-block-image size-large\"><img loading=\"lazy\" decoding=\"async\" width=\"1024\" height=\"497\" data-id=\"3750\" src=\"https:\/\/www.bsmn.de\/berufsschule-mindelheim\/wp-content\/uploads\/sites\/2\/2023\/03\/20230316_200125-1024x497.jpg\" alt=\"\" class=\"wp-image-3750\" srcset=\"https:\/\/www.bsmn.de\/berufsschule-mindelheim\/wp-content\/uploads\/sites\/2\/2023\/03\/20230316_200125-1024x497.jpg 1024w, https:\/\/www.bsmn.de\/berufsschule-mindelheim\/wp-content\/uploads\/sites\/2\/2023\/03\/20230316_200125-300x146.jpg 300w, https:\/\/www.bsmn.de\/berufsschule-mindelheim\/wp-content\/uploads\/sites\/2\/2023\/03\/20230316_200125-768x373.jpg 768w, https:\/\/www.bsmn.de\/berufsschule-mindelheim\/wp-content\/uploads\/sites\/2\/2023\/03\/20230316_200125-600x292.jpg 600w, https:\/\/www.bsmn.de\/berufsschule-mindelheim\/wp-content\/uploads\/sites\/2\/2023\/03\/20230316_200125.jpg 1200w\" sizes=\"(max-width: 1024px) 100vw, 1024px\" \/><\/figure>\n\n\n\n<figure class=\"wp-block-image size-large\"><img loading=\"lazy\" decoding=\"async\" width=\"1024\" height=\"683\" data-id=\"3699\" src=\"https:\/\/www.bsmn.de\/berufsschule-mindelheim\/wp-content\/uploads\/sites\/2\/2023\/02\/2022-10-Avignon-4-1024x683.jpg\" alt=\"\" class=\"wp-image-3699\" srcset=\"https:\/\/www.bsmn.de\/berufsschule-mindelheim\/wp-content\/uploads\/sites\/2\/2023\/02\/2022-10-Avignon-4-1024x683.jpg 1024w, https:\/\/www.bsmn.de\/berufsschule-mindelheim\/wp-content\/uploads\/sites\/2\/2023\/02\/2022-10-Avignon-4-300x200.jpg 300w, https:\/\/www.bsmn.de\/berufsschule-mindelheim\/wp-content\/uploads\/sites\/2\/2023\/02\/2022-10-Avignon-4-768x512.jpg 768w, https:\/\/www.bsmn.de\/berufsschule-mindelheim\/wp-content\/uploads\/sites\/2\/2023\/02\/2022-10-Avignon-4-600x400.jpg 600w, https:\/\/www.bsmn.de\/berufsschule-mindelheim\/wp-content\/uploads\/sites\/2\/2023\/02\/2022-10-Avignon-4.jpg 1200w\" sizes=\"(max-width: 1024px) 100vw, 1024px\" \/><\/figure>\n\n\n\n<figure class=\"wp-block-image size-large\"><img loading=\"lazy\" decoding=\"async\" width=\"1024\" height=\"576\" data-id=\"1378\" src=\"https:\/\/www.bsmn.de\/berufsschule-mindelheim\/wp-content\/uploads\/sites\/2\/2021\/01\/20180123_095139-1-1024x576.jpg\" alt=\"\" class=\"wp-image-1378\" srcset=\"https:\/\/www.bsmn.de\/berufsschule-mindelheim\/wp-content\/uploads\/sites\/2\/2021\/01\/20180123_095139-1-1024x576.jpg 1024w, https:\/\/www.bsmn.de\/berufsschule-mindelheim\/wp-content\/uploads\/sites\/2\/2021\/01\/20180123_095139-1-300x169.jpg 300w, https:\/\/www.bsmn.de\/berufsschule-mindelheim\/wp-content\/uploads\/sites\/2\/2021\/01\/20180123_095139-1-768x432.jpg 768w, https:\/\/www.bsmn.de\/berufsschule-mindelheim\/wp-content\/uploads\/sites\/2\/2021\/01\/20180123_095139-1-150x85.jpg 150w, https:\/\/www.bsmn.de\/berufsschule-mindelheim\/wp-content\/uploads\/sites\/2\/2021\/01\/20180123_095139-1-600x338.jpg 600w, https:\/\/www.bsmn.de\/berufsschule-mindelheim\/wp-content\/uploads\/sites\/2\/2021\/01\/20180123_095139-1.jpg 1280w\" sizes=\"(max-width: 1024px) 100vw, 1024px\" \/><\/figure>\n\n\n\n<figure class=\"wp-block-image size-large\"><img loading=\"lazy\" decoding=\"async\" width=\"1024\" height=\"768\" data-id=\"1379\" src=\"https:\/\/www.bsmn.de\/berufsschule-mindelheim\/wp-content\/uploads\/sites\/2\/2021\/01\/IMG_0536-1-1-1024x768.jpg\" alt=\"\" class=\"wp-image-1379\" srcset=\"https:\/\/www.bsmn.de\/berufsschule-mindelheim\/wp-content\/uploads\/sites\/2\/2021\/01\/IMG_0536-1-1-1024x768.jpg 1024w, https:\/\/www.bsmn.de\/berufsschule-mindelheim\/wp-content\/uploads\/sites\/2\/2021\/01\/IMG_0536-1-1-300x225.jpg 300w, https:\/\/www.bsmn.de\/berufsschule-mindelheim\/wp-content\/uploads\/sites\/2\/2021\/01\/IMG_0536-1-1-768x576.jpg 768w, https:\/\/www.bsmn.de\/berufsschule-mindelheim\/wp-content\/uploads\/sites\/2\/2021\/01\/IMG_0536-1-1-1536x1152.jpg 1536w, https:\/\/www.bsmn.de\/berufsschule-mindelheim\/wp-content\/uploads\/sites\/2\/2021\/01\/IMG_0536-1-1-2048x1536.jpg 2048w, https:\/\/www.bsmn.de\/berufsschule-mindelheim\/wp-content\/uploads\/sites\/2\/2021\/01\/IMG_0536-1-1-600x450.jpg 600w\" sizes=\"(max-width: 1024px) 100vw, 1024px\" \/><\/figure>\n\n\n\n<figure class=\"wp-block-image size-large\"><img loading=\"lazy\" decoding=\"async\" width=\"1024\" height=\"768\" data-id=\"1381\" src=\"https:\/\/www.bsmn.de\/berufsschule-mindelheim\/wp-content\/uploads\/sites\/2\/2021\/01\/20200123_170713-1-1024x768.jpg\" alt=\"\" class=\"wp-image-1381\" srcset=\"https:\/\/www.bsmn.de\/berufsschule-mindelheim\/wp-content\/uploads\/sites\/2\/2021\/01\/20200123_170713-1-1024x768.jpg 1024w, https:\/\/www.bsmn.de\/berufsschule-mindelheim\/wp-content\/uploads\/sites\/2\/2021\/01\/20200123_170713-1-300x225.jpg 300w, https:\/\/www.bsmn.de\/berufsschule-mindelheim\/wp-content\/uploads\/sites\/2\/2021\/01\/20200123_170713-1-768x576.jpg 768w, https:\/\/www.bsmn.de\/berufsschule-mindelheim\/wp-content\/uploads\/sites\/2\/2021\/01\/20200123_170713-1-600x450.jpg 600w, https:\/\/www.bsmn.de\/berufsschule-mindelheim\/wp-content\/uploads\/sites\/2\/2021\/01\/20200123_170713-1.jpg 1200w\" sizes=\"(max-width: 1024px) 100vw, 1024px\" \/><\/figure>\n\n\n\n<figure class=\"wp-block-image size-large\"><img loading=\"lazy\" decoding=\"async\" width=\"1024\" height=\"768\" data-id=\"1382\" src=\"https:\/\/www.bsmn.de\/berufsschule-mindelheim\/wp-content\/uploads\/sites\/2\/2021\/01\/20190124_134838-1-1024x768.jpg\" alt=\"\" class=\"wp-image-1382\" srcset=\"https:\/\/www.bsmn.de\/berufsschule-mindelheim\/wp-content\/uploads\/sites\/2\/2021\/01\/20190124_134838-1-1024x768.jpg 1024w, https:\/\/www.bsmn.de\/berufsschule-mindelheim\/wp-content\/uploads\/sites\/2\/2021\/01\/20190124_134838-1-300x225.jpg 300w, https:\/\/www.bsmn.de\/berufsschule-mindelheim\/wp-content\/uploads\/sites\/2\/2021\/01\/20190124_134838-1-768x576.jpg 768w, https:\/\/www.bsmn.de\/berufsschule-mindelheim\/wp-content\/uploads\/sites\/2\/2021\/01\/20190124_134838-1-600x450.jpg 600w, https:\/\/www.bsmn.de\/berufsschule-mindelheim\/wp-content\/uploads\/sites\/2\/2021\/01\/20190124_134838-1.jpg 1200w\" sizes=\"(max-width: 1024px) 100vw, 1024px\" \/><\/figure>\n<\/figure>\n\n\n","protected":false},"excerpt":{"rendered":"<p>Kurzbeschreibung Internationale Berufserfahrung ist eine immer st\u00e4rker nachgefragte Schl\u00fcsselqualifikation f\u00fcr Arbeitnehmer. Auch die IHK und HWK sehen diese Entwicklung und haben daher mit Empfehlungsschreiben das Projekt der Berufsschule Mindelheim unterst\u00fctzt, ihren Berufssch\u00fclern schon w\u00e4hrend der Ausbildungsphase ein Auslandspraktikum zu erm\u00f6glichen.&nbsp; Mit Hilfe des ProTandem (https:\/\/protandem.org\/bildungseinrichtungen\/gruppenaustausch-in-der-ausbildung\/) mit Sitz in Saarbr\u00fccken wurde eine Berufsschule in Frankreich gefunden, [&hellip;]<\/p>\n","protected":false},"author":7,"featured_media":957,"parent":0,"menu_order":0,"comment_status":"closed","ping_status":"closed","template":"","meta":{"footnotes":""},"class_list":["post-1339","page","type-page","status-publish","has-post-thumbnail","hentry"],"_links":{"self":[{"href":"https:\/\/www.bsmn.de\/berufsschule-mindelheim\/wp-json\/wp\/v2\/pages\/1339","targetHints":{"allow":["GET"]}}],"collection":[{"href":"https:\/\/www.bsmn.de\/berufsschule-mindelheim\/wp-json\/wp\/v2\/pages"}],"about":[{"href":"https:\/\/www.bsmn.de\/berufsschule-mindelheim\/wp-json\/wp\/v2\/types\/page"}],"author":[{"embeddable":true,"href":"https:\/\/www.bsmn.de\/berufsschule-mindelheim\/wp-json\/wp\/v2\/users\/7"}],"replies":[{"embeddable":true,"href":"https:\/\/www.bsmn.de\/berufsschule-mindelheim\/wp-json\/wp\/v2\/comments?post=1339"}],"version-history":[{"count":26,"href":"https:\/\/www.bsmn.de\/berufsschule-mindelheim\/wp-json\/wp\/v2\/pages\/1339\/revisions"}],"predecessor-version":[{"id":3753,"href":"https:\/\/www.bsmn.de\/berufsschule-mindelheim\/wp-json\/wp\/v2\/pages\/1339\/revisions\/3753"}],"wp:featuredmedia":[{"embeddable":true,"href":"https:\/\/www.bsmn.de\/berufsschule-mindelheim\/wp-json\/wp\/v2\/media\/957"}],"wp:attachment":[{"href":"https:\/\/www.bsmn.de\/berufsschule-mindelheim\/wp-json\/wp\/v2\/media?parent=1339"}],"curies":[{"name":"wp","href":"https:\/\/api.w.org\/{rel}","templated":true}]}}