{"id":827,"date":"2020-10-07T11:36:32","date_gmt":"2020-10-07T09:36:32","guid":{"rendered":"http:\/\/bsmn.neuimweb.de\/technikerschule\/?page_id=827"},"modified":"2021-01-19T09:46:39","modified_gmt":"2021-01-19T08:46:39","slug":"aktuelles","status":"publish","type":"page","link":"https:\/\/www.bsmn.de\/berufsschule-memmingen\/service\/aktuelles\/","title":{"rendered":"Aktuelles"},"content":{"rendered":"\t\t<div data-elementor-type=\"wp-page\" data-elementor-id=\"827\" class=\"elementor elementor-827\" data-elementor-post-type=\"page\">\n\t\t\t\t\t\t<section class=\"elementor-section elementor-top-section elementor-element elementor-element-96c03d7 elementor-section-boxed elementor-section-height-default elementor-section-height-default\" data-id=\"96c03d7\" data-element_type=\"section\" data-e-type=\"section\">\n\t\t\t\t\t\t<div class=\"elementor-container elementor-column-gap-default\">\n\t\t\t\t\t<div class=\"elementor-column elementor-col-100 elementor-top-column elementor-element elementor-element-7c9cdaa\" data-id=\"7c9cdaa\" data-element_type=\"column\" data-e-type=\"column\">\n\t\t\t<div class=\"elementor-widget-wrap elementor-element-populated\">\n\t\t\t\t\t\t<div class=\"elementor-element elementor-element-25c28cb elementor-grid-3 elementor-grid-tablet-2 elementor-grid-mobile-1 elementor-posts--thumbnail-top elementor-widget elementor-widget-posts\" data-id=\"25c28cb\" data-element_type=\"widget\" data-e-type=\"widget\" data-settings=\"{&quot;pagination_type&quot;:&quot;numbers_and_prev_next&quot;,&quot;classic_columns&quot;:&quot;3&quot;,&quot;classic_columns_tablet&quot;:&quot;2&quot;,&quot;classic_columns_mobile&quot;:&quot;1&quot;,&quot;classic_row_gap&quot;:{&quot;unit&quot;:&quot;px&quot;,&quot;size&quot;:35,&quot;sizes&quot;:[]},&quot;classic_row_gap_tablet&quot;:{&quot;unit&quot;:&quot;px&quot;,&quot;size&quot;:&quot;&quot;,&quot;sizes&quot;:[]},&quot;classic_row_gap_mobile&quot;:{&quot;unit&quot;:&quot;px&quot;,&quot;size&quot;:&quot;&quot;,&quot;sizes&quot;:[]}}\" data-widget_type=\"posts.classic\">\n\t\t\t\t<div class=\"elementor-widget-container\">\n\t\t\t\t\t\t\t<div class=\"elementor-posts-container elementor-posts elementor-posts--skin-classic elementor-grid\" role=\"list\">\n\t\t\t\t<article class=\"elementor-post elementor-grid-item post-2341 post type-post status-publish format-standard has-post-thumbnail hentry category-allgemein\" role=\"listitem\">\n\t\t\t\t<a class=\"elementor-post__thumbnail__link\" href=\"https:\/\/www.bsmn.de\/berufsschule-memmingen\/2026\/01\/06\/erfolgreicher-messeauftritt-in-memmingen\/\" tabindex=\"-1\" >\n\t\t\t<div class=\"elementor-post__thumbnail\"><img fetchpriority=\"high\" decoding=\"async\" width=\"224\" height=\"300\" src=\"https:\/\/www.bsmn.de\/berufsschule-memmingen\/wp-content\/uploads\/sites\/7\/2026\/01\/Bild_Ausbildungsmesse-MM-224x300.jpg\" class=\"attachment-medium size-medium wp-image-2342\" alt=\"\" srcset=\"https:\/\/www.bsmn.de\/berufsschule-memmingen\/wp-content\/uploads\/sites\/7\/2026\/01\/Bild_Ausbildungsmesse-MM-224x300.jpg 224w, https:\/\/www.bsmn.de\/berufsschule-memmingen\/wp-content\/uploads\/sites\/7\/2026\/01\/Bild_Ausbildungsmesse-MM-763x1024.jpg 763w, https:\/\/www.bsmn.de\/berufsschule-memmingen\/wp-content\/uploads\/sites\/7\/2026\/01\/Bild_Ausbildungsmesse-MM-768x1030.jpg 768w, https:\/\/www.bsmn.de\/berufsschule-memmingen\/wp-content\/uploads\/sites\/7\/2026\/01\/Bild_Ausbildungsmesse-MM-600x805.jpg 600w, https:\/\/www.bsmn.de\/berufsschule-memmingen\/wp-content\/uploads\/sites\/7\/2026\/01\/Bild_Ausbildungsmesse-MM.jpg 1080w\" sizes=\"(max-width: 224px) 100vw, 224px\" \/><\/div>\n\t\t<\/a>\n\t\t\t\t<div class=\"elementor-post__text\">\n\t\t\t\t<h3 class=\"elementor-post__title\">\n\t\t\t<a href=\"https:\/\/www.bsmn.de\/berufsschule-memmingen\/2026\/01\/06\/erfolgreicher-messeauftritt-in-memmingen\/\" >\n\t\t\t\tErfolgreicher Messeauftritt in Memmingen\t\t\t<\/a>\n\t\t<\/h3>\n\t\t\t\t<div class=\"elementor-post__excerpt\">\n\t\t\t<p>Unser Schulstandort pr\u00e4sentierte sich auf der Ausbildungsmesse am Berufsschulzentrum Memmingen \u2013 und das mit gro\u00dfem Erfolg! Zahlreiche Besucherinnen und Besucher informierten sich \u00fcber unsere p\u00e4dagogischen<\/p>\n\t\t<\/div>\n\t\t\n\t\t<a class=\"elementor-post__read-more\" href=\"https:\/\/www.bsmn.de\/berufsschule-memmingen\/2026\/01\/06\/erfolgreicher-messeauftritt-in-memmingen\/\" aria-label=\"Mehr \u00fcber Erfolgreicher Messeauftritt in Memmingen\" tabindex=\"-1\" >\n\t\t\tWeiterlesen \u00bb\t\t<\/a>\n\n\t\t\t\t<\/div>\n\t\t\t\t<\/article>\n\t\t\t\t<article class=\"elementor-post elementor-grid-item post-2338 post type-post status-publish format-standard has-post-thumbnail hentry category-allgemein\" role=\"listitem\">\n\t\t\t\t<a class=\"elementor-post__thumbnail__link\" href=\"https:\/\/www.bsmn.de\/berufsschule-memmingen\/2026\/01\/06\/unsere-verbindungslehrkraefte\/\" tabindex=\"-1\" >\n\t\t\t<div class=\"elementor-post__thumbnail\"><img decoding=\"async\" width=\"300\" height=\"225\" src=\"https:\/\/www.bsmn.de\/berufsschule-memmingen\/wp-content\/uploads\/sites\/7\/2026\/01\/VerbindungsLK-300x225.jpg\" class=\"attachment-medium size-medium wp-image-2339\" alt=\"\" srcset=\"https:\/\/www.bsmn.de\/berufsschule-memmingen\/wp-content\/uploads\/sites\/7\/2026\/01\/VerbindungsLK-300x225.jpg 300w, https:\/\/www.bsmn.de\/berufsschule-memmingen\/wp-content\/uploads\/sites\/7\/2026\/01\/VerbindungsLK-1024x768.jpg 1024w, https:\/\/www.bsmn.de\/berufsschule-memmingen\/wp-content\/uploads\/sites\/7\/2026\/01\/VerbindungsLK-768x576.jpg 768w, https:\/\/www.bsmn.de\/berufsschule-memmingen\/wp-content\/uploads\/sites\/7\/2026\/01\/VerbindungsLK-600x450.jpg 600w, https:\/\/www.bsmn.de\/berufsschule-memmingen\/wp-content\/uploads\/sites\/7\/2026\/01\/VerbindungsLK.jpg 1200w\" sizes=\"(max-width: 300px) 100vw, 300px\" \/><\/div>\n\t\t<\/a>\n\t\t\t\t<div class=\"elementor-post__text\">\n\t\t\t\t<h3 class=\"elementor-post__title\">\n\t\t\t<a href=\"https:\/\/www.bsmn.de\/berufsschule-memmingen\/2026\/01\/06\/unsere-verbindungslehrkraefte\/\" >\n\t\t\t\tUnsere Verbindungslehrkr\u00e4fte\t\t\t<\/a>\n\t\t<\/h3>\n\t\t\t\t<div class=\"elementor-post__excerpt\">\n\t\t\t<p>In diesem Schuljahr \u00fcbernehmen Frau Kutter und Herr Schacherl die Aufgabe der Verbindungslehrkr\u00e4fte. Beide stehen unseren Sch\u00fclerinnen und Sch\u00fclern mit Offenheit, Herz und Engagement zur<\/p>\n\t\t<\/div>\n\t\t\n\t\t<a class=\"elementor-post__read-more\" href=\"https:\/\/www.bsmn.de\/berufsschule-memmingen\/2026\/01\/06\/unsere-verbindungslehrkraefte\/\" aria-label=\"Mehr \u00fcber Unsere Verbindungslehrkr\u00e4fte\" tabindex=\"-1\" >\n\t\t\tWeiterlesen \u00bb\t\t<\/a>\n\n\t\t\t\t<\/div>\n\t\t\t\t<\/article>\n\t\t\t\t<article class=\"elementor-post elementor-grid-item post-2335 post type-post status-publish format-standard has-post-thumbnail hentry category-allgemein\" role=\"listitem\">\n\t\t\t\t<a class=\"elementor-post__thumbnail__link\" href=\"https:\/\/www.bsmn.de\/berufsschule-memmingen\/2026\/01\/06\/brennen-fuer-bildung-anleitungstreffen-kinderpflege-2025\/\" tabindex=\"-1\" >\n\t\t\t<div class=\"elementor-post__thumbnail\"><img decoding=\"async\" width=\"300\" height=\"225\" src=\"https:\/\/www.bsmn.de\/berufsschule-memmingen\/wp-content\/uploads\/sites\/7\/2026\/01\/20251014_081535-scaled-300x225.jpg\" class=\"attachment-medium size-medium wp-image-2336\" alt=\"\" srcset=\"https:\/\/www.bsmn.de\/berufsschule-memmingen\/wp-content\/uploads\/sites\/7\/2026\/01\/20251014_081535-scaled-300x225.jpg 300w, https:\/\/www.bsmn.de\/berufsschule-memmingen\/wp-content\/uploads\/sites\/7\/2026\/01\/20251014_081535-scaled-1024x768.jpg 1024w, https:\/\/www.bsmn.de\/berufsschule-memmingen\/wp-content\/uploads\/sites\/7\/2026\/01\/20251014_081535-scaled-768x576.jpg 768w, https:\/\/www.bsmn.de\/berufsschule-memmingen\/wp-content\/uploads\/sites\/7\/2026\/01\/20251014_081535-scaled-1536x1152.jpg 1536w, https:\/\/www.bsmn.de\/berufsschule-memmingen\/wp-content\/uploads\/sites\/7\/2026\/01\/20251014_081535-scaled-2048x1536.jpg 2048w, https:\/\/www.bsmn.de\/berufsschule-memmingen\/wp-content\/uploads\/sites\/7\/2026\/01\/20251014_081535-scaled-600x450.jpg 600w\" sizes=\"(max-width: 300px) 100vw, 300px\" \/><\/div>\n\t\t<\/a>\n\t\t\t\t<div class=\"elementor-post__text\">\n\t\t\t\t<h3 class=\"elementor-post__title\">\n\t\t\t<a href=\"https:\/\/www.bsmn.de\/berufsschule-memmingen\/2026\/01\/06\/brennen-fuer-bildung-anleitungstreffen-kinderpflege-2025\/\" >\n\t\t\t\tBrennen f\u00fcr Bildung \u2013 Anleitungstreffen Kinderpflege 2025\t\t\t<\/a>\n\t\t<\/h3>\n\t\t\t\t<div class=\"elementor-post__excerpt\">\n\t\t\t<p>\u201eIn dir muss brennen, was du in anderen entz\u00fcnden willst \u2026\u201c (Augustinus von Hippo) Mit diesem inspirierenden Gedanken und dem Symbol \u201ePopcorn\u201c \u2013 \u201eEin guter<\/p>\n\t\t<\/div>\n\t\t\n\t\t<a class=\"elementor-post__read-more\" href=\"https:\/\/www.bsmn.de\/berufsschule-memmingen\/2026\/01\/06\/brennen-fuer-bildung-anleitungstreffen-kinderpflege-2025\/\" aria-label=\"Mehr \u00fcber Brennen f\u00fcr Bildung \u2013 Anleitungstreffen Kinderpflege 2025\" tabindex=\"-1\" >\n\t\t\tWeiterlesen \u00bb\t\t<\/a>\n\n\t\t\t\t<\/div>\n\t\t\t\t<\/article>\n\t\t\t\t<article class=\"elementor-post elementor-grid-item post-2314 post type-post status-publish format-standard has-post-thumbnail hentry category-allgemein\" role=\"listitem\">\n\t\t\t\t<a class=\"elementor-post__thumbnail__link\" href=\"https:\/\/www.bsmn.de\/berufsschule-memmingen\/2025\/06\/22\/fasching-wird-bunt-kita-kinder-malen-los\/\" tabindex=\"-1\" >\n\t\t\t<div class=\"elementor-post__thumbnail\"><img loading=\"lazy\" decoding=\"async\" width=\"225\" height=\"300\" src=\"https:\/\/www.bsmn.de\/berufsschule-memmingen\/wp-content\/uploads\/sites\/7\/2025\/06\/1.-Platz-225x300.jpg\" class=\"attachment-medium size-medium wp-image-2317\" alt=\"\" srcset=\"https:\/\/www.bsmn.de\/berufsschule-memmingen\/wp-content\/uploads\/sites\/7\/2025\/06\/1.-Platz-225x300.jpg 225w, https:\/\/www.bsmn.de\/berufsschule-memmingen\/wp-content\/uploads\/sites\/7\/2025\/06\/1.-Platz-768x1024.jpg 768w, https:\/\/www.bsmn.de\/berufsschule-memmingen\/wp-content\/uploads\/sites\/7\/2025\/06\/1.-Platz-1152x1536.jpg 1152w, https:\/\/www.bsmn.de\/berufsschule-memmingen\/wp-content\/uploads\/sites\/7\/2025\/06\/1.-Platz-600x800.jpg 600w, https:\/\/www.bsmn.de\/berufsschule-memmingen\/wp-content\/uploads\/sites\/7\/2025\/06\/1.-Platz.jpg 1200w\" sizes=\"(max-width: 225px) 100vw, 225px\" \/><\/div>\n\t\t<\/a>\n\t\t\t\t<div class=\"elementor-post__text\">\n\t\t\t\t<h3 class=\"elementor-post__title\">\n\t\t\t<a href=\"https:\/\/www.bsmn.de\/berufsschule-memmingen\/2025\/06\/22\/fasching-wird-bunt-kita-kinder-malen-los\/\" >\n\t\t\t\tFasching wird bunt \u2013 Kita-Kinder malen los!\t\t\t<\/a>\n\t\t<\/h3>\n\t\t\t\t<div class=\"elementor-post__excerpt\">\n\t\t\t<p>Die Klassen der Kinderpflege 11a und der Kinderpflege 11b luden im Winter 2024\/2025 zu einem Faschings-Malwettbewerb ein \u2013 \u00fcber 160 Vorschulkinder malten sich in ihrem<\/p>\n\t\t<\/div>\n\t\t\n\t\t<a class=\"elementor-post__read-more\" href=\"https:\/\/www.bsmn.de\/berufsschule-memmingen\/2025\/06\/22\/fasching-wird-bunt-kita-kinder-malen-los\/\" aria-label=\"Mehr \u00fcber Fasching wird bunt \u2013 Kita-Kinder malen los!\" tabindex=\"-1\" >\n\t\t\tWeiterlesen \u00bb\t\t<\/a>\n\n\t\t\t\t<\/div>\n\t\t\t\t<\/article>\n\t\t\t\t<article class=\"elementor-post elementor-grid-item post-2311 post type-post status-publish format-standard has-post-thumbnail hentry category-allgemein\" role=\"listitem\">\n\t\t\t\t<a class=\"elementor-post__thumbnail__link\" href=\"https:\/\/www.bsmn.de\/berufsschule-memmingen\/2025\/06\/22\/uaw-trifft-faks-ii-ein-tag-voller-freude\/\" tabindex=\"-1\" >\n\t\t\t<div class=\"elementor-post__thumbnail\"><img loading=\"lazy\" decoding=\"async\" width=\"300\" height=\"225\" src=\"https:\/\/www.bsmn.de\/berufsschule-memmingen\/wp-content\/uploads\/sites\/7\/2025\/06\/Polonaise-1-300x225.jpg\" class=\"attachment-medium size-medium wp-image-2312\" alt=\"\" srcset=\"https:\/\/www.bsmn.de\/berufsschule-memmingen\/wp-content\/uploads\/sites\/7\/2025\/06\/Polonaise-1-300x225.jpg 300w, https:\/\/www.bsmn.de\/berufsschule-memmingen\/wp-content\/uploads\/sites\/7\/2025\/06\/Polonaise-1-1024x768.jpg 1024w, https:\/\/www.bsmn.de\/berufsschule-memmingen\/wp-content\/uploads\/sites\/7\/2025\/06\/Polonaise-1-768x576.jpg 768w, https:\/\/www.bsmn.de\/berufsschule-memmingen\/wp-content\/uploads\/sites\/7\/2025\/06\/Polonaise-1-600x450.jpg 600w, https:\/\/www.bsmn.de\/berufsschule-memmingen\/wp-content\/uploads\/sites\/7\/2025\/06\/Polonaise-1.jpg 1200w\" sizes=\"(max-width: 300px) 100vw, 300px\" \/><\/div>\n\t\t<\/a>\n\t\t\t\t<div class=\"elementor-post__text\">\n\t\t\t\t<h3 class=\"elementor-post__title\">\n\t\t\t<a href=\"https:\/\/www.bsmn.de\/berufsschule-memmingen\/2025\/06\/22\/uaw-trifft-faks-ii-ein-tag-voller-freude\/\" >\n\t\t\t\tUAW trifft Faks II: Ein Tag voller Freude!\t\t\t<\/a>\n\t\t<\/h3>\n\t\t\t\t<div class=\"elementor-post__excerpt\">\n\t\t\t<p>Am 26. M\u00e4rz 2025 besuchten 16 Mitarbeiterinnen und Mitarbeiter der Unterallg\u00e4uer Werkst\u00e4tten das 2. Ausbildungsjahr der Fachakademie f\u00fcr Sozialp\u00e4dagogik. Die Studierenden gestalteten ein buntes Programm<\/p>\n\t\t<\/div>\n\t\t\n\t\t<a class=\"elementor-post__read-more\" href=\"https:\/\/www.bsmn.de\/berufsschule-memmingen\/2025\/06\/22\/uaw-trifft-faks-ii-ein-tag-voller-freude\/\" aria-label=\"Mehr \u00fcber UAW trifft Faks II: Ein Tag voller Freude!\" tabindex=\"-1\" >\n\t\t\tWeiterlesen \u00bb\t\t<\/a>\n\n\t\t\t\t<\/div>\n\t\t\t\t<\/article>\n\t\t\t\t<article class=\"elementor-post elementor-grid-item post-2300 post type-post status-publish format-standard has-post-thumbnail hentry category-allgemein\" role=\"listitem\">\n\t\t\t\t<a class=\"elementor-post__thumbnail__link\" href=\"https:\/\/www.bsmn.de\/berufsschule-memmingen\/2025\/03\/20\/lebensretter-von-morgen-spannender-erste-hilfe-kurs-fuer-unsere-schuelerinnen-und-schueler\/\" tabindex=\"-1\" >\n\t\t\t<div class=\"elementor-post__thumbnail\"><img loading=\"lazy\" decoding=\"async\" width=\"225\" height=\"300\" src=\"https:\/\/www.bsmn.de\/berufsschule-memmingen\/wp-content\/uploads\/sites\/7\/2025\/03\/Foto_Erste-Hilfe-Kurs-225x300.jpg\" class=\"attachment-medium size-medium wp-image-2301\" alt=\"\" srcset=\"https:\/\/www.bsmn.de\/berufsschule-memmingen\/wp-content\/uploads\/sites\/7\/2025\/03\/Foto_Erste-Hilfe-Kurs-225x300.jpg 225w, https:\/\/www.bsmn.de\/berufsschule-memmingen\/wp-content\/uploads\/sites\/7\/2025\/03\/Foto_Erste-Hilfe-Kurs-768x1024.jpg 768w, https:\/\/www.bsmn.de\/berufsschule-memmingen\/wp-content\/uploads\/sites\/7\/2025\/03\/Foto_Erste-Hilfe-Kurs-1152x1536.jpg 1152w, https:\/\/www.bsmn.de\/berufsschule-memmingen\/wp-content\/uploads\/sites\/7\/2025\/03\/Foto_Erste-Hilfe-Kurs-1536x2048.jpg 1536w, https:\/\/www.bsmn.de\/berufsschule-memmingen\/wp-content\/uploads\/sites\/7\/2025\/03\/Foto_Erste-Hilfe-Kurs-600x800.jpg 600w, https:\/\/www.bsmn.de\/berufsschule-memmingen\/wp-content\/uploads\/sites\/7\/2025\/03\/Foto_Erste-Hilfe-Kurs-scaled.jpg 1920w\" sizes=\"(max-width: 225px) 100vw, 225px\" \/><\/div>\n\t\t<\/a>\n\t\t\t\t<div class=\"elementor-post__text\">\n\t\t\t\t<h3 class=\"elementor-post__title\">\n\t\t\t<a href=\"https:\/\/www.bsmn.de\/berufsschule-memmingen\/2025\/03\/20\/lebensretter-von-morgen-spannender-erste-hilfe-kurs-fuer-unsere-schuelerinnen-und-schueler\/\" >\n\t\t\t\tLebensretter von morgen: Spannender Erste-Hilfe-Kurs f\u00fcr unsere Sch\u00fclerinnen und Sch\u00fcler\t\t\t<\/a>\n\t\t<\/h3>\n\t\t\t\t<div class=\"elementor-post__excerpt\">\n\t\t\t<p>Alle Sch\u00fclerinnen und Sch\u00fcler des ersten Ausbildungsjahrgangs nahmen an einem interaktiven und kurzweiligen Erste-Hilfe-Kurs in unserer Schule teil \u2013 und sie waren begeistert! Mit praxisnahen<\/p>\n\t\t<\/div>\n\t\t\n\t\t<a class=\"elementor-post__read-more\" href=\"https:\/\/www.bsmn.de\/berufsschule-memmingen\/2025\/03\/20\/lebensretter-von-morgen-spannender-erste-hilfe-kurs-fuer-unsere-schuelerinnen-und-schueler\/\" aria-label=\"Mehr \u00fcber Lebensretter von morgen: Spannender Erste-Hilfe-Kurs f\u00fcr unsere Sch\u00fclerinnen und Sch\u00fcler\" tabindex=\"-1\" >\n\t\t\tWeiterlesen \u00bb\t\t<\/a>\n\n\t\t\t\t<\/div>\n\t\t\t\t<\/article>\n\t\t\t\t<article class=\"elementor-post elementor-grid-item post-2292 post type-post status-publish format-standard has-post-thumbnail hentry category-allgemein\" role=\"listitem\">\n\t\t\t\t<a class=\"elementor-post__thumbnail__link\" href=\"https:\/\/www.bsmn.de\/berufsschule-memmingen\/2025\/02\/01\/wenn-worte-bilder-zaubern-erzaehlpaedagogin-steffi-krausse-begeistert-angehende-erzieherinnen-und-erzieher\/\" tabindex=\"-1\" >\n\t\t\t<div class=\"elementor-post__thumbnail\"><img loading=\"lazy\" decoding=\"async\" width=\"300\" height=\"225\" src=\"https:\/\/www.bsmn.de\/berufsschule-memmingen\/wp-content\/uploads\/sites\/7\/2025\/02\/Steffi-Krausse_Faks-1-300x225.jpg\" class=\"attachment-medium size-medium wp-image-2293\" alt=\"\" srcset=\"https:\/\/www.bsmn.de\/berufsschule-memmingen\/wp-content\/uploads\/sites\/7\/2025\/02\/Steffi-Krausse_Faks-1-300x225.jpg 300w, https:\/\/www.bsmn.de\/berufsschule-memmingen\/wp-content\/uploads\/sites\/7\/2025\/02\/Steffi-Krausse_Faks-1-1024x768.jpg 1024w, https:\/\/www.bsmn.de\/berufsschule-memmingen\/wp-content\/uploads\/sites\/7\/2025\/02\/Steffi-Krausse_Faks-1-768x576.jpg 768w, https:\/\/www.bsmn.de\/berufsschule-memmingen\/wp-content\/uploads\/sites\/7\/2025\/02\/Steffi-Krausse_Faks-1-600x450.jpg 600w, https:\/\/www.bsmn.de\/berufsschule-memmingen\/wp-content\/uploads\/sites\/7\/2025\/02\/Steffi-Krausse_Faks-1.jpg 1200w\" sizes=\"(max-width: 300px) 100vw, 300px\" \/><\/div>\n\t\t<\/a>\n\t\t\t\t<div class=\"elementor-post__text\">\n\t\t\t\t<h3 class=\"elementor-post__title\">\n\t\t\t<a href=\"https:\/\/www.bsmn.de\/berufsschule-memmingen\/2025\/02\/01\/wenn-worte-bilder-zaubern-erzaehlpaedagogin-steffi-krausse-begeistert-angehende-erzieherinnen-und-erzieher\/\" >\n\t\t\t\tWenn Worte Bilder zaubern: Erz\u00e4hlp\u00e4dagogin Steffi Krau\u00dfe begeistert angehende Erzieherinnen und Erzieher\t\t\t<\/a>\n\t\t<\/h3>\n\t\t\t\t<div class=\"elementor-post__excerpt\">\n\t\t\t<p>Mit nur wenigen Worten weckt Erz\u00e4hlp\u00e4dagogin Steffi Krau\u00dfe die Fantasie ihres Publikums an der Fachakademie f\u00fcr Sozialp\u00e4dagogik Memmingen. In der Faks1 stellt sie ihre wirksamen<\/p>\n\t\t<\/div>\n\t\t\n\t\t<a class=\"elementor-post__read-more\" href=\"https:\/\/www.bsmn.de\/berufsschule-memmingen\/2025\/02\/01\/wenn-worte-bilder-zaubern-erzaehlpaedagogin-steffi-krausse-begeistert-angehende-erzieherinnen-und-erzieher\/\" aria-label=\"Mehr \u00fcber Wenn Worte Bilder zaubern: Erz\u00e4hlp\u00e4dagogin Steffi Krau\u00dfe begeistert angehende Erzieherinnen und Erzieher\" tabindex=\"-1\" >\n\t\t\tWeiterlesen \u00bb\t\t<\/a>\n\n\t\t\t\t<\/div>\n\t\t\t\t<\/article>\n\t\t\t\t<article class=\"elementor-post elementor-grid-item post-2289 post type-post status-publish format-standard has-post-thumbnail hentry category-allgemein\" role=\"listitem\">\n\t\t\t\t<a class=\"elementor-post__thumbnail__link\" href=\"https:\/\/www.bsmn.de\/berufsschule-memmingen\/2025\/02\/01\/gemeinsam-stark-sonderpaedagogin-maria-zinkler-begeistert-ki10-und-ki11\/\" tabindex=\"-1\" >\n\t\t\t<div class=\"elementor-post__thumbnail\"><img loading=\"lazy\" decoding=\"async\" width=\"300\" height=\"225\" src=\"https:\/\/www.bsmn.de\/berufsschule-memmingen\/wp-content\/uploads\/sites\/7\/2025\/02\/Fr.-Zinkler-interaktive-Uebungen-mit-Ki-10-Ki-11-300x225.jpg\" class=\"attachment-medium size-medium wp-image-2290\" alt=\"\" srcset=\"https:\/\/www.bsmn.de\/berufsschule-memmingen\/wp-content\/uploads\/sites\/7\/2025\/02\/Fr.-Zinkler-interaktive-Uebungen-mit-Ki-10-Ki-11-300x225.jpg 300w, https:\/\/www.bsmn.de\/berufsschule-memmingen\/wp-content\/uploads\/sites\/7\/2025\/02\/Fr.-Zinkler-interaktive-Uebungen-mit-Ki-10-Ki-11-1024x768.jpg 1024w, https:\/\/www.bsmn.de\/berufsschule-memmingen\/wp-content\/uploads\/sites\/7\/2025\/02\/Fr.-Zinkler-interaktive-Uebungen-mit-Ki-10-Ki-11-768x576.jpg 768w, https:\/\/www.bsmn.de\/berufsschule-memmingen\/wp-content\/uploads\/sites\/7\/2025\/02\/Fr.-Zinkler-interaktive-Uebungen-mit-Ki-10-Ki-11-600x450.jpg 600w, https:\/\/www.bsmn.de\/berufsschule-memmingen\/wp-content\/uploads\/sites\/7\/2025\/02\/Fr.-Zinkler-interaktive-Uebungen-mit-Ki-10-Ki-11.jpg 1200w\" sizes=\"(max-width: 300px) 100vw, 300px\" \/><\/div>\n\t\t<\/a>\n\t\t\t\t<div class=\"elementor-post__text\">\n\t\t\t\t<h3 class=\"elementor-post__title\">\n\t\t\t<a href=\"https:\/\/www.bsmn.de\/berufsschule-memmingen\/2025\/02\/01\/gemeinsam-stark-sonderpaedagogin-maria-zinkler-begeistert-ki10-und-ki11\/\" >\n\t\t\t\tGemeinsam stark: Sonderp\u00e4dagogin Maria Zinkler begeistert Ki10 und Ki11\t\t\t<\/a>\n\t\t<\/h3>\n\t\t\t\t<div class=\"elementor-post__excerpt\">\n\t\t\t<p>In zwei effektvollen Unterrichtsstunden zeigte Maria Zinkler, wie interaktive \u00dcbungen und Konzentrationstraining das Miteinander st\u00e4rken k\u00f6nnen. Die Klassen Ki 10 und Ki 11 machten begeistert<\/p>\n\t\t<\/div>\n\t\t\n\t\t<a class=\"elementor-post__read-more\" href=\"https:\/\/www.bsmn.de\/berufsschule-memmingen\/2025\/02\/01\/gemeinsam-stark-sonderpaedagogin-maria-zinkler-begeistert-ki10-und-ki11\/\" aria-label=\"Mehr \u00fcber Gemeinsam stark: Sonderp\u00e4dagogin Maria Zinkler begeistert Ki10 und Ki11\" tabindex=\"-1\" >\n\t\t\tWeiterlesen \u00bb\t\t<\/a>\n\n\t\t\t\t<\/div>\n\t\t\t\t<\/article>\n\t\t\t\t<article class=\"elementor-post elementor-grid-item post-2279 post type-post status-publish format-standard has-post-thumbnail hentry category-allgemein\" role=\"listitem\">\n\t\t\t\t<a class=\"elementor-post__thumbnail__link\" href=\"https:\/\/www.bsmn.de\/berufsschule-memmingen\/2024\/12\/22\/sporttag-action-spass-und-kreative-outfits\/\" tabindex=\"-1\" >\n\t\t\t<div class=\"elementor-post__thumbnail\"><img loading=\"lazy\" decoding=\"async\" width=\"300\" height=\"225\" src=\"https:\/\/www.bsmn.de\/berufsschule-memmingen\/wp-content\/uploads\/sites\/7\/2024\/12\/Sporttag-Station-xxx-300x225.jpg\" class=\"attachment-medium size-medium wp-image-2280\" alt=\"\" srcset=\"https:\/\/www.bsmn.de\/berufsschule-memmingen\/wp-content\/uploads\/sites\/7\/2024\/12\/Sporttag-Station-xxx-300x225.jpg 300w, https:\/\/www.bsmn.de\/berufsschule-memmingen\/wp-content\/uploads\/sites\/7\/2024\/12\/Sporttag-Station-xxx-1024x768.jpg 1024w, https:\/\/www.bsmn.de\/berufsschule-memmingen\/wp-content\/uploads\/sites\/7\/2024\/12\/Sporttag-Station-xxx-768x576.jpg 768w, https:\/\/www.bsmn.de\/berufsschule-memmingen\/wp-content\/uploads\/sites\/7\/2024\/12\/Sporttag-Station-xxx-600x450.jpg 600w, https:\/\/www.bsmn.de\/berufsschule-memmingen\/wp-content\/uploads\/sites\/7\/2024\/12\/Sporttag-Station-xxx.jpg 1200w\" sizes=\"(max-width: 300px) 100vw, 300px\" \/><\/div>\n\t\t<\/a>\n\t\t\t\t<div class=\"elementor-post__text\">\n\t\t\t\t<h3 class=\"elementor-post__title\">\n\t\t\t<a href=\"https:\/\/www.bsmn.de\/berufsschule-memmingen\/2024\/12\/22\/sporttag-action-spass-und-kreative-outfits\/\" >\n\t\t\t\t&#8222;Sporttag! Action, Spa\u00df und kreative Outfits!&#8220;\t\t\t<\/a>\n\t\t<\/h3>\n\t\t\t\t<div class=\"elementor-post__excerpt\">\n\t\t\t<p>Am Sporttag unserer Schule wurde es bunt und bewegungsreich! Mit witzigen und kreativen Stationen, bei denen Geschick und Teamgeist gefragt waren, hatten alle Sch\u00fcler und<\/p>\n\t\t<\/div>\n\t\t\n\t\t<a class=\"elementor-post__read-more\" href=\"https:\/\/www.bsmn.de\/berufsschule-memmingen\/2024\/12\/22\/sporttag-action-spass-und-kreative-outfits\/\" aria-label=\"Mehr \u00fcber &#8222;Sporttag! Action, Spa\u00df und kreative Outfits!&#8220;\" tabindex=\"-1\" >\n\t\t\tWeiterlesen \u00bb\t\t<\/a>\n\n\t\t\t\t<\/div>\n\t\t\t\t<\/article>\n\t\t\t\t<\/div>\n\t\t\n\t\t\t\t<div class=\"e-load-more-anchor\" data-page=\"1\" data-max-page=\"10\" data-next-page=\"https:\/\/www.bsmn.de\/berufsschule-memmingen\/wp-json\/wp\/v2\/pages\/827\/page\/2\/\"><\/div>\n\t\t\t\t<nav class=\"elementor-pagination\" aria-label=\"Seitennummerierung\">\n\t\t\t<span class=\"page-numbers prev\">&laquo; Vorige<\/span>\n<span aria-current=\"page\" class=\"page-numbers current\"><span class=\"elementor-screen-only\">Seite<\/span>1<\/span>\n<a class=\"page-numbers\" href=\"https:\/\/www.bsmn.de\/berufsschule-memmingen\/wp-json\/wp\/v2\/pages\/827\/page\/2\/\"><span class=\"elementor-screen-only\">Seite<\/span>2<\/a>\n<a class=\"page-numbers\" href=\"https:\/\/www.bsmn.de\/berufsschule-memmingen\/wp-json\/wp\/v2\/pages\/827\/page\/3\/\"><span class=\"elementor-screen-only\">Seite<\/span>3<\/a>\n<a class=\"page-numbers\" href=\"https:\/\/www.bsmn.de\/berufsschule-memmingen\/wp-json\/wp\/v2\/pages\/827\/page\/4\/\"><span class=\"elementor-screen-only\">Seite<\/span>4<\/a>\n<a class=\"page-numbers\" href=\"https:\/\/www.bsmn.de\/berufsschule-memmingen\/wp-json\/wp\/v2\/pages\/827\/page\/5\/\"><span class=\"elementor-screen-only\">Seite<\/span>5<\/a>\n<a class=\"page-numbers next\" href=\"https:\/\/www.bsmn.de\/berufsschule-memmingen\/wp-json\/wp\/v2\/pages\/827\/page\/2\/\">N\u00e4chste &raquo;<\/a>\t\t<\/nav>\n\t\t\t\t\t\t<\/div>\n\t\t\t\t<\/div>\n\t\t\t\t\t<\/div>\n\t\t<\/div>\n\t\t\t\t\t<\/div>\n\t\t<\/section>\n\t\t\t\t<\/div>\n\t\t","protected":false},"excerpt":{"rendered":"","protected":false},"author":2,"featured_media":0,"parent":87,"menu_order":0,"comment_status":"closed","ping_status":"closed","template":"","meta":{"footnotes":""},"class_list":["post-827","page","type-page","status-publish","hentry"],"_links":{"self":[{"href":"https:\/\/www.bsmn.de\/berufsschule-memmingen\/wp-json\/wp\/v2\/pages\/827","targetHints":{"allow":["GET"]}}],"collection":[{"href":"https:\/\/www.bsmn.de\/berufsschule-memmingen\/wp-json\/wp\/v2\/pages"}],"about":[{"href":"https:\/\/www.bsmn.de\/berufsschule-memmingen\/wp-json\/wp\/v2\/types\/page"}],"author":[{"embeddable":true,"href":"https:\/\/www.bsmn.de\/berufsschule-memmingen\/wp-json\/wp\/v2\/users\/2"}],"replies":[{"embeddable":true,"href":"https:\/\/www.bsmn.de\/berufsschule-memmingen\/wp-json\/wp\/v2\/comments?post=827"}],"version-history":[{"count":7,"href":"https:\/\/www.bsmn.de\/berufsschule-memmingen\/wp-json\/wp\/v2\/pages\/827\/revisions"}],"predecessor-version":[{"id":1224,"href":"https:\/\/www.bsmn.de\/berufsschule-memmingen\/wp-json\/wp\/v2\/pages\/827\/revisions\/1224"}],"up":[{"embeddable":true,"href":"https:\/\/www.bsmn.de\/berufsschule-memmingen\/wp-json\/wp\/v2\/pages\/87"}],"wp:attachment":[{"href":"https:\/\/www.bsmn.de\/berufsschule-memmingen\/wp-json\/wp\/v2\/media?parent=827"}],"curies":[{"name":"wp","href":"https:\/\/api.w.org\/{rel}","templated":true}]}}