{"id":947,"date":"2020-11-02T16:57:27","date_gmt":"2020-11-02T15:57:27","guid":{"rendered":"http:\/\/bsmn.neuimweb.de\/berufsschule-badwoerishofen\/?page_id=947"},"modified":"2025-09-11T09:57:10","modified_gmt":"2025-09-11T07:57:10","slug":"internationalisierung","status":"publish","type":"page","link":"https:\/\/www.bsmn.de\/berufsschule-badwoerishofen\/internationalisierung\/","title":{"rendered":"Internationalisierung"},"content":{"rendered":"\n<div class=\"wp-block-columns is-layout-flex wp-container-core-columns-is-layout-9d6595d7 wp-block-columns-is-layout-flex\">\n<div class=\"wp-block-column is-layout-flow wp-block-column-is-layout-flow\">\n<figure class=\"wp-block-image size-full\"><img fetchpriority=\"high\" decoding=\"async\" width=\"528\" height=\"294\" src=\"https:\/\/www.bsmn.de\/berufsschule-badwoerishofen\/wp-content\/uploads\/sites\/4\/2025\/09\/Folie2.jpg\" alt=\"\" class=\"wp-image-4815\" srcset=\"https:\/\/www.bsmn.de\/berufsschule-badwoerishofen\/wp-content\/uploads\/sites\/4\/2025\/09\/Folie2.jpg 528w, https:\/\/www.bsmn.de\/berufsschule-badwoerishofen\/wp-content\/uploads\/sites\/4\/2025\/09\/Folie2-300x167.jpg 300w, https:\/\/www.bsmn.de\/berufsschule-badwoerishofen\/wp-content\/uploads\/sites\/4\/2025\/09\/Folie2-150x85.jpg 150w\" sizes=\"(max-width: 528px) 100vw, 528px\" \/><\/figure>\n<\/div>\n\n\n\n<div class=\"wp-block-column is-layout-flow wp-block-column-is-layout-flow\">\n<p>Auszubildende der gastgewerblichen Berufe und Sch\u00fcler der Berufsfachschule f\u00fcr Assistenten f\u00fcr Hotel- und Tourismusmanagement<br>sammeln berufliche Erfahrungen, fachliche und soziale Kompetenzen und nehmen an sprachlichen Schulungen teil.<br><\/p>\n\n\n\n<p>Durch unsere neue Erasmus+ Akkreditierung haben wir die M\u00f6glichkeit, neben den Gruppenmobilit\u00e4ten auch Einzelmobilit\u00e4ten zu organisieren und finanziell zu unterst\u00fctzen.<\/p>\n<\/div>\n<\/div>\n\n\n\n<h3 class=\"wp-block-heading\"><strong>Standort D\u00e4nemark (Kopenhagen)<\/strong><\/h3>\n\n\n\n<p>In D\u00e4nemark k\u00f6nnen unsere Sch\u00fcler in Kooperation mit der <a rel=\"noreferrer noopener\" href=\"https:\/\/hrs.dk\/\" target=\"_blank\">Hotel- og Restaurantskolen<\/a>, einer d\u00e4nischen Hotel- und Gastroinomieschule ein Praktikum absolvieren und sowohl die d\u00e4nische Hotellerie als auch die Ausbildung in diesem Bereich kennenlernen. <br>Eindr\u00fccke unseres ersten D\u00e4nemark-Aufenthalts gibt es <a href=\"https:\/\/www.bsmn.de\/berufsschule-badwoerishofen\/2023\/06\/20\/kopenhangen\/\" data-type=\"post\" data-id=\"3743\" target=\"_blank\" rel=\"noreferrer noopener\">hier<\/a>.<\/p>\n\n\n\n<div style=\"height:30px\" aria-hidden=\"true\" class=\"wp-block-spacer\"><\/div>\n\n\n\n<h3 class=\"wp-block-heading\"><strong>Unser Erasmus-Team stellt sich vor<\/strong><\/h3>\n\n\n\n<figure class=\"wp-block-image size-large\"><img decoding=\"async\" width=\"1024\" height=\"832\" src=\"https:\/\/www.bsmn.de\/berufsschule-badwoerishofen\/wp-content\/uploads\/sites\/4\/2025\/01\/DSC_5158ges-1-1024x832.jpg\" alt=\"\" class=\"wp-image-4307\" style=\"aspect-ratio:4\/3;object-fit:cover\" srcset=\"https:\/\/www.bsmn.de\/berufsschule-badwoerishofen\/wp-content\/uploads\/sites\/4\/2025\/01\/DSC_5158ges-1-1024x832.jpg 1024w, https:\/\/www.bsmn.de\/berufsschule-badwoerishofen\/wp-content\/uploads\/sites\/4\/2025\/01\/DSC_5158ges-1-300x244.jpg 300w, https:\/\/www.bsmn.de\/berufsschule-badwoerishofen\/wp-content\/uploads\/sites\/4\/2025\/01\/DSC_5158ges-1-768x624.jpg 768w, https:\/\/www.bsmn.de\/berufsschule-badwoerishofen\/wp-content\/uploads\/sites\/4\/2025\/01\/DSC_5158ges-1-600x488.jpg 600w, https:\/\/www.bsmn.de\/berufsschule-badwoerishofen\/wp-content\/uploads\/sites\/4\/2025\/01\/DSC_5158ges-1.jpg 1200w\" sizes=\"(max-width: 1024px) 100vw, 1024px\" \/><\/figure>\n\n\n\n<p>Ansprechpartner in Bad W\u00f6rishofen:<br>Ina Achtmann, Susanne Bischlager, Jutta Horstmann, Ute Mangrich, Daniela Zimmermann<\/p>\n\n\n\n<div style=\"height:30px\" aria-hidden=\"true\" class=\"wp-block-spacer\"><\/div>\n\n\n\n<p><strong>&#8222;Andere L\u00e4nder &#8211; andere Sitten&#8220;<\/strong><\/p>\n\n\n\n<ul class=\"wp-block-list\">\n<li>F\u00f6rderung interkultureller Kompetenzen im Umgang mit Arbeitskollegen wie G\u00e4sten<\/li>\n\n\n\n<li>Vertiefung sozialer und pers\u00f6nlicher Kompetenzen v.a. im Umgang mit den Gastfamilien<\/li>\n\n\n\n<li>Teamarbeit wird gest\u00e4rkt, so arbeiten die Sch\u00fcler z. B. bei der Erstellung des Marketingprojektes<\/li>\n\n\n\n<li>immer in Teams R\u00fccksichtnahme und Toleranz sind n\u00f6tig und werden gebildet, wenn man allein in einem fremden<\/li>\n\n\n\n<li>Land lebt, in einer Gastfamilie untergebracht ist<\/li>\n<\/ul>\n\n\n\n<h3 class=\"wp-block-heading\"><strong>Weitere Ma\u00dfnahmen im Rahmen der Internationalisierungsstrategie:<\/strong><\/h3>\n\n\n\n<div class=\"wp-block-columns is-layout-flex wp-container-core-columns-is-layout-9d6595d7 wp-block-columns-is-layout-flex\">\n<div class=\"wp-block-column is-layout-flow wp-block-column-is-layout-flow\">\n<div class=\"wp-block-columns is-layout-flex wp-container-core-columns-is-layout-9d6595d7 wp-block-columns-is-layout-flex\">\n<div class=\"wp-block-column is-layout-flow wp-block-column-is-layout-flow\">\n<div style=\"height:38px\" aria-hidden=\"true\" class=\"wp-block-spacer\"><\/div>\n\n\n\n<figure class=\"wp-block-image size-large is-resized\"><img decoding=\"async\" width=\"1024\" height=\"348\" src=\"https:\/\/www.bsmn.de\/berufsschule-badwoerishofen\/wp-content\/uploads\/sites\/4\/2021\/01\/europass-1024x348.jpg\" alt=\"\" class=\"wp-image-1689\" style=\"width:262px;height:89px\" srcset=\"https:\/\/www.bsmn.de\/berufsschule-badwoerishofen\/wp-content\/uploads\/sites\/4\/2021\/01\/europass-1024x348.jpg 1024w, https:\/\/www.bsmn.de\/berufsschule-badwoerishofen\/wp-content\/uploads\/sites\/4\/2021\/01\/europass-300x102.jpg 300w, https:\/\/www.bsmn.de\/berufsschule-badwoerishofen\/wp-content\/uploads\/sites\/4\/2021\/01\/europass-768x261.jpg 768w, https:\/\/www.bsmn.de\/berufsschule-badwoerishofen\/wp-content\/uploads\/sites\/4\/2021\/01\/europass-600x204.jpg 600w, https:\/\/www.bsmn.de\/berufsschule-badwoerishofen\/wp-content\/uploads\/sites\/4\/2021\/01\/europass.jpg 1196w\" sizes=\"(max-width: 1024px) 100vw, 1024px\" \/><\/figure>\n<\/div>\n\n\n\n<div class=\"wp-block-column is-layout-flow wp-block-column-is-layout-flow\">\n<figure class=\"wp-block-image size-full\"><img loading=\"lazy\" decoding=\"async\" width=\"316\" height=\"204\" src=\"https:\/\/www.bsmn.de\/berufsschule-badwoerishofen\/wp-content\/uploads\/sites\/4\/2022\/11\/ICDL-logo-with-strap-STACKED.jpg\" alt=\"\" class=\"wp-image-3171\" srcset=\"https:\/\/www.bsmn.de\/berufsschule-badwoerishofen\/wp-content\/uploads\/sites\/4\/2022\/11\/ICDL-logo-with-strap-STACKED.jpg 316w, https:\/\/www.bsmn.de\/berufsschule-badwoerishofen\/wp-content\/uploads\/sites\/4\/2022\/11\/ICDL-logo-with-strap-STACKED-300x194.jpg 300w\" sizes=\"(max-width: 316px) 100vw, 316px\" \/><\/figure>\n<\/div>\n\n\n\n<div class=\"wp-block-column is-layout-flow wp-block-column-is-layout-flow\">\n<figure class=\"wp-block-image size-full\"><img loading=\"lazy\" decoding=\"async\" width=\"663\" height=\"373\" src=\"https:\/\/www.bsmn.de\/berufsschule-badwoerishofen\/wp-content\/uploads\/sites\/4\/2023\/09\/csm_Logo_KMK-Fremdsprachenzertifikat_Rand_de4b37ff9a.jpg\" alt=\"\" class=\"wp-image-3766\" srcset=\"https:\/\/www.bsmn.de\/berufsschule-badwoerishofen\/wp-content\/uploads\/sites\/4\/2023\/09\/csm_Logo_KMK-Fremdsprachenzertifikat_Rand_de4b37ff9a.jpg 663w, https:\/\/www.bsmn.de\/berufsschule-badwoerishofen\/wp-content\/uploads\/sites\/4\/2023\/09\/csm_Logo_KMK-Fremdsprachenzertifikat_Rand_de4b37ff9a-300x169.jpg 300w, https:\/\/www.bsmn.de\/berufsschule-badwoerishofen\/wp-content\/uploads\/sites\/4\/2023\/09\/csm_Logo_KMK-Fremdsprachenzertifikat_Rand_de4b37ff9a-150x85.jpg 150w, https:\/\/www.bsmn.de\/berufsschule-badwoerishofen\/wp-content\/uploads\/sites\/4\/2023\/09\/csm_Logo_KMK-Fremdsprachenzertifikat_Rand_de4b37ff9a-600x338.jpg 600w\" sizes=\"(max-width: 663px) 100vw, 663px\" \/><\/figure>\n<\/div>\n<\/div>\n<\/div>\n<\/div>\n\n\n\n<ul class=\"wp-block-list\">\n<li><strong>Abnahme und Ausstellung international anerkannter Zertifikate:<\/strong>\n<ul class=\"wp-block-list\">\n<li>Internationaler Computerf\u00fchrerschein (International Certification of Digital Literacy, ICDL)<\/li>\n\n\n\n<li>europass Lebenslauf und europass Mobilit\u00e4t<\/li>\n<\/ul>\n<\/li>\n\n\n\n<li><strong>Erweiterung der Sprachkompetenz der Sch\u00fcler:<\/strong>\n<ul class=\"wp-block-list\">\n<li>Abnahme des KMK-Fremdsprachenzertifikats<\/li>\n<\/ul>\n<\/li>\n\n\n\n<li><strong>Entwicklung von Unterrichtsqualit\u00e4t und eines Qualit\u00e4tsmanagements<\/strong>\n<ul class=\"wp-block-list\">\n<li>Durchf\u00fchrung von Unterrichtseinheiten zu interkultureller Kompetenz<\/li>\n<\/ul>\n<\/li>\n<\/ul>\n","protected":false},"excerpt":{"rendered":"<p>Auszubildende der gastgewerblichen Berufe und Sch\u00fcler der Berufsfachschule f\u00fcr Assistenten f\u00fcr Hotel- und Tourismusmanagementsammeln berufliche Erfahrungen, fachliche und soziale Kompetenzen und nehmen an sprachlichen Schulungen teil. Durch unsere neue Erasmus+ Akkreditierung haben wir die M\u00f6glichkeit, neben den Gruppenmobilit\u00e4ten auch Einzelmobilit\u00e4ten zu organisieren und finanziell zu unterst\u00fctzen. Standort D\u00e4nemark (Kopenhagen) In D\u00e4nemark k\u00f6nnen unsere Sch\u00fcler in [&hellip;]<\/p>\n","protected":false},"author":2,"featured_media":4815,"parent":0,"menu_order":0,"comment_status":"closed","ping_status":"closed","template":"","meta":{"footnotes":""},"class_list":["post-947","page","type-page","status-publish","has-post-thumbnail","hentry"],"_links":{"self":[{"href":"https:\/\/www.bsmn.de\/berufsschule-badwoerishofen\/wp-json\/wp\/v2\/pages\/947","targetHints":{"allow":["GET"]}}],"collection":[{"href":"https:\/\/www.bsmn.de\/berufsschule-badwoerishofen\/wp-json\/wp\/v2\/pages"}],"about":[{"href":"https:\/\/www.bsmn.de\/berufsschule-badwoerishofen\/wp-json\/wp\/v2\/types\/page"}],"author":[{"embeddable":true,"href":"https:\/\/www.bsmn.de\/berufsschule-badwoerishofen\/wp-json\/wp\/v2\/users\/2"}],"replies":[{"embeddable":true,"href":"https:\/\/www.bsmn.de\/berufsschule-badwoerishofen\/wp-json\/wp\/v2\/comments?post=947"}],"version-history":[{"count":35,"href":"https:\/\/www.bsmn.de\/berufsschule-badwoerishofen\/wp-json\/wp\/v2\/pages\/947\/revisions"}],"predecessor-version":[{"id":4818,"href":"https:\/\/www.bsmn.de\/berufsschule-badwoerishofen\/wp-json\/wp\/v2\/pages\/947\/revisions\/4818"}],"wp:featuredmedia":[{"embeddable":true,"href":"https:\/\/www.bsmn.de\/berufsschule-badwoerishofen\/wp-json\/wp\/v2\/media\/4815"}],"wp:attachment":[{"href":"https:\/\/www.bsmn.de\/berufsschule-badwoerishofen\/wp-json\/wp\/v2\/media?parent=947"}],"curies":[{"name":"wp","href":"https:\/\/api.w.org\/{rel}","templated":true}]}}