{"id":4928,"date":"2025-12-17T11:03:35","date_gmt":"2025-12-17T10:03:35","guid":{"rendered":"https:\/\/www.bsmn.de\/berufsschule-badwoerishofen\/?page_id=4928"},"modified":"2026-02-06T10:19:40","modified_gmt":"2026-02-06T09:19:40","slug":"hinweise-zur-online-anmeldung","status":"publish","type":"page","link":"https:\/\/www.bsmn.de\/berufsschule-badwoerishofen\/hinweise-zur-online-anmeldung\/","title":{"rendered":"Hinweise zur Online-Anmeldung"},"content":{"rendered":"\n<ul class=\"wp-block-list\">\n<li>Die Online-Anmeldung dauert etwa 10 Minuten.<\/li>\n\n\n\n<li>Am Ende der Anmeldung sehen Sie eine \u00dcbersicht Ihrer Daten.<\/li>\n\n\n\n<li>Bitte \u00fcberpr\u00fcfen Sie alle Angaben. Mit dem Button &#8222;verbessern&#8220; k\u00f6nnen Sie Fehler korrigieren.<\/li>\n\n\n\n<li>Klicken Sie auf &#8222;Daten absenden&#8220;, um den Antrag an die Schule zu schicken.<\/li>\n\n\n\n<li><strong><mark class=\"has-inline-color has-black-color\">Wenn Sie auf &#8222;Fertig&#8220; klicken, ist der Antrag erfolgreich \u00fcbermittelt. Telefonische oder schriftliche Anfragen im Sekretariat sind nicht n\u00f6tig.<\/mark><\/strong><\/li>\n\n\n\n<li>Drucken Sie sich den Online-Aufnahmeantrag und das Formular zum Masernschutznachweis bitte aus. Diese Formulare bringen die Auszubildenden am ersten Schultag mit.<\/li>\n\n\n\n<li>Wenn Sie die Unterbringung im Sch\u00fclerheim auf der Anmeldung vermerkt haben, werden die Hinweise zur Unterbringung zus\u00e4tzlich mit ausgedruckt. <\/li>\n\n\n\n<li>Eine gesonderte, schriftliche Anmeldung f\u00fcr das Sch\u00fclerheim ist nicht mehr notwendig.<\/li>\n\n\n\n<li>Sie erhalten rechtzeitig vor Schulbeginn ein Einladungsschreiben mit allen Details zum Unterrichtsbesuch.<br><br><\/li>\n<\/ul>\n\n\n\n<h3 class=\"wp-block-heading\"><strong><a href=\"https:\/\/www.schulantrag.de\/anmeldung\/swonline\/ssl\/antrag-start-01.asp?sch=9923\">Hier geht es zur Online-Anmeldung.<\/a><\/strong><\/h3>\n","protected":false},"excerpt":{"rendered":"<p>Hier geht es zur Online-Anmeldung.<\/p>\n","protected":false},"author":6,"featured_media":1611,"parent":0,"menu_order":0,"comment_status":"closed","ping_status":"closed","template":"","meta":{"footnotes":""},"class_list":["post-4928","page","type-page","status-publish","has-post-thumbnail","hentry"],"_links":{"self":[{"href":"https:\/\/www.bsmn.de\/berufsschule-badwoerishofen\/wp-json\/wp\/v2\/pages\/4928","targetHints":{"allow":["GET"]}}],"collection":[{"href":"https:\/\/www.bsmn.de\/berufsschule-badwoerishofen\/wp-json\/wp\/v2\/pages"}],"about":[{"href":"https:\/\/www.bsmn.de\/berufsschule-badwoerishofen\/wp-json\/wp\/v2\/types\/page"}],"author":[{"embeddable":true,"href":"https:\/\/www.bsmn.de\/berufsschule-badwoerishofen\/wp-json\/wp\/v2\/users\/6"}],"replies":[{"embeddable":true,"href":"https:\/\/www.bsmn.de\/berufsschule-badwoerishofen\/wp-json\/wp\/v2\/comments?post=4928"}],"version-history":[{"count":5,"href":"https:\/\/www.bsmn.de\/berufsschule-badwoerishofen\/wp-json\/wp\/v2\/pages\/4928\/revisions"}],"predecessor-version":[{"id":4960,"href":"https:\/\/www.bsmn.de\/berufsschule-badwoerishofen\/wp-json\/wp\/v2\/pages\/4928\/revisions\/4960"}],"wp:featuredmedia":[{"embeddable":true,"href":"https:\/\/www.bsmn.de\/berufsschule-badwoerishofen\/wp-json\/wp\/v2\/media\/1611"}],"wp:attachment":[{"href":"https:\/\/www.bsmn.de\/berufsschule-badwoerishofen\/wp-json\/wp\/v2\/media?parent=4928"}],"curies":[{"name":"wp","href":"https:\/\/api.w.org\/{rel}","templated":true}]}}