{"id":4916,"date":"2025-12-02T12:28:18","date_gmt":"2025-12-02T11:28:18","guid":{"rendered":"https:\/\/www.bsmn.de\/berufsschule-badwoerishofen\/?page_id=4916"},"modified":"2026-03-12T11:22:20","modified_gmt":"2026-03-12T10:22:20","slug":"mensa","status":"publish","type":"page","link":"https:\/\/www.bsmn.de\/berufsschule-badwoerishofen\/mensa\/","title":{"rendered":"Mensa"},"content":{"rendered":"\n<h2 class=\"wp-block-heading\">K\u00fcchenleitung<\/h2>\n\n\n\n<p>Roland Leinsle <\/p>\n\n\n\n<p>Telefon: 08247 9671 131<\/p>\n\n\n\n<p>E-Mail:&nbsp;<a href=\"mailto:Roland.leinsle@bsbadw.de\">Roland.leinsle@bsbadw.de<\/a><\/p>\n\n\n\n<h2 class=\"wp-block-heading\">Verpflegung \/ Verpflegungskosten<\/h2>\n\n\n\n<p>Unsere Bewohner erhalten in der Mensa 3x t\u00e4glich Essen \u2013 Fr\u00fchst\u00fcck 1,10\u20ac; Mittagessen 2,00\u20ac; Abendessen 2,00\u20ac. Die Essensbestellung erfolgt \u00fcber die App ViNow. Bestellfrist f\u00fcr die ganze Woche endet am Montagmorgen um 09:00 Uhr. Mittagessen kann t\u00e4glich bis 08:00 Uhr storniert werden. Abendessen kann t\u00e4glich bis 14:00 Uhr storniert werden.<\/p>\n\n\n\n<p><strong>Information f\u00fcr unsere Bewohner:<\/strong><\/p>\n\n\n\n<p><em>Ab dem 18.11.2025 wird es eine Umstellung bei der Essensbestellung auf ViNow und damit auch bei den Heimkosten geben.<\/em>&nbsp;<em>Ab diesem Datum, m\u00fcsst ihr selbstst\u00e4ndig Geld auf die App aufladen, um bestellen zu k\u00f6nnen. Dabei muss Fr\u00fchst\u00fcck, Mittag- und Abendessen gesondert bestellt werden.<\/em>&nbsp;<em>An den Bestell- und Stornofristen \u00e4ndert sich nichts. Die Kosten\u00fcbernahme m\u00fcsst ihr selbst mit euren Betrieben kl\u00e4ren. Heimkosten werden nicht mehr von uns eingesammelt und eure<\/em>&nbsp;<em>Betriebe erhalten keine Rechnungen mehr vom Landratsamt. Die Betriebe wurden dar\u00fcber per Brief informiert.<\/em>&nbsp;<em>Ihr m\u00fcsst die Namen eurer Betriebe in ViNow eintragen \u2013 zum Zweck der Rechnungstellung und R\u00fcckerstattung.<\/em>&nbsp;<em>Das Personal des Sch\u00fclerheims t\u00e4tigt bei verpassten Fristen keine Nachbestellungen mehr. <strong>Essensausgabe erfolgt nur noch bei Bestellung. <\/strong>Ihr seid ab sofort komplett selbstst\u00e4ndig f\u00fcr die Bestellung, Bezahlung und R\u00fcckerstattung verantwortlich.<\/em><\/p>\n\n\n\n<p>Die aktuellen Essenspreise f\u00fcr die jeweiligen Essensgruppen, k\u00f6nnen sie aus untenstehender Tabelle entnehmen:<\/p>\n\n\n\n<div data-wp-interactive=\"core\/file\" class=\"wp-block-file\"><object data-wp-bind--hidden=\"!state.hasPdfPreview\" hidden class=\"wp-block-file__embed\" data=\"https:\/\/www.bsmn.de\/berufsschule-badwoerishofen\/wp-content\/uploads\/sites\/4\/2026\/01\/Essenspreise-ab-01.01.2026-1.pdf\" type=\"application\/pdf\" style=\"width:100%;height:600px\" aria-label=\"Einbettung von Essenspreise ab 01.01.2026.\"><\/object><a id=\"wp-block-file--media-f4adcaf5-09ba-4f0f-8a94-7a00a35c85a4\" href=\"https:\/\/www.bsmn.de\/berufsschule-badwoerishofen\/wp-content\/uploads\/sites\/4\/2026\/01\/Essenspreise-ab-01.01.2026-1.pdf\">Essenspreise ab 01.01.2026<\/a><a href=\"https:\/\/www.bsmn.de\/berufsschule-badwoerishofen\/wp-content\/uploads\/sites\/4\/2026\/01\/Essenspreise-ab-01.01.2026-1.pdf\" class=\"wp-block-file__button wp-element-button\" download aria-describedby=\"wp-block-file--media-f4adcaf5-09ba-4f0f-8a94-7a00a35c85a4\">Herunterladen<\/a><\/div>\n","protected":false},"excerpt":{"rendered":"<p>K\u00fcchenleitung Roland Leinsle Telefon: 08247 9671 131 E-Mail:&nbsp;Roland.leinsle@bsbadw.de Verpflegung \/ Verpflegungskosten Unsere Bewohner erhalten in der Mensa 3x t\u00e4glich Essen \u2013 Fr\u00fchst\u00fcck 1,10\u20ac; Mittagessen 2,00\u20ac; Abendessen 2,00\u20ac. Die Essensbestellung erfolgt \u00fcber die App ViNow. Bestellfrist f\u00fcr die ganze Woche endet am Montagmorgen um 09:00 Uhr. Mittagessen kann t\u00e4glich bis 08:00 Uhr storniert werden. Abendessen kann [&hellip;]<\/p>\n","protected":false},"author":6,"featured_media":4017,"parent":0,"menu_order":0,"comment_status":"closed","ping_status":"closed","template":"","meta":{"footnotes":""},"class_list":["post-4916","page","type-page","status-publish","has-post-thumbnail","hentry"],"_links":{"self":[{"href":"https:\/\/www.bsmn.de\/berufsschule-badwoerishofen\/wp-json\/wp\/v2\/pages\/4916","targetHints":{"allow":["GET"]}}],"collection":[{"href":"https:\/\/www.bsmn.de\/berufsschule-badwoerishofen\/wp-json\/wp\/v2\/pages"}],"about":[{"href":"https:\/\/www.bsmn.de\/berufsschule-badwoerishofen\/wp-json\/wp\/v2\/types\/page"}],"author":[{"embeddable":true,"href":"https:\/\/www.bsmn.de\/berufsschule-badwoerishofen\/wp-json\/wp\/v2\/users\/6"}],"replies":[{"embeddable":true,"href":"https:\/\/www.bsmn.de\/berufsschule-badwoerishofen\/wp-json\/wp\/v2\/comments?post=4916"}],"version-history":[{"count":7,"href":"https:\/\/www.bsmn.de\/berufsschule-badwoerishofen\/wp-json\/wp\/v2\/pages\/4916\/revisions"}],"predecessor-version":[{"id":5150,"href":"https:\/\/www.bsmn.de\/berufsschule-badwoerishofen\/wp-json\/wp\/v2\/pages\/4916\/revisions\/5150"}],"wp:featuredmedia":[{"embeddable":true,"href":"https:\/\/www.bsmn.de\/berufsschule-badwoerishofen\/wp-json\/wp\/v2\/media\/4017"}],"wp:attachment":[{"href":"https:\/\/www.bsmn.de\/berufsschule-badwoerishofen\/wp-json\/wp\/v2\/media?parent=4916"}],"curies":[{"name":"wp","href":"https:\/\/api.w.org\/{rel}","templated":true}]}}