{"id":2871,"date":"2022-08-03T15:32:56","date_gmt":"2022-08-03T13:32:56","guid":{"rendered":"https:\/\/www.bsmn.de\/berufsschule-badwoerishofen\/?page_id=2871"},"modified":"2026-04-08T16:03:39","modified_gmt":"2026-04-08T14:03:39","slug":"die-neuen-ausbildungsberufe","status":"publish","type":"page","link":"https:\/\/www.bsmn.de\/berufsschule-badwoerishofen\/die-neuen-ausbildungsberufe\/","title":{"rendered":"\u00dcbersicht Ausbildungsberufe"},"content":{"rendered":"\n<p>In der Gastronomie und Hotellerie werden 7 Ausbildungsberufe unterschieden nach den Schwerpunkten: <strong>Gastronomie, K\u00fcche und Hotel<\/strong>.<br>Au\u00dferdem wird es bei uns weiterhin m\u00f6glich sein, die<strong><a href=\"https:\/\/www.bsmn.de\/berufsschule-badwoerishofen\/berufe\/zusatzqualifikation-europaeisches-hotelmanagement\/\" data-type=\"berufe\" data-id=\"1310\" target=\"_blank\" rel=\"noreferrer noopener\"> Zusatzqualifikation Europ\u00e4isches Hotelmanagement<\/a><\/strong> zu erwerben!<\/p>\n\n\n\n<p><strong>Berufe \u2013 K\u00fcche<\/strong><br>&#8211; Fachkraft K\u00fcche (2-j\u00e4hrige Ausbildung)<br>&#8211; Koch\/K\u00f6chin<br><br><strong>Berufe \u2013 Hotel<\/strong><\/p>\n\n\n\n<p>&#8211; Hotelfachmann\/Hotelfachfrau<br>&#8211; Kaufmann f\u00fcr Hotelmanagement\/Kauffrau f\u00fcr Hotelmanagement<br><strong><br>Berufe \u2013 Gastronomie<\/strong><\/p>\n\n\n\n<p>&#8211; Fachkraft f\u00fcr Gastronomie (2-j\u00e4hrige Ausbildung ; Schwerpunkt: Restaurantservice oder Systemgastronomie)<br>&#8211; Fachmann f\u00fcr Restaurants und Veranstaltungsgastronomie\/Fachfrau f\u00fcr Restaurants und Veranstaltungsgastronomie<br>&#8211; Fachmann f\u00fcr Systemgastronomie\/Fachfrau f\u00fcr Systemgastronomie<br><br><a href=\"https:\/\/www.dehoga-bayern.de\/\" data-type=\"link\" data-id=\"https:\/\/www.dehoga-bayern.de\/\">Viele weitere Informationen zu den Ausbildungsberufen findet <\/a><a href=\"https:\/\/www.dehoga-bayern.de\/\" data-type=\"link\" data-id=\"https:\/\/www.dehoga-bayern.de\/\" target=\"_blank\" rel=\"noreferrer noopener\">man<\/a><a href=\"https:\/\/www.dehoga-bayern.de\/\" data-type=\"link\" data-id=\"https:\/\/www.dehoga-bayern.de\/\"> hier!<\/a> (Link zur Webseite der DEHOGA Bayern)<br>Oder auf der <a href=\"https:\/\/mach-dein-ding.bayern\/\" target=\"_blank\" rel=\"noreferrer noopener\">neuen Informationsseite &#8211; &#8222;Mach\u00b4 Dein Ding!&#8220;<\/a><br><br>Bildquelle Titelbild: DEHOGA Bayern<br><br><strong>Information zu den Berufsschulstandorten<\/strong><\/p>\n\n\n\n<p>In Folge der Neuordnung der Berufe erforderte dies von der Regierung von Schwaben und den beteiligten Berufsschulen einen neuen Zuschnitt der den Schulen zugedachten Einzugsbereiche. Diese Zurodnung gilt ab dem Schuljahr 2023\/2024 f\u00fcr die neuen Ausbildungsberufe.<br><br>F\u00fcr Fragen hinsichtlich der verantwortlichen Schulstandorte k\u00f6nnen Sie sich gerne an unsere Schulverwaltung (<a rel=\"noreferrer noopener\" href=\"mailto:verwaltung@bsbadw.de\" target=\"_blank\">verwaltung@bsbadw.de<\/a>) richten.<br><br>Die folgenden Links bieten Orientierung bei der Zuordnung der Berufsschulstandorte.<br>Folgendes Vorgehen ist anzuwenden:<\/p>\n\n\n\n<ol start=\"1\" style=\"list-style-type:1\" class=\"wp-block-list\">\n<li>Entsprechende Berufsgruppe ausw\u00e4hlen<\/li>\n\n\n\n<li>Ihren Betriebsstandort auf der Karte orten und Einf\u00e4rbung ermitteln<\/li>\n\n\n\n<li>Zugeh\u00f6riger Berufsstandort ist der Legende zu entnehmen<\/li>\n<\/ol>\n\n\n\n<p><strong>Fachmann\/-frau f\u00fcr Restaurants und Veranstaltungsgastronomie und Fachkraft Gastronomie<\/strong><\/p>\n\n\n\n<div class=\"wp-block-file\"><a id=\"wp-block-file--media-0ad8c08c-92f4-4bda-8a04-16b3f9248037\" href=\"https:\/\/www.bsmn.de\/berufsschule-badwoerishofen\/wp-content\/uploads\/sites\/4\/2026\/04\/Beschulungsstandorte_FMRVFKGastro.pdf\" target=\"_blank\" rel=\"noreferrer noopener\">Beschulungsstandorte_FMRVFKGastro<\/a><\/div>\n\n\n\n<p><\/p>\n\n\n\n<p><strong>Fachmann\/-frau f\u00fcr Systemgastronomie<\/strong><\/p>\n\n\n\n<div class=\"wp-block-file\"><a id=\"wp-block-file--media-434e6380-e940-4985-a4d8-1bb4182ec4f6\" href=\"https:\/\/www.bsmn.de\/berufsschule-badwoerishofen\/wp-content\/uploads\/sites\/4\/2026\/04\/Beschulungsstandorte_FMSys.pdf\" target=\"_blank\" rel=\"noreferrer noopener\">Beschulungsstandorte_FMSys<\/a><\/div>\n\n\n\n<p><\/p>\n\n\n\n<p><strong>Hotelfachmann\/-frau<\/strong><\/p>\n\n\n\n<div class=\"wp-block-file\"><a id=\"wp-block-file--media-7b0ecc87-835d-4f54-aad8-7ddc4e2c8092\" href=\"https:\/\/www.bsmn.de\/berufsschule-badwoerishofen\/wp-content\/uploads\/sites\/4\/2026\/04\/Beschulungsstandorte_HoFa.pdf\" target=\"_blank\" rel=\"noreferrer noopener\">Beschulungsstandorte_HoFa<\/a><\/div>\n\n\n\n<p><\/p>\n\n\n\n<p><strong>Kaufmann\/-frau f\u00fcr Hotelmanagement<\/strong><\/p>\n\n\n\n<div class=\"wp-block-file\"><a id=\"wp-block-file--media-de2f2ed7-1a86-4fa7-bd02-5d7761afc280\" href=\"https:\/\/www.bsmn.de\/berufsschule-badwoerishofen\/wp-content\/uploads\/sites\/4\/2026\/04\/Beschulungsstandorte_KaufHoMa.pdf\" target=\"_blank\" rel=\"noreferrer noopener\">Beschulungsstandorte_KaufHoMa<\/a><\/div>\n\n\n\n<p><\/p>\n\n\n\n<p><strong>Koch\/K\u00f6chin und Fachkraft K\u00fcche<\/strong><\/p>\n\n\n\n<div class=\"wp-block-file\"><a id=\"wp-block-file--media-20b834a9-748b-4a68-b48b-31fa63d2cb21\" href=\"https:\/\/www.bsmn.de\/berufsschule-badwoerishofen\/wp-content\/uploads\/sites\/4\/2026\/04\/Beschulungsstandorte_KochFachKK.pdf\" target=\"_blank\" rel=\"noreferrer noopener\">Beschulungsstandorte_KochFachKK<\/a><\/div>\n\n\n\n<p><\/p>\n\n\n\n<p><br><\/p>\n","protected":false},"excerpt":{"rendered":"<p>In der Gastronomie und Hotellerie werden 7 Ausbildungsberufe unterschieden nach den Schwerpunkten: Gastronomie, K\u00fcche und Hotel.Au\u00dferdem wird es bei uns weiterhin m\u00f6glich sein, die Zusatzqualifikation Europ\u00e4isches Hotelmanagement zu erwerben! Berufe \u2013 K\u00fcche&#8211; Fachkraft K\u00fcche (2-j\u00e4hrige Ausbildung)&#8211; Koch\/K\u00f6chin Berufe \u2013 Hotel &#8211; Hotelfachmann\/Hotelfachfrau&#8211; Kaufmann f\u00fcr Hotelmanagement\/Kauffrau f\u00fcr HotelmanagementBerufe \u2013 Gastronomie &#8211; Fachkraft f\u00fcr Gastronomie (2-j\u00e4hrige Ausbildung [&hellip;]<\/p>\n","protected":false},"author":6,"featured_media":2879,"parent":0,"menu_order":0,"comment_status":"closed","ping_status":"closed","template":"","meta":{"footnotes":""},"class_list":["post-2871","page","type-page","status-publish","has-post-thumbnail","hentry"],"_links":{"self":[{"href":"https:\/\/www.bsmn.de\/berufsschule-badwoerishofen\/wp-json\/wp\/v2\/pages\/2871","targetHints":{"allow":["GET"]}}],"collection":[{"href":"https:\/\/www.bsmn.de\/berufsschule-badwoerishofen\/wp-json\/wp\/v2\/pages"}],"about":[{"href":"https:\/\/www.bsmn.de\/berufsschule-badwoerishofen\/wp-json\/wp\/v2\/types\/page"}],"author":[{"embeddable":true,"href":"https:\/\/www.bsmn.de\/berufsschule-badwoerishofen\/wp-json\/wp\/v2\/users\/6"}],"replies":[{"embeddable":true,"href":"https:\/\/www.bsmn.de\/berufsschule-badwoerishofen\/wp-json\/wp\/v2\/comments?post=2871"}],"version-history":[{"count":18,"href":"https:\/\/www.bsmn.de\/berufsschule-badwoerishofen\/wp-json\/wp\/v2\/pages\/2871\/revisions"}],"predecessor-version":[{"id":5272,"href":"https:\/\/www.bsmn.de\/berufsschule-badwoerishofen\/wp-json\/wp\/v2\/pages\/2871\/revisions\/5272"}],"wp:featuredmedia":[{"embeddable":true,"href":"https:\/\/www.bsmn.de\/berufsschule-badwoerishofen\/wp-json\/wp\/v2\/media\/2879"}],"wp:attachment":[{"href":"https:\/\/www.bsmn.de\/berufsschule-badwoerishofen\/wp-json\/wp\/v2\/media?parent=2871"}],"curies":[{"name":"wp","href":"https:\/\/api.w.org\/{rel}","templated":true}]}}