{"id":2716,"date":"2022-04-11T09:55:32","date_gmt":"2022-04-11T07:55:32","guid":{"rendered":"https:\/\/www.bsmn.de\/berufsschule-badwoerishofen\/?page_id=2716"},"modified":"2026-01-07T10:10:31","modified_gmt":"2026-01-07T09:10:31","slug":"anmeldung","status":"publish","type":"page","link":"https:\/\/www.bsmn.de\/berufsschule-badwoerishofen\/anmeldung\/","title":{"rendered":"Anmeldung"},"content":{"rendered":"\n<h2 class=\"wp-block-heading has-vivid-red-color has-text-color has-link-color wp-elements-bfca09d6ac7b66757a97d4352ee1b6f0\">Zur <a href=\"https:\/\/www.bsmn.de\/berufsschule-badwoerishofen\/hinweise-zur-online-anmeldung\/\" data-type=\"page\" data-id=\"4928\">Anmeldung<\/a> klicken Sie hier: <a href=\"http:\/\/www.schulantrag.de\/?sch=9923\" target=\"_blank\" rel=\"noreferrer noopener\">Online-Anmeldung.<\/a><\/h2>\n\n\n\n<p><br>Im <a href=\"https:\/\/www.bsmn.de\/berufsschule-badwoerishofen\/downloads\/\" data-type=\"page\" data-id=\"101\" target=\"_blank\" rel=\"noreferrer noopener\">Downloadbereich<\/a> finden Sie weitere Formulare wie z. B. der Blockplan etc. <br><\/p>\n\n\n\n<div style=\"height:31px\" aria-hidden=\"true\" class=\"wp-block-spacer\"><\/div>\n\n\n\n<p><strong>Information zu den Berufsschulstandorten<\/strong><br>In Folge der Neuordnung der Berufe erforderte dies von der Regierung von Schwaben und den beteiligten Berufsschulen einen neuen Zuschnitt der den Schulen zugedachten Einzugsbereiche. Diese Zurodnung gilt ab dem Schuljahr 2023\/2024 f\u00fcr die neuen Ausbildungsberufe.<br><br>F\u00fcr Fragen hinsichtlich der verantwortlichen Schulstandorte k\u00f6nnen Sie sich gerne an unsere Schulverwaltung (<a rel=\"noreferrer noopener\" href=\"mailto:verwaltung@bsbadw.de\" target=\"_blank\">verwaltung@bsbadw.de<\/a>) richten.<br><br>Die folgenden Links bieten Orientierung bei der Zuordnung der Berufsschulstandorte.<br>Folgendes Vorgehen ist anzuwenden:<\/p>\n\n\n\n<ol start=\"1\" style=\"list-style-type:1\" class=\"wp-block-list\">\n<li>Entsprechende Berufsgruppe ausw\u00e4hlen<\/li>\n\n\n\n<li>Ihren Betriebsstandort auf der Karte orten und Einf\u00e4rbung ermitteln<\/li>\n\n\n\n<li>Zugeh\u00f6riger Berufsstandort ist der Legende zu entnehmen<\/li>\n<\/ol>\n\n\n\n<p><strong>Fachmann\/-frau f\u00fcr Restaurants und Veranstaltungsgastronomie und Fachkraft Gastronomie<\/strong><br><a rel=\"noreferrer noopener\" href=\"https:\/\/www.ihk.de\/blueprint\/servlet\/resource\/blob\/5822496\/c5625264a537220cb98a7c8c49a8b770\/beschulung-fk-f-gastro-und-reva-kl-10-12-data.pdf\" target=\"_blank\">beschulung-fk-f-gastro-und-reva-kl-10-12-data.pdf (ihk.de)<\/a><br><\/p>\n\n\n\n<p><strong>Fachmann\/-frau f\u00fcr Systemgastronomie<\/strong><br><a rel=\"noreferrer noopener\" href=\"https:\/\/www.ihk.de\/blueprint\/servlet\/resource\/blob\/5822500\/7b2046393e3420fba05339730772920e\/beschulung-fachl-systemg-kl-10-12-data.pdf\" target=\"_blank\">beschulung-fachl-systemg-kl-10-12-data.pdf (ihk.de)<\/a><\/p>\n\n\n\n<p><\/p>\n\n\n\n<p><strong>Hotelfachmann\/-frau<\/strong><br><a href=\"https:\/\/www.ihk.de\/blueprint\/servlet\/resource\/blob\/5822502\/26fbdbf4544c85ff84b913e6e7fcdae9\/beschulung-hofa-kl-10-12-data.pdf\" target=\"_blank\" rel=\"noreferrer noopener\">beschulung-hofa-kl-10-12-data.pdf (ihk.de)<\/a><\/p>\n\n\n\n<p><\/p>\n\n\n\n<p><strong>Kaufmann\/-frau f\u00fcr Hotelmanagement<\/strong><br><a href=\"https:\/\/www.ihk.de\/blueprint\/servlet\/resource\/blob\/5822504\/e524425f11f2933bdd62b49d9b57ce00\/beschulung-kaufl-hotelmanag-kl-10-12-data.pdf\" target=\"_blank\" rel=\"noreferrer noopener\">beschulung-kaufl-hotelmanag-kl-10-12-data.pdf (ihk.de)<\/a><\/p>\n\n\n\n<p><\/p>\n\n\n\n<p><strong>Koch\/K\u00f6chin und Fachkraft K\u00fcche<\/strong><br><a rel=\"noreferrer noopener\" href=\"https:\/\/www.ihk.de\/blueprint\/servlet\/resource\/blob\/5822498\/976d865140e869a4c07d283874e25e69\/beschulung-fk-kueche-u-koch-koechin-kl-10-12-data.pdf\" target=\"_blank\">beschulung-fk-kueche-u-koch-koechin-kl-10-12-data.pdf (ihk.de)<\/a><\/p>\n\n\n\n<p><\/p>\n","protected":false},"excerpt":{"rendered":"<p>Zur Anmeldung klicken Sie hier: Online-Anmeldung. Im Downloadbereich finden Sie weitere Formulare wie z. B. der Blockplan etc. Information zu den BerufsschulstandortenIn Folge der Neuordnung der Berufe erforderte dies von der Regierung von Schwaben und den beteiligten Berufsschulen einen neuen Zuschnitt der den Schulen zugedachten Einzugsbereiche. Diese Zurodnung gilt ab dem Schuljahr 2023\/2024 f\u00fcr die [&hellip;]<\/p>\n","protected":false},"author":6,"featured_media":1611,"parent":0,"menu_order":0,"comment_status":"closed","ping_status":"closed","template":"","meta":{"footnotes":""},"class_list":["post-2716","page","type-page","status-publish","has-post-thumbnail","hentry"],"_links":{"self":[{"href":"https:\/\/www.bsmn.de\/berufsschule-badwoerishofen\/wp-json\/wp\/v2\/pages\/2716","targetHints":{"allow":["GET"]}}],"collection":[{"href":"https:\/\/www.bsmn.de\/berufsschule-badwoerishofen\/wp-json\/wp\/v2\/pages"}],"about":[{"href":"https:\/\/www.bsmn.de\/berufsschule-badwoerishofen\/wp-json\/wp\/v2\/types\/page"}],"author":[{"embeddable":true,"href":"https:\/\/www.bsmn.de\/berufsschule-badwoerishofen\/wp-json\/wp\/v2\/users\/6"}],"replies":[{"embeddable":true,"href":"https:\/\/www.bsmn.de\/berufsschule-badwoerishofen\/wp-json\/wp\/v2\/comments?post=2716"}],"version-history":[{"count":31,"href":"https:\/\/www.bsmn.de\/berufsschule-badwoerishofen\/wp-json\/wp\/v2\/pages\/2716\/revisions"}],"predecessor-version":[{"id":4938,"href":"https:\/\/www.bsmn.de\/berufsschule-badwoerishofen\/wp-json\/wp\/v2\/pages\/2716\/revisions\/4938"}],"wp:featuredmedia":[{"embeddable":true,"href":"https:\/\/www.bsmn.de\/berufsschule-badwoerishofen\/wp-json\/wp\/v2\/media\/1611"}],"wp:attachment":[{"href":"https:\/\/www.bsmn.de\/berufsschule-badwoerishofen\/wp-json\/wp\/v2\/media?parent=2716"}],"curies":[{"name":"wp","href":"https:\/\/api.w.org\/{rel}","templated":true}]}}